{"id":701,"date":"2017-10-16T12:03:59","date_gmt":"2017-10-16T11:03:59","guid":{"rendered":"http:https:\/\/epsapps.udg.edu\/si_eps\/?page_id=701"},"modified":"2023-08-11T00:05:41","modified_gmt":"2023-08-10T23:05:41","slug":"google-file-stream","status":"publish","type":"page","link":"https:\/\/epsapps.udg.edu\/si_eps\/?page_id=701","title":{"rendered":"Google Drive"},"content":{"rendered":"<p><em>Google Drive<\/em> \u00e9s un servei d&#8217;arxius al n\u00favol.<\/p>\n<p>Podeu accedir-hi des de qualsevol dispositiu (Windows, MacOS, iOS, Android) i des de Internet, sense ocupar espai de disc del vostre dispositiu. Els documents estan emmagatzemats als servidors de Google.<\/p>\n<p>\u00c9s gratu\u00eft per a institucions acad\u00e8miques, i l&#8217;espai d&#8217;emmagatzematge \u00e9s gran, tot i que finit.<\/p>\n<p>Per a comen\u00e7ar a usar-lo, o per qualsevol dubte, poseu-vos en contacte amb la Secretaria Inform\u00e0tica d&#8217;EPS (<a href=\"mailto:si@eps.udg.edu\">si@eps.udg.edu<\/a>).<\/p>\n<p>Els serveis de Google compleixen amb els requeriments de l&#8217;Esquema Nacional de Seguretat. <strong><em>Google Workspace for Education<\/em><\/strong> est\u00e0 certificat de compliment de l&#8217;ENS (Reial decret 3\/2010, ENS). Podeu comprovar-ho en <a href=\"https:\/\/cloud.google.com\/security\/compliance\/ens?hl=es-419\" target=\"_blank\" rel=\"noopener\">aquest web, dintre de la secci\u00f3 de Google Workspace<\/a>.<\/p>\n<p>Per a accedir a aquest espai d&#8217;emmagatzematge, i veure&#8217;l des de l&#8217;explorador d&#8217;arxius (com la resta d&#8217;unitats de disc), Google posa a la nostra disposici\u00f3 un programa disponible per a Windows i MacOS, que podeu descarregar des de:<\/p>\n<p><a href=\"https:\/\/eps.udg.edu\/gdrive\" target=\"_blank\" rel=\"noopener noreferrer\">https:\/\/eps.udg.edu\/gdrive<\/a><\/p>\n<p>Tamb\u00e9 podeu accedir-hi des d&#8217;un sistema Android o iOS a trav\u00e9s de l&#8217;App <strong><em>Google Drive<\/em><\/strong>, i iniciant sessi\u00f3 amb el vostre compte institucional.<\/p>\n<p><strong>Com funciona:<\/strong><\/p>\n<p>Un cop instal\u00b7lat el client, apareixer\u00e0 una nova unitat de disc (&#8220;G:&#8221;, &#8220;Google Drive&#8221;) amb dues carpetes:<\/p>\n<ul>\n<li><i>\u201cLa meva unitat\u201d<\/i>: El vostre espai privat. Si ja hav\u00edeu utilitzat Drive anteriorment, tots els fitxers estaran ara en aquesta carpeta.<\/li>\n<li><i>\u201cUnitats compartides\u201d<\/i>: Aqu\u00ed trobareu les carpetes amb els arxius compartits de cada equip de treball. Podeu crear-ne de noves.<\/li>\n<\/ul>\n<p>La primera vegada que accediu al servei, l&#8217;operaci\u00f3 habitual \u00e9s copiar els vostres arxius a la &#8220;G&#8221;:, a la <em>Meva Unitat<\/em> o b\u00e9 a una <em>Unitat Compartida<\/em>. Tingueu en compte que quan copieu arxius, cal que espereu que s&#8217;hagin sincronitzat amb els servidors. Mentre s&#8217;estigui sincronitzant, la icona del <em>Drive<\/em>, de la safata de sistema (en forma de triangle), apareixer\u00e0 parpellejant. Un cop s&#8217;hagi acabat la c\u00f2pia totalment, la icona ja ser\u00e0 estable, sense parpelleig. En aquell moment \u00e9s segur de parar l&#8217;ordinador o desconnectar la unitat.<\/p>\n<p><strong>Interf\u00edcie web:<\/strong><\/p>\n<p>Accedint al web de drive (<a href=\"https:\/\/drive.google.com\">https:\/\/drive.google.com<\/a>) tindreu acc\u00e9s a versions antigues dels documents i tamb\u00e9 podreu recuperar fitxers o carpetes eliminats durant els \u00faltims 30 dies.<\/p>\n<p>A trav\u00e9s del web tamb\u00e9 podeu definir els permisos de compartici\u00f3 de carpetes i arxius.<\/p>\n\n\n<p><\/p>\n","protected":false},"excerpt":{"rendered":"<p>Google Drive \u00e9s un servei d&#8217;arxius al n\u00favol. Podeu accedir-hi des de qualsevol dispositiu (Windows, MacOS, iOS, Android) i des de Internet, sense ocupar espai de disc del vostre dispositiu. Els documents estan emmagatzemats als servidors de Google. \u00c9s gratu\u00eft per a institucions acad\u00e8miques, i l&#8217;espai d&#8217;emmagatzematge \u00e9s gran, tot i que finit. Per a &hellip; <a href=\"https:\/\/epsapps.udg.edu\/si_eps\/?page_id=701\" class=\"more-link\">Continua la lectura de <span class=\"screen-reader-text\">Google Drive<\/span> <span class=\"meta-nav\">&rarr;<\/span><\/a><\/p>\n","protected":false},"author":3,"featured_media":0,"parent":89,"menu_order":1,"comment_status":"closed","ping_status":"closed","template":"","meta":{"footnotes":""},"class_list":["post-701","page","type-page","status-publish","hentry"],"_links":{"self":[{"href":"https:\/\/epsapps.udg.edu\/si_eps\/index.php?rest_route=\/wp\/v2\/pages\/701","targetHints":{"allow":["GET"]}}],"collection":[{"href":"https:\/\/epsapps.udg.edu\/si_eps\/index.php?rest_route=\/wp\/v2\/pages"}],"about":[{"href":"https:\/\/epsapps.udg.edu\/si_eps\/index.php?rest_route=\/wp\/v2\/types\/page"}],"author":[{"embeddable":true,"href":"https:\/\/epsapps.udg.edu\/si_eps\/index.php?rest_route=\/wp\/v2\/users\/3"}],"replies":[{"embeddable":true,"href":"https:\/\/epsapps.udg.edu\/si_eps\/index.php?rest_route=%2Fwp%2Fv2%2Fcomments&post=701"}],"version-history":[{"count":30,"href":"https:\/\/epsapps.udg.edu\/si_eps\/index.php?rest_route=\/wp\/v2\/pages\/701\/revisions"}],"predecessor-version":[{"id":1433,"href":"https:\/\/epsapps.udg.edu\/si_eps\/index.php?rest_route=\/wp\/v2\/pages\/701\/revisions\/1433"}],"up":[{"embeddable":true,"href":"https:\/\/epsapps.udg.edu\/si_eps\/index.php?rest_route=\/wp\/v2\/pages\/89"}],"wp:attachment":[{"href":"https:\/\/epsapps.udg.edu\/si_eps\/index.php?rest_route=%2Fwp%2Fv2%2Fmedia&parent=701"}],"curies":[{"name":"wp","href":"https:\/\/api.w.org\/{rel}","templated":true}]}}