{"id":59,"date":"2014-12-05T13:32:39","date_gmt":"2014-12-05T12:32:39","guid":{"rendered":"http:https:\/\/epsapps.udg.edu\/si_eps\/?page_id=59"},"modified":"2018-11-05T21:04:30","modified_gmt":"2018-11-05T20:04:30","slug":"aules","status":"publish","type":"page","link":"https:\/\/epsapps.udg.edu\/si_eps\/?page_id=59","title":{"rendered":"Aules d&#8217;inform\u00e0tica"},"content":{"rendered":"<p>Seleccioneu una opci\u00f3 des del men\u00fa desplegable.<\/p>\n","protected":false},"excerpt":{"rendered":"<p>Seleccioneu una opci\u00f3 des del men\u00fa desplegable.<\/p>\n","protected":false},"author":1,"featured_media":0,"parent":0,"menu_order":1,"comment_status":"closed","ping_status":"closed","template":"","meta":{"footnotes":""},"class_list":["post-59","page","type-page","status-publish","hentry"],"_links":{"self":[{"href":"https:\/\/epsapps.udg.edu\/si_eps\/index.php?rest_route=\/wp\/v2\/pages\/59","targetHints":{"allow":["GET"]}}],"collection":[{"href":"https:\/\/epsapps.udg.edu\/si_eps\/index.php?rest_route=\/wp\/v2\/pages"}],"about":[{"href":"https:\/\/epsapps.udg.edu\/si_eps\/index.php?rest_route=\/wp\/v2\/types\/page"}],"author":[{"embeddable":true,"href":"https:\/\/epsapps.udg.edu\/si_eps\/index.php?rest_route=\/wp\/v2\/users\/1"}],"replies":[{"embeddable":true,"href":"https:\/\/epsapps.udg.edu\/si_eps\/index.php?rest_route=%2Fwp%2Fv2%2Fcomments&post=59"}],"version-history":[{"count":10,"href":"https:\/\/epsapps.udg.edu\/si_eps\/index.php?rest_route=\/wp\/v2\/pages\/59\/revisions"}],"predecessor-version":[{"id":1147,"href":"https:\/\/epsapps.udg.edu\/si_eps\/index.php?rest_route=\/wp\/v2\/pages\/59\/revisions\/1147"}],"wp:attachment":[{"href":"https:\/\/epsapps.udg.edu\/si_eps\/index.php?rest_route=%2Fwp%2Fv2%2Fmedia&parent=59"}],"curies":[{"name":"wp","href":"https:\/\/api.w.org\/{rel}","templated":true}]}}