{"id":329,"date":"2015-02-04T16:43:26","date_gmt":"2015-02-04T15:43:26","guid":{"rendered":"http:https:\/\/epsapps.udg.edu\/si_eps\/?page_id=329"},"modified":"2023-11-30T10:40:13","modified_gmt":"2023-11-30T09:40:13","slug":"habilitar-escriptori-remot","status":"publish","type":"page","link":"https:\/\/epsapps.udg.edu\/si_eps\/?page_id=329","title":{"rendered":"Acc\u00e9s al vostre PC\/port\u00e0til des de les aules"},"content":{"rendered":"\n<p><\/p>\n\n\n\n<p>Per accedir, des d\u2019una aula docent, al vostre equip de professor (port\u00e0til o fix, de sobretaula), teniu la possibilitat de fer-ho fent servir el navegador <em>Chrome <\/em>de l\u2019ordinador de l\u2019aula, a trav\u00e9s de la xarxa, sense haver de manipular el cablejat de v\u00eddeo.<\/p>\n\n\n\n<p>Al no caldre operar el cablejat de v\u00eddeo, us estalviareu temps, haver de disposar de diversos adaptadors i possibles avaries (per l\u2019acci\u00f3 de desendollar i endollar de nou el cablejat). Al mateix temps, guanyeu mobilitat amb el vostre port\u00e0til dintre de l\u2019aula, ja que no cal que estigui connectat a cap cable.<\/p>\n\n\n\n<p>L\u2019\u00fanic que necessiteu per utilitzar aquest sistema \u00e9s un compte de <em>Google<\/em> (<em>@gmail<\/em>, o institucional, com&nbsp;<em>@eps.udg.edu<\/em>).<\/p>\n\n\n\n<p>Des de l\u2019aula, nom\u00e9s heu d\u2019executar directament el pas (2). \u00c9s r\u00e0pid i senzill.<\/p>\n\n\n\n<p><strong>(1)<\/strong> Instruccions per a fer disponibles els ordinadors als quals voleu accedir remotament.  (NOTA: Aquest proc\u00e9s nom\u00e9s s\u2019ha de fer un sol cop per ordinador).<\/p>\n\n\n\n<div class=\"wp-block-group\"><div class=\"wp-block-group__inner-container is-layout-constrained wp-block-group-is-layout-constrained\">\n<p><strong>En l\u2019ordinador al que vulgueu accedir<\/strong> (t\u00edpicament, el vostre port\u00e0til), aneu a&nbsp; l\u2019aplicaci\u00f3 d\u2019<em>Escriptori Remot de Chrome<\/em>:<\/p>\n\n\n\n<div class=\"wp-block-group\"><div class=\"wp-block-group__inner-container is-layout-constrained wp-block-group-is-layout-constrained\">\n<div class=\"wp-block-group is-vertical is-layout-flex wp-container-core-group-is-layout-8cf370e7 wp-block-group-is-layout-flex\">\n<p class=\"has-text-align-left\"><a href=\"https:\/\/remotedesktop.google.com\/access\">https:\/\/remotedesktop.google.com\/access<\/a><\/p>\n<\/div>\n\n\n\n<p><\/p>\n\n\n\n<p>Inicieu sessi\u00f3 amb el vostre usuari de <em>Google<\/em> i seguiu les instruccions en l&#8217;opci\u00f3 de &#8220;<strong>Configura l&#8217;acc\u00e9s remot<\/strong>&#8220;.<\/p>\n\n\n\n<p class=\"has-text-align-left\">Ja haureu acabat de preparar l&#8217;equip al que voleu accedir.<\/p>\n<\/div><\/div>\n\n\n\n<div class=\"wp-block-group\"><div class=\"wp-block-group__inner-container is-layout-constrained wp-block-group-is-layout-constrained\">\n<div class=\"wp-block-group\"><div class=\"wp-block-group__inner-container is-layout-constrained wp-block-group-is-layout-constrained\">\n<div class=\"wp-block-group\"><div class=\"wp-block-group__inner-container is-layout-constrained wp-block-group-is-layout-constrained\">\n<div class=\"wp-block-group is-vertical is-content-justification-left is-layout-flex wp-container-core-group-is-layout-c0ca7d81 wp-block-group-is-layout-flex\">\n<div class=\"wp-block-group is-vertical is-layout-flex wp-container-core-group-is-layout-8cf370e7 wp-block-group-is-layout-flex\">\n<div class=\"wp-block-group\"><div class=\"wp-block-group__inner-container is-layout-constrained wp-block-group-is-layout-constrained\">\n<p><\/p>\n\n\n\n<p><strong>(2) Un cop a l\u2019aula, i des del PC de professor de l&#8217;aula<\/strong>, nom\u00e9s cal primer sobre la icona \u201c<strong>Connexi\u00f3 a escriptori remot<\/strong>\u201d, i entrar amb el mateix usuari de<em> Google <\/em>que heu utilitzat al pas<strong> (<\/strong>1). \u00c9s necessari que el vostre port\u00e0til estigui engegat i connectat a WIFI (a la que t\u00e9 nom &#8220;<strong>DOCEPS<\/strong>&#8220;, preferiblement, tot i que tamb\u00e9 us funcionar\u00e0 amb &#8220;<em>Eduroam<\/em>&#8220;. Amb la primera, el rendiment ser\u00e0 superior).<\/p>\n<\/div><\/div>\n<\/div>\n<\/div>\n<\/div><\/div>\n<\/div><\/div>\n<\/div><\/div>\n<\/div><\/div>\n","protected":false},"excerpt":{"rendered":"<p>Per accedir, des d\u2019una aula docent, al vostre equip de professor (port\u00e0til o fix, de sobretaula), teniu la possibilitat de fer-ho fent servir el navegador Chrome de l\u2019ordinador de l\u2019aula, a trav\u00e9s de la xarxa, sense haver de manipular el cablejat de v\u00eddeo. Al no caldre operar el cablejat de v\u00eddeo, us estalviareu temps, haver &hellip; <a href=\"https:\/\/epsapps.udg.edu\/si_eps\/?page_id=329\" class=\"more-link\">Continua la lectura de <span class=\"screen-reader-text\">Acc\u00e9s al vostre PC\/port\u00e0til des de les aules<\/span> <span class=\"meta-nav\">&rarr;<\/span><\/a><\/p>\n","protected":false},"author":1,"featured_media":0,"parent":434,"menu_order":1,"comment_status":"closed","ping_status":"closed","template":"","meta":{"footnotes":""},"class_list":["post-329","page","type-page","status-publish","hentry"],"_links":{"self":[{"href":"https:\/\/epsapps.udg.edu\/si_eps\/index.php?rest_route=\/wp\/v2\/pages\/329","targetHints":{"allow":["GET"]}}],"collection":[{"href":"https:\/\/epsapps.udg.edu\/si_eps\/index.php?rest_route=\/wp\/v2\/pages"}],"about":[{"href":"https:\/\/epsapps.udg.edu\/si_eps\/index.php?rest_route=\/wp\/v2\/types\/page"}],"author":[{"embeddable":true,"href":"https:\/\/epsapps.udg.edu\/si_eps\/index.php?rest_route=\/wp\/v2\/users\/1"}],"replies":[{"embeddable":true,"href":"https:\/\/epsapps.udg.edu\/si_eps\/index.php?rest_route=%2Fwp%2Fv2%2Fcomments&post=329"}],"version-history":[{"count":87,"href":"https:\/\/epsapps.udg.edu\/si_eps\/index.php?rest_route=\/wp\/v2\/pages\/329\/revisions"}],"predecessor-version":[{"id":1443,"href":"https:\/\/epsapps.udg.edu\/si_eps\/index.php?rest_route=\/wp\/v2\/pages\/329\/revisions\/1443"}],"up":[{"embeddable":true,"href":"https:\/\/epsapps.udg.edu\/si_eps\/index.php?rest_route=\/wp\/v2\/pages\/434"}],"wp:attachment":[{"href":"https:\/\/epsapps.udg.edu\/si_eps\/index.php?rest_route=%2Fwp%2Fv2%2Fmedia&parent=329"}],"curies":[{"name":"wp","href":"https:\/\/api.w.org\/{rel}","templated":true}]}}