{"id":284,"date":"2015-02-03T10:03:19","date_gmt":"2015-02-03T09:03:19","guid":{"rendered":"http:https:\/\/epsapps.udg.edu\/si_eps\/?page_id=284"},"modified":"2022-09-12T11:50:47","modified_gmt":"2022-09-12T10:50:47","slug":"aules-docencia","status":"publish","type":"page","link":"https:\/\/epsapps.udg.edu\/si_eps\/?page_id=284","title":{"rendered":"Informaci\u00f3"},"content":{"rendered":"<p style=\"text-align: justify;\">Cada aula docent disposa d&#8217;un ordinador per al professor, connectat a xarxa i al projector.<\/p>\n<p style=\"text-align: justify;\">El software instal.lat en aquests equips \u00e9s el seg\u00fcent:<\/p>\n<p style=\"text-align: justify;\">\n<table id=\"tablepress-2\" class=\"tablepress tablepress-id-2\">\n<tbody class=\"row-striping row-hover\">\n<tr class=\"row-1\">\n\t<td class=\"column-1\"><b>Windows 10<\/b> 64bit Enterprise<\/td>\n<\/tr>\n<tr class=\"row-2\">\n\t<td class=\"column-1\">Adobe Reader DC<\/td>\n<\/tr>\n<tr class=\"row-3\">\n\t<td class=\"column-1\">Google Chrome<\/td>\n<\/tr>\n<tr class=\"row-4\">\n\t<td class=\"column-1\">Google Drive<\/td>\n<\/tr>\n<tr class=\"row-5\">\n\t<td class=\"column-1\">Java Runtime<\/td>\n<\/tr>\n<tr class=\"row-6\">\n\t<td class=\"column-1\">Microsoft Office 2016<\/td>\n<\/tr>\n<tr class=\"row-7\">\n\t<td class=\"column-1\">Notepad++<\/td>\n<\/tr>\n<tr class=\"row-8\">\n\t<td class=\"column-1\">Putty<\/td>\n<\/tr>\n<tr class=\"row-9\">\n\t<td class=\"column-1\">VLC<\/td>\n<\/tr>\n<tr class=\"row-10\">\n\t<td class=\"column-1\">WinSCP<\/td>\n<\/tr>\n<tr class=\"row-11\">\n\t<td class=\"column-1\">7-zip<\/td>\n<\/tr>\n<\/tbody>\n<\/table>\n<!-- #tablepress-2 from cache --><\/p>\n<p style=\"text-align: justify;\">Per a utilitzar una aplicaci\u00f3 que no estigui en aquesta llista, podeu instal.lar-la en un ordinador extern (el vostre de professor del despatx, per exemple), i connectar-vos-hi des de l&#8217;aula. Per a m\u00e9s instruccions sobre com configurar aquesta opci\u00f3, visiteu l&#8217;adre\u00e7a:<\/p>\n<p><a href=\"https:\/\/epsapps.udg.edu\/si_eps\/?page_id=329\">https:\/\/epsapps.udg.edu\/si_eps\/?page_id=329<\/a><\/p>\n<p style=\"text-align: justify;\">Llistat d&#8217;aules docents:<\/p>\n<ul>\n<li>NOTA: les aules que incorporen c\u00e0mera i micr\u00f2fon, per a donar servei d&#8217;<em>streaming<\/em>, estan marcades amb l&#8217;etiqueta &#8220;(CAM)&#8221;.<\/li>\n<\/ul>\n\n<table id=\"tablepress-1\" class=\"tablepress tablepress-id-1\">\n<tbody class=\"row-striping row-hover\">\n<tr class=\"row-1\">\n\t<td class=\"column-1\"><b>I-01<\/b> <font color=blue>(CAM)<\/font><\/td><td class=\"column-2\"><b>II-01a<\/b> <font color=blue>(CAM)<\/font><\/td><td class=\"column-3\"><b>III-01<\/b> <font color=blue>(CAM)<\/font><\/td><td class=\"column-4\"><b>AM-12.2<\/b><\/td>\n<\/tr>\n<tr class=\"row-2\">\n\t<td class=\"column-1\"><b>I-02<\/b><\/td><td class=\"column-2\"><b>II-01b<\/b> <font color=blue>(CAM)<\/font><\/td><td class=\"column-3\"><b>III-02<\/b><\/td><td class=\"column-4\"><b>AM-12.3<\/b><\/td>\n<\/tr>\n<tr class=\"row-3\">\n\t<td class=\"column-1\"><b>I-03<\/b><\/td><td class=\"column-2\"><b>II-02a<\/b><\/td><td class=\"column-3\"><b>III-03<\/b><\/td><td class=\"column-4\"><\/td>\n<\/tr>\n<tr class=\"row-4\">\n\t<td class=\"column-1\"><b>I-04<\/b><\/td><td class=\"column-2\"><b>II-02b<\/b><\/td><td class=\"column-3\"><b>III-04<\/b><\/td><td class=\"column-4\"><\/td>\n<\/tr>\n<tr class=\"row-5\">\n\t<td class=\"column-1\"><\/td><td class=\"column-2\"><b>II-03a<\/b> <font color=blue>(CAM)<\/font><\/td><td class=\"column-3\"><b>III-05<\/b> <font color=blue>(CAM)<\/font><\/td><td class=\"column-4\"><\/td>\n<\/tr>\n<tr class=\"row-6\">\n\t<td class=\"column-1\"><\/td><td class=\"column-2\"><b>II-03b<\/b><\/td><td class=\"column-3\"><b>III-06<\/b><\/td><td class=\"column-4\"><\/td>\n<\/tr>\n<tr class=\"row-7\">\n\t<td class=\"column-1\"><\/td><td class=\"column-2\"><b>II-04a<\/b><\/td><td class=\"column-3\"><b>III-07<\/b> <font color=blue>(CAM)<\/font><\/td><td class=\"column-4\"><\/td>\n<\/tr>\n<tr class=\"row-8\">\n\t<td class=\"column-1\"><\/td><td class=\"column-2\"><b>II-04b<\/b><\/td><td class=\"column-3\"><b>III-08<\/b><\/td><td class=\"column-4\"><\/td>\n<\/tr>\n<tr class=\"row-9\">\n\t<td class=\"column-1\"><\/td><td class=\"column-2\"><b>II-05<\/b><\/td><td class=\"column-3\"><b>III-09<\/b> <font color=blue>(CAM)<\/font><\/td><td class=\"column-4\"><\/td>\n<\/tr>\n<tr class=\"row-10\">\n\t<td class=\"column-1\"><\/td><td class=\"column-2\"><b>II-06<\/b><\/td><td class=\"column-3\"><b>III-010<\/b> <font color=blue>(CAM)<\/font><\/td><td class=\"column-4\"><\/td>\n<\/tr>\n<tr class=\"row-11\">\n\t<td class=\"column-1\"><\/td><td class=\"column-2\"><b>II-07<\/b> <font color=blue>(CAM)<\/font><\/td><td class=\"column-3\"><\/td><td class=\"column-4\"><\/td>\n<\/tr>\n<tr class=\"row-12\">\n\t<td class=\"column-1\"><\/td><td class=\"column-2\"><b>II-08<\/b><\/td><td class=\"column-3\"><\/td><td class=\"column-4\"><\/td>\n<\/tr>\n<tr class=\"row-13\">\n\t<td class=\"column-1\"><\/td><td class=\"column-2\"><b>II-09<\/b><\/td><td class=\"column-3\"><\/td><td class=\"column-4\"><\/td>\n<\/tr>\n<tr class=\"row-14\">\n\t<td class=\"column-1\"><\/td><td class=\"column-2\"><b>II-010<\/b> <font color=blue>(CAM)<\/font><\/td><td class=\"column-3\"><\/td><td class=\"column-4\"><\/td>\n<\/tr>\n<\/tbody>\n<\/table>\n<!-- #tablepress-1 from cache -->\n","protected":false},"excerpt":{"rendered":"<p>Cada aula docent disposa d&#8217;un ordinador per al professor, connectat a xarxa i al projector. El software instal.lat en aquests equips \u00e9s el seg\u00fcent: Per a utilitzar una aplicaci\u00f3 que no estigui en aquesta llista, podeu instal.lar-la en un ordinador extern (el vostre de professor del despatx, per exemple), i connectar-vos-hi des de l&#8217;aula. Per &hellip; <a href=\"https:\/\/epsapps.udg.edu\/si_eps\/?page_id=284\" class=\"more-link\">Continua la lectura de <span class=\"screen-reader-text\">Informaci\u00f3<\/span> <span class=\"meta-nav\">&rarr;<\/span><\/a><\/p>\n","protected":false},"author":1,"featured_media":0,"parent":434,"menu_order":0,"comment_status":"closed","ping_status":"closed","template":"","meta":{"footnotes":""},"class_list":["post-284","page","type-page","status-publish","hentry"],"_links":{"self":[{"href":"https:\/\/epsapps.udg.edu\/si_eps\/index.php?rest_route=\/wp\/v2\/pages\/284","targetHints":{"allow":["GET"]}}],"collection":[{"href":"https:\/\/epsapps.udg.edu\/si_eps\/index.php?rest_route=\/wp\/v2\/pages"}],"about":[{"href":"https:\/\/epsapps.udg.edu\/si_eps\/index.php?rest_route=\/wp\/v2\/types\/page"}],"author":[{"embeddable":true,"href":"https:\/\/epsapps.udg.edu\/si_eps\/index.php?rest_route=\/wp\/v2\/users\/1"}],"replies":[{"embeddable":true,"href":"https:\/\/epsapps.udg.edu\/si_eps\/index.php?rest_route=%2Fwp%2Fv2%2Fcomments&post=284"}],"version-history":[{"count":38,"href":"https:\/\/epsapps.udg.edu\/si_eps\/index.php?rest_route=\/wp\/v2\/pages\/284\/revisions"}],"predecessor-version":[{"id":1370,"href":"https:\/\/epsapps.udg.edu\/si_eps\/index.php?rest_route=\/wp\/v2\/pages\/284\/revisions\/1370"}],"up":[{"embeddable":true,"href":"https:\/\/epsapps.udg.edu\/si_eps\/index.php?rest_route=\/wp\/v2\/pages\/434"}],"wp:attachment":[{"href":"https:\/\/epsapps.udg.edu\/si_eps\/index.php?rest_route=%2Fwp%2Fv2%2Fmedia&parent=284"}],"curies":[{"name":"wp","href":"https:\/\/api.w.org\/{rel}","templated":true}]}}