{"id":176,"date":"2014-12-09T12:55:19","date_gmt":"2014-12-09T11:55:19","guid":{"rendered":"http:https:\/\/epsapps.udg.edu\/si_eps\/?page_id=176"},"modified":"2025-09-15T12:06:55","modified_gmt":"2025-09-15T10:06:55","slug":"compte-personal","status":"publish","type":"page","link":"https:\/\/epsapps.udg.edu\/si_eps\/?page_id=176","title":{"rendered":"Compte Personal"},"content":{"rendered":"<p style=\"text-align: justify;\">\u00c9s un nom d&#8217;usuari i una contrasenya que us permet l&#8217;acc\u00e9s a diversos serveis de la Universitat. Cal tenir en compte que el nom d&#8217;usuari es composa de la lletra &#8220;u&#8221; i el vostre n\u00famero d&#8217;estudiant.<\/p>\n<p style=\"text-align: justify;\">Per exemple:<\/p>\n<div class=\"article-content\">\n<p style=\"text-align: justify;\">N\u00famero d&#8217;estudiant: <b>1012345<\/b><\/p>\n<p style=\"text-align: justify;\">Nom d&#8217;usuari: <b>u1012345<\/b><\/p>\n<p style=\"text-align: justify;\"><span style=\"text-decoration: underline;\">Altres temes relacionats:<\/span><\/p>\n<p style=\"text-align: justify;\"><strong>Com aconseguir la contrasenya: <\/strong>En el moment que us matriculeu, us assignen un n\u00famero d&#8217;usuari; est\u00e0 impr\u00e8s al full de matricula. La contrasenya us la donaran en el moment de fer la fotografia per al vostre carnet d&#8217;estudiant.<\/p>\n<p style=\"text-align: justify;\"><strong>Canviar la contrasenya sabent la vella: <\/strong>Inicieu sessi\u00f3 amb el vostre compte a la UdG, i a la part superior dreta, cliqueu sobre el vostre nom, i seleccioneu l&#8217;opci\u00f3 &#8220;Identitat Digital&#8221;.<\/p>\n<p style=\"text-align: justify;\"><strong>Altres contrasenyes: <\/strong>Algunes assignatures requereixen d&#8217;un acc\u00e9s especial a certs servidors de doc\u00e8ncia. En aquest cas, rebreu un correu electr\u00f2nic amb la vostra contrasenya espec\u00edfica per a tal efecte.<\/p>\n<\/div>\n","protected":false},"excerpt":{"rendered":"<p>\u00c9s un nom d&#8217;usuari i una contrasenya que us permet l&#8217;acc\u00e9s a diversos serveis de la Universitat. Cal tenir en compte que el nom d&#8217;usuari es composa de la lletra &#8220;u&#8221; i el vostre n\u00famero d&#8217;estudiant. Per exemple: N\u00famero d&#8217;estudiant: 1012345 Nom d&#8217;usuari: u1012345 Altres temes relacionats: Com aconseguir la contrasenya: En el moment que &hellip; <a href=\"https:\/\/epsapps.udg.edu\/si_eps\/?page_id=176\" class=\"more-link\">Continua la lectura de <span class=\"screen-reader-text\">Compte Personal<\/span> <span class=\"meta-nav\">&rarr;<\/span><\/a><\/p>\n","protected":false},"author":1,"featured_media":0,"parent":614,"menu_order":0,"comment_status":"closed","ping_status":"closed","template":"","meta":{"footnotes":""},"class_list":["post-176","page","type-page","status-publish","hentry"],"_links":{"self":[{"href":"https:\/\/epsapps.udg.edu\/si_eps\/index.php?rest_route=\/wp\/v2\/pages\/176","targetHints":{"allow":["GET"]}}],"collection":[{"href":"https:\/\/epsapps.udg.edu\/si_eps\/index.php?rest_route=\/wp\/v2\/pages"}],"about":[{"href":"https:\/\/epsapps.udg.edu\/si_eps\/index.php?rest_route=\/wp\/v2\/types\/page"}],"author":[{"embeddable":true,"href":"https:\/\/epsapps.udg.edu\/si_eps\/index.php?rest_route=\/wp\/v2\/users\/1"}],"replies":[{"embeddable":true,"href":"https:\/\/epsapps.udg.edu\/si_eps\/index.php?rest_route=%2Fwp%2Fv2%2Fcomments&post=176"}],"version-history":[{"count":23,"href":"https:\/\/epsapps.udg.edu\/si_eps\/index.php?rest_route=\/wp\/v2\/pages\/176\/revisions"}],"predecessor-version":[{"id":1531,"href":"https:\/\/epsapps.udg.edu\/si_eps\/index.php?rest_route=\/wp\/v2\/pages\/176\/revisions\/1531"}],"up":[{"embeddable":true,"href":"https:\/\/epsapps.udg.edu\/si_eps\/index.php?rest_route=\/wp\/v2\/pages\/614"}],"wp:attachment":[{"href":"https:\/\/epsapps.udg.edu\/si_eps\/index.php?rest_route=%2Fwp%2Fv2%2Fmedia&parent=176"}],"curies":[{"name":"wp","href":"https:\/\/api.w.org\/{rel}","templated":true}]}}