{"id":153,"date":"2014-12-09T12:36:34","date_gmt":"2014-12-09T11:36:34","guid":{"rendered":"http:https:\/\/epsapps.udg.edu\/si_eps\/?page_id=153"},"modified":"2022-09-15T07:34:30","modified_gmt":"2022-09-15T06:34:30","slug":"videoconferencies-i-reunions-en-linia","status":"publish","type":"page","link":"https:\/\/epsapps.udg.edu\/si_eps\/?page_id=153","title":{"rendered":"Videoconfer\u00e8ncies"},"content":{"rendered":"<p style=\"text-align: justify;\"><b>Equip de videoconfer\u00e8ncia de sala<\/b><\/p>\n<p style=\"text-align: justify;\">A la Sala de Juntes de P-I disposem de c\u00e0mera, micr\u00f2fons i altaveus de sala connectats a l&#8217;ordinador.<\/p>\n<p style=\"text-align: justify;\">Aix\u00f2 ens permet utilitzar qualsevol programari per a iniciar una videoconfer\u00e8ncia (<em>Google Meet, Microsoft Teams, Skype<\/em>, etc.).<\/p>\n<p><strong>Reserves:<\/strong><\/p>\n<p style=\"text-align: justify;\">La Sala de Juntes s&#8217;ha de\u00a0 reservar amb anticipaci\u00f3. Cal fer-ho a la secretaria d&#8217;estudis (<a href=\"mailto:secretaria.estudis@eps.udg.edu\">secretaria.estudis@eps.udg.edu<\/a>, telf: 8408)<\/p>\n","protected":false},"excerpt":{"rendered":"<p>Equip de videoconfer\u00e8ncia de sala A la Sala de Juntes de P-I disposem de c\u00e0mera, micr\u00f2fons i altaveus de sala connectats a l&#8217;ordinador. Aix\u00f2 ens permet utilitzar qualsevol programari per a iniciar una videoconfer\u00e8ncia (Google Meet, Microsoft Teams, Skype, etc.). Reserves: La Sala de Juntes s&#8217;ha de\u00a0 reservar amb anticipaci\u00f3. Cal fer-ho a la secretaria &hellip; <a href=\"https:\/\/epsapps.udg.edu\/si_eps\/?page_id=153\" class=\"more-link\">Continua la lectura de <span class=\"screen-reader-text\">Videoconfer\u00e8ncies<\/span> <span class=\"meta-nav\">&rarr;<\/span><\/a><\/p>\n","protected":false},"author":1,"featured_media":0,"parent":89,"menu_order":6,"comment_status":"closed","ping_status":"closed","template":"","meta":{"footnotes":""},"class_list":["post-153","page","type-page","status-publish","hentry"],"_links":{"self":[{"href":"https:\/\/epsapps.udg.edu\/si_eps\/index.php?rest_route=\/wp\/v2\/pages\/153","targetHints":{"allow":["GET"]}}],"collection":[{"href":"https:\/\/epsapps.udg.edu\/si_eps\/index.php?rest_route=\/wp\/v2\/pages"}],"about":[{"href":"https:\/\/epsapps.udg.edu\/si_eps\/index.php?rest_route=\/wp\/v2\/types\/page"}],"author":[{"embeddable":true,"href":"https:\/\/epsapps.udg.edu\/si_eps\/index.php?rest_route=\/wp\/v2\/users\/1"}],"replies":[{"embeddable":true,"href":"https:\/\/epsapps.udg.edu\/si_eps\/index.php?rest_route=%2Fwp%2Fv2%2Fcomments&post=153"}],"version-history":[{"count":50,"href":"https:\/\/epsapps.udg.edu\/si_eps\/index.php?rest_route=\/wp\/v2\/pages\/153\/revisions"}],"predecessor-version":[{"id":1374,"href":"https:\/\/epsapps.udg.edu\/si_eps\/index.php?rest_route=\/wp\/v2\/pages\/153\/revisions\/1374"}],"up":[{"embeddable":true,"href":"https:\/\/epsapps.udg.edu\/si_eps\/index.php?rest_route=\/wp\/v2\/pages\/89"}],"wp:attachment":[{"href":"https:\/\/epsapps.udg.edu\/si_eps\/index.php?rest_route=%2Fwp%2Fv2%2Fmedia&parent=153"}],"curies":[{"name":"wp","href":"https:\/\/api.w.org\/{rel}","templated":true}]}}