{"id":1514,"date":"2025-07-23T10:05:24","date_gmt":"2025-07-23T08:05:24","guid":{"rendered":"https:\/\/epsapps.udg.edu\/si_eps\/?page_id=1514"},"modified":"2026-02-24T13:49:24","modified_gmt":"2026-02-24T12:49:24","slug":"compartir-pantalla-del-professor-2","status":"publish","type":"page","link":"https:\/\/epsapps.udg.edu\/si_eps\/?page_id=1514","title":{"rendered":"Connectar el vostre port\u00e0til al projector directament"},"content":{"rendered":"\n<p><\/p>\n\n\n\n<p>A les aules docents de l&#8217;EPS, estem desplegant un <strong>selector HDMI <\/strong>(veure imatge) que us permetr\u00e0 connectar-hi la sortida de v\u00eddeo del vostre port\u00e0til, i que aquesta s&#8217;envi\u00ef directament al projector, sense que intervingui el PC de l&#8217;aula.<\/p>\n\n\n<div class=\"wp-block-image\">\n<figure class=\"aligncenter size-large is-resized\"><a href=\"https:\/\/epsapps.udg.edu\/si_eps\/wp-content\/uploads\/2025\/07\/IMG_1224.jpg\"><img loading=\"lazy\" decoding=\"async\" width=\"768\" height=\"1024\" src=\"https:\/\/epsapps.udg.edu\/si_eps\/wp-content\/uploads\/2025\/07\/IMG_1224-768x1024.jpg\" alt=\"\" class=\"wp-image-1520\" style=\"width:168px;height:auto\" srcset=\"https:\/\/epsapps.udg.edu\/si_eps\/wp-content\/uploads\/2025\/07\/IMG_1224-768x1024.jpg 768w, https:\/\/epsapps.udg.edu\/si_eps\/wp-content\/uploads\/2025\/07\/IMG_1224-225x300.jpg 225w, https:\/\/epsapps.udg.edu\/si_eps\/wp-content\/uploads\/2025\/07\/IMG_1224-1152x1536.jpg 1152w, https:\/\/epsapps.udg.edu\/si_eps\/wp-content\/uploads\/2025\/07\/IMG_1224.jpg 1512w\" sizes=\"auto, (max-width: 768px) 100vw, 768px\" \/><\/a><\/figure>\n<\/div>\n\n\n<p>Cal que el vostre port\u00e0til tingui connector HDMI, o b\u00e9, si t\u00e9 USB Tipus-C, caldr\u00e0 que disposeu d&#8217;un adaptador USB Tipus-C &gt; HDMI.<\/p>\n\n\n\n<p>En qualsevol cas, el cable de v\u00eddeo i l&#8217;adaptador, l&#8217;ha de proveir el propi professor.<\/p>\n\n\n\n<p><strong>Important: <\/strong>tingueu en compte que cal configurar la resoluci\u00f3 del vostre port\u00e0til a un m\u00e0xim de 1920&#215;1080 (FullHD) ja que els projectors no solen suportar resolucions m\u00e9s altes.<\/p>\n","protected":false},"excerpt":{"rendered":"<p>A les aules docents de l&#8217;EPS, estem desplegant un selector HDMI (veure imatge) que us permetr\u00e0 connectar-hi la sortida de v\u00eddeo del vostre port\u00e0til, i que aquesta s&#8217;envi\u00ef directament al projector, sense que intervingui el PC de l&#8217;aula. Cal que el vostre port\u00e0til tingui connector HDMI, o b\u00e9, si t\u00e9 USB Tipus-C, caldr\u00e0 que disposeu &hellip; <a href=\"https:\/\/epsapps.udg.edu\/si_eps\/?page_id=1514\" class=\"more-link\">Continua la lectura de <span class=\"screen-reader-text\">Connectar el vostre port\u00e0til al projector directament<\/span> <span class=\"meta-nav\">&rarr;<\/span><\/a><\/p>\n","protected":false},"author":3,"featured_media":0,"parent":434,"menu_order":2,"comment_status":"closed","ping_status":"closed","template":"","meta":{"footnotes":""},"class_list":["post-1514","page","type-page","status-publish","hentry"],"_links":{"self":[{"href":"https:\/\/epsapps.udg.edu\/si_eps\/index.php?rest_route=\/wp\/v2\/pages\/1514","targetHints":{"allow":["GET"]}}],"collection":[{"href":"https:\/\/epsapps.udg.edu\/si_eps\/index.php?rest_route=\/wp\/v2\/pages"}],"about":[{"href":"https:\/\/epsapps.udg.edu\/si_eps\/index.php?rest_route=\/wp\/v2\/types\/page"}],"author":[{"embeddable":true,"href":"https:\/\/epsapps.udg.edu\/si_eps\/index.php?rest_route=\/wp\/v2\/users\/3"}],"replies":[{"embeddable":true,"href":"https:\/\/epsapps.udg.edu\/si_eps\/index.php?rest_route=%2Fwp%2Fv2%2Fcomments&post=1514"}],"version-history":[{"count":9,"href":"https:\/\/epsapps.udg.edu\/si_eps\/index.php?rest_route=\/wp\/v2\/pages\/1514\/revisions"}],"predecessor-version":[{"id":1546,"href":"https:\/\/epsapps.udg.edu\/si_eps\/index.php?rest_route=\/wp\/v2\/pages\/1514\/revisions\/1546"}],"up":[{"embeddable":true,"href":"https:\/\/epsapps.udg.edu\/si_eps\/index.php?rest_route=\/wp\/v2\/pages\/434"}],"wp:attachment":[{"href":"https:\/\/epsapps.udg.edu\/si_eps\/index.php?rest_route=%2Fwp%2Fv2%2Fmedia&parent=1514"}],"curies":[{"name":"wp","href":"https:\/\/api.w.org\/{rel}","templated":true}]}}