{"id":1509,"date":"2025-07-23T09:56:54","date_gmt":"2025-07-23T07:56:54","guid":{"rendered":"https:\/\/epsapps.udg.edu\/si_eps\/?page_id=1509"},"modified":"2025-12-18T13:09:24","modified_gmt":"2025-12-18T12:09:24","slug":"compartir-pantalla-del-professor-2","status":"publish","type":"page","link":"https:\/\/epsapps.udg.edu\/si_eps\/?page_id=1509","title":{"rendered":"Control d&#8217;Acc\u00e9s a Internet"},"content":{"rendered":"\n<p><\/p>\n\n\n\n<p>Els professors poden decidir en tot moment si volen permetre o no l&#8217;acc\u00e9s a Internet en una aula d&#8217;inform\u00e0tica.<\/p>\n\n\n\n<p>Aquesta capacitat pot ser \u00fatil en situacions com proves d&#8217;avaluaci\u00f3 continuada, ex\u00e0mens, etc, en qu\u00e8 no es vol que l&#8217;alumne tingui acc\u00e9s a recursos externs (a Internet).<\/p>\n\n\n\n<p>Per a gestionar-ne el control, heu d&#8217;accedir al web seg\u00fcent:<\/p>\n\n\n\n<p><strong><a href=\"https:\/\/bas.udg.edu\/aules\" target=\"_blank\" rel=\"noreferrer noopener\">https:\/\/bas.udg.edu\/aules<\/a><\/strong><\/p>\n\n\n\n<p>amb les seg\u00fcents restriccions:<\/p>\n\n\n\n<ul class=\"wp-block-list\">\n<li>Formar part del cos docent (PDI)<\/li>\n\n\n\n<li>Fer-ho des de la xarxa interna UdG (tamb\u00e9 WIFI)<\/li>\n\n\n\n<li>Fer-ho en dia i horari lectiu<\/li>\n<\/ul>\n\n\n\n<p>Un cop dins, veureu un panell amb un bot\u00f3 ON\/OFF per a cada aula inform\u00e0tica. Es pot activar\/desactivar l&#8217;acc\u00e9s a Internet per aula individualment.<\/p>\n\n\n\n<p>Un cop fet un canvi d&#8217;estat (<strong>ON &gt; OFF<\/strong> \/  <strong>OFF &gt; ON<\/strong>), el sistema triga <strong>entre 1 i 6<\/strong> minuts (m\u00e0xim) a propagar el canvi.<\/p>\n\n\n\n<p><\/p>\n\n\n\n<p>NOTA 1: Quan l&#8217;aplicaci\u00f3 detecta un canvi de classe, autom\u00e0ticament posa l&#8217;estat a &#8220;<strong>ON<\/strong>&#8220;, per evitar el cas de que el professor sortint s&#8217;oblidi de tornar a activar l&#8217;acc\u00e9s i la classe que ve al darrere es trobi sense connectivitat i sense saber qu\u00e8 pot passar.<\/p>\n\n\n\n<p>NOTA 2: heu de tenir en compte que encara que es denegui l&#8217;acc\u00e9s a Internet, el tr\u00e0fic intern UdG continua funcionant (necessari per al Moodle, llic\u00e8ncies de software, permisos, eines, etc).<\/p>\n\n\n\n<p><\/p>\n\n\n\n<p><\/p>\n","protected":false},"excerpt":{"rendered":"<p>Els professors poden decidir en tot moment si volen permetre o no l&#8217;acc\u00e9s a Internet en una aula d&#8217;inform\u00e0tica. Aquesta capacitat pot ser \u00fatil en situacions com proves d&#8217;avaluaci\u00f3 continuada, ex\u00e0mens, etc, en qu\u00e8 no es vol que l&#8217;alumne tingui acc\u00e9s a recursos externs (a Internet). Per a gestionar-ne el control, heu d&#8217;accedir al web &hellip; <a href=\"https:\/\/epsapps.udg.edu\/si_eps\/?page_id=1509\" class=\"more-link\">Continua la lectura de <span class=\"screen-reader-text\">Control d&#8217;Acc\u00e9s a Internet<\/span> <span class=\"meta-nav\">&rarr;<\/span><\/a><\/p>\n","protected":false},"author":3,"featured_media":0,"parent":59,"menu_order":4,"comment_status":"closed","ping_status":"closed","template":"","meta":{"footnotes":""},"class_list":["post-1509","page","type-page","status-publish","hentry"],"_links":{"self":[{"href":"https:\/\/epsapps.udg.edu\/si_eps\/index.php?rest_route=\/wp\/v2\/pages\/1509","targetHints":{"allow":["GET"]}}],"collection":[{"href":"https:\/\/epsapps.udg.edu\/si_eps\/index.php?rest_route=\/wp\/v2\/pages"}],"about":[{"href":"https:\/\/epsapps.udg.edu\/si_eps\/index.php?rest_route=\/wp\/v2\/types\/page"}],"author":[{"embeddable":true,"href":"https:\/\/epsapps.udg.edu\/si_eps\/index.php?rest_route=\/wp\/v2\/users\/3"}],"replies":[{"embeddable":true,"href":"https:\/\/epsapps.udg.edu\/si_eps\/index.php?rest_route=%2Fwp%2Fv2%2Fcomments&post=1509"}],"version-history":[{"count":8,"href":"https:\/\/epsapps.udg.edu\/si_eps\/index.php?rest_route=\/wp\/v2\/pages\/1509\/revisions"}],"predecessor-version":[{"id":1542,"href":"https:\/\/epsapps.udg.edu\/si_eps\/index.php?rest_route=\/wp\/v2\/pages\/1509\/revisions\/1542"}],"up":[{"embeddable":true,"href":"https:\/\/epsapps.udg.edu\/si_eps\/index.php?rest_route=\/wp\/v2\/pages\/59"}],"wp:attachment":[{"href":"https:\/\/epsapps.udg.edu\/si_eps\/index.php?rest_route=%2Fwp%2Fv2%2Fmedia&parent=1509"}],"curies":[{"name":"wp","href":"https:\/\/api.w.org\/{rel}","templated":true}]}}