{"id":1463,"date":"2025-02-12T11:29:14","date_gmt":"2025-02-12T10:29:14","guid":{"rendered":"https:\/\/epsapps.udg.edu\/si_eps\/?page_id=1463"},"modified":"2025-03-25T08:03:03","modified_gmt":"2025-03-25T07:03:03","slug":"crear-reunio-de-teams-i-generar-ne-lenllac","status":"publish","type":"page","link":"https:\/\/epsapps.udg.edu\/si_eps\/?page_id=1463","title":{"rendered":"Guia per a crear una reuni\u00f3 de Teams i generar-ne l&#8217;enlla\u00e7"},"content":{"rendered":"\n<p><\/p>\n\n\n\n<ul class=\"wp-block-list\">\n<li><strong>L&#8217;enlla\u00e7 l&#8217;ha de crear la persona que ser\u00e0 l&#8217;organitzador present a la reuni\u00f3<\/strong>, ja que tindr\u00e0 tots els permisos necessaris.<\/li>\n<\/ul>\n\n\n\n<p><\/p>\n\n\n\n<p>Passes per a crear l&#8217;enlla\u00e7:<\/p>\n\n\n\n<ul class=\"wp-block-list\">\n<li>Obrim l\u2019aplicaci\u00f3 Teams.<\/li>\n\n\n\n<li>Al panell vertical que trobem a l\u2019esquerra, tenim una icona amb el nom &#8216;Calendari&#8217;. Hi fem clic i s\u2019obrir\u00e0 la seg\u00fcent pantalla.<\/li>\n\n\n\n<li>&nbsp;Dins d\u2019aquesta pantalla, a la part superior dreta, podem veure un bot\u00f3 amb el nom &#8216;Reuni\u00f3 Nova&#8217;. Hi fem clic i s\u2019obrir\u00e0 un men\u00fa per comen\u00e7ar a crear la reuni\u00f3 en q\u00fcesti\u00f3.<\/li>\n<\/ul>\n\n\n<div class=\"wp-block-image\">\n<figure class=\"aligncenter size-large\"><a href=\"https:\/\/epsapps.udg.edu\/si_eps\/wp-content\/uploads\/2025\/02\/1.png\"><img loading=\"lazy\" decoding=\"async\" width=\"1024\" height=\"418\" src=\"https:\/\/epsapps.udg.edu\/si_eps\/wp-content\/uploads\/2025\/02\/1-1024x418.png\" alt=\"\" class=\"wp-image-1466\" srcset=\"https:\/\/epsapps.udg.edu\/si_eps\/wp-content\/uploads\/2025\/02\/1-1024x418.png 1024w, https:\/\/epsapps.udg.edu\/si_eps\/wp-content\/uploads\/2025\/02\/1-300x122.png 300w, https:\/\/epsapps.udg.edu\/si_eps\/wp-content\/uploads\/2025\/02\/1-768x313.png 768w, https:\/\/epsapps.udg.edu\/si_eps\/wp-content\/uploads\/2025\/02\/1.png 1152w\" sizes=\"auto, (max-width: 1024px) 100vw, 1024px\" \/><\/a><\/figure>\n<\/div>\n\n\n<ul class=\"wp-block-list\">\n<li>En aquest men\u00fa de &#8216;Reuni\u00f3 Nova&#8217;, afegim un t\u00edtol i els assistents requerits.<\/li>\n\n\n\n<li>Recordeu que nom\u00e9s podem afegir usuaris de la UdG com a assistents requerits. Per als usuaris externs, m\u00e9s endavant us explicarem com podran accedir a la reuni\u00f3.<\/li>\n\n\n\n<li>Posem la data i l\u2019hora de la reuni\u00f3.<\/li>\n\n\n\n<li>Recordeu tamb\u00e9 que, si volem gravar, podem marcar l\u2019opci\u00f3 de gravar i transcriure, tot i que tamb\u00e9 es pot marcar m\u00e9s endavant. Un cop introdu\u00efda la informaci\u00f3, cliquem sobre el bot\u00f3 \u201c<strong>Desa<\/strong>\u201d.<\/li>\n<\/ul>\n\n\n<div class=\"wp-block-image\">\n<figure class=\"aligncenter size-large\"><a href=\"https:\/\/epsapps.udg.edu\/si_eps\/wp-content\/uploads\/2025\/02\/2.png\"><img loading=\"lazy\" decoding=\"async\" width=\"1024\" height=\"384\" src=\"https:\/\/epsapps.udg.edu\/si_eps\/wp-content\/uploads\/2025\/02\/2-1024x384.png\" alt=\"\" class=\"wp-image-1467\" srcset=\"https:\/\/epsapps.udg.edu\/si_eps\/wp-content\/uploads\/2025\/02\/2-1024x384.png 1024w, https:\/\/epsapps.udg.edu\/si_eps\/wp-content\/uploads\/2025\/02\/2-300x113.png 300w, https:\/\/epsapps.udg.edu\/si_eps\/wp-content\/uploads\/2025\/02\/2-768x288.png 768w, https:\/\/epsapps.udg.edu\/si_eps\/wp-content\/uploads\/2025\/02\/2.png 1119w\" sizes=\"auto, (max-width: 1024px) 100vw, 1024px\" \/><\/a><\/figure>\n<\/div>\n\n\n<ul class=\"wp-block-list\">\n<li>Un cop creada la reuni\u00f3, veurem que ja apareix al nostre calendari.<\/li>\n<\/ul>\n\n\n<div class=\"wp-block-image\">\n<figure class=\"aligncenter size-large\"><a href=\"https:\/\/epsapps.udg.edu\/si_eps\/wp-content\/uploads\/2025\/02\/3.png\"><img loading=\"lazy\" decoding=\"async\" width=\"1118\" height=\"364\" src=\"https:\/\/epsapps.udg.edu\/si_eps\/wp-content\/uploads\/2025\/02\/3-1024x333.png\" alt=\"\" class=\"wp-image-1468\" srcset=\"https:\/\/epsapps.udg.edu\/si_eps\/wp-content\/uploads\/2025\/02\/3-1024x333.png 1024w, https:\/\/epsapps.udg.edu\/si_eps\/wp-content\/uploads\/2025\/02\/3-300x98.png 300w, https:\/\/epsapps.udg.edu\/si_eps\/wp-content\/uploads\/2025\/02\/3-768x250.png 768w, https:\/\/epsapps.udg.edu\/si_eps\/wp-content\/uploads\/2025\/02\/3.png 1118w\" sizes=\"auto, (max-width: 1118px) 100vw, 1118px\" \/><\/a><\/figure>\n<\/div>\n\n\n<ul class=\"wp-block-list\">\n<li>Fem clic (amb la dreta: Edita) sobre la reuni\u00f3 creada i veurem els par\u00e0metres per si hem de modificar alguna dada.<\/li>\n\n\n\n<li>Cap la part de baix tenim l&#8217;enlla\u00e7 -si cliquem amb la dreta sobre &#8220;<strong>Uniu-vos ara a la reuni\u00f3<\/strong>&#8220;- que haurem de distribuir als assistents que s\u00f3n de fora de l&#8217;UdG . Juntament amb l&#8217;enlla\u00e7 que hem copiat, podem enviar tamb\u00e9 el &#8220;Meeting ID&#8221; i la clau d&#8217;acc\u00e9s.<\/li>\n<\/ul>\n\n\n<div class=\"wp-block-image\">\n<figure class=\"aligncenter size-full\"><a href=\"https:\/\/epsapps.udg.edu\/si_eps\/wp-content\/uploads\/2025\/02\/4.png\"><img loading=\"lazy\" decoding=\"async\" width=\"786\" height=\"757\" src=\"https:\/\/epsapps.udg.edu\/si_eps\/wp-content\/uploads\/2025\/02\/4.png\" alt=\"\" class=\"wp-image-1469\" srcset=\"https:\/\/epsapps.udg.edu\/si_eps\/wp-content\/uploads\/2025\/02\/4.png 786w, https:\/\/epsapps.udg.edu\/si_eps\/wp-content\/uploads\/2025\/02\/4-300x289.png 300w, https:\/\/epsapps.udg.edu\/si_eps\/wp-content\/uploads\/2025\/02\/4-768x740.png 768w\" sizes=\"auto, (max-width: 786px) 100vw, 786px\" \/><\/a><\/figure>\n<\/div>\n\n\n<p><\/p>\n","protected":false},"excerpt":{"rendered":"<p>Passes per a crear l&#8217;enlla\u00e7:<\/p>\n","protected":false},"author":3,"featured_media":0,"parent":89,"menu_order":0,"comment_status":"closed","ping_status":"closed","template":"","meta":{"footnotes":""},"class_list":["post-1463","page","type-page","status-publish","hentry"],"_links":{"self":[{"href":"https:\/\/epsapps.udg.edu\/si_eps\/index.php?rest_route=\/wp\/v2\/pages\/1463","targetHints":{"allow":["GET"]}}],"collection":[{"href":"https:\/\/epsapps.udg.edu\/si_eps\/index.php?rest_route=\/wp\/v2\/pages"}],"about":[{"href":"https:\/\/epsapps.udg.edu\/si_eps\/index.php?rest_route=\/wp\/v2\/types\/page"}],"author":[{"embeddable":true,"href":"https:\/\/epsapps.udg.edu\/si_eps\/index.php?rest_route=\/wp\/v2\/users\/3"}],"replies":[{"embeddable":true,"href":"https:\/\/epsapps.udg.edu\/si_eps\/index.php?rest_route=%2Fwp%2Fv2%2Fcomments&post=1463"}],"version-history":[{"count":7,"href":"https:\/\/epsapps.udg.edu\/si_eps\/index.php?rest_route=\/wp\/v2\/pages\/1463\/revisions"}],"predecessor-version":[{"id":1485,"href":"https:\/\/epsapps.udg.edu\/si_eps\/index.php?rest_route=\/wp\/v2\/pages\/1463\/revisions\/1485"}],"up":[{"embeddable":true,"href":"https:\/\/epsapps.udg.edu\/si_eps\/index.php?rest_route=\/wp\/v2\/pages\/89"}],"wp:attachment":[{"href":"https:\/\/epsapps.udg.edu\/si_eps\/index.php?rest_route=%2Fwp%2Fv2%2Fmedia&parent=1463"}],"curies":[{"name":"wp","href":"https:\/\/api.w.org\/{rel}","templated":true}]}}