{"id":1452,"date":"2024-09-17T08:20:51","date_gmt":"2024-09-17T06:20:51","guid":{"rendered":"https:\/\/epsapps.udg.edu\/si_eps\/?page_id=1452"},"modified":"2025-07-23T10:20:41","modified_gmt":"2025-07-23T08:20:41","slug":"compartir-pantalla-del-professor","status":"publish","type":"page","link":"https:\/\/epsapps.udg.edu\/si_eps\/?page_id=1452","title":{"rendered":"Compartir Pantalla del professor"},"content":{"rendered":"\n<p>El professor pot compartir la pantalla del PC fix de l&#8217;aula amb els alumnes, fent doble-clic sobre la icona &#8220;<strong>Compartir Pantalla<\/strong>&#8221; que hi ha a l&#8217;escriptori.<\/p>\n\n\n\n<p>Tot seguit, es mostra un missatge informant que els alumnes han de visitar amb un navegador des del seu port\u00e0til la p\u00e0gina seg\u00fcent:<\/p>\n\n\n\n<p><strong>https:\/\/eps.udg.edu\/st<\/strong><\/p>\n\n\n\n<p>i triar en quina aula est\u00e0.<\/p>\n\n\n\n<p>NOTA: Cal que primer l&#8217;alumne estigui connectat a la wifi anomenada &#8220;<strong>DOCEPS<\/strong>&#8221; (utilitza les mateixes credencials que Eduroam).<\/p>\n\n\n\n<p>El professor pot deixar de transmetre la pantalla en qualsevol moment, tornant a fer doble-clic sobre la mateixa icona.<\/p>\n","protected":false},"excerpt":{"rendered":"<p>El professor pot compartir la pantalla del PC fix de l&#8217;aula amb els alumnes, fent doble-clic sobre la icona &#8220;Compartir Pantalla&#8221; que hi ha a l&#8217;escriptori. Tot seguit, es mostra un missatge informant que els alumnes han de visitar amb un navegador des del seu port\u00e0til la p\u00e0gina seg\u00fcent: https:\/\/eps.udg.edu\/st i triar en quina aula &hellip; <a href=\"https:\/\/epsapps.udg.edu\/si_eps\/?page_id=1452\" class=\"more-link\">Continua la lectura de <span class=\"screen-reader-text\">Compartir Pantalla del professor<\/span> <span class=\"meta-nav\">&rarr;<\/span><\/a><\/p>\n","protected":false},"author":3,"featured_media":0,"parent":434,"menu_order":2,"comment_status":"closed","ping_status":"closed","template":"","meta":{"footnotes":""},"class_list":["post-1452","page","type-page","status-publish","hentry"],"_links":{"self":[{"href":"https:\/\/epsapps.udg.edu\/si_eps\/index.php?rest_route=\/wp\/v2\/pages\/1452","targetHints":{"allow":["GET"]}}],"collection":[{"href":"https:\/\/epsapps.udg.edu\/si_eps\/index.php?rest_route=\/wp\/v2\/pages"}],"about":[{"href":"https:\/\/epsapps.udg.edu\/si_eps\/index.php?rest_route=\/wp\/v2\/types\/page"}],"author":[{"embeddable":true,"href":"https:\/\/epsapps.udg.edu\/si_eps\/index.php?rest_route=\/wp\/v2\/users\/3"}],"replies":[{"embeddable":true,"href":"https:\/\/epsapps.udg.edu\/si_eps\/index.php?rest_route=%2Fwp%2Fv2%2Fcomments&post=1452"}],"version-history":[{"count":3,"href":"https:\/\/epsapps.udg.edu\/si_eps\/index.php?rest_route=\/wp\/v2\/pages\/1452\/revisions"}],"predecessor-version":[{"id":1525,"href":"https:\/\/epsapps.udg.edu\/si_eps\/index.php?rest_route=\/wp\/v2\/pages\/1452\/revisions\/1525"}],"up":[{"embeddable":true,"href":"https:\/\/epsapps.udg.edu\/si_eps\/index.php?rest_route=\/wp\/v2\/pages\/434"}],"wp:attachment":[{"href":"https:\/\/epsapps.udg.edu\/si_eps\/index.php?rest_route=%2Fwp%2Fv2%2Fmedia&parent=1452"}],"curies":[{"name":"wp","href":"https:\/\/api.w.org\/{rel}","templated":true}]}}