{"id":1448,"date":"2024-09-17T08:07:24","date_gmt":"2024-09-17T06:07:24","guid":{"rendered":"https:\/\/epsapps.udg.edu\/si_eps\/?page_id=1448"},"modified":"2024-09-17T08:14:35","modified_gmt":"2024-09-17T06:14:35","slug":"compartir-pantalla-del-professor","status":"publish","type":"page","link":"https:\/\/epsapps.udg.edu\/si_eps\/?page_id=1448","title":{"rendered":"Compartir Pantalla del professor"},"content":{"rendered":"\n<p>El professor pot compartir la seva pantalla als alumnes, anant a:<\/p>\n\n\n\n<p><strong>Tots els programes > \u00datils > Compartir_Pantalla<\/strong><\/p>\n\n\n\n<p>Els alumnes han d&#8217;anar al men\u00fa:<\/p>\n\n\n\n<p><strong>Tots el programes > \u00datils > Veure_Professor<\/strong><\/p>\n\n\n\n<p>I se&#8217;ls obrir\u00e0 un navegador web, dintre del qual podran veure la pantalla del professor (i per tant, del projector), en temps real.<\/p>\n\n\n\n<p>El professor, si vol deixar de transmetre, nom\u00e9s ha de tornar a iniciar una altra vegada la mateixa aplicaci\u00f3.<\/p>\n","protected":false},"excerpt":{"rendered":"<p>El professor pot compartir la seva pantalla als alumnes, anant a: Tots els programes > \u00datils > Compartir_Pantalla Els alumnes han d&#8217;anar al men\u00fa: Tots el programes > \u00datils > Veure_Professor I se&#8217;ls obrir\u00e0 un navegador web, dintre del qual podran veure la pantalla del professor (i per tant, del projector), en temps real. El &hellip; <a href=\"https:\/\/epsapps.udg.edu\/si_eps\/?page_id=1448\" class=\"more-link\">Continua la lectura de <span class=\"screen-reader-text\">Compartir Pantalla del professor<\/span> <span class=\"meta-nav\">&rarr;<\/span><\/a><\/p>\n","protected":false},"author":3,"featured_media":0,"parent":59,"menu_order":4,"comment_status":"closed","ping_status":"closed","template":"","meta":{"footnotes":""},"class_list":["post-1448","page","type-page","status-publish","hentry"],"_links":{"self":[{"href":"https:\/\/epsapps.udg.edu\/si_eps\/index.php?rest_route=\/wp\/v2\/pages\/1448","targetHints":{"allow":["GET"]}}],"collection":[{"href":"https:\/\/epsapps.udg.edu\/si_eps\/index.php?rest_route=\/wp\/v2\/pages"}],"about":[{"href":"https:\/\/epsapps.udg.edu\/si_eps\/index.php?rest_route=\/wp\/v2\/types\/page"}],"author":[{"embeddable":true,"href":"https:\/\/epsapps.udg.edu\/si_eps\/index.php?rest_route=\/wp\/v2\/users\/3"}],"replies":[{"embeddable":true,"href":"https:\/\/epsapps.udg.edu\/si_eps\/index.php?rest_route=%2Fwp%2Fv2%2Fcomments&post=1448"}],"version-history":[{"count":1,"href":"https:\/\/epsapps.udg.edu\/si_eps\/index.php?rest_route=\/wp\/v2\/pages\/1448\/revisions"}],"predecessor-version":[{"id":1449,"href":"https:\/\/epsapps.udg.edu\/si_eps\/index.php?rest_route=\/wp\/v2\/pages\/1448\/revisions\/1449"}],"up":[{"embeddable":true,"href":"https:\/\/epsapps.udg.edu\/si_eps\/index.php?rest_route=\/wp\/v2\/pages\/59"}],"wp:attachment":[{"href":"https:\/\/epsapps.udg.edu\/si_eps\/index.php?rest_route=%2Fwp%2Fv2%2Fmedia&parent=1448"}],"curies":[{"name":"wp","href":"https:\/\/api.w.org\/{rel}","templated":true}]}}