{"id":136,"date":"2014-12-09T12:09:45","date_gmt":"2014-12-09T11:09:45","guid":{"rendered":"http:https:\/\/epsapps.udg.edu\/si_eps\/?page_id=136"},"modified":"2018-11-06T20:38:27","modified_gmt":"2018-11-06T19:38:27","slug":"suport-als-departaments","status":"publish","type":"page","link":"https:\/\/epsapps.udg.edu\/si_eps\/?page_id=136","title":{"rendered":"Suport als departaments"},"content":{"rendered":"<p style=\"text-align: justify;\" data-loaded=\"true\"><strong>Suport Inform\u00e0tic als departaments de l\u2019\u00c0rea d&#8217;Estudis T\u00e8cnics<\/strong><\/p>\n<p style=\"text-align: justify;\" data-loaded=\"true\">La Secr. Inform\u00e0tica ofereix el servei d&#8217;instal\u00b7laci\u00f3 i configuraci\u00f3 del sistema operatiu i aplicacions, aix\u00ed com la posta a punt de la connexi\u00f3 a xarxa i impressores o esc\u00e0ners:<\/p>\n<ul>\n<li style=\"text-align: justify;\" data-loaded=\"true\">Sistema Operatiu: el suport oficial \u00e9s per a <strong><em>Microsoft\u00a0Windows<\/em><\/strong>, tot i que intentarem ajudar-vos en el cas de que sigui un altre sistema, estudiant cada cas en concret.<\/li>\n<li data-loaded=\"true\">Instal\u00b7laci\u00f3 i configuraci\u00f3 d&#8217;aplicacions. Recordeu que cal que tingueu les llic\u00e8ncies del programari (excepte en els casos en que les serveixi la UdG de manera centralitzada o b\u00e9 que es tracti d&#8217;un programa gratu\u00eft).<\/li>\n<\/ul>\n<p>Condicions de suport i recomanacions:<\/p>\n<ul>\n<li>Cal que consensueu la compra d&#8217;equips nous amb la Secr. Inform\u00e0tica per tal que aquests estiguin suportats.<\/li>\n<li><strong>C\u00f2pies de seguretat: <\/strong>si us plau no oblideu de fer c\u00f2pies de les vostres dades. Establiu una rutina de c\u00f2pies (us podem ajudar en aquest punt). Us evitareu molts possibles problemes en el futur.<\/li>\n<\/ul>\n","protected":false},"excerpt":{"rendered":"<p>Suport Inform\u00e0tic als departaments de l\u2019\u00c0rea d&#8217;Estudis T\u00e8cnics La Secr. Inform\u00e0tica ofereix el servei d&#8217;instal\u00b7laci\u00f3 i configuraci\u00f3 del sistema operatiu i aplicacions, aix\u00ed com la posta a punt de la connexi\u00f3 a xarxa i impressores o esc\u00e0ners: Sistema Operatiu: el suport oficial \u00e9s per a Microsoft\u00a0Windows, tot i que intentarem ajudar-vos en el cas de &hellip; <a href=\"https:\/\/epsapps.udg.edu\/si_eps\/?page_id=136\" class=\"more-link\">Continua la lectura de <span class=\"screen-reader-text\">Suport als departaments<\/span> <span class=\"meta-nav\">&rarr;<\/span><\/a><\/p>\n","protected":false},"author":1,"featured_media":0,"parent":89,"menu_order":0,"comment_status":"closed","ping_status":"closed","template":"","meta":{"footnotes":""},"class_list":["post-136","page","type-page","status-publish","hentry"],"_links":{"self":[{"href":"https:\/\/epsapps.udg.edu\/si_eps\/index.php?rest_route=\/wp\/v2\/pages\/136","targetHints":{"allow":["GET"]}}],"collection":[{"href":"https:\/\/epsapps.udg.edu\/si_eps\/index.php?rest_route=\/wp\/v2\/pages"}],"about":[{"href":"https:\/\/epsapps.udg.edu\/si_eps\/index.php?rest_route=\/wp\/v2\/types\/page"}],"author":[{"embeddable":true,"href":"https:\/\/epsapps.udg.edu\/si_eps\/index.php?rest_route=\/wp\/v2\/users\/1"}],"replies":[{"embeddable":true,"href":"https:\/\/epsapps.udg.edu\/si_eps\/index.php?rest_route=%2Fwp%2Fv2%2Fcomments&post=136"}],"version-history":[{"count":58,"href":"https:\/\/epsapps.udg.edu\/si_eps\/index.php?rest_route=\/wp\/v2\/pages\/136\/revisions"}],"predecessor-version":[{"id":1114,"href":"https:\/\/epsapps.udg.edu\/si_eps\/index.php?rest_route=\/wp\/v2\/pages\/136\/revisions\/1114"}],"up":[{"embeddable":true,"href":"https:\/\/epsapps.udg.edu\/si_eps\/index.php?rest_route=\/wp\/v2\/pages\/89"}],"wp:attachment":[{"href":"https:\/\/epsapps.udg.edu\/si_eps\/index.php?rest_route=%2Fwp%2Fv2%2Fmedia&parent=136"}],"curies":[{"name":"wp","href":"https:\/\/api.w.org\/{rel}","templated":true}]}}