{"id":1284,"date":"2020-10-21T15:28:01","date_gmt":"2020-10-21T14:28:01","guid":{"rendered":"https:https:\/\/epsapps.udg.edu\/si_eps\/?page_id=1284"},"modified":"2021-10-28T23:17:41","modified_gmt":"2021-10-28T22:17:41","slug":"acces-remot","status":"publish","type":"page","link":"https:\/\/epsapps.udg.edu\/si_eps\/?page_id=1284","title":{"rendered":"Acc\u00e9s remot"},"content":{"rendered":"\n<p>Podeu accedir remotament a l&#8217;aula d&#8217;inform\u00e0tica <strong>I-31i<\/strong> en el seg\u00fcent enlla\u00e7:<\/p>\n\n\n\n<p><a href=\"https:\/\/aulesudg.screenconnect.com\" target=\"_blank\" rel=\"noreferrer noopener\">https:\/\/aulesudg.screenconnect.com<\/a><\/p>\n\n\n\n<p>Valideu la vostra identitat amb les credencials UdG, seleccioneu l&#8217;aula, un equip i amb el bot\u00f3 de la dreta feu &#8220;Join&#8221;<\/p>\n\n\n\n<p>&#8212;<\/p>\n\n\n\n<p><strong>Horaris d&#8217;obertura<\/strong>: l&#8217;acc\u00e9s remot est\u00e0 activat en la seg\u00fcent franja hor\u00e0ria:<\/p>\n\n\n\n<div class=\"wp-block-group\"><div class=\"wp-block-group__inner-container is-layout-flow wp-block-group-is-layout-flow\">\n<ul class=\"wp-block-list\"><li>de <strong>08:00<\/strong>h a <strong>22:45<\/strong>h (tots els dies).<\/li><\/ul>\n\n\n\n<p><strong>Important: <\/strong>despr\u00e9s de 15 minuts d&#8217;inactivitat, el terminal es desconnectar\u00e0 i reiniciar\u00e0 de manera autom\u00e0tica. Recordeu que en el reinici, es perden tots els arxius i treballs que estigu\u00e9ssiu generant o modificant, i el sistema torna a l&#8217;estat original.<\/p>\n<\/div><\/div>\n","protected":false},"excerpt":{"rendered":"<p>Podeu accedir remotament a l&#8217;aula d&#8217;inform\u00e0tica I-31i en el seg\u00fcent enlla\u00e7: https:\/\/aulesudg.screenconnect.com Valideu la vostra identitat amb les credencials UdG, seleccioneu l&#8217;aula, un equip i amb el bot\u00f3 de la dreta feu &#8220;Join&#8221; &#8212; Horaris d&#8217;obertura: l&#8217;acc\u00e9s remot est\u00e0 activat en la seg\u00fcent franja hor\u00e0ria: de 08:00h a 22:45h (tots els dies). Important: despr\u00e9s de &hellip; <a href=\"https:\/\/epsapps.udg.edu\/si_eps\/?page_id=1284\" class=\"more-link\">Continua la lectura de <span class=\"screen-reader-text\">Acc\u00e9s remot<\/span> <span class=\"meta-nav\">&rarr;<\/span><\/a><\/p>\n","protected":false},"author":3,"featured_media":0,"parent":59,"menu_order":3,"comment_status":"closed","ping_status":"closed","template":"","meta":{"footnotes":""},"class_list":["post-1284","page","type-page","status-publish","hentry"],"_links":{"self":[{"href":"https:\/\/epsapps.udg.edu\/si_eps\/index.php?rest_route=\/wp\/v2\/pages\/1284","targetHints":{"allow":["GET"]}}],"collection":[{"href":"https:\/\/epsapps.udg.edu\/si_eps\/index.php?rest_route=\/wp\/v2\/pages"}],"about":[{"href":"https:\/\/epsapps.udg.edu\/si_eps\/index.php?rest_route=\/wp\/v2\/types\/page"}],"author":[{"embeddable":true,"href":"https:\/\/epsapps.udg.edu\/si_eps\/index.php?rest_route=\/wp\/v2\/users\/3"}],"replies":[{"embeddable":true,"href":"https:\/\/epsapps.udg.edu\/si_eps\/index.php?rest_route=%2Fwp%2Fv2%2Fcomments&post=1284"}],"version-history":[{"count":14,"href":"https:\/\/epsapps.udg.edu\/si_eps\/index.php?rest_route=\/wp\/v2\/pages\/1284\/revisions"}],"predecessor-version":[{"id":1335,"href":"https:\/\/epsapps.udg.edu\/si_eps\/index.php?rest_route=\/wp\/v2\/pages\/1284\/revisions\/1335"}],"up":[{"embeddable":true,"href":"https:\/\/epsapps.udg.edu\/si_eps\/index.php?rest_route=\/wp\/v2\/pages\/59"}],"wp:attachment":[{"href":"https:\/\/epsapps.udg.edu\/si_eps\/index.php?rest_route=%2Fwp%2Fv2%2Fmedia&parent=1284"}],"curies":[{"name":"wp","href":"https:\/\/api.w.org\/{rel}","templated":true}]}}