{"id":1223,"date":"2019-09-26T09:28:22","date_gmt":"2019-09-26T08:28:22","guid":{"rendered":"https:https:\/\/epsapps.udg.edu\/si_eps\/?page_id=1223"},"modified":"2025-03-06T08:26:30","modified_gmt":"2025-03-06T07:26:30","slug":"descarrega-de-programari-de-micrososft","status":"publish","type":"page","link":"https:\/\/epsapps.udg.edu\/si_eps\/?page_id=1223","title":{"rendered":"Programari i guies de configuraci\u00f3"},"content":{"rendered":"\n<p>Des de la UdG s\u2019ofereixen diversos programaris al professorat i als estudiants, com l&#8217;Office 365. A m\u00e9s, inclou tamb\u00e9 documentaci\u00f3 sobre configuracions diverses, com la WIFI EduRoam, etc.<\/p>\n\n\n\n<p>Com a pas previ, cal que activeu la vostra adre\u00e7a de correu &#8220;@campus.udg.edu&#8221;, per tal de poder accedir al programari. Teniu la guia amb les instruccions a l&#8217;enlla\u00e7 seg\u00fcent (<em>cal donar-se d&#8217;alta a Google Apps per a poder tenir l&#8217;adre\u00e7a &#8220;@campus.udg.edu&#8221;<\/em>)<\/p>\n\n\n\n<p><a href=\"https:\/\/lameva.udg.edu\/personal\/identitat-digital#GoogleCompte\" target=\"_blank\" rel=\"noreferrer noopener\">https:\/\/lameva.udg.edu\/personal\/identitat-digital#GoogleCompte<\/a> (Aneu al bot\u00f3 etiquetat amb <strong>&#8220;Google Apps Education Edition&#8221;<\/strong>)<\/p>\n\n\n\n<p>I finalment, l&#8217;enlla\u00e7 per accedir al programari i a les guies de configuraci\u00f3 <strong>(abans de clicar-lo, per\u00f2, entreu a La Meva UdG<\/strong>):<\/p>\n\n\n\n<p><a href=\"https:\/\/lameva.udg.edu\/ca-es\/Inici\/Unitat\/unit\/INFTEL\" target=\"_blank\" rel=\"noreferrer noopener\">https:\/\/lameva.udg.edu\/ca-es\/Inici\/Unitat\/unit\/INFTEL<\/a><\/p>\n\n\n\n<p><em>Entreu a les carpetes &#8220;<strong>Documentaci\u00f3 &gt; Guies<\/strong>&#8221; i &#8220;<strong>Programari<\/strong>&#8220;<\/em>.<\/p>\n\n\n\n<p><\/p>\n\n\n\n<p><\/p>\n","protected":false},"excerpt":{"rendered":"<p>Des de la UdG s\u2019ofereixen diversos programaris al professorat i als estudiants, com l&#8217;Office 365. A m\u00e9s, inclou tamb\u00e9 documentaci\u00f3 sobre configuracions diverses, com la WIFI EduRoam, etc. Com a pas previ, cal que activeu la vostra adre\u00e7a de correu &#8220;@campus.udg.edu&#8221;, per tal de poder accedir al programari. Teniu la guia amb les instruccions a &hellip; <a href=\"https:\/\/epsapps.udg.edu\/si_eps\/?page_id=1223\" class=\"more-link\">Continua la lectura de <span class=\"screen-reader-text\">Programari i guies de configuraci\u00f3<\/span> <span class=\"meta-nav\">&rarr;<\/span><\/a><\/p>\n","protected":false},"author":3,"featured_media":0,"parent":614,"menu_order":5,"comment_status":"closed","ping_status":"closed","template":"","meta":{"footnotes":""},"class_list":["post-1223","page","type-page","status-publish","hentry"],"_links":{"self":[{"href":"https:\/\/epsapps.udg.edu\/si_eps\/index.php?rest_route=\/wp\/v2\/pages\/1223","targetHints":{"allow":["GET"]}}],"collection":[{"href":"https:\/\/epsapps.udg.edu\/si_eps\/index.php?rest_route=\/wp\/v2\/pages"}],"about":[{"href":"https:\/\/epsapps.udg.edu\/si_eps\/index.php?rest_route=\/wp\/v2\/types\/page"}],"author":[{"embeddable":true,"href":"https:\/\/epsapps.udg.edu\/si_eps\/index.php?rest_route=\/wp\/v2\/users\/3"}],"replies":[{"embeddable":true,"href":"https:\/\/epsapps.udg.edu\/si_eps\/index.php?rest_route=%2Fwp%2Fv2%2Fcomments&post=1223"}],"version-history":[{"count":32,"href":"https:\/\/epsapps.udg.edu\/si_eps\/index.php?rest_route=\/wp\/v2\/pages\/1223\/revisions"}],"predecessor-version":[{"id":1481,"href":"https:\/\/epsapps.udg.edu\/si_eps\/index.php?rest_route=\/wp\/v2\/pages\/1223\/revisions\/1481"}],"up":[{"embeddable":true,"href":"https:\/\/epsapps.udg.edu\/si_eps\/index.php?rest_route=\/wp\/v2\/pages\/614"}],"wp:attachment":[{"href":"https:\/\/epsapps.udg.edu\/si_eps\/index.php?rest_route=%2Fwp%2Fv2%2Fmedia&parent=1223"}],"curies":[{"name":"wp","href":"https:\/\/api.w.org\/{rel}","templated":true}]}}