{"id":21,"date":"2024-03-13T16:21:52","date_gmt":"2024-03-13T14:21:52","guid":{"rendered":"https:\/\/epsapps.udg.edu\/experia\/registration\/"},"modified":"2024-05-13T13:30:02","modified_gmt":"2024-05-13T11:30:02","slug":"registration","status":"publish","type":"page","link":"https:\/\/epsapps.udg.edu\/experia\/registration\/","title":{"rendered":"Crear un compte"},"content":{"rendered":"<form class=\"wpuf-form-add wpuf-form-layout1 wpuf-style\" action=\"\" method=\"post\">\n            <ul class=\"wpuf-form form-label-left\">\n\n                <script type=\"text\/javascript\">\n                    if ( typeof wpuf_conditional_items === 'undefined' ) {\n                        wpuf_conditional_items = [];\n                    }\n\n                    if ( typeof wpuf_plupload_items === 'undefined' ) {\n                        wpuf_plupload_items = [];\n                    }\n\n                    if ( typeof wpuf_map_items === 'undefined' ) {\n                        wpuf_map_items = [];\n                    }\n                <\/script>\n\n                \n        <li class=\"wpuf-el first_name field-size-large\" data-label=\"Nom\">\n                    <div class=\"wpuf-label\">\n            <label for=\"first_name_18\">\n                Nom <span class=\"required\">*<\/span>            <\/label>\n        <\/div>\n        \n            <div class=\"wpuf-fields\">\n                <input\n                    class=\"textfield wpuf_first_name_18\"\n                    id=\"first_name_18\"\n                    type=\"text\"\n                    data-required=\"yes\"\n                    data-type=\"text\" name=\"first_name\"\n                    placeholder=\"\"\n                    value=\"\"\n                    size=\"40\"\n                \/>\n\n                <span class=\"wpuf-wordlimit-message wpuf-help\"><\/span>\n                            <\/div>\n        <\/li>\n\n        \n        <li class=\"wpuf-el last_name field-size-large\" data-label=\"Cognoms\">\n                    <div class=\"wpuf-label\">\n            <label for=\"last_name_18\">\n                Cognoms <span class=\"required\">*<\/span>            <\/label>\n        <\/div>\n        \n            <div class=\"wpuf-fields\">\n                <input\n                    class=\"textfield wpuf_last_name_18\"\n                    id=\"last_name_18\"\n                    type=\"text\"\n                    data-required=\"yes\"\n                    data-type=\"text\" name=\"last_name\"\n                    placeholder=\"\"\n                    value=\"\"\n                    size=\"40\"\n                \/>\n\n                <span class=\"wpuf-wordlimit-message wpuf-help\"><\/span>\n                            <\/div>\n        <\/li>\n\n        \n            <li class=\"wpuf-el universitat_o_instituci_ field-size-large\" data-label=\"Universitat o instituci\u00f3\">\n\n                    <div class=\"wpuf-label\">\n            <label for=\"universitat_o_instituci__18\">\n                Universitat o instituci\u00f3 <span class=\"required\">*<\/span>            <\/label>\n        <\/div>\n        \n            <div class=\"wpuf-fields\">\n                <input\n                    class=\"textfield wpuf_universitat_o_instituci__18\"\n                    id=\"universitat_o_instituci__18\"\n                    type=\"text\"\n                    data-required=\"yes\"\n                    data-type=\"text\" name=\"universitat_o_instituci_\"\n                    placeholder=\"\"\n                    value=\"\"\n                    size=\"40\"\n                \/>\n\n                <span class=\"wpuf-wordlimit-message wpuf-help\"><\/span>\n                            <\/div>\n\n            \n        <\/li>\n\n                <\/li>\n            \n        <li class=\"wpuf-el user_email\" data-label=\"Email\">\n                    <div class=\"wpuf-label\">\n            <label for=\"user_email_18\">\n                Email <span class=\"required\">*<\/span>            <\/label>\n        <\/div>\n        \n            <div class=\"wpuf-fields\">\n                <input\n                    class=\"textfield wpuf_user_email_18\"\n                    id=\"user_email_18\"\n                    type=\"email\"\n                    data-required=\"yes\"\n                    data-type=\"text\" name=\"user_email\"\n                    placeholder=\"\"\n                    value=\"\"\n                    size=\"40\"\n                \/>\n\n                <span class=\"wpuf-wordlimit-message wpuf-help\"><\/span>\n                            <\/div>\n        <\/li>\n\n        \n        <li class=\"wpuf-el password\" data-label=\"Contrasenya\">\n                    <div class=\"wpuf-label\">\n            <label for=\"password_18\">\n                Contrasenya <span class=\"required\">*<\/span>            <\/label>\n        <\/div>\n        \n            <div class=\"wpuf-fields\">\n                <div class=\"wpuf-fields-inline\" style=\"position: relative;\">\n                    <input\n                        class=\"password  wpuf_password_18\"\n                        id=\"password_18_1\"\n                        type=\"password\"\n                        data-required=\"yes\"\n                        data-type=\"password\"\n                        data-repeat=\"yes\"\n                        data-minimum-length=\"5\"\n                        data-strength=\"\"\n                        placeholder=\"\"\n                        value=\"\"\n                        size=\"40\"\n                        name=\"pass1\"\n                    \/>\n                                            <img decoding=\"async\" class=\"wpuf-eye\" src=\"https:\/\/epsapps.udg.edu\/experia\/wp-content\/plugins\/wp-user-frontend\/assets\/images\/eye.svg\" alt=\"\">\n                                        <\/div>\n\n                <span class=\"wpuf-wordlimit-message wpuf-help\"><\/span>\n                            <\/div>\n        <\/li>\n\n        \n            \n            <li class=\"wpuf-el confirm_password\" data-label=\"Confirm Password\">\n                <div class=\"wpuf-label\">\n                    <label for=\"Confirmar contrasenya_18\">Confirmar contrasenya <span class=\"required\">*<\/span><\/label>\n                <\/div>\n\n                <div class=\"wpuf-fields\">\n                    <input\n                        id=\"password_18_2\"\n                        class=\"password  wpuf_password_18\"\n                        type=\"password\"\n                        data-strength=\"\"\n                        placeholder=\"\"\n                        data-required=\"yes\"\n                        data-type=\"confirm_password\" name=\"pass2\"\n                        value=\"\"\n                        size=\"40\"\n                    \/>\n\n                    <span class=\"wpuf-wordlimit-message wpuf-help\"><\/span>\n                    <span class=\"wpuf-help\"><\/span>\n                <\/div>\n            <\/li>\n\n                    <li class=\"wpuf-el Declaracio responsable\" data-label=\"\">\n            <div class=\"wpuf-label\">\n                &nbsp;\n            <\/div>\n\n            <div data-required=\"yes\" data-type=\"radio\" class=\"wpuf-fields  wpuf_Declaracio responsable_18\">\n\n                <label>\n                                            <input\n                            type=\"checkbox\"\n                            name=\"Declaracio responsable\"\n                            required=\"required\"\n                                                    \/>\n                    \n                    He llegit i accepto la <a href=\"#\">Declaraci\u00f3 de responsabilitat<\/a> \n\n                <\/label>\n            <\/div>\n        <\/li>\n\n                <li class=\"wpuf-el custom_html\" data-label=\"Custom HTML\">\n\n            <div class=\"wpuf-fields html_18 wpuf_custom_html_18\">\n                <font size=\"1\"> <b>Informaci\u00f3 b\u00e0sica sobre protecci\u00f3 de dades personals<\/b>\n\nResponsable de tractament: Experia de la Universitat de Girona.\nFinalitat: gestionar i tramitar les sol\u00b7licituds de registre en l\u2019aplicaci\u00f3 \u201cExperi\u00e8ncies d'Aprenentatge per Projectes (APP)\u201d d\u2019Experia de la UdG  \nLegitimaci\u00f3: consentiment de la persona interessada (art. 6.1.a RGPD).\nDestinataris: les dades no es comuniquen a altres persones.\nDrets de les persones interessades: es poden exercir els drets d\u2019acc\u00e9s, rectificaci\u00f3, supressi\u00f3, oposici\u00f3 al tractament i sol\u00b7licitud de la limitaci\u00f3 del tractament adre\u00e7ant-se a Experia de la Universitat de Girona.\nPodeu consultar la informaci\u00f3 addicional i detallada sobre protecci\u00f3 de dades al <a href=\"https:\/\/www.udg.edu\/ca\/protecciodedades\">seg\u00fcent enlla\u00e7<\/a><\/font>\n            <\/div>\n\n        <\/li>\n\n        \n        <li class=\"wpuf-submit\">\n            <div class=\"wpuf-label\">\n                &nbsp;\n            <\/div>\n\n            <input type=\"hidden\" id=\"_wpnonce\" name=\"_wpnonce\" value=\"1f11e8081a\" \/><input type=\"hidden\" name=\"_wp_http_referer\" value=\"\/experia\/wp-json\/wp\/v2\/pages\/21\" \/>                <input type=\"hidden\" name=\"form_id\" value=\"18\">\n                <input type=\"hidden\" name=\"page_id\" value=\"21\">\n                <input type=\"hidden\" id=\"del_attach\" name=\"delete_attachments[]\">\n\n                            <input type=\"hidden\" name=\"action\" value=\"wpuf_submit_register\">\n                <input type=\"submit\" class=\"wpuf-submit-button\" name=\"submit\" value=\"Crear compte\" \/>\n                    <\/li>\n\n        <li><div class=\"wpuf-label\">&nbsp;<\/div><\/li><\/ul><\/form>\n","protected":false},"excerpt":{"rendered":"","protected":false},"author":1,"featured_media":0,"parent":0,"menu_order":0,"comment_status":"closed","ping_status":"closed","template":"","meta":{"_et_pb_use_builder":"","_et_pb_old_content":"","_et_gb_content_width":"","footnotes":""},"class_list":["post-21","page","type-page","status-publish","hentry"],"_links":{"self":[{"href":"https:\/\/epsapps.udg.edu\/experia\/wp-json\/wp\/v2\/pages\/21","targetHints":{"allow":["GET"]}}],"collection":[{"href":"https:\/\/epsapps.udg.edu\/experia\/wp-json\/wp\/v2\/pages"}],"about":[{"href":"https:\/\/epsapps.udg.edu\/experia\/wp-json\/wp\/v2\/types\/page"}],"author":[{"embeddable":true,"href":"https:\/\/epsapps.udg.edu\/experia\/wp-json\/wp\/v2\/users\/1"}],"replies":[{"embeddable":true,"href":"https:\/\/epsapps.udg.edu\/experia\/wp-json\/wp\/v2\/comments?post=21"}],"version-history":[{"count":1,"href":"https:\/\/epsapps.udg.edu\/experia\/wp-json\/wp\/v2\/pages\/21\/revisions"}],"predecessor-version":[{"id":499,"href":"https:\/\/epsapps.udg.edu\/experia\/wp-json\/wp\/v2\/pages\/21\/revisions\/499"}],"wp:attachment":[{"href":"https:\/\/epsapps.udg.edu\/experia\/wp-json\/wp\/v2\/media?parent=21"}],"curies":[{"name":"wp","href":"https:\/\/api.w.org\/{rel}","templated":true}]}}