{"id":42,"date":"2019-01-25T10:36:59","date_gmt":"2019-01-25T10:36:59","guid":{"rendered":"https:\/\/epsapps.udg.edu\/cioblog\/?page_id=42"},"modified":"2019-12-17T13:35:26","modified_gmt":"2019-12-17T13:35:26","slug":"mision","status":"publish","type":"page","link":"https:\/\/epsapps.udg.edu\/cioblog\/index.php\/mision\/","title":{"rendered":"Misi\u00f3n"},"content":{"rendered":"\n<p>Esta Comisi\u00f3n debe promover un <strong>Foro de intercambio de experiencias en innovaci\u00f3n docente.<\/strong> <\/p>\n\n\n\n<p>Este foro es fruto de la Comisi\u00f3n de Docencia de ADINGOR, que se cre\u00f3 en Girona en Julio de 2018 y se present\u00f3 en Gij\u00f3n en Julio de 2019. Las aportaciones en el blog son resposnabilidad de los miembros de la comisi\u00f3n, si bien se <strong>ofrece la posibilidad a todos los miembros de ADINGOR a aportar sus contribuciones contactando con cualquier de los profesores de la Comisi\u00f3n. <\/strong><\/p>\n\n\n\n<p>Como precedente de esta iniciativa tenemos los encuentros que tuvieron lugar en  Valencia (27\/1\/2017) y en Sevilla (31\/01\/2019). Estos deben ser la palanca que propulse esta comisi\u00f3n y haga patente el uso de ADINGOR como mecanismo de coordinaci\u00f3n en el campo de la docencia en Organizaci\u00f3n de la Producci\u00f3n y tem\u00e1ticas afines. Hemos de tener un reconocimiento a los propulsores de ambas iniciativas.<\/p>\n\n\n\n<p>La misi\u00f3n se puede resumir en los siguientes tres puntos:<\/p>\n\n\n\n<ul class=\"wp-block-list\"><li>Tener un repositorio de experiencias docentes que sean \u201ctrasladables\u201d al aula directamente por parte del profesor. <\/li><li>El formato se tiene que pensar para que sea relativamente f\u00e1cil: 1) explicaci\u00f3n para el profesor 2) transparencias para pasar en clase 3) material necesario<\/li><li>Material de Internet para poder usar en las clases de nuestro \u00e1mbito<\/li><li>Tener un espacio para compartir \u201crecursos humanos\u201d en la participaci\u00f3n en convocatorias de innovaci\u00f3n docente de las universidades. <\/li><li>Tener un espacio con informaci\u00f3n sobre tendencias en docencia en Espa\u00f1a en Operations Management en un sentido amplio<\/li><\/ul>\n\n\n\n<p><strong>Esperamos vuestras aportaciones<\/strong> en un correo a cualquiera de los miembros de la comisi\u00f3n. <\/p>\n","protected":false},"excerpt":{"rendered":"<p>Esta Comisi\u00f3n debe promover un Foro de intercambio de experiencias en innovaci\u00f3n docente. Este foro es fruto de la Comisi\u00f3n de Docencia de ADINGOR, que se cre\u00f3 en Girona en Julio de 2018 y se present\u00f3 en Gij\u00f3n en Julio de 2019. Las aportaciones en el blog son resposnabilidad de los miembros de la comisi\u00f3n, &hellip; <a href=\"https:\/\/epsapps.udg.edu\/cioblog\/index.php\/mision\/\" class=\"more-link\">Continuar leyendo<span class=\"screen-reader-text\"> \u00abMisi\u00f3n\u00bb<\/span><\/a><\/p>\n","protected":false},"author":1,"featured_media":0,"parent":0,"menu_order":0,"comment_status":"closed","ping_status":"closed","template":"","meta":{"_exactmetrics_skip_tracking":false,"_exactmetrics_sitenote_active":false,"_exactmetrics_sitenote_note":"","_exactmetrics_sitenote_category":0,"footnotes":""},"class_list":["post-42","page","type-page","status-publish","hentry"],"_links":{"self":[{"href":"https:\/\/epsapps.udg.edu\/cioblog\/index.php\/wp-json\/wp\/v2\/pages\/42","targetHints":{"allow":["GET"]}}],"collection":[{"href":"https:\/\/epsapps.udg.edu\/cioblog\/index.php\/wp-json\/wp\/v2\/pages"}],"about":[{"href":"https:\/\/epsapps.udg.edu\/cioblog\/index.php\/wp-json\/wp\/v2\/types\/page"}],"author":[{"embeddable":true,"href":"https:\/\/epsapps.udg.edu\/cioblog\/index.php\/wp-json\/wp\/v2\/users\/1"}],"replies":[{"embeddable":true,"href":"https:\/\/epsapps.udg.edu\/cioblog\/index.php\/wp-json\/wp\/v2\/comments?post=42"}],"version-history":[{"count":4,"href":"https:\/\/epsapps.udg.edu\/cioblog\/index.php\/wp-json\/wp\/v2\/pages\/42\/revisions"}],"predecessor-version":[{"id":102,"href":"https:\/\/epsapps.udg.edu\/cioblog\/index.php\/wp-json\/wp\/v2\/pages\/42\/revisions\/102"}],"wp:attachment":[{"href":"https:\/\/epsapps.udg.edu\/cioblog\/index.php\/wp-json\/wp\/v2\/media?parent=42"}],"curies":[{"name":"wp","href":"https:\/\/api.w.org\/{rel}","templated":true}]}}