{"id":22,"date":"2019-01-16T19:25:23","date_gmt":"2019-01-16T19:25:23","guid":{"rendered":"https:\/\/epsapps.udg.edu\/cioblog\/?page_id=22"},"modified":"2019-09-04T09:56:59","modified_gmt":"2019-09-04T09:56:59","slug":"miembros-de-la-comision","status":"publish","type":"page","link":"https:\/\/epsapps.udg.edu\/cioblog\/index.php\/miembros-de-la-comision\/","title":{"rendered":"Miembros de la comisi\u00f3n"},"content":{"rendered":"\n<p>La iniciativa de la Comisi\u00f3n de Docencia surgi\u00f3 en la Reuni\u00f3n de la Junta Directiva en Girona en el mes de julio del 2018 y se inform\u00f3 en la Asamblea.<\/p>\n\n\n\n<p>Despu\u00e9s de hacer un llamamiento a los miembros de Adingor, pasaron a formar parte de la Comisi\u00f3n los siguientes miembros :  <a href=\"https:\/\/www.udg.edu\/ca\/directori\/pagina-personal?ID=2000914\">Rudi de Castro<\/a> , <a href=\"http:\/\/www.us.es\/acerca\/directorio\/ppdi\/personal_9608\">Alejandro Escudero<\/a>, <a href=\"http:\/\/ubu.academia.edu\/JoseManuelGalan\">Jose Manuel Galan<\/a> y <a href=\"https:\/\/www.unav.edu\/web\/investigacion\/nuestros-investigadores\/detalle-investigadores-cv?investigadorId=49460&amp;investigador=Santos%20Garc%C3%ADa,%20Javier\">Javier Santos<\/a> . Es una comisi\u00f3n abierta y con ganas de crear un networking entre los contribuidores de los posts y lectores del blog.<\/p>\n\n\n\n<p>Esta Comisi\u00f3n quiere promover un <strong>Foro de intercambio de experiencias en innovaci\u00f3n docente.<\/strong> Este blog, pretende ser el punto de encuentro de los profesores con ganas de compartir las experiencias docentes que cada uno de nosotros lleva a cabo en sus aulas.<\/p>\n","protected":false},"excerpt":{"rendered":"<p>La iniciativa de la Comisi\u00f3n de Docencia surgi\u00f3 en la Reuni\u00f3n de la Junta Directiva en Girona en el mes de julio del 2018 y se inform\u00f3 en la Asamblea. Despu\u00e9s de hacer un llamamiento a los miembros de Adingor, pasaron a formar parte de la Comisi\u00f3n los siguientes miembros : Rudi de Castro , &hellip; <a href=\"https:\/\/epsapps.udg.edu\/cioblog\/index.php\/miembros-de-la-comision\/\" class=\"more-link\">Continuar leyendo<span class=\"screen-reader-text\"> \u00abMiembros de la comisi\u00f3n\u00bb<\/span><\/a><\/p>\n","protected":false},"author":1,"featured_media":0,"parent":0,"menu_order":0,"comment_status":"closed","ping_status":"closed","template":"","meta":{"_exactmetrics_skip_tracking":false,"_exactmetrics_sitenote_active":false,"_exactmetrics_sitenote_note":"","_exactmetrics_sitenote_category":0,"footnotes":""},"class_list":["post-22","page","type-page","status-publish","hentry"],"_links":{"self":[{"href":"https:\/\/epsapps.udg.edu\/cioblog\/index.php\/wp-json\/wp\/v2\/pages\/22","targetHints":{"allow":["GET"]}}],"collection":[{"href":"https:\/\/epsapps.udg.edu\/cioblog\/index.php\/wp-json\/wp\/v2\/pages"}],"about":[{"href":"https:\/\/epsapps.udg.edu\/cioblog\/index.php\/wp-json\/wp\/v2\/types\/page"}],"author":[{"embeddable":true,"href":"https:\/\/epsapps.udg.edu\/cioblog\/index.php\/wp-json\/wp\/v2\/users\/1"}],"replies":[{"embeddable":true,"href":"https:\/\/epsapps.udg.edu\/cioblog\/index.php\/wp-json\/wp\/v2\/comments?post=22"}],"version-history":[{"count":5,"href":"https:\/\/epsapps.udg.edu\/cioblog\/index.php\/wp-json\/wp\/v2\/pages\/22\/revisions"}],"predecessor-version":[{"id":79,"href":"https:\/\/epsapps.udg.edu\/cioblog\/index.php\/wp-json\/wp\/v2\/pages\/22\/revisions\/79"}],"wp:attachment":[{"href":"https:\/\/epsapps.udg.edu\/cioblog\/index.php\/wp-json\/wp\/v2\/media?parent=22"}],"curies":[{"name":"wp","href":"https:\/\/api.w.org\/{rel}","templated":true}]}}