{"id":9364,"date":"2025-11-06T10:13:15","date_gmt":"2025-11-06T09:13:15","guid":{"rendered":"https:\/\/epsapps.udg.edu\/cidsav\/?page_id=9364"},"modified":"2025-11-06T13:59:33","modified_gmt":"2025-11-06T12:59:33","slug":"emilio-montesinos-segui-2","status":"publish","type":"page","link":"https:\/\/epsapps.udg.edu\/cidsav\/es\/emilio-montesinos-segui-2\/","title":{"rendered":"Emilio Montesinos Segu\u00ed"},"content":{"rendered":"\t\t<div data-elementor-type=\"wp-page\" data-elementor-id=\"9364\" class=\"elementor elementor-9364\">\n\t\t\t\t\t\t<section class=\"elementor-section elementor-top-section elementor-element elementor-element-4cda8784 elementor-section-boxed elementor-section-height-default elementor-section-height-default\" data-id=\"4cda8784\" data-element_type=\"section\" data-e-type=\"section\">\n\t\t\t\t\t\t<div class=\"elementor-container elementor-column-gap-default\">\n\t\t\t\t\t<div class=\"elementor-column elementor-col-50 elementor-top-column elementor-element elementor-element-7047b266\" data-id=\"7047b266\" data-element_type=\"column\" data-e-type=\"column\">\n\t\t\t<div class=\"elementor-widget-wrap elementor-element-populated\">\n\t\t\t\t\t\t<div class=\"elementor-element elementor-element-66778064 elementor-widget elementor-widget-image\" data-id=\"66778064\" data-element_type=\"widget\" data-e-type=\"widget\" data-widget_type=\"image.default\">\n\t\t\t\t<div class=\"elementor-widget-container\">\n\t\t\t\t\t\t\t\t\t\t\t\t\t\t\t<img fetchpriority=\"high\" decoding=\"async\" width=\"387\" height=\"435\" src=\"https:\/\/epsapps.udg.edu\/cidsav\/wp-content\/uploads\/2025\/11\/Emili_M.webp\" class=\"attachment-large size-large wp-image-9310\" alt=\"\" srcset=\"https:\/\/epsapps.udg.edu\/cidsav\/wp-content\/uploads\/2025\/11\/Emili_M.webp 387w, https:\/\/epsapps.udg.edu\/cidsav\/wp-content\/uploads\/2025\/11\/Emili_M-267x300.webp 267w, https:\/\/epsapps.udg.edu\/cidsav\/wp-content\/uploads\/2025\/11\/Emili_M-230x259.webp 230w, https:\/\/epsapps.udg.edu\/cidsav\/wp-content\/uploads\/2025\/11\/Emili_M-350x393.webp 350w\" sizes=\"(max-width: 387px) 100vw, 387px\" \/>\t\t\t\t\t\t\t\t\t\t\t\t\t\t\t<\/div>\n\t\t\t\t<\/div>\n\t\t\t\t<div class=\"elementor-element elementor-element-263bcdf elementor-shape-circle elementor-grid-0 e-grid-align-center elementor-widget elementor-widget-social-icons\" data-id=\"263bcdf\" data-element_type=\"widget\" data-e-type=\"widget\" data-widget_type=\"social-icons.default\">\n\t\t\t\t<div class=\"elementor-widget-container\">\n\t\t\t\t\t\t\t<div class=\"elementor-social-icons-wrapper elementor-grid\" role=\"list\">\n\t\t\t\t\t\t\t<span class=\"elementor-grid-item\" role=\"listitem\">\n\t\t\t\t\t<a class=\"elementor-icon elementor-social-icon elementor-social-icon-researchgate elementor-animation-grow elementor-repeater-item-8b93740\" href=\"https:\/\/www.researchgate.net\/profile\/Emilio-Montesinos\" target=\"_blank\">\n\t\t\t\t\t\t<span class=\"elementor-screen-only\">Researchgate<\/span>\n\t\t\t\t\t\t<i aria-hidden=\"true\" class=\"fab fa-researchgate\"><\/i>\t\t\t\t\t<\/a>\n\t\t\t\t<\/span>\n\t\t\t\t\t\t\t<span class=\"elementor-grid-item\" role=\"listitem\">\n\t\t\t\t\t<a class=\"elementor-icon elementor-social-icon elementor-social-icon-orcid elementor-animation-grow elementor-repeater-item-d2b7695\" href=\"https:\/\/orcid.org\/0000-0003-4455-8332\" target=\"_blank\">\n\t\t\t\t\t\t<span class=\"elementor-screen-only\">Orcid<\/span>\n\t\t\t\t\t\t<i aria-hidden=\"true\" class=\"fab fa-orcid\"><\/i>\t\t\t\t\t<\/a>\n\t\t\t\t<\/span>\n\t\t\t\t\t<\/div>\n\t\t\t\t\t\t<\/div>\n\t\t\t\t<\/div>\n\t\t\t\t\t<\/div>\n\t\t<\/div>\n\t\t\t\t<div class=\"elementor-column elementor-col-50 elementor-top-column elementor-element elementor-element-19cdeb01\" data-id=\"19cdeb01\" data-element_type=\"column\" data-e-type=\"column\">\n\t\t\t<div class=\"elementor-widget-wrap elementor-element-populated\">\n\t\t\t\t\t\t<div class=\"elementor-element elementor-element-7e245af0 elementor-widget elementor-widget-heading\" data-id=\"7e245af0\" data-element_type=\"widget\" data-e-type=\"widget\" data-widget_type=\"heading.default\">\n\t\t\t\t<div class=\"elementor-widget-container\">\n\t\t\t\t\t<h4 class=\"elementor-heading-title elementor-size-default\">Dr.  Emilio Montesinos Segu\u00ed<\/h4>\t\t\t\t<\/div>\n\t\t\t\t<\/div>\n\t\t\t\t<div class=\"elementor-element elementor-element-4e316e82 elementor-widget-divider--view-line elementor-widget elementor-widget-divider\" data-id=\"4e316e82\" data-element_type=\"widget\" data-e-type=\"widget\" data-widget_type=\"divider.default\">\n\t\t\t\t<div class=\"elementor-widget-container\">\n\t\t\t\t\t\t\t<div class=\"elementor-divider\">\n\t\t\t<span class=\"elementor-divider-separator\">\n\t\t\t\t\t\t<\/span>\n\t\t<\/div>\n\t\t\t\t\t\t<\/div>\n\t\t\t\t<\/div>\n\t\t\t\t<div class=\"elementor-element elementor-element-51e00031 elementor-widget elementor-widget-text-editor\" data-id=\"51e00031\" data-element_type=\"widget\" data-e-type=\"widget\" data-widget_type=\"text-editor.default\">\n\t\t\t\t<div class=\"elementor-widget-container\">\n\t\t\t\t\t\t\t\t\t<p><strong>Instituto:<\/strong> <a href=\"https:\/\/www.udg.edu\/ca\/instituts\/intea\">INSTITUTO DE TECNOLOG\u00cdA AGROALIMENTARIA DE LA UDG<\/a><br \/><strong>Grupo de Investigaci\u00f3n:<\/strong> <a href=\"http:\/\/intea.udg.edu\/cidsav\/\">PATOLOG\u00cdA VEGETAL<\/a><\/p>\t\t\t\t\t\t\t\t<\/div>\n\t\t\t\t<\/div>\n\t\t\t\t<div class=\"elementor-element elementor-element-624161fd elementor-widget elementor-widget-text-editor\" data-id=\"624161fd\" data-element_type=\"widget\" data-e-type=\"widget\" data-widget_type=\"text-editor.default\">\n\t\t\t\t<div class=\"elementor-widget-container\">\n\t\t\t\t\t\t\t\t\t<p style=\"text-align: justify;\">Emilio Montesinos es actualmente Catedr\u00e1tico de Patolog\u00eda Vegetal y Microbiolog\u00eda en la Universitat de Girona (Espa\u00f1a) (desde 1986), y fue investigador visitante en el INRA (Angers, Francia) (1990) y en el Plant Pathology Department de la Cornell University (Ithaca, NY, EE. UU.) (1994). Su \u00e1rea de investigaci\u00f3n y desarrollo se centra en la Patolog\u00eda Vegetal (epidemiolog\u00eda y control biol\u00f3gico), en el campo de los bioplaguicidas (microorganismos beneficiosos y p\u00e9ptidos elicitores de defensa vegetal y antimicrobianos), para el control de enfermedades de cuarentena en las plantas, de importancia econ\u00f3mica, causadas por bacterias.<\/p><p style=\"text-align: justify;\">Es autor de 100 art\u00edculos cient\u00edficos en revistas SCI (H-index 34) y editor\/colaborador en varios libros. Ha contribuido al desarrollo de nuevos bioplaguicidas con eficacia contra varias enfermedades de plantas causadas por hongos y bacterias fitopat\u00f3genas, y algunos de ellos est\u00e1n en explotaci\u00f3n. Es inventor de varias patentes y ha sido miembro de grupos de expertos del Ministerio de Agricultura de Espa\u00f1a y del Plant Health Panel de la European Food Safety Agency (EFSA). Fue presidente de la Sociedad Espa\u00f1ola de Fitopatolog\u00eda (2000-2004) de la que actualmente es Miembro Honorario. Fue premiado con la Medalla Narc\u00eds Monturiol de la Generalitat de Catalunya por su contribuci\u00f3n cient\u00edfica a la Sanidad Vegetal (2012).<\/p>\t\t\t\t\t\t\t\t<\/div>\n\t\t\t\t<\/div>\n\t\t\t\t<div class=\"elementor-element elementor-element-3e7bd018 elementor-widget-divider--view-line elementor-widget elementor-widget-divider\" data-id=\"3e7bd018\" data-element_type=\"widget\" data-e-type=\"widget\" data-widget_type=\"divider.default\">\n\t\t\t\t<div class=\"elementor-widget-container\">\n\t\t\t\t\t\t\t<div class=\"elementor-divider\">\n\t\t\t<span class=\"elementor-divider-separator\">\n\t\t\t\t\t\t<\/span>\n\t\t<\/div>\n\t\t\t\t\t\t<\/div>\n\t\t\t\t<\/div>\n\t\t\t\t\t<\/div>\n\t\t<\/div>\n\t\t\t\t\t<\/div>\n\t\t<\/section>\n\t\t\t\t<\/div>\n\t\t","protected":false},"excerpt":{"rendered":"<p>Researchgate Orcid Dr. Emilio Montesinos Segu\u00ed Instituto: INSTITUTO DE TECNOLOG\u00cdA AGROALIMENTARIA DE LA UDGGrupo de Investigaci\u00f3n: PATOLOG\u00cdA VEGETAL Emilio Montesinos es actualmente Catedr\u00e1tico de Patolog\u00eda [&hellip;]<\/p>\n","protected":false},"author":1,"featured_media":0,"parent":0,"menu_order":0,"comment_status":"closed","ping_status":"closed","template":"elementor_header_footer","meta":{"_uag_custom_page_level_css":"","footnotes":""},"class_list":["post-9364","page","type-page","status-publish","hentry"],"yoast_head":"<!-- This site is optimized with the Yoast SEO plugin v27.4 - https:\/\/yoast.com\/product\/yoast-seo-wordpress\/ -->\n<title>Emilio Montesinos Segu\u00ed<\/title>\n<meta name=\"robots\" content=\"index, follow, max-snippet:-1, max-image-preview:large, max-video-preview:-1\" \/>\n<link rel=\"canonical\" href=\"https:\/\/epsapps.udg.edu\/cidsav\/es\/emilio-montesinos-segui-2\/\" \/>\n<meta property=\"og:locale\" content=\"es_ES\" \/>\n<meta property=\"og:type\" content=\"article\" \/>\n<meta property=\"og:title\" content=\"Emilio Montesinos Segu\u00ed\" \/>\n<meta property=\"og:description\" content=\"Researchgate Orcid Dr. Emilio Montesinos Segu\u00ed Instituto: INSTITUTO DE TECNOLOG\u00cdA AGROALIMENTARIA DE LA UDGGrupo de Investigaci\u00f3n: PATOLOG\u00cdA VEGETAL Emilio Montesinos es actualmente Catedr\u00e1tico de Patolog\u00eda [&hellip;]\" \/>\n<meta property=\"og:url\" content=\"https:\/\/epsapps.udg.edu\/cidsav\/es\/emilio-montesinos-segui-2\/\" \/>\n<meta property=\"og:site_name\" content=\"CIDSAV\" \/>\n<meta property=\"article:modified_time\" content=\"2025-11-06T12:59:33+00:00\" \/>\n<meta property=\"og:image\" content=\"https:\/\/epsapps.udg.edu\/cidsav\/wp-content\/uploads\/2025\/11\/Emili_M.webp\" \/>\n<meta name=\"twitter:card\" content=\"summary_large_image\" \/>\n<meta name=\"twitter:label1\" content=\"Tiempo de lectura\" \/>\n\t<meta name=\"twitter:data1\" content=\"1 minuto\" \/>\n<script type=\"application\/ld+json\" class=\"yoast-schema-graph\">{\"@context\":\"https:\\\/\\\/schema.org\",\"@graph\":[{\"@type\":\"WebPage\",\"@id\":\"https:\\\/\\\/epsapps.udg.edu\\\/cidsav\\\/es\\\/emilio-montesinos-segui-2\\\/\",\"url\":\"https:\\\/\\\/epsapps.udg.edu\\\/cidsav\\\/es\\\/emilio-montesinos-segui-2\\\/\",\"name\":\"Emilio Montesinos Segu\u00ed\",\"isPartOf\":{\"@id\":\"https:\\\/\\\/epsapps.udg.edu\\\/cidsav\\\/#website\"},\"primaryImageOfPage\":{\"@id\":\"https:\\\/\\\/epsapps.udg.edu\\\/cidsav\\\/es\\\/emilio-montesinos-segui-2\\\/#primaryimage\"},\"image\":{\"@id\":\"https:\\\/\\\/epsapps.udg.edu\\\/cidsav\\\/es\\\/emilio-montesinos-segui-2\\\/#primaryimage\"},\"thumbnailUrl\":\"https:\\\/\\\/epsapps.udg.edu\\\/cidsav\\\/wp-content\\\/uploads\\\/2025\\\/11\\\/Emili_M.webp\",\"datePublished\":\"2025-11-06T09:13:15+00:00\",\"dateModified\":\"2025-11-06T12:59:33+00:00\",\"breadcrumb\":{\"@id\":\"https:\\\/\\\/epsapps.udg.edu\\\/cidsav\\\/es\\\/emilio-montesinos-segui-2\\\/#breadcrumb\"},\"inLanguage\":\"es\",\"potentialAction\":[{\"@type\":\"ReadAction\",\"target\":[\"https:\\\/\\\/epsapps.udg.edu\\\/cidsav\\\/es\\\/emilio-montesinos-segui-2\\\/\"]}]},{\"@type\":\"ImageObject\",\"inLanguage\":\"es\",\"@id\":\"https:\\\/\\\/epsapps.udg.edu\\\/cidsav\\\/es\\\/emilio-montesinos-segui-2\\\/#primaryimage\",\"url\":\"https:\\\/\\\/epsapps.udg.edu\\\/cidsav\\\/wp-content\\\/uploads\\\/2025\\\/11\\\/Emili_M.webp\",\"contentUrl\":\"https:\\\/\\\/epsapps.udg.edu\\\/cidsav\\\/wp-content\\\/uploads\\\/2025\\\/11\\\/Emili_M.webp\",\"width\":387,\"height\":435},{\"@type\":\"BreadcrumbList\",\"@id\":\"https:\\\/\\\/epsapps.udg.edu\\\/cidsav\\\/es\\\/emilio-montesinos-segui-2\\\/#breadcrumb\",\"itemListElement\":[{\"@type\":\"ListItem\",\"position\":1,\"name\":\"Portada\",\"item\":\"https:\\\/\\\/epsapps.udg.edu\\\/cidsav\\\/\"},{\"@type\":\"ListItem\",\"position\":2,\"name\":\"Emilio Montesinos Segu\u00ed\"}]},{\"@type\":\"WebSite\",\"@id\":\"https:\\\/\\\/epsapps.udg.edu\\\/cidsav\\\/#website\",\"url\":\"https:\\\/\\\/epsapps.udg.edu\\\/cidsav\\\/\",\"name\":\"CIDSAV\",\"description\":\"\",\"publisher\":{\"@id\":\"https:\\\/\\\/epsapps.udg.edu\\\/cidsav\\\/#organization\"},\"potentialAction\":[{\"@type\":\"SearchAction\",\"target\":{\"@type\":\"EntryPoint\",\"urlTemplate\":\"https:\\\/\\\/epsapps.udg.edu\\\/cidsav\\\/?s={search_term_string}\"},\"query-input\":{\"@type\":\"PropertyValueSpecification\",\"valueRequired\":true,\"valueName\":\"search_term_string\"}}],\"inLanguage\":\"es\"},{\"@type\":\"Organization\",\"@id\":\"https:\\\/\\\/epsapps.udg.edu\\\/cidsav\\\/#organization\",\"name\":\"CIDSAV\",\"url\":\"https:\\\/\\\/epsapps.udg.edu\\\/cidsav\\\/\",\"logo\":{\"@type\":\"ImageObject\",\"inLanguage\":\"es\",\"@id\":\"https:\\\/\\\/epsapps.udg.edu\\\/cidsav\\\/#\\\/schema\\\/logo\\\/image\\\/\",\"url\":\"https:\\\/\\\/epsapps.udg.edu\\\/cidsav\\\/wp-content\\\/uploads\\\/2019\\\/09\\\/Logo-3-idomes-CIDSAV-verd-03.png\",\"contentUrl\":\"https:\\\/\\\/epsapps.udg.edu\\\/cidsav\\\/wp-content\\\/uploads\\\/2019\\\/09\\\/Logo-3-idomes-CIDSAV-verd-03.png\",\"width\":1181,\"height\":1054,\"caption\":\"CIDSAV\"},\"image\":{\"@id\":\"https:\\\/\\\/epsapps.udg.edu\\\/cidsav\\\/#\\\/schema\\\/logo\\\/image\\\/\"},\"sameAs\":[\"https:\\\/\\\/www.instagram.com\\\/cidsav_udg\\\/?igsh=eDU0dzNpc2JzdG8y#\"]}]}<\/script>\n<!-- \/ Yoast SEO plugin. -->","yoast_head_json":{"title":"Emilio Montesinos Segu\u00ed","robots":{"index":"index","follow":"follow","max-snippet":"max-snippet:-1","max-image-preview":"max-image-preview:large","max-video-preview":"max-video-preview:-1"},"canonical":"https:\/\/epsapps.udg.edu\/cidsav\/es\/emilio-montesinos-segui-2\/","og_locale":"es_ES","og_type":"article","og_title":"Emilio Montesinos Segu\u00ed","og_description":"Researchgate Orcid Dr. Emilio Montesinos Segu\u00ed Instituto: INSTITUTO DE TECNOLOG\u00cdA AGROALIMENTARIA DE LA UDGGrupo de Investigaci\u00f3n: PATOLOG\u00cdA VEGETAL Emilio Montesinos es actualmente Catedr\u00e1tico de Patolog\u00eda [&hellip;]","og_url":"https:\/\/epsapps.udg.edu\/cidsav\/es\/emilio-montesinos-segui-2\/","og_site_name":"CIDSAV","article_modified_time":"2025-11-06T12:59:33+00:00","og_image":[{"url":"https:\/\/epsapps.udg.edu\/cidsav\/wp-content\/uploads\/2025\/11\/Emili_M.webp","type":"","width":"","height":""}],"twitter_card":"summary_large_image","twitter_misc":{"Tiempo de lectura":"1 minuto"},"schema":{"@context":"https:\/\/schema.org","@graph":[{"@type":"WebPage","@id":"https:\/\/epsapps.udg.edu\/cidsav\/es\/emilio-montesinos-segui-2\/","url":"https:\/\/epsapps.udg.edu\/cidsav\/es\/emilio-montesinos-segui-2\/","name":"Emilio Montesinos Segu\u00ed","isPartOf":{"@id":"https:\/\/epsapps.udg.edu\/cidsav\/#website"},"primaryImageOfPage":{"@id":"https:\/\/epsapps.udg.edu\/cidsav\/es\/emilio-montesinos-segui-2\/#primaryimage"},"image":{"@id":"https:\/\/epsapps.udg.edu\/cidsav\/es\/emilio-montesinos-segui-2\/#primaryimage"},"thumbnailUrl":"https:\/\/epsapps.udg.edu\/cidsav\/wp-content\/uploads\/2025\/11\/Emili_M.webp","datePublished":"2025-11-06T09:13:15+00:00","dateModified":"2025-11-06T12:59:33+00:00","breadcrumb":{"@id":"https:\/\/epsapps.udg.edu\/cidsav\/es\/emilio-montesinos-segui-2\/#breadcrumb"},"inLanguage":"es","potentialAction":[{"@type":"ReadAction","target":["https:\/\/epsapps.udg.edu\/cidsav\/es\/emilio-montesinos-segui-2\/"]}]},{"@type":"ImageObject","inLanguage":"es","@id":"https:\/\/epsapps.udg.edu\/cidsav\/es\/emilio-montesinos-segui-2\/#primaryimage","url":"https:\/\/epsapps.udg.edu\/cidsav\/wp-content\/uploads\/2025\/11\/Emili_M.webp","contentUrl":"https:\/\/epsapps.udg.edu\/cidsav\/wp-content\/uploads\/2025\/11\/Emili_M.webp","width":387,"height":435},{"@type":"BreadcrumbList","@id":"https:\/\/epsapps.udg.edu\/cidsav\/es\/emilio-montesinos-segui-2\/#breadcrumb","itemListElement":[{"@type":"ListItem","position":1,"name":"Portada","item":"https:\/\/epsapps.udg.edu\/cidsav\/"},{"@type":"ListItem","position":2,"name":"Emilio Montesinos Segu\u00ed"}]},{"@type":"WebSite","@id":"https:\/\/epsapps.udg.edu\/cidsav\/#website","url":"https:\/\/epsapps.udg.edu\/cidsav\/","name":"CIDSAV","description":"","publisher":{"@id":"https:\/\/epsapps.udg.edu\/cidsav\/#organization"},"potentialAction":[{"@type":"SearchAction","target":{"@type":"EntryPoint","urlTemplate":"https:\/\/epsapps.udg.edu\/cidsav\/?s={search_term_string}"},"query-input":{"@type":"PropertyValueSpecification","valueRequired":true,"valueName":"search_term_string"}}],"inLanguage":"es"},{"@type":"Organization","@id":"https:\/\/epsapps.udg.edu\/cidsav\/#organization","name":"CIDSAV","url":"https:\/\/epsapps.udg.edu\/cidsav\/","logo":{"@type":"ImageObject","inLanguage":"es","@id":"https:\/\/epsapps.udg.edu\/cidsav\/#\/schema\/logo\/image\/","url":"https:\/\/epsapps.udg.edu\/cidsav\/wp-content\/uploads\/2019\/09\/Logo-3-idomes-CIDSAV-verd-03.png","contentUrl":"https:\/\/epsapps.udg.edu\/cidsav\/wp-content\/uploads\/2019\/09\/Logo-3-idomes-CIDSAV-verd-03.png","width":1181,"height":1054,"caption":"CIDSAV"},"image":{"@id":"https:\/\/epsapps.udg.edu\/cidsav\/#\/schema\/logo\/image\/"},"sameAs":["https:\/\/www.instagram.com\/cidsav_udg\/?igsh=eDU0dzNpc2JzdG8y#"]}]}},"uagb_featured_image_src":{"full":false,"thumbnail":false,"medium":false,"medium_large":false,"large":false,"1536x1536":false,"2048x2048":false,"sydney-large-thumb":false,"sydney-medium-thumb":false,"sydney-small-thumb":false,"sydney-service-thumb":false,"sydney-mas-thumb":false},"uagb_author_info":{"display_name":"Cidsav","author_link":"https:\/\/epsapps.udg.edu\/cidsav\/author\/cidsav0140\/"},"uagb_comment_info":0,"uagb_excerpt":"Researchgate Orcid Dr. Emilio Montesinos Segu\u00ed Instituto: INSTITUTO DE TECNOLOG\u00cdA AGROALIMENTARIA DE LA UDGGrupo de Investigaci\u00f3n: PATOLOG\u00cdA VEGETAL Emilio Montesinos es actualmente Catedr\u00e1tico de Patolog\u00eda [&hellip;]","_links":{"self":[{"href":"https:\/\/epsapps.udg.edu\/cidsav\/wp-json\/wp\/v2\/pages\/9364","targetHints":{"allow":["GET"]}}],"collection":[{"href":"https:\/\/epsapps.udg.edu\/cidsav\/wp-json\/wp\/v2\/pages"}],"about":[{"href":"https:\/\/epsapps.udg.edu\/cidsav\/wp-json\/wp\/v2\/types\/page"}],"author":[{"embeddable":true,"href":"https:\/\/epsapps.udg.edu\/cidsav\/wp-json\/wp\/v2\/users\/1"}],"replies":[{"embeddable":true,"href":"https:\/\/epsapps.udg.edu\/cidsav\/wp-json\/wp\/v2\/comments?post=9364"}],"version-history":[{"count":0,"href":"https:\/\/epsapps.udg.edu\/cidsav\/wp-json\/wp\/v2\/pages\/9364\/revisions"}],"wp:attachment":[{"href":"https:\/\/epsapps.udg.edu\/cidsav\/wp-json\/wp\/v2\/media?parent=9364"}],"curies":[{"name":"wp","href":"https:\/\/api.w.org\/{rel}","templated":true}]}}