{"id":7176,"date":"2024-03-08T11:18:26","date_gmt":"2024-03-08T10:18:26","guid":{"rendered":"https:\/\/epsapps.udg.edu\/cidsav\/?page_id=7176"},"modified":"2025-01-14T11:57:06","modified_gmt":"2025-01-14T10:57:06","slug":"micropbiomes-3","status":"publish","type":"page","link":"https:\/\/epsapps.udg.edu\/cidsav\/micropbiomes-3\/","title":{"rendered":"Micropbiomes"},"content":{"rendered":"\t\t<div data-elementor-type=\"wp-page\" data-elementor-id=\"7176\" class=\"elementor elementor-7176\">\n\t\t\t\t\t\t<section class=\"elementor-section elementor-top-section elementor-element elementor-element-770bdc93 elementor-section-boxed elementor-section-height-default elementor-section-height-default\" data-id=\"770bdc93\" data-element_type=\"section\" data-e-type=\"section\">\n\t\t\t\t\t\t<div class=\"elementor-container elementor-column-gap-no\">\n\t\t\t\t\t<div class=\"elementor-column elementor-col-100 elementor-top-column elementor-element elementor-element-5bf7f3c9\" data-id=\"5bf7f3c9\" data-element_type=\"column\" data-e-type=\"column\">\n\t\t\t<div class=\"elementor-widget-wrap elementor-element-populated\">\n\t\t\t\t\t\t<div class=\"elementor-element elementor-element-160af3b2 elementor-widget elementor-widget-image\" data-id=\"160af3b2\" data-element_type=\"widget\" data-e-type=\"widget\" data-widget_type=\"image.default\">\n\t\t\t\t<div class=\"elementor-widget-container\">\n\t\t\t\t\t\t\t\t\t\t\t\t\t\t\t<img fetchpriority=\"high\" decoding=\"async\" width=\"550\" height=\"400\" src=\"https:\/\/epsapps.udg.edu\/cidsav\/wp-content\/uploads\/2024\/03\/microbiomes-550x400.png\" class=\"attachment-sydney-medium-thumb size-sydney-medium-thumb wp-image-7120\" alt=\"\" \/>\t\t\t\t\t\t\t\t\t\t\t\t\t\t\t<\/div>\n\t\t\t\t<\/div>\n\t\t\t\t<div class=\"elementor-element elementor-element-ea62054 elementor-widget elementor-widget-text-editor\" data-id=\"ea62054\" data-element_type=\"widget\" data-e-type=\"widget\" data-widget_type=\"text-editor.default\">\n\t\t\t\t<div class=\"elementor-widget-container\">\n\t\t\t\t\t\t\t\t\t<h5 style=\"text-align: center;\"><strong>Aprofitament de les comunitats microbianas dels cultius i de consorcis sint\u00e9tics per millorar l\u2019aptitud dels cultius. <\/strong><\/h5>\t\t\t\t\t\t\t\t<\/div>\n\t\t\t\t<\/div>\n\t\t\t\t<div class=\"elementor-element elementor-element-33a97dad elementor-widget-divider--view-line elementor-widget elementor-widget-divider\" data-id=\"33a97dad\" data-element_type=\"widget\" data-e-type=\"widget\" data-widget_type=\"divider.default\">\n\t\t\t\t<div class=\"elementor-widget-container\">\n\t\t\t\t\t\t\t<div class=\"elementor-divider\">\n\t\t\t<span class=\"elementor-divider-separator\">\n\t\t\t\t\t\t<\/span>\n\t\t<\/div>\n\t\t\t\t\t\t<\/div>\n\t\t\t\t<\/div>\n\t\t\t\t<div class=\"elementor-element elementor-element-619177f9 elementor-widget elementor-widget-text-editor\" data-id=\"619177f9\" data-element_type=\"widget\" data-e-type=\"widget\" data-widget_type=\"text-editor.default\">\n\t\t\t\t<div class=\"elementor-widget-container\">\n\t\t\t\t\t\t\t\t\t<p style=\"text-align: justify;\">Europa s&#8217;enfronta a un \u00e8poques de sequera i onades de calor cada vegada m\u00e9s freq\u00fcents i, a l&#8217;aparici\u00f3 de noves malalties. Cal desenvolupar alternatives als sistemes agr\u00edcoles actuals que depenen en gran mesura \u00a0dels agroqu\u00edmics i de l&#8217;aigua. CropBiomes es basa en la necessitat urgent d&#8217;una transici\u00f3 cap a una agricultura sostenible que garanteixi la seguretat i la seguretat aliment\u00e0ria, alineada tant amb l&#8217;estrat\u00e8gia GreenDeal com \u00a0al programa \u00abFarm-to-Fork\u00bb.<br \/>L&#8217;objectiu d&#8217;aquesta Acci\u00f3 Cost \u00e9s coordinar el coneixement disponible sobre l&#8217;assemblatge del microbioma de les plantes i el seu potencial per augmentar la resist\u00e8ncia de l&#8217;holobioma dels cultius a la sequera i la calor, o malalties. Tamb\u00e9 pret\u00e9n explorar els aven\u00e7os en l&#8217;enginyeria de microbiomes i ajudar en la implementaci\u00f3 d\u2019eines de gesti\u00f3 i pol\u00edtiques per millorar la resili\u00e8ncia de les plantes de cultiu.<\/p><p style=\"text-align: justify;\">Hi ha 164 investigadors en el projecte que \u00a0treballen en els cinc Grups de Treball (GT) que componen l&#8217;Acci\u00f3 Cost.<\/p><p style=\"text-align: justify;\"><strong>L\u2019objectiu \u00e9s anar m\u00e9s enll\u00e0 de l&#8217;estat actual del coneixement dels microbiomes de cultius:<\/strong><\/p><ul style=\"text-align: justify;\"><li>WG1 Aprofitament de les interrelacions moleculars entre les plantes i el microbioma: diversitat, distribuci\u00f3 i perspectives ecoevolutives<\/li><li>WG2 Din\u00e0mica de la creaci\u00f3 i selecci\u00f3 dels microbiomes dels cultius en entorns espec\u00edfics<\/li><li>WG3 Microbiomes de cultius i malalties de les plantes: de la disbiosi a l&#8217;augment de les defenses<\/li><li>WG4 Des dels inoculants microbians actuals fins a les comunitats sint\u00e8tiques<\/li><li>WG5 Comunicaci\u00f3 i comprom\u00eds amb la societat<\/li><\/ul><p style=\"text-align: justify;\">L&#8217;Acci\u00f3 Cost definir\u00e0 nous conceptes sobre temes com la diversitat dels microbiomes vegetals, la distribuci\u00f3, l&#8217;ecoevoluci\u00f3, les interrelacions i la din\u00e0mica dels microbiomes\/holobiomes en entorns espec\u00edfics com sistemes sense s\u00f2l i estressos ambientals (sequera\/calor, pat\u00f2gens). Finalment, l&#8217;Acci\u00f3 explorar\u00e0 el microbioma vegetal com a font d&#8217;associacions beneficioses de microorganismes i explotar\u00e0 tecnologies per a l&#8217;enginyeria dels microbiomes (a trav\u00e9s de comunitats sint\u00e8tiques). El CropBiomes reunir\u00e0 investigadors s\u00e8niors i juniors, i diferents parts interessades i contribuir\u00e0 a la competitivitat d&#8217;Europa en aquest camp.<\/p><p style=\"text-align: justify;\">Aquest \u00e9s un projecte de quatre anys, que es va iniciar el proppassat 012\/10\/2023 i finalitzar\u00e0 el 01\/10\/2027 i que est\u00e0 finan\u00e7at per la UE amb el programa COST 22158.<\/p><p style=\"text-align: justify;\">Per a m\u00e9s informaci\u00f3, consulti la p\u00e0gina web: <a href=\"https:\/\/www.cost.eu\/actions\/ca22158\/\">https:\/\/www.cost.eu\/actions\/ca22158\/<\/a> i la p\u00e0gina web del projecte: <a href=\"https:\/\/micropbiomes.eu\/\">https:\/\/micropbiomes.eu\/<\/a><\/p>\t\t\t\t\t\t\t\t<\/div>\n\t\t\t\t<\/div>\n\t\t\t\t\t<\/div>\n\t\t<\/div>\n\t\t\t\t\t<\/div>\n\t\t<\/section>\n\t\t\t\t<section class=\"elementor-section elementor-top-section elementor-element elementor-element-5ebd8dbd elementor-section-boxed elementor-section-height-default elementor-section-height-default\" data-id=\"5ebd8dbd\" data-element_type=\"section\" data-e-type=\"section\">\n\t\t\t\t\t\t<div class=\"elementor-container elementor-column-gap-default\">\n\t\t\t\t\t<div class=\"elementor-column elementor-col-100 elementor-top-column elementor-element elementor-element-f8c85ef\" data-id=\"f8c85ef\" data-element_type=\"column\" data-e-type=\"column\">\n\t\t\t<div class=\"elementor-widget-wrap elementor-element-populated\">\n\t\t\t\t\t\t<div class=\"elementor-element elementor-element-27532d1f elementor-widget-divider--view-line elementor-widget elementor-widget-divider\" data-id=\"27532d1f\" data-element_type=\"widget\" data-e-type=\"widget\" data-widget_type=\"divider.default\">\n\t\t\t\t<div class=\"elementor-widget-container\">\n\t\t\t\t\t\t\t<div class=\"elementor-divider\">\n\t\t\t<span class=\"elementor-divider-separator\">\n\t\t\t\t\t\t<\/span>\n\t\t<\/div>\n\t\t\t\t\t\t<\/div>\n\t\t\t\t<\/div>\n\t\t\t\t\t<\/div>\n\t\t<\/div>\n\t\t\t\t\t<\/div>\n\t\t<\/section>\n\t\t\t\t<section class=\"elementor-section elementor-top-section elementor-element elementor-element-123f921 elementor-section-boxed elementor-section-height-default elementor-section-height-default\" data-id=\"123f921\" data-element_type=\"section\" data-e-type=\"section\">\n\t\t\t\t\t\t<div class=\"elementor-container elementor-column-gap-default\">\n\t\t\t\t\t<div class=\"elementor-column elementor-col-50 elementor-top-column elementor-element elementor-element-a92d226\" data-id=\"a92d226\" data-element_type=\"column\" data-e-type=\"column\">\n\t\t\t<div class=\"elementor-widget-wrap elementor-element-populated\">\n\t\t\t\t\t\t<div class=\"elementor-element elementor-element-235454b elementor-widget elementor-widget-image\" data-id=\"235454b\" data-element_type=\"widget\" data-e-type=\"widget\" data-widget_type=\"image.default\">\n\t\t\t\t<div class=\"elementor-widget-container\">\n\t\t\t\t\t\t\t\t\t\t\t\t\t\t\t<img decoding=\"async\" width=\"350\" height=\"164\" src=\"https:\/\/epsapps.udg.edu\/cidsav\/wp-content\/uploads\/2024\/03\/COST_LOGO_rgb_highresolution-350x164.jpg\" class=\"attachment-sydney-service-thumb size-sydney-service-thumb wp-image-7166\" alt=\"\" srcset=\"https:\/\/epsapps.udg.edu\/cidsav\/wp-content\/uploads\/2024\/03\/COST_LOGO_rgb_highresolution-350x164.jpg 350w, https:\/\/epsapps.udg.edu\/cidsav\/wp-content\/uploads\/2024\/03\/COST_LOGO_rgb_highresolution-300x141.jpg 300w, https:\/\/epsapps.udg.edu\/cidsav\/wp-content\/uploads\/2024\/03\/COST_LOGO_rgb_highresolution-1024x481.jpg 1024w, https:\/\/epsapps.udg.edu\/cidsav\/wp-content\/uploads\/2024\/03\/COST_LOGO_rgb_highresolution-768x360.jpg 768w, https:\/\/epsapps.udg.edu\/cidsav\/wp-content\/uploads\/2024\/03\/COST_LOGO_rgb_highresolution-1536x721.jpg 1536w, https:\/\/epsapps.udg.edu\/cidsav\/wp-content\/uploads\/2024\/03\/COST_LOGO_rgb_highresolution-2048x961.jpg 2048w, https:\/\/epsapps.udg.edu\/cidsav\/wp-content\/uploads\/2024\/03\/COST_LOGO_rgb_highresolution-1000x469.jpg 1000w, https:\/\/epsapps.udg.edu\/cidsav\/wp-content\/uploads\/2024\/03\/COST_LOGO_rgb_highresolution-230x108.jpg 230w, https:\/\/epsapps.udg.edu\/cidsav\/wp-content\/uploads\/2024\/03\/COST_LOGO_rgb_highresolution-480x225.jpg 480w\" sizes=\"(max-width: 350px) 100vw, 350px\" \/>\t\t\t\t\t\t\t\t\t\t\t\t\t\t\t<\/div>\n\t\t\t\t<\/div>\n\t\t\t\t\t<\/div>\n\t\t<\/div>\n\t\t\t\t<div class=\"elementor-column elementor-col-50 elementor-top-column elementor-element elementor-element-0a19e8c\" data-id=\"0a19e8c\" data-element_type=\"column\" data-e-type=\"column\">\n\t\t\t<div class=\"elementor-widget-wrap elementor-element-populated\">\n\t\t\t\t\t\t<div class=\"elementor-element elementor-element-c9de4ee elementor-widget elementor-widget-image\" data-id=\"c9de4ee\" data-element_type=\"widget\" data-e-type=\"widget\" data-widget_type=\"image.default\">\n\t\t\t\t<div class=\"elementor-widget-container\">\n\t\t\t\t\t\t\t\t\t\t\t\t\t\t\t<img decoding=\"async\" width=\"768\" height=\"161\" src=\"https:\/\/epsapps.udg.edu\/cidsav\/wp-content\/uploads\/2024\/03\/EN-Funded-by-the-EU-POS-768x161.png\" class=\"attachment-medium_large size-medium_large wp-image-7167\" alt=\"\" srcset=\"https:\/\/epsapps.udg.edu\/cidsav\/wp-content\/uploads\/2024\/03\/EN-Funded-by-the-EU-POS-768x161.png 768w, https:\/\/epsapps.udg.edu\/cidsav\/wp-content\/uploads\/2024\/03\/EN-Funded-by-the-EU-POS-300x63.png 300w, https:\/\/epsapps.udg.edu\/cidsav\/wp-content\/uploads\/2024\/03\/EN-Funded-by-the-EU-POS-1024x215.png 1024w, https:\/\/epsapps.udg.edu\/cidsav\/wp-content\/uploads\/2024\/03\/EN-Funded-by-the-EU-POS-1536x322.png 1536w, https:\/\/epsapps.udg.edu\/cidsav\/wp-content\/uploads\/2024\/03\/EN-Funded-by-the-EU-POS-2048x430.png 2048w, https:\/\/epsapps.udg.edu\/cidsav\/wp-content\/uploads\/2024\/03\/EN-Funded-by-the-EU-POS-1000x210.png 1000w, https:\/\/epsapps.udg.edu\/cidsav\/wp-content\/uploads\/2024\/03\/EN-Funded-by-the-EU-POS-230x48.png 230w, https:\/\/epsapps.udg.edu\/cidsav\/wp-content\/uploads\/2024\/03\/EN-Funded-by-the-EU-POS-350x73.png 350w, https:\/\/epsapps.udg.edu\/cidsav\/wp-content\/uploads\/2024\/03\/EN-Funded-by-the-EU-POS-480x101.png 480w\" sizes=\"(max-width: 768px) 100vw, 768px\" \/>\t\t\t\t\t\t\t\t\t\t\t\t\t\t\t<\/div>\n\t\t\t\t<\/div>\n\t\t\t\t\t<\/div>\n\t\t<\/div>\n\t\t\t\t\t<\/div>\n\t\t<\/section>\n\t\t\t\t<\/div>\n\t\t","protected":false},"excerpt":{"rendered":"<p>Aprofitament de les comunitats microbianas dels cultius i de consorcis sint\u00e9tics per millorar l\u2019aptitud dels cultius. Europa s&#8217;enfronta a un \u00e8poques de sequera i onades [&hellip;]<\/p>\n","protected":false},"author":1,"featured_media":0,"parent":0,"menu_order":0,"comment_status":"closed","ping_status":"closed","template":"elementor_header_footer","meta":{"_uag_custom_page_level_css":"","footnotes":""},"class_list":["post-7176","page","type-page","status-publish","hentry"],"yoast_head":"<!-- This site is optimized with the Yoast SEO plugin v27.4 - https:\/\/yoast.com\/product\/yoast-seo-wordpress\/ -->\n<title>Micropbiomes<\/title>\n<meta name=\"robots\" content=\"index, follow, max-snippet:-1, max-image-preview:large, max-video-preview:-1\" \/>\n<link rel=\"canonical\" href=\"https:\/\/epsapps.udg.edu\/cidsav\/micropbiomes-3\/\" \/>\n<meta property=\"og:locale\" content=\"es_ES\" \/>\n<meta property=\"og:type\" content=\"article\" \/>\n<meta property=\"og:title\" content=\"Micropbiomes\" \/>\n<meta property=\"og:description\" content=\"Aprofitament de les comunitats microbianas dels cultius i de consorcis sint\u00e9tics per millorar l\u2019aptitud dels cultius. Europa s&#8217;enfronta a un \u00e8poques de sequera i onades [&hellip;]\" \/>\n<meta property=\"og:url\" content=\"https:\/\/epsapps.udg.edu\/cidsav\/micropbiomes-3\/\" \/>\n<meta property=\"og:site_name\" content=\"CIDSAV\" \/>\n<meta property=\"article:modified_time\" content=\"2025-01-14T10:57:06+00:00\" \/>\n<meta property=\"og:image\" content=\"https:\/\/epsapps.udg.edu\/cidsav\/wp-content\/uploads\/2024\/03\/microbiomes-550x400.png\" \/>\n<meta name=\"twitter:card\" content=\"summary_large_image\" \/>\n<meta name=\"twitter:label1\" content=\"Tiempo de lectura\" \/>\n\t<meta name=\"twitter:data1\" content=\"2 minutos\" \/>\n<script type=\"application\/ld+json\" class=\"yoast-schema-graph\">{\"@context\":\"https:\\\/\\\/schema.org\",\"@graph\":[{\"@type\":\"WebPage\",\"@id\":\"https:\\\/\\\/epsapps.udg.edu\\\/cidsav\\\/micropbiomes-3\\\/\",\"url\":\"https:\\\/\\\/epsapps.udg.edu\\\/cidsav\\\/micropbiomes-3\\\/\",\"name\":\"Micropbiomes\",\"isPartOf\":{\"@id\":\"https:\\\/\\\/epsapps.udg.edu\\\/cidsav\\\/#website\"},\"primaryImageOfPage\":{\"@id\":\"https:\\\/\\\/epsapps.udg.edu\\\/cidsav\\\/micropbiomes-3\\\/#primaryimage\"},\"image\":{\"@id\":\"https:\\\/\\\/epsapps.udg.edu\\\/cidsav\\\/micropbiomes-3\\\/#primaryimage\"},\"thumbnailUrl\":\"https:\\\/\\\/epsapps.udg.edu\\\/cidsav\\\/wp-content\\\/uploads\\\/2024\\\/03\\\/microbiomes-550x400.png\",\"datePublished\":\"2024-03-08T10:18:26+00:00\",\"dateModified\":\"2025-01-14T10:57:06+00:00\",\"breadcrumb\":{\"@id\":\"https:\\\/\\\/epsapps.udg.edu\\\/cidsav\\\/micropbiomes-3\\\/#breadcrumb\"},\"inLanguage\":\"es\",\"potentialAction\":[{\"@type\":\"ReadAction\",\"target\":[\"https:\\\/\\\/epsapps.udg.edu\\\/cidsav\\\/micropbiomes-3\\\/\"]}]},{\"@type\":\"ImageObject\",\"inLanguage\":\"es\",\"@id\":\"https:\\\/\\\/epsapps.udg.edu\\\/cidsav\\\/micropbiomes-3\\\/#primaryimage\",\"url\":\"https:\\\/\\\/epsapps.udg.edu\\\/cidsav\\\/wp-content\\\/uploads\\\/2024\\\/03\\\/microbiomes.png\",\"contentUrl\":\"https:\\\/\\\/epsapps.udg.edu\\\/cidsav\\\/wp-content\\\/uploads\\\/2024\\\/03\\\/microbiomes.png\",\"width\":1025,\"height\":726},{\"@type\":\"BreadcrumbList\",\"@id\":\"https:\\\/\\\/epsapps.udg.edu\\\/cidsav\\\/micropbiomes-3\\\/#breadcrumb\",\"itemListElement\":[{\"@type\":\"ListItem\",\"position\":1,\"name\":\"Portada\",\"item\":\"https:\\\/\\\/epsapps.udg.edu\\\/cidsav\\\/\"},{\"@type\":\"ListItem\",\"position\":2,\"name\":\"Micropbiomes\"}]},{\"@type\":\"WebSite\",\"@id\":\"https:\\\/\\\/epsapps.udg.edu\\\/cidsav\\\/#website\",\"url\":\"https:\\\/\\\/epsapps.udg.edu\\\/cidsav\\\/\",\"name\":\"CIDSAV\",\"description\":\"\",\"publisher\":{\"@id\":\"https:\\\/\\\/epsapps.udg.edu\\\/cidsav\\\/#organization\"},\"potentialAction\":[{\"@type\":\"SearchAction\",\"target\":{\"@type\":\"EntryPoint\",\"urlTemplate\":\"https:\\\/\\\/epsapps.udg.edu\\\/cidsav\\\/?s={search_term_string}\"},\"query-input\":{\"@type\":\"PropertyValueSpecification\",\"valueRequired\":true,\"valueName\":\"search_term_string\"}}],\"inLanguage\":\"es\"},{\"@type\":\"Organization\",\"@id\":\"https:\\\/\\\/epsapps.udg.edu\\\/cidsav\\\/#organization\",\"name\":\"CIDSAV\",\"url\":\"https:\\\/\\\/epsapps.udg.edu\\\/cidsav\\\/\",\"logo\":{\"@type\":\"ImageObject\",\"inLanguage\":\"es\",\"@id\":\"https:\\\/\\\/epsapps.udg.edu\\\/cidsav\\\/#\\\/schema\\\/logo\\\/image\\\/\",\"url\":\"https:\\\/\\\/epsapps.udg.edu\\\/cidsav\\\/wp-content\\\/uploads\\\/2019\\\/09\\\/Logo-3-idomes-CIDSAV-verd-03.png\",\"contentUrl\":\"https:\\\/\\\/epsapps.udg.edu\\\/cidsav\\\/wp-content\\\/uploads\\\/2019\\\/09\\\/Logo-3-idomes-CIDSAV-verd-03.png\",\"width\":1181,\"height\":1054,\"caption\":\"CIDSAV\"},\"image\":{\"@id\":\"https:\\\/\\\/epsapps.udg.edu\\\/cidsav\\\/#\\\/schema\\\/logo\\\/image\\\/\"},\"sameAs\":[\"https:\\\/\\\/www.instagram.com\\\/cidsav_udg\\\/?igsh=eDU0dzNpc2JzdG8y#\"]}]}<\/script>\n<!-- \/ Yoast SEO plugin. -->","yoast_head_json":{"title":"Micropbiomes","robots":{"index":"index","follow":"follow","max-snippet":"max-snippet:-1","max-image-preview":"max-image-preview:large","max-video-preview":"max-video-preview:-1"},"canonical":"https:\/\/epsapps.udg.edu\/cidsav\/micropbiomes-3\/","og_locale":"es_ES","og_type":"article","og_title":"Micropbiomes","og_description":"Aprofitament de les comunitats microbianas dels cultius i de consorcis sint\u00e9tics per millorar l\u2019aptitud dels cultius. Europa s&#8217;enfronta a un \u00e8poques de sequera i onades [&hellip;]","og_url":"https:\/\/epsapps.udg.edu\/cidsav\/micropbiomes-3\/","og_site_name":"CIDSAV","article_modified_time":"2025-01-14T10:57:06+00:00","og_image":[{"url":"https:\/\/epsapps.udg.edu\/cidsav\/wp-content\/uploads\/2024\/03\/microbiomes-550x400.png","type":"","width":"","height":""}],"twitter_card":"summary_large_image","twitter_misc":{"Tiempo de lectura":"2 minutos"},"schema":{"@context":"https:\/\/schema.org","@graph":[{"@type":"WebPage","@id":"https:\/\/epsapps.udg.edu\/cidsav\/micropbiomes-3\/","url":"https:\/\/epsapps.udg.edu\/cidsav\/micropbiomes-3\/","name":"Micropbiomes","isPartOf":{"@id":"https:\/\/epsapps.udg.edu\/cidsav\/#website"},"primaryImageOfPage":{"@id":"https:\/\/epsapps.udg.edu\/cidsav\/micropbiomes-3\/#primaryimage"},"image":{"@id":"https:\/\/epsapps.udg.edu\/cidsav\/micropbiomes-3\/#primaryimage"},"thumbnailUrl":"https:\/\/epsapps.udg.edu\/cidsav\/wp-content\/uploads\/2024\/03\/microbiomes-550x400.png","datePublished":"2024-03-08T10:18:26+00:00","dateModified":"2025-01-14T10:57:06+00:00","breadcrumb":{"@id":"https:\/\/epsapps.udg.edu\/cidsav\/micropbiomes-3\/#breadcrumb"},"inLanguage":"es","potentialAction":[{"@type":"ReadAction","target":["https:\/\/epsapps.udg.edu\/cidsav\/micropbiomes-3\/"]}]},{"@type":"ImageObject","inLanguage":"es","@id":"https:\/\/epsapps.udg.edu\/cidsav\/micropbiomes-3\/#primaryimage","url":"https:\/\/epsapps.udg.edu\/cidsav\/wp-content\/uploads\/2024\/03\/microbiomes.png","contentUrl":"https:\/\/epsapps.udg.edu\/cidsav\/wp-content\/uploads\/2024\/03\/microbiomes.png","width":1025,"height":726},{"@type":"BreadcrumbList","@id":"https:\/\/epsapps.udg.edu\/cidsav\/micropbiomes-3\/#breadcrumb","itemListElement":[{"@type":"ListItem","position":1,"name":"Portada","item":"https:\/\/epsapps.udg.edu\/cidsav\/"},{"@type":"ListItem","position":2,"name":"Micropbiomes"}]},{"@type":"WebSite","@id":"https:\/\/epsapps.udg.edu\/cidsav\/#website","url":"https:\/\/epsapps.udg.edu\/cidsav\/","name":"CIDSAV","description":"","publisher":{"@id":"https:\/\/epsapps.udg.edu\/cidsav\/#organization"},"potentialAction":[{"@type":"SearchAction","target":{"@type":"EntryPoint","urlTemplate":"https:\/\/epsapps.udg.edu\/cidsav\/?s={search_term_string}"},"query-input":{"@type":"PropertyValueSpecification","valueRequired":true,"valueName":"search_term_string"}}],"inLanguage":"es"},{"@type":"Organization","@id":"https:\/\/epsapps.udg.edu\/cidsav\/#organization","name":"CIDSAV","url":"https:\/\/epsapps.udg.edu\/cidsav\/","logo":{"@type":"ImageObject","inLanguage":"es","@id":"https:\/\/epsapps.udg.edu\/cidsav\/#\/schema\/logo\/image\/","url":"https:\/\/epsapps.udg.edu\/cidsav\/wp-content\/uploads\/2019\/09\/Logo-3-idomes-CIDSAV-verd-03.png","contentUrl":"https:\/\/epsapps.udg.edu\/cidsav\/wp-content\/uploads\/2019\/09\/Logo-3-idomes-CIDSAV-verd-03.png","width":1181,"height":1054,"caption":"CIDSAV"},"image":{"@id":"https:\/\/epsapps.udg.edu\/cidsav\/#\/schema\/logo\/image\/"},"sameAs":["https:\/\/www.instagram.com\/cidsav_udg\/?igsh=eDU0dzNpc2JzdG8y#"]}]}},"uagb_featured_image_src":{"full":false,"thumbnail":false,"medium":false,"medium_large":false,"large":false,"1536x1536":false,"2048x2048":false,"sydney-large-thumb":false,"sydney-medium-thumb":false,"sydney-small-thumb":false,"sydney-service-thumb":false,"sydney-mas-thumb":false},"uagb_author_info":{"display_name":"Cidsav","author_link":"https:\/\/epsapps.udg.edu\/cidsav\/author\/cidsav0140\/"},"uagb_comment_info":0,"uagb_excerpt":"Aprofitament de les comunitats microbianas dels cultius i de consorcis sint\u00e9tics per millorar l\u2019aptitud dels cultius. Europa s&#8217;enfronta a un \u00e8poques de sequera i onades [&hellip;]","_links":{"self":[{"href":"https:\/\/epsapps.udg.edu\/cidsav\/wp-json\/wp\/v2\/pages\/7176","targetHints":{"allow":["GET"]}}],"collection":[{"href":"https:\/\/epsapps.udg.edu\/cidsav\/wp-json\/wp\/v2\/pages"}],"about":[{"href":"https:\/\/epsapps.udg.edu\/cidsav\/wp-json\/wp\/v2\/types\/page"}],"author":[{"embeddable":true,"href":"https:\/\/epsapps.udg.edu\/cidsav\/wp-json\/wp\/v2\/users\/1"}],"replies":[{"embeddable":true,"href":"https:\/\/epsapps.udg.edu\/cidsav\/wp-json\/wp\/v2\/comments?post=7176"}],"version-history":[{"count":0,"href":"https:\/\/epsapps.udg.edu\/cidsav\/wp-json\/wp\/v2\/pages\/7176\/revisions"}],"wp:attachment":[{"href":"https:\/\/epsapps.udg.edu\/cidsav\/wp-json\/wp\/v2\/media?parent=7176"}],"curies":[{"name":"wp","href":"https:\/\/api.w.org\/{rel}","templated":true}]}}