{"id":7171,"date":"2024-03-08T10:49:44","date_gmt":"2024-03-08T09:49:44","guid":{"rendered":"https:\/\/epsapps.udg.edu\/cidsav\/?page_id=7171"},"modified":"2025-01-14T11:25:56","modified_gmt":"2025-01-14T10:25:56","slug":"micropbiomes-2","status":"publish","type":"page","link":"https:\/\/epsapps.udg.edu\/cidsav\/es\/micropbiomes-2\/","title":{"rendered":"Micropbiomes"},"content":{"rendered":"\t\t<div data-elementor-type=\"wp-page\" data-elementor-id=\"7171\" class=\"elementor elementor-7171\">\n\t\t\t\t\t\t<section class=\"elementor-section elementor-top-section elementor-element elementor-element-770bdc93 elementor-section-boxed elementor-section-height-default elementor-section-height-default\" data-id=\"770bdc93\" data-element_type=\"section\" data-e-type=\"section\">\n\t\t\t\t\t\t<div class=\"elementor-container elementor-column-gap-no\">\n\t\t\t\t\t<div class=\"elementor-column elementor-col-100 elementor-top-column elementor-element elementor-element-5bf7f3c9\" data-id=\"5bf7f3c9\" data-element_type=\"column\" data-e-type=\"column\">\n\t\t\t<div class=\"elementor-widget-wrap elementor-element-populated\">\n\t\t\t\t\t\t<div class=\"elementor-element elementor-element-160af3b2 elementor-widget elementor-widget-image\" data-id=\"160af3b2\" data-element_type=\"widget\" data-e-type=\"widget\" data-widget_type=\"image.default\">\n\t\t\t\t<div class=\"elementor-widget-container\">\n\t\t\t\t\t\t\t\t\t\t\t\t\t\t\t<img fetchpriority=\"high\" decoding=\"async\" width=\"550\" height=\"400\" src=\"https:\/\/epsapps.udg.edu\/cidsav\/wp-content\/uploads\/2024\/03\/microbiomes-550x400.png\" class=\"attachment-sydney-medium-thumb size-sydney-medium-thumb wp-image-7120\" alt=\"\" \/>\t\t\t\t\t\t\t\t\t\t\t\t\t\t\t<\/div>\n\t\t\t\t<\/div>\n\t\t\t\t<div class=\"elementor-element elementor-element-ea62054 elementor-widget elementor-widget-text-editor\" data-id=\"ea62054\" data-element_type=\"widget\" data-e-type=\"widget\" data-widget_type=\"text-editor.default\">\n\t\t\t\t<div class=\"elementor-widget-container\">\n\t\t\t\t\t\t\t\t\t<h5 style=\"text-align: center;\"><strong>Aprovechamiento de las comunidades microbianas en los cultivos y de consorcios sint\u00e9ticos para mejorar la aptitud de los cultivos<\/strong><\/h5>\t\t\t\t\t\t\t\t<\/div>\n\t\t\t\t<\/div>\n\t\t\t\t<div class=\"elementor-element elementor-element-33a97dad elementor-widget-divider--view-line elementor-widget elementor-widget-divider\" data-id=\"33a97dad\" data-element_type=\"widget\" data-e-type=\"widget\" data-widget_type=\"divider.default\">\n\t\t\t\t<div class=\"elementor-widget-container\">\n\t\t\t\t\t\t\t<div class=\"elementor-divider\">\n\t\t\t<span class=\"elementor-divider-separator\">\n\t\t\t\t\t\t<\/span>\n\t\t<\/div>\n\t\t\t\t\t\t<\/div>\n\t\t\t\t<\/div>\n\t\t\t\t<div class=\"elementor-element elementor-element-619177f9 elementor-widget elementor-widget-text-editor\" data-id=\"619177f9\" data-element_type=\"widget\" data-e-type=\"widget\" data-widget_type=\"text-editor.default\">\n\t\t\t\t<div class=\"elementor-widget-container\">\n\t\t\t\t\t\t\t\t\t<p style=\"text-align: justify;\">Europa se enfrenta a \u00e9pocas de sequ\u00eda y olas de calor cada vez m\u00e1s frecuentes y tambi\u00e9n a la aparici\u00f3n de nuevas enfermedades. Por este motivo, es necesario desarrollar alternativas a los actuales sistemas agr\u00edcolas que dependen en gran medida de los agroqu\u00edmicos y el agua. La Acci\u00f3n CropBiomes surge de la necesidad urgente de una transici\u00f3n hacia una agricultura sostenible que garantice la seguridad alimentaria, alineada tanto con el GreenDeal como con la estrategia \u00abDe la granja a la mesa\u00bb.<br \/>El objetivo de esta Acci\u00f3n Cost es coordinar el conocimiento actual sobre las relaciones presentes en el microbioma de las plantas y conocer su potencial para aumentar la resistencia del holobioma de los cultivos a la sequ\u00eda y el calor, o a las enfermedades. La Acci\u00f3n tambi\u00e9n tiene como objetivo explorar nuevos avances en la ingenier\u00eda de microbiomas y ayudar en los programas de gesti\u00f3n y pol\u00edticas para mejorar la resiliencia de las plantas de cultivo.<\/p><p style=\"text-align: justify;\"><em>\u00a0<\/em>En la Acci\u00f3n participan 164 investigadores, que trabajan en los cinco Grupos de Trabajo (GT) que componen la acci\u00f3n.<\/p><p style=\"text-align: justify;\"><strong>Los objetivos de estos grupos son:\u00a0 <\/strong><\/p><ul style=\"text-align: justify;\"><li>GT1 Explotaci\u00f3n de las interrelaciones moleculares entre plantas y microbiomas: diversidad, distribuci\u00f3n y perspectivas ecoevolutivas<\/li><li>GT2 Din\u00e1mica de la creaci\u00f3n y selecci\u00f3n de microbiomas de las plantas de cultivos en entornos espec\u00edficos<\/li><li>GT3 Microbiomas de cultivos y enfermedades de las plantas: de la disbiosis al aumento de defensas<\/li><li>GT4 De los inoculantes microbianos actuales a las comunidades sint\u00e9ticas<\/li><li>GT5 Comunicaci\u00f3n y compromiso con la sociedad<\/li><\/ul><p style=\"text-align: justify;\">La Acci\u00f3n Cost definir\u00e1 nuevos conceptos sobre temas como la diversidad, distribuci\u00f3n, ecoevoluci\u00f3n, interrelaciones y la din\u00e1mica de los microbiomas\/holobiomas en entornos espec\u00edficos como sistemas sin suelo y frente a factores estresantes ambientales (sequ\u00eda\/calor, pat\u00f3genos). Finalmente, la Acci\u00f3n explorar\u00e1 el microbioma vegetal como fuente de asociaciones beneficiosas de microorganismos y explotar\u00e1 tecnolog\u00edas para dise\u00f1ar los microbiomas (a trav\u00e9s de comunidades sint\u00e9ticas). La Acci\u00f3n reunir\u00e1 a investigadores experimentados y noveles, as\u00ed como a diferentes sectores interesados, y contribuir\u00e1 a la competitividad de Europa en este campo.<\/p><p style=\"text-align: justify;\">Esta Acci\u00f3n Cost es un proyecto de cuatro a\u00f1os que se inici\u00f3 el pasado 02\/10\/2023 y finaliza el 01\/10\/2027 financiado por la UE mediante la Acci\u00f3n Cost CA22158.<\/p><p style=\"text-align: justify;\">Para m\u00e1s informaci\u00f3n, consulte la p\u00e1gina web: <a href=\"https:\/\/www.cost.eu\/actions\/CA22158\/\">https:\/\/www.cost.eu\/actions\/CA22158\/<\/a> y\u00a0 la p\u00e1gina web del proyecto: <a href=\"https:\/\/micropbiomes.eu\/\">https:\/\/micropbiomes.eu\/<\/a><\/p>\t\t\t\t\t\t\t\t<\/div>\n\t\t\t\t<\/div>\n\t\t\t\t\t<\/div>\n\t\t<\/div>\n\t\t\t\t\t<\/div>\n\t\t<\/section>\n\t\t\t\t<section class=\"elementor-section elementor-top-section elementor-element elementor-element-5ebd8dbd elementor-section-boxed elementor-section-height-default elementor-section-height-default\" data-id=\"5ebd8dbd\" data-element_type=\"section\" data-e-type=\"section\">\n\t\t\t\t\t\t<div class=\"elementor-container elementor-column-gap-default\">\n\t\t\t\t\t<div class=\"elementor-column elementor-col-100 elementor-top-column elementor-element elementor-element-f8c85ef\" data-id=\"f8c85ef\" data-element_type=\"column\" data-e-type=\"column\">\n\t\t\t<div class=\"elementor-widget-wrap elementor-element-populated\">\n\t\t\t\t\t\t<div class=\"elementor-element elementor-element-27532d1f elementor-widget-divider--view-line elementor-widget elementor-widget-divider\" data-id=\"27532d1f\" data-element_type=\"widget\" data-e-type=\"widget\" data-widget_type=\"divider.default\">\n\t\t\t\t<div class=\"elementor-widget-container\">\n\t\t\t\t\t\t\t<div class=\"elementor-divider\">\n\t\t\t<span class=\"elementor-divider-separator\">\n\t\t\t\t\t\t<\/span>\n\t\t<\/div>\n\t\t\t\t\t\t<\/div>\n\t\t\t\t<\/div>\n\t\t\t\t\t<\/div>\n\t\t<\/div>\n\t\t\t\t\t<\/div>\n\t\t<\/section>\n\t\t\t\t<section class=\"elementor-section elementor-top-section elementor-element elementor-element-123f921 elementor-section-boxed elementor-section-height-default elementor-section-height-default\" data-id=\"123f921\" data-element_type=\"section\" data-e-type=\"section\">\n\t\t\t\t\t\t<div class=\"elementor-container elementor-column-gap-default\">\n\t\t\t\t\t<div class=\"elementor-column elementor-col-50 elementor-top-column elementor-element elementor-element-a92d226\" data-id=\"a92d226\" data-element_type=\"column\" data-e-type=\"column\">\n\t\t\t<div class=\"elementor-widget-wrap elementor-element-populated\">\n\t\t\t\t\t\t<div class=\"elementor-element elementor-element-235454b elementor-widget elementor-widget-image\" data-id=\"235454b\" data-element_type=\"widget\" data-e-type=\"widget\" data-widget_type=\"image.default\">\n\t\t\t\t<div class=\"elementor-widget-container\">\n\t\t\t\t\t\t\t\t\t\t\t\t\t\t\t<img decoding=\"async\" width=\"350\" height=\"164\" src=\"https:\/\/epsapps.udg.edu\/cidsav\/wp-content\/uploads\/2024\/03\/COST_LOGO_rgb_highresolution-350x164.jpg\" class=\"attachment-sydney-service-thumb size-sydney-service-thumb wp-image-7166\" alt=\"\" srcset=\"https:\/\/epsapps.udg.edu\/cidsav\/wp-content\/uploads\/2024\/03\/COST_LOGO_rgb_highresolution-350x164.jpg 350w, https:\/\/epsapps.udg.edu\/cidsav\/wp-content\/uploads\/2024\/03\/COST_LOGO_rgb_highresolution-300x141.jpg 300w, https:\/\/epsapps.udg.edu\/cidsav\/wp-content\/uploads\/2024\/03\/COST_LOGO_rgb_highresolution-1024x481.jpg 1024w, https:\/\/epsapps.udg.edu\/cidsav\/wp-content\/uploads\/2024\/03\/COST_LOGO_rgb_highresolution-768x360.jpg 768w, https:\/\/epsapps.udg.edu\/cidsav\/wp-content\/uploads\/2024\/03\/COST_LOGO_rgb_highresolution-1536x721.jpg 1536w, https:\/\/epsapps.udg.edu\/cidsav\/wp-content\/uploads\/2024\/03\/COST_LOGO_rgb_highresolution-2048x961.jpg 2048w, https:\/\/epsapps.udg.edu\/cidsav\/wp-content\/uploads\/2024\/03\/COST_LOGO_rgb_highresolution-1000x469.jpg 1000w, https:\/\/epsapps.udg.edu\/cidsav\/wp-content\/uploads\/2024\/03\/COST_LOGO_rgb_highresolution-230x108.jpg 230w, https:\/\/epsapps.udg.edu\/cidsav\/wp-content\/uploads\/2024\/03\/COST_LOGO_rgb_highresolution-480x225.jpg 480w\" sizes=\"(max-width: 350px) 100vw, 350px\" \/>\t\t\t\t\t\t\t\t\t\t\t\t\t\t\t<\/div>\n\t\t\t\t<\/div>\n\t\t\t\t\t<\/div>\n\t\t<\/div>\n\t\t\t\t<div class=\"elementor-column elementor-col-50 elementor-top-column elementor-element elementor-element-0a19e8c\" data-id=\"0a19e8c\" data-element_type=\"column\" data-e-type=\"column\">\n\t\t\t<div class=\"elementor-widget-wrap elementor-element-populated\">\n\t\t\t\t\t\t<div class=\"elementor-element elementor-element-c9de4ee elementor-widget elementor-widget-image\" data-id=\"c9de4ee\" data-element_type=\"widget\" data-e-type=\"widget\" data-widget_type=\"image.default\">\n\t\t\t\t<div class=\"elementor-widget-container\">\n\t\t\t\t\t\t\t\t\t\t\t\t\t\t\t<img decoding=\"async\" width=\"768\" height=\"161\" src=\"https:\/\/epsapps.udg.edu\/cidsav\/wp-content\/uploads\/2024\/03\/EN-Funded-by-the-EU-POS-768x161.png\" class=\"attachment-medium_large size-medium_large wp-image-7167\" alt=\"\" srcset=\"https:\/\/epsapps.udg.edu\/cidsav\/wp-content\/uploads\/2024\/03\/EN-Funded-by-the-EU-POS-768x161.png 768w, https:\/\/epsapps.udg.edu\/cidsav\/wp-content\/uploads\/2024\/03\/EN-Funded-by-the-EU-POS-300x63.png 300w, https:\/\/epsapps.udg.edu\/cidsav\/wp-content\/uploads\/2024\/03\/EN-Funded-by-the-EU-POS-1024x215.png 1024w, https:\/\/epsapps.udg.edu\/cidsav\/wp-content\/uploads\/2024\/03\/EN-Funded-by-the-EU-POS-1536x322.png 1536w, https:\/\/epsapps.udg.edu\/cidsav\/wp-content\/uploads\/2024\/03\/EN-Funded-by-the-EU-POS-2048x430.png 2048w, https:\/\/epsapps.udg.edu\/cidsav\/wp-content\/uploads\/2024\/03\/EN-Funded-by-the-EU-POS-1000x210.png 1000w, https:\/\/epsapps.udg.edu\/cidsav\/wp-content\/uploads\/2024\/03\/EN-Funded-by-the-EU-POS-230x48.png 230w, https:\/\/epsapps.udg.edu\/cidsav\/wp-content\/uploads\/2024\/03\/EN-Funded-by-the-EU-POS-350x73.png 350w, https:\/\/epsapps.udg.edu\/cidsav\/wp-content\/uploads\/2024\/03\/EN-Funded-by-the-EU-POS-480x101.png 480w\" sizes=\"(max-width: 768px) 100vw, 768px\" \/>\t\t\t\t\t\t\t\t\t\t\t\t\t\t\t<\/div>\n\t\t\t\t<\/div>\n\t\t\t\t\t<\/div>\n\t\t<\/div>\n\t\t\t\t\t<\/div>\n\t\t<\/section>\n\t\t\t\t<\/div>\n\t\t","protected":false},"excerpt":{"rendered":"<p>Aprovechamiento de las comunidades microbianas en los cultivos y de consorcios sint\u00e9ticos para mejorar la aptitud de los cultivos Europa se enfrenta a \u00e9pocas de [&hellip;]<\/p>\n","protected":false},"author":1,"featured_media":0,"parent":0,"menu_order":0,"comment_status":"closed","ping_status":"closed","template":"elementor_header_footer","meta":{"_uag_custom_page_level_css":"","footnotes":""},"class_list":["post-7171","page","type-page","status-publish","hentry"],"yoast_head":"<!-- This site is optimized with the Yoast SEO plugin v27.3 - https:\/\/yoast.com\/product\/yoast-seo-wordpress\/ -->\n<title>Micropbiomes<\/title>\n<meta name=\"robots\" content=\"index, follow, max-snippet:-1, max-image-preview:large, max-video-preview:-1\" \/>\n<link rel=\"canonical\" href=\"https:\/\/epsapps.udg.edu\/cidsav\/es\/micropbiomes-2\/\" \/>\n<meta property=\"og:locale\" content=\"es_ES\" \/>\n<meta property=\"og:type\" content=\"article\" \/>\n<meta property=\"og:title\" content=\"Micropbiomes\" \/>\n<meta property=\"og:description\" content=\"Aprovechamiento de las comunidades microbianas en los cultivos y de consorcios sint\u00e9ticos para mejorar la aptitud de los cultivos Europa se enfrenta a \u00e9pocas de [&hellip;]\" \/>\n<meta property=\"og:url\" content=\"https:\/\/epsapps.udg.edu\/cidsav\/es\/micropbiomes-2\/\" \/>\n<meta property=\"og:site_name\" content=\"CIDSAV\" \/>\n<meta property=\"article:modified_time\" content=\"2025-01-14T10:25:56+00:00\" \/>\n<meta property=\"og:image\" content=\"https:\/\/epsapps.udg.edu\/cidsav\/wp-content\/uploads\/2024\/03\/microbiomes-550x400.png\" \/>\n<meta name=\"twitter:card\" content=\"summary_large_image\" \/>\n<meta name=\"twitter:label1\" content=\"Tiempo de lectura\" \/>\n\t<meta name=\"twitter:data1\" content=\"2 minutos\" \/>\n<script type=\"application\/ld+json\" class=\"yoast-schema-graph\">{\"@context\":\"https:\\\/\\\/schema.org\",\"@graph\":[{\"@type\":\"WebPage\",\"@id\":\"https:\\\/\\\/epsapps.udg.edu\\\/cidsav\\\/es\\\/micropbiomes-2\\\/\",\"url\":\"https:\\\/\\\/epsapps.udg.edu\\\/cidsav\\\/es\\\/micropbiomes-2\\\/\",\"name\":\"Micropbiomes\",\"isPartOf\":{\"@id\":\"https:\\\/\\\/epsapps.udg.edu\\\/cidsav\\\/#website\"},\"primaryImageOfPage\":{\"@id\":\"https:\\\/\\\/epsapps.udg.edu\\\/cidsav\\\/es\\\/micropbiomes-2\\\/#primaryimage\"},\"image\":{\"@id\":\"https:\\\/\\\/epsapps.udg.edu\\\/cidsav\\\/es\\\/micropbiomes-2\\\/#primaryimage\"},\"thumbnailUrl\":\"https:\\\/\\\/epsapps.udg.edu\\\/cidsav\\\/wp-content\\\/uploads\\\/2024\\\/03\\\/microbiomes-550x400.png\",\"datePublished\":\"2024-03-08T09:49:44+00:00\",\"dateModified\":\"2025-01-14T10:25:56+00:00\",\"breadcrumb\":{\"@id\":\"https:\\\/\\\/epsapps.udg.edu\\\/cidsav\\\/es\\\/micropbiomes-2\\\/#breadcrumb\"},\"inLanguage\":\"es\",\"potentialAction\":[{\"@type\":\"ReadAction\",\"target\":[\"https:\\\/\\\/epsapps.udg.edu\\\/cidsav\\\/es\\\/micropbiomes-2\\\/\"]}]},{\"@type\":\"ImageObject\",\"inLanguage\":\"es\",\"@id\":\"https:\\\/\\\/epsapps.udg.edu\\\/cidsav\\\/es\\\/micropbiomes-2\\\/#primaryimage\",\"url\":\"https:\\\/\\\/epsapps.udg.edu\\\/cidsav\\\/wp-content\\\/uploads\\\/2024\\\/03\\\/microbiomes.png\",\"contentUrl\":\"https:\\\/\\\/epsapps.udg.edu\\\/cidsav\\\/wp-content\\\/uploads\\\/2024\\\/03\\\/microbiomes.png\",\"width\":1025,\"height\":726},{\"@type\":\"BreadcrumbList\",\"@id\":\"https:\\\/\\\/epsapps.udg.edu\\\/cidsav\\\/es\\\/micropbiomes-2\\\/#breadcrumb\",\"itemListElement\":[{\"@type\":\"ListItem\",\"position\":1,\"name\":\"Portada\",\"item\":\"https:\\\/\\\/epsapps.udg.edu\\\/cidsav\\\/\"},{\"@type\":\"ListItem\",\"position\":2,\"name\":\"Micropbiomes\"}]},{\"@type\":\"WebSite\",\"@id\":\"https:\\\/\\\/epsapps.udg.edu\\\/cidsav\\\/#website\",\"url\":\"https:\\\/\\\/epsapps.udg.edu\\\/cidsav\\\/\",\"name\":\"CIDSAV\",\"description\":\"\",\"publisher\":{\"@id\":\"https:\\\/\\\/epsapps.udg.edu\\\/cidsav\\\/#organization\"},\"potentialAction\":[{\"@type\":\"SearchAction\",\"target\":{\"@type\":\"EntryPoint\",\"urlTemplate\":\"https:\\\/\\\/epsapps.udg.edu\\\/cidsav\\\/?s={search_term_string}\"},\"query-input\":{\"@type\":\"PropertyValueSpecification\",\"valueRequired\":true,\"valueName\":\"search_term_string\"}}],\"inLanguage\":\"es\"},{\"@type\":\"Organization\",\"@id\":\"https:\\\/\\\/epsapps.udg.edu\\\/cidsav\\\/#organization\",\"name\":\"CIDSAV\",\"url\":\"https:\\\/\\\/epsapps.udg.edu\\\/cidsav\\\/\",\"logo\":{\"@type\":\"ImageObject\",\"inLanguage\":\"es\",\"@id\":\"https:\\\/\\\/epsapps.udg.edu\\\/cidsav\\\/#\\\/schema\\\/logo\\\/image\\\/\",\"url\":\"https:\\\/\\\/epsapps.udg.edu\\\/cidsav\\\/wp-content\\\/uploads\\\/2019\\\/09\\\/Logo-3-idomes-CIDSAV-verd-03.png\",\"contentUrl\":\"https:\\\/\\\/epsapps.udg.edu\\\/cidsav\\\/wp-content\\\/uploads\\\/2019\\\/09\\\/Logo-3-idomes-CIDSAV-verd-03.png\",\"width\":1181,\"height\":1054,\"caption\":\"CIDSAV\"},\"image\":{\"@id\":\"https:\\\/\\\/epsapps.udg.edu\\\/cidsav\\\/#\\\/schema\\\/logo\\\/image\\\/\"},\"sameAs\":[\"https:\\\/\\\/www.instagram.com\\\/cidsav_udg\\\/?igsh=eDU0dzNpc2JzdG8y#\"]}]}<\/script>\n<!-- \/ Yoast SEO plugin. -->","yoast_head_json":{"title":"Micropbiomes","robots":{"index":"index","follow":"follow","max-snippet":"max-snippet:-1","max-image-preview":"max-image-preview:large","max-video-preview":"max-video-preview:-1"},"canonical":"https:\/\/epsapps.udg.edu\/cidsav\/es\/micropbiomes-2\/","og_locale":"es_ES","og_type":"article","og_title":"Micropbiomes","og_description":"Aprovechamiento de las comunidades microbianas en los cultivos y de consorcios sint\u00e9ticos para mejorar la aptitud de los cultivos Europa se enfrenta a \u00e9pocas de [&hellip;]","og_url":"https:\/\/epsapps.udg.edu\/cidsav\/es\/micropbiomes-2\/","og_site_name":"CIDSAV","article_modified_time":"2025-01-14T10:25:56+00:00","og_image":[{"url":"https:\/\/epsapps.udg.edu\/cidsav\/wp-content\/uploads\/2024\/03\/microbiomes-550x400.png","type":"","width":"","height":""}],"twitter_card":"summary_large_image","twitter_misc":{"Tiempo de lectura":"2 minutos"},"schema":{"@context":"https:\/\/schema.org","@graph":[{"@type":"WebPage","@id":"https:\/\/epsapps.udg.edu\/cidsav\/es\/micropbiomes-2\/","url":"https:\/\/epsapps.udg.edu\/cidsav\/es\/micropbiomes-2\/","name":"Micropbiomes","isPartOf":{"@id":"https:\/\/epsapps.udg.edu\/cidsav\/#website"},"primaryImageOfPage":{"@id":"https:\/\/epsapps.udg.edu\/cidsav\/es\/micropbiomes-2\/#primaryimage"},"image":{"@id":"https:\/\/epsapps.udg.edu\/cidsav\/es\/micropbiomes-2\/#primaryimage"},"thumbnailUrl":"https:\/\/epsapps.udg.edu\/cidsav\/wp-content\/uploads\/2024\/03\/microbiomes-550x400.png","datePublished":"2024-03-08T09:49:44+00:00","dateModified":"2025-01-14T10:25:56+00:00","breadcrumb":{"@id":"https:\/\/epsapps.udg.edu\/cidsav\/es\/micropbiomes-2\/#breadcrumb"},"inLanguage":"es","potentialAction":[{"@type":"ReadAction","target":["https:\/\/epsapps.udg.edu\/cidsav\/es\/micropbiomes-2\/"]}]},{"@type":"ImageObject","inLanguage":"es","@id":"https:\/\/epsapps.udg.edu\/cidsav\/es\/micropbiomes-2\/#primaryimage","url":"https:\/\/epsapps.udg.edu\/cidsav\/wp-content\/uploads\/2024\/03\/microbiomes.png","contentUrl":"https:\/\/epsapps.udg.edu\/cidsav\/wp-content\/uploads\/2024\/03\/microbiomes.png","width":1025,"height":726},{"@type":"BreadcrumbList","@id":"https:\/\/epsapps.udg.edu\/cidsav\/es\/micropbiomes-2\/#breadcrumb","itemListElement":[{"@type":"ListItem","position":1,"name":"Portada","item":"https:\/\/epsapps.udg.edu\/cidsav\/"},{"@type":"ListItem","position":2,"name":"Micropbiomes"}]},{"@type":"WebSite","@id":"https:\/\/epsapps.udg.edu\/cidsav\/#website","url":"https:\/\/epsapps.udg.edu\/cidsav\/","name":"CIDSAV","description":"","publisher":{"@id":"https:\/\/epsapps.udg.edu\/cidsav\/#organization"},"potentialAction":[{"@type":"SearchAction","target":{"@type":"EntryPoint","urlTemplate":"https:\/\/epsapps.udg.edu\/cidsav\/?s={search_term_string}"},"query-input":{"@type":"PropertyValueSpecification","valueRequired":true,"valueName":"search_term_string"}}],"inLanguage":"es"},{"@type":"Organization","@id":"https:\/\/epsapps.udg.edu\/cidsav\/#organization","name":"CIDSAV","url":"https:\/\/epsapps.udg.edu\/cidsav\/","logo":{"@type":"ImageObject","inLanguage":"es","@id":"https:\/\/epsapps.udg.edu\/cidsav\/#\/schema\/logo\/image\/","url":"https:\/\/epsapps.udg.edu\/cidsav\/wp-content\/uploads\/2019\/09\/Logo-3-idomes-CIDSAV-verd-03.png","contentUrl":"https:\/\/epsapps.udg.edu\/cidsav\/wp-content\/uploads\/2019\/09\/Logo-3-idomes-CIDSAV-verd-03.png","width":1181,"height":1054,"caption":"CIDSAV"},"image":{"@id":"https:\/\/epsapps.udg.edu\/cidsav\/#\/schema\/logo\/image\/"},"sameAs":["https:\/\/www.instagram.com\/cidsav_udg\/?igsh=eDU0dzNpc2JzdG8y#"]}]}},"uagb_featured_image_src":{"full":false,"thumbnail":false,"medium":false,"medium_large":false,"large":false,"1536x1536":false,"2048x2048":false,"sydney-large-thumb":false,"sydney-medium-thumb":false,"sydney-small-thumb":false,"sydney-service-thumb":false,"sydney-mas-thumb":false},"uagb_author_info":{"display_name":"Cidsav","author_link":"https:\/\/epsapps.udg.edu\/cidsav\/author\/cidsav0140\/"},"uagb_comment_info":0,"uagb_excerpt":"Aprovechamiento de las comunidades microbianas en los cultivos y de consorcios sint\u00e9ticos para mejorar la aptitud de los cultivos Europa se enfrenta a \u00e9pocas de [&hellip;]","_links":{"self":[{"href":"https:\/\/epsapps.udg.edu\/cidsav\/wp-json\/wp\/v2\/pages\/7171","targetHints":{"allow":["GET"]}}],"collection":[{"href":"https:\/\/epsapps.udg.edu\/cidsav\/wp-json\/wp\/v2\/pages"}],"about":[{"href":"https:\/\/epsapps.udg.edu\/cidsav\/wp-json\/wp\/v2\/types\/page"}],"author":[{"embeddable":true,"href":"https:\/\/epsapps.udg.edu\/cidsav\/wp-json\/wp\/v2\/users\/1"}],"replies":[{"embeddable":true,"href":"https:\/\/epsapps.udg.edu\/cidsav\/wp-json\/wp\/v2\/comments?post=7171"}],"version-history":[{"count":0,"href":"https:\/\/epsapps.udg.edu\/cidsav\/wp-json\/wp\/v2\/pages\/7171\/revisions"}],"wp:attachment":[{"href":"https:\/\/epsapps.udg.edu\/cidsav\/wp-json\/wp\/v2\/media?parent=7171"}],"curies":[{"name":"wp","href":"https:\/\/api.w.org\/{rel}","templated":true}]}}