{"id":6864,"date":"2024-01-17T11:37:31","date_gmt":"2024-01-17T10:37:31","guid":{"rendered":"https:\/\/epsapps.udg.edu\/cidsav\/?page_id=6864"},"modified":"2024-04-25T12:33:28","modified_gmt":"2024-04-25T10:33:28","slug":"smartpepxyl-cat","status":"publish","type":"page","link":"https:\/\/epsapps.udg.edu\/cidsav\/smartpepxyl-cat\/","title":{"rendered":"SmartPEPXYL"},"content":{"rendered":"\t\t<div data-elementor-type=\"wp-page\" data-elementor-id=\"6864\" class=\"elementor elementor-6864\">\n\t\t\t\t\t\t<section class=\"elementor-section elementor-top-section elementor-element elementor-element-149354cb elementor-section-boxed elementor-section-height-default elementor-section-height-default\" data-id=\"149354cb\" data-element_type=\"section\" data-e-type=\"section\">\n\t\t\t\t\t\t<div class=\"elementor-container elementor-column-gap-no\">\n\t\t\t\t\t<div class=\"elementor-column elementor-col-100 elementor-top-column elementor-element elementor-element-11b9821e\" data-id=\"11b9821e\" data-element_type=\"column\" data-e-type=\"column\">\n\t\t\t<div class=\"elementor-widget-wrap elementor-element-populated\">\n\t\t\t\t\t\t<div class=\"elementor-element elementor-element-8e2f035 elementor-widget elementor-widget-heading\" data-id=\"8e2f035\" data-element_type=\"widget\" data-e-type=\"widget\" data-widget_type=\"heading.default\">\n\t\t\t\t<div class=\"elementor-widget-container\">\n\t\t\t\t\t<h1 class=\"elementor-heading-title elementor-size-default\">SmartPEPXYL\n<\/h1>\t\t\t\t<\/div>\n\t\t\t\t<\/div>\n\t\t\t\t<section class=\"elementor-section elementor-inner-section elementor-element elementor-element-9e569e7 elementor-section-boxed elementor-section-height-default elementor-section-height-default\" data-id=\"9e569e7\" data-element_type=\"section\" data-e-type=\"section\">\n\t\t\t\t\t\t<div class=\"elementor-container elementor-column-gap-default\">\n\t\t\t\t\t<div class=\"elementor-column elementor-col-100 elementor-inner-column elementor-element elementor-element-acfe770\" data-id=\"acfe770\" data-element_type=\"column\" data-e-type=\"column\">\n\t\t\t<div class=\"elementor-widget-wrap elementor-element-populated\">\n\t\t\t\t\t\t<div class=\"elementor-element elementor-element-ca6154b elementor-widget elementor-widget-text-editor\" data-id=\"ca6154b\" data-element_type=\"widget\" data-e-type=\"widget\" data-widget_type=\"text-editor.default\">\n\t\t\t\t<div class=\"elementor-widget-container\">\n\t\t\t\t\t\t\t\t\t<p style=\"text-align: center;\"><strong>Nous compostos basats en p\u00e8ptids com a productes fitosanitaris intel\u00b7ligents enfront a malalties causades per <em>Xylella fastidiosa<\/em><\/strong><\/p>\t\t\t\t\t\t\t\t<\/div>\n\t\t\t\t<\/div>\n\t\t\t\t\t<\/div>\n\t\t<\/div>\n\t\t\t\t\t<\/div>\n\t\t<\/section>\n\t\t\t\t<div class=\"elementor-element elementor-element-46519a1e elementor-widget-divider--view-line elementor-widget elementor-widget-divider\" data-id=\"46519a1e\" data-element_type=\"widget\" data-e-type=\"widget\" data-widget_type=\"divider.default\">\n\t\t\t\t<div class=\"elementor-widget-container\">\n\t\t\t\t\t\t\t<div class=\"elementor-divider\">\n\t\t\t<span class=\"elementor-divider-separator\">\n\t\t\t\t\t\t<\/span>\n\t\t<\/div>\n\t\t\t\t\t\t<\/div>\n\t\t\t\t<\/div>\n\t\t\t\t<div class=\"elementor-element elementor-element-69a524b3 elementor-widget elementor-widget-text-editor\" data-id=\"69a524b3\" data-element_type=\"widget\" data-e-type=\"widget\" data-widget_type=\"text-editor.default\">\n\t\t\t\t<div class=\"elementor-widget-container\">\n\t\t\t\t\t\t\t\t\t<p style=\"text-align: justify;\">El projecte SmartPEPXYL vol proporcionar nous compostos basats en p\u00e8ptids com a productes fitosanitaris intel\u00b7ligents enfront les malalties causades per <em>Xylella fastidiosa <\/em>(Xf). Aquest patogen bacteri\u00e0 que est\u00e0 limitat al xilema de les plantes i que es transmet mitjan\u00e7ant un insecte vector, provoca una gran varietat de malalties en cultius molt importants que tenen un elevat impacte econ\u00f2mic, com per exemple la vinya, l\u2019olivera i l\u2019ametller.<\/p><p style=\"text-align: justify;\">Aquest projecte es porta a terme en el marc de la UdG en col\u00b7laboraci\u00f3 amb el Laboratori d\u2019Innovaci\u00f3 en Processos i Productes de S\u00edntesis Org\u00e0nica (LIPPSO), amb qui s\u2019ha estat col\u00b7laborant durant els darrers anys en altres projectes.<\/p><p style=\"text-align: justify;\">L\u2019objectiu del projecte rau en assolir una activitat agr\u00edcola productiva desenvolupant nous compostos sostenibles basats en p\u00e8ptids, per a protegir els cultius enfront de Xf, reduint aix\u00ed els problemes que causen els productes fitosanitaris actuals, al mateix temps que compleixen amb els requeriments reguladors que demanen un impacte ambiental baix que \u00e9s el que est\u00e0 demandant els consumidors que cada vegada m\u00e9s cerquen productes amb aquestes caracter\u00edstiques per la protecci\u00f3 dels cultius. A m\u00e9s a m\u00e9s, el projecte est\u00e0 alineat amb els principis de la Directiva Europea (Directiva 2009\/128\/EC) i l\u2019estrat\u00e8gia del Pacte Verd Europeu (Green Deal) per reduir l\u2019impacte dels pesticides en la salut humana i el medi ambient.<\/p><p style=\"text-align: justify;\"><strong>En aquest projecte s\u2019identificaran nous compostos basats en p\u00e8ptids dirigits a factors de creixement i de virul\u00e8ncia de Xf i s\u2019elucidaran els mecanismes d\u2019acci\u00f3 dels p\u00e8ptids m\u00e9s interessants. <\/strong><\/p><p style=\"text-align: justify;\"><strong>Per assolir aquest objectiu, es proposen dos tipus de compostos basats en p\u00e8ptids: <\/strong><\/p><ul style=\"text-align: justify;\"><li>La primera classe de compostos que es proposen en aquest projecte com a potencials productes pel control de Xf son <strong>mol\u00e8cules antisentit, P\u00e8ptids \u00e0cido-Nucleics (PNAs) <\/strong>que estan dirigits a l\u2019ARN. Aquests compostos hibriden amb l\u2019ARN i en conseq\u00fc\u00e8ncia redueixen els nivells d\u2019expressi\u00f3 de les prote\u00efnes responsables de la patogenicitat i de la virul\u00e8ncia.<\/li><\/ul><ul style=\"text-align: justify;\"><li>La segona classe de compostos que es desenvoluparan en el projecte s\u00f3n <strong>els p\u00e8ptids dirigits a dianes (TOP)<\/strong>, en els que les dianes poden ser membranes, biofilm, o be estructures cel\u00b7lulars o dianes involucrades en la resposta defensiva de les plantes, o de manera m\u00e9s espec\u00edfica, dissenyant p\u00e8ptids que s\u2019uneixin a dominis conservats de prote\u00efnes que siguin factors de virul\u00e8ncia en Xf.<\/li><\/ul><p style=\"text-align: justify;\">Una vegada identificats els compostos basats en p\u00e8ptids m\u00e9s prometedors, es portaran a terme diferents estudis per <strong>elucidar el principal mecanisme d\u2019acci\u00f3. <\/strong><\/p><p style=\"text-align: justify;\"><strong>\u00a0<\/strong><strong>Les tres HIP\u00d2TESIS INICIALS DEL PROJECTE S\u00d3N: <\/strong><\/p><ul style=\"text-align: justify;\"><li>Els P\u00e8ptids \u00e0cido-mucleicd, (PNAs) i els <strong>p\u00e8ptids dirigits a dianes<\/strong> <strong>(TOP) <\/strong>proporcionaran <strong>nous tipus de compostos<\/strong> per a tractar les plantes susceptibles a Xf i reduir el proc\u00e9s d\u2019infecci\u00f3 y desenvolupament de la malaltia.<\/li><\/ul><ul style=\"text-align: justify;\"><li>Els PNAs i els Tops seleccionats<strong> podran optimitzar-se per a millorar el seu perfil biol\u00f2gic <\/strong>mitjan\u00e7ant la seva conjugaci\u00f3\/combinaci\u00f3 amb altres p\u00e8ptids o compostos no pept\u00eddics, com ara p\u00e8ptids <strong>que penetren en la c\u00e8l\u00b7lula (CCP), polifenols o l\u00edquids ani\u00f2nics, o mitjan\u00e7ant la incorporaci\u00f3 de modificacions estructurals.<\/strong><\/li><\/ul><ul style=\"text-align: justify;\"><li>L\u2019elucidaci\u00f3 de les dianes y els processos clau en els que intervenen els p\u00e8ptids l\u00edders seleccionats permetran el disseny racional per a noves i millores seq\u00fc\u00e8ncies i es podran posar les bases per una aplicaci\u00f3 del producte que aconsegueixi una alta efic\u00e0cia en el control de la malaltia.<\/li><\/ul><p style=\"text-align: justify;\">En resum, el projecte consisteix en el <strong>desenvolupament de nous compostos intel\u00b7ligents basats en p\u00e8ptids \u00e0cido-nucleics<\/strong> (PNAs) <strong>i p\u00e8ptids dirigits a dianes<\/strong> (TOPs) per a controlar el patogen bacteri\u00e0 o induint les defenses de les plantes amb l\u2019objectiu de prevenir la infecci\u00f3 o curar les plantes infectades de la malaltia.<\/p><p style=\"text-align: justify;\">Aquest \u00e9s un projecte de quatre anys de durada que va comen\u00e7ar el 2023 I acabar\u00e0 el 2027.<\/p>\t\t\t\t\t\t\t\t<\/div>\n\t\t\t\t<\/div>\n\t\t\t\t<section class=\"elementor-section elementor-inner-section elementor-element elementor-element-47b731b elementor-section-boxed elementor-section-height-default elementor-section-height-default\" data-id=\"47b731b\" data-element_type=\"section\" data-e-type=\"section\">\n\t\t\t\t\t\t<div class=\"elementor-container elementor-column-gap-default\">\n\t\t\t\t\t<div class=\"elementor-column elementor-col-25 elementor-inner-column elementor-element elementor-element-5b08d5d9\" data-id=\"5b08d5d9\" data-element_type=\"column\" data-e-type=\"column\">\n\t\t\t<div class=\"elementor-widget-wrap elementor-element-populated\">\n\t\t\t\t\t\t<div class=\"elementor-element elementor-element-5430dbe3 elementor-widget elementor-widget-image\" data-id=\"5430dbe3\" data-element_type=\"widget\" data-e-type=\"widget\" data-widget_type=\"image.default\">\n\t\t\t\t<div class=\"elementor-widget-container\">\n\t\t\t\t\t\t\t\t\t\t\t\t\t\t\t<img decoding=\"async\" width=\"157\" height=\"79\" src=\"https:\/\/epsapps.udg.edu\/cidsav\/wp-content\/uploads\/2024\/01\/Logo_cidsav_web.jpg\" class=\"attachment-large size-large wp-image-6840\" alt=\"\" \/>\t\t\t\t\t\t\t\t\t\t\t\t\t\t\t<\/div>\n\t\t\t\t<\/div>\n\t\t\t\t\t<\/div>\n\t\t<\/div>\n\t\t\t\t<div class=\"elementor-column elementor-col-25 elementor-inner-column elementor-element elementor-element-101e15e2\" data-id=\"101e15e2\" data-element_type=\"column\" data-e-type=\"column\">\n\t\t\t<div class=\"elementor-widget-wrap elementor-element-populated\">\n\t\t\t\t\t\t<div class=\"elementor-element elementor-element-73d72d5b elementor-widget__width-initial elementor-widget elementor-widget-image\" data-id=\"73d72d5b\" data-element_type=\"widget\" data-e-type=\"widget\" data-widget_type=\"image.default\">\n\t\t\t\t<div class=\"elementor-widget-container\">\n\t\t\t\t\t\t\t\t\t\t\t\t\t\t\t<img decoding=\"async\" width=\"318\" height=\"136\" src=\"https:\/\/epsapps.udg.edu\/cidsav\/wp-content\/uploads\/2024\/01\/logo-INTEA.png\" class=\"attachment-large size-large wp-image-6824\" alt=\"\" srcset=\"https:\/\/epsapps.udg.edu\/cidsav\/wp-content\/uploads\/2024\/01\/logo-INTEA.png 318w, https:\/\/epsapps.udg.edu\/cidsav\/wp-content\/uploads\/2024\/01\/logo-INTEA-300x128.png 300w, https:\/\/epsapps.udg.edu\/cidsav\/wp-content\/uploads\/2024\/01\/logo-INTEA-230x98.png 230w\" sizes=\"(max-width: 318px) 100vw, 318px\" \/>\t\t\t\t\t\t\t\t\t\t\t\t\t\t\t<\/div>\n\t\t\t\t<\/div>\n\t\t\t\t\t<\/div>\n\t\t<\/div>\n\t\t\t\t<div class=\"elementor-column elementor-col-25 elementor-inner-column elementor-element elementor-element-2b2a4f49\" data-id=\"2b2a4f49\" data-element_type=\"column\" data-e-type=\"column\">\n\t\t\t<div class=\"elementor-widget-wrap elementor-element-populated\">\n\t\t\t\t\t\t<div class=\"elementor-element elementor-element-523c4dbb elementor-widget elementor-widget-image\" data-id=\"523c4dbb\" data-element_type=\"widget\" data-e-type=\"widget\" data-widget_type=\"image.default\">\n\t\t\t\t<div class=\"elementor-widget-container\">\n\t\t\t\t\t\t\t\t\t\t\t\t\t\t\t<img fetchpriority=\"high\" decoding=\"async\" width=\"280\" height=\"189\" src=\"https:\/\/epsapps.udg.edu\/cidsav\/wp-content\/uploads\/2024\/01\/logo-Lippso.png\" class=\"attachment-large size-large wp-image-6825\" alt=\"\" srcset=\"https:\/\/epsapps.udg.edu\/cidsav\/wp-content\/uploads\/2024\/01\/logo-Lippso.png 280w, https:\/\/epsapps.udg.edu\/cidsav\/wp-content\/uploads\/2024\/01\/logo-Lippso-230x155.png 230w\" sizes=\"(max-width: 280px) 100vw, 280px\" \/>\t\t\t\t\t\t\t\t\t\t\t\t\t\t\t<\/div>\n\t\t\t\t<\/div>\n\t\t\t\t\t<\/div>\n\t\t<\/div>\n\t\t\t\t<div class=\"elementor-column elementor-col-25 elementor-inner-column elementor-element elementor-element-5addca3d\" data-id=\"5addca3d\" data-element_type=\"column\" data-e-type=\"column\">\n\t\t\t<div class=\"elementor-widget-wrap elementor-element-populated\">\n\t\t\t\t\t\t<div class=\"elementor-element elementor-element-57ec184e elementor-widget elementor-widget-image\" data-id=\"57ec184e\" data-element_type=\"widget\" data-e-type=\"widget\" data-widget_type=\"image.default\">\n\t\t\t\t<div class=\"elementor-widget-container\">\n\t\t\t\t\t\t\t\t\t\t\t\t\t\t\t<img loading=\"lazy\" decoding=\"async\" width=\"157\" height=\"79\" src=\"https:\/\/epsapps.udg.edu\/cidsav\/wp-content\/uploads\/2024\/01\/Logo_udgQuimica_web.jpg\" class=\"attachment-large size-large wp-image-6826\" alt=\"\" \/>\t\t\t\t\t\t\t\t\t\t\t\t\t\t\t<\/div>\n\t\t\t\t<\/div>\n\t\t\t\t\t<\/div>\n\t\t<\/div>\n\t\t\t\t\t<\/div>\n\t\t<\/section>\n\t\t\t\t\t<\/div>\n\t\t<\/div>\n\t\t\t\t\t<\/div>\n\t\t<\/section>\n\t\t\t\t<section class=\"elementor-section elementor-top-section elementor-element elementor-element-6d8837fb elementor-section-boxed elementor-section-height-default elementor-section-height-default\" data-id=\"6d8837fb\" data-element_type=\"section\" data-e-type=\"section\">\n\t\t\t\t\t\t<div class=\"elementor-container elementor-column-gap-default\">\n\t\t\t\t\t<div class=\"elementor-column elementor-col-100 elementor-top-column elementor-element elementor-element-7d7fe59\" data-id=\"7d7fe59\" data-element_type=\"column\" data-e-type=\"column\">\n\t\t\t<div class=\"elementor-widget-wrap elementor-element-populated\">\n\t\t\t\t\t\t<div class=\"elementor-element elementor-element-2b324156 elementor-widget-divider--view-line elementor-widget elementor-widget-divider\" data-id=\"2b324156\" data-element_type=\"widget\" data-e-type=\"widget\" data-widget_type=\"divider.default\">\n\t\t\t\t<div class=\"elementor-widget-container\">\n\t\t\t\t\t\t\t<div class=\"elementor-divider\">\n\t\t\t<span class=\"elementor-divider-separator\">\n\t\t\t\t\t\t<\/span>\n\t\t<\/div>\n\t\t\t\t\t\t<\/div>\n\t\t\t\t<\/div>\n\t\t\t\t\t<\/div>\n\t\t<\/div>\n\t\t\t\t\t<\/div>\n\t\t<\/section>\n\t\t\t\t<section class=\"elementor-section elementor-top-section elementor-element elementor-element-62cc304c elementor-section-boxed elementor-section-height-default elementor-section-height-default\" data-id=\"62cc304c\" data-element_type=\"section\" data-e-type=\"section\">\n\t\t\t\t\t\t<div class=\"elementor-container elementor-column-gap-default\">\n\t\t\t\t\t<div class=\"elementor-column elementor-col-50 elementor-top-column elementor-element elementor-element-21b760ae\" data-id=\"21b760ae\" data-element_type=\"column\" data-e-type=\"column\">\n\t\t\t<div class=\"elementor-widget-wrap elementor-element-populated\">\n\t\t\t\t\t\t<div class=\"elementor-element elementor-element-48b2d75 elementor-widget elementor-widget-image\" data-id=\"48b2d75\" data-element_type=\"widget\" data-e-type=\"widget\" data-widget_type=\"image.default\">\n\t\t\t\t<div class=\"elementor-widget-container\">\n\t\t\t\t\t\t\t\t\t\t\t\t\t\t\t<img loading=\"lazy\" decoding=\"async\" width=\"578\" height=\"113\" src=\"https:\/\/epsapps.udg.edu\/cidsav\/wp-content\/uploads\/2024\/04\/Logo-nuevo-Smart_pexyl.png\" class=\"attachment-large size-large wp-image-7369\" alt=\"\" srcset=\"https:\/\/epsapps.udg.edu\/cidsav\/wp-content\/uploads\/2024\/04\/Logo-nuevo-Smart_pexyl.png 578w, https:\/\/epsapps.udg.edu\/cidsav\/wp-content\/uploads\/2024\/04\/Logo-nuevo-Smart_pexyl-300x59.png 300w, https:\/\/epsapps.udg.edu\/cidsav\/wp-content\/uploads\/2024\/04\/Logo-nuevo-Smart_pexyl-230x45.png 230w, https:\/\/epsapps.udg.edu\/cidsav\/wp-content\/uploads\/2024\/04\/Logo-nuevo-Smart_pexyl-350x68.png 350w, https:\/\/epsapps.udg.edu\/cidsav\/wp-content\/uploads\/2024\/04\/Logo-nuevo-Smart_pexyl-480x94.png 480w\" sizes=\"(max-width: 578px) 100vw, 578px\" \/>\t\t\t\t\t\t\t\t\t\t\t\t\t\t\t<\/div>\n\t\t\t\t<\/div>\n\t\t\t\t\t<\/div>\n\t\t<\/div>\n\t\t\t\t<div class=\"elementor-column elementor-col-50 elementor-top-column elementor-element elementor-element-2c2543f\" data-id=\"2c2543f\" data-element_type=\"column\" data-e-type=\"column\">\n\t\t\t<div class=\"elementor-widget-wrap elementor-element-populated\">\n\t\t\t\t\t\t<div class=\"elementor-element elementor-element-14d404c elementor-widget elementor-widget-text-editor\" data-id=\"14d404c\" data-element_type=\"widget\" data-e-type=\"widget\" data-widget_type=\"text-editor.default\">\n\t\t\t\t<div class=\"elementor-widget-container\">\n\t\t\t\t\t\t\t\t\t<p style=\"text-align: justify;\">Ajuts a Projectes de Generaci\u00f3 de Coneixement, I a actuacions per la formaci\u00f3n de personal investigador predoctoral asociades a dits projectes,\u00a0 en el marc del Programa Estatal per impulsar la Investigaci\u00f3 Cientifica-t\u00e8cnica i la seva transferencia, del Pla Estatal\u00a0 d&#8217;Investigaci\u00f3 Cient\u00edfica, T\u00e8cnica i d&#8217; Innovaci\u00f3 2021-2023\u00a0 (conv. 2022)<\/p>\t\t\t\t\t\t\t\t<\/div>\n\t\t\t\t<\/div>\n\t\t\t\t\t<\/div>\n\t\t<\/div>\n\t\t\t\t\t<\/div>\n\t\t<\/section>\n\t\t\t\t<\/div>\n\t\t","protected":false},"excerpt":{"rendered":"<p>SmartPEPXYL Nous compostos basats en p\u00e8ptids com a productes fitosanitaris intel\u00b7ligents enfront a malalties causades per Xylella fastidiosa El projecte SmartPEPXYL vol proporcionar nous compostos [&hellip;]<\/p>\n","protected":false},"author":1,"featured_media":0,"parent":0,"menu_order":0,"comment_status":"closed","ping_status":"closed","template":"elementor_header_footer","meta":{"_uag_custom_page_level_css":"","footnotes":""},"class_list":["post-6864","page","type-page","status-publish","hentry"],"yoast_head":"<!-- This site is optimized with the Yoast SEO plugin v27.4 - https:\/\/yoast.com\/product\/yoast-seo-wordpress\/ -->\n<title>SmartPEPXYL<\/title>\n<meta name=\"robots\" content=\"index, follow, max-snippet:-1, max-image-preview:large, max-video-preview:-1\" \/>\n<link rel=\"canonical\" href=\"https:\/\/epsapps.udg.edu\/cidsav\/smartpepxyl-cat\/\" \/>\n<meta property=\"og:locale\" content=\"es_ES\" \/>\n<meta property=\"og:type\" content=\"article\" \/>\n<meta property=\"og:title\" content=\"SmartPEPXYL\" \/>\n<meta property=\"og:description\" content=\"SmartPEPXYL Nous compostos basats en p\u00e8ptids com a productes fitosanitaris intel\u00b7ligents enfront a malalties causades per Xylella fastidiosa El projecte SmartPEPXYL vol proporcionar nous compostos [&hellip;]\" \/>\n<meta property=\"og:url\" content=\"https:\/\/epsapps.udg.edu\/cidsav\/smartpepxyl-cat\/\" \/>\n<meta property=\"og:site_name\" content=\"CIDSAV\" \/>\n<meta property=\"article:modified_time\" content=\"2024-04-25T10:33:28+00:00\" \/>\n<meta property=\"og:image\" content=\"https:\/\/epsapps.udg.edu\/cidsav\/wp-content\/uploads\/2024\/01\/Logo_cidsav_web.jpg\" \/>\n<meta name=\"twitter:card\" content=\"summary_large_image\" \/>\n<meta name=\"twitter:label1\" content=\"Tiempo de lectura\" \/>\n\t<meta name=\"twitter:data1\" content=\"4 minutos\" \/>\n<script type=\"application\/ld+json\" class=\"yoast-schema-graph\">{\"@context\":\"https:\\\/\\\/schema.org\",\"@graph\":[{\"@type\":\"WebPage\",\"@id\":\"https:\\\/\\\/epsapps.udg.edu\\\/cidsav\\\/smartpepxyl-cat\\\/\",\"url\":\"https:\\\/\\\/epsapps.udg.edu\\\/cidsav\\\/smartpepxyl-cat\\\/\",\"name\":\"SmartPEPXYL\",\"isPartOf\":{\"@id\":\"https:\\\/\\\/epsapps.udg.edu\\\/cidsav\\\/#website\"},\"primaryImageOfPage\":{\"@id\":\"https:\\\/\\\/epsapps.udg.edu\\\/cidsav\\\/smartpepxyl-cat\\\/#primaryimage\"},\"image\":{\"@id\":\"https:\\\/\\\/epsapps.udg.edu\\\/cidsav\\\/smartpepxyl-cat\\\/#primaryimage\"},\"thumbnailUrl\":\"https:\\\/\\\/epsapps.udg.edu\\\/cidsav\\\/wp-content\\\/uploads\\\/2024\\\/01\\\/Logo_cidsav_web.jpg\",\"datePublished\":\"2024-01-17T10:37:31+00:00\",\"dateModified\":\"2024-04-25T10:33:28+00:00\",\"breadcrumb\":{\"@id\":\"https:\\\/\\\/epsapps.udg.edu\\\/cidsav\\\/smartpepxyl-cat\\\/#breadcrumb\"},\"inLanguage\":\"es\",\"potentialAction\":[{\"@type\":\"ReadAction\",\"target\":[\"https:\\\/\\\/epsapps.udg.edu\\\/cidsav\\\/smartpepxyl-cat\\\/\"]}]},{\"@type\":\"ImageObject\",\"inLanguage\":\"es\",\"@id\":\"https:\\\/\\\/epsapps.udg.edu\\\/cidsav\\\/smartpepxyl-cat\\\/#primaryimage\",\"url\":\"\",\"contentUrl\":\"\"},{\"@type\":\"BreadcrumbList\",\"@id\":\"https:\\\/\\\/epsapps.udg.edu\\\/cidsav\\\/smartpepxyl-cat\\\/#breadcrumb\",\"itemListElement\":[{\"@type\":\"ListItem\",\"position\":1,\"name\":\"Portada\",\"item\":\"https:\\\/\\\/epsapps.udg.edu\\\/cidsav\\\/\"},{\"@type\":\"ListItem\",\"position\":2,\"name\":\"SmartPEPXYL\"}]},{\"@type\":\"WebSite\",\"@id\":\"https:\\\/\\\/epsapps.udg.edu\\\/cidsav\\\/#website\",\"url\":\"https:\\\/\\\/epsapps.udg.edu\\\/cidsav\\\/\",\"name\":\"CIDSAV\",\"description\":\"\",\"publisher\":{\"@id\":\"https:\\\/\\\/epsapps.udg.edu\\\/cidsav\\\/#organization\"},\"potentialAction\":[{\"@type\":\"SearchAction\",\"target\":{\"@type\":\"EntryPoint\",\"urlTemplate\":\"https:\\\/\\\/epsapps.udg.edu\\\/cidsav\\\/?s={search_term_string}\"},\"query-input\":{\"@type\":\"PropertyValueSpecification\",\"valueRequired\":true,\"valueName\":\"search_term_string\"}}],\"inLanguage\":\"es\"},{\"@type\":\"Organization\",\"@id\":\"https:\\\/\\\/epsapps.udg.edu\\\/cidsav\\\/#organization\",\"name\":\"CIDSAV\",\"url\":\"https:\\\/\\\/epsapps.udg.edu\\\/cidsav\\\/\",\"logo\":{\"@type\":\"ImageObject\",\"inLanguage\":\"es\",\"@id\":\"https:\\\/\\\/epsapps.udg.edu\\\/cidsav\\\/#\\\/schema\\\/logo\\\/image\\\/\",\"url\":\"https:\\\/\\\/epsapps.udg.edu\\\/cidsav\\\/wp-content\\\/uploads\\\/2019\\\/09\\\/Logo-3-idomes-CIDSAV-verd-03.png\",\"contentUrl\":\"https:\\\/\\\/epsapps.udg.edu\\\/cidsav\\\/wp-content\\\/uploads\\\/2019\\\/09\\\/Logo-3-idomes-CIDSAV-verd-03.png\",\"width\":1181,\"height\":1054,\"caption\":\"CIDSAV\"},\"image\":{\"@id\":\"https:\\\/\\\/epsapps.udg.edu\\\/cidsav\\\/#\\\/schema\\\/logo\\\/image\\\/\"},\"sameAs\":[\"https:\\\/\\\/www.instagram.com\\\/cidsav_udg\\\/?igsh=eDU0dzNpc2JzdG8y#\"]}]}<\/script>\n<!-- \/ Yoast SEO plugin. -->","yoast_head_json":{"title":"SmartPEPXYL","robots":{"index":"index","follow":"follow","max-snippet":"max-snippet:-1","max-image-preview":"max-image-preview:large","max-video-preview":"max-video-preview:-1"},"canonical":"https:\/\/epsapps.udg.edu\/cidsav\/smartpepxyl-cat\/","og_locale":"es_ES","og_type":"article","og_title":"SmartPEPXYL","og_description":"SmartPEPXYL Nous compostos basats en p\u00e8ptids com a productes fitosanitaris intel\u00b7ligents enfront a malalties causades per Xylella fastidiosa El projecte SmartPEPXYL vol proporcionar nous compostos [&hellip;]","og_url":"https:\/\/epsapps.udg.edu\/cidsav\/smartpepxyl-cat\/","og_site_name":"CIDSAV","article_modified_time":"2024-04-25T10:33:28+00:00","og_image":[{"url":"https:\/\/epsapps.udg.edu\/cidsav\/wp-content\/uploads\/2024\/01\/Logo_cidsav_web.jpg","type":"","width":"","height":""}],"twitter_card":"summary_large_image","twitter_misc":{"Tiempo de lectura":"4 minutos"},"schema":{"@context":"https:\/\/schema.org","@graph":[{"@type":"WebPage","@id":"https:\/\/epsapps.udg.edu\/cidsav\/smartpepxyl-cat\/","url":"https:\/\/epsapps.udg.edu\/cidsav\/smartpepxyl-cat\/","name":"SmartPEPXYL","isPartOf":{"@id":"https:\/\/epsapps.udg.edu\/cidsav\/#website"},"primaryImageOfPage":{"@id":"https:\/\/epsapps.udg.edu\/cidsav\/smartpepxyl-cat\/#primaryimage"},"image":{"@id":"https:\/\/epsapps.udg.edu\/cidsav\/smartpepxyl-cat\/#primaryimage"},"thumbnailUrl":"https:\/\/epsapps.udg.edu\/cidsav\/wp-content\/uploads\/2024\/01\/Logo_cidsav_web.jpg","datePublished":"2024-01-17T10:37:31+00:00","dateModified":"2024-04-25T10:33:28+00:00","breadcrumb":{"@id":"https:\/\/epsapps.udg.edu\/cidsav\/smartpepxyl-cat\/#breadcrumb"},"inLanguage":"es","potentialAction":[{"@type":"ReadAction","target":["https:\/\/epsapps.udg.edu\/cidsav\/smartpepxyl-cat\/"]}]},{"@type":"ImageObject","inLanguage":"es","@id":"https:\/\/epsapps.udg.edu\/cidsav\/smartpepxyl-cat\/#primaryimage","url":"","contentUrl":""},{"@type":"BreadcrumbList","@id":"https:\/\/epsapps.udg.edu\/cidsav\/smartpepxyl-cat\/#breadcrumb","itemListElement":[{"@type":"ListItem","position":1,"name":"Portada","item":"https:\/\/epsapps.udg.edu\/cidsav\/"},{"@type":"ListItem","position":2,"name":"SmartPEPXYL"}]},{"@type":"WebSite","@id":"https:\/\/epsapps.udg.edu\/cidsav\/#website","url":"https:\/\/epsapps.udg.edu\/cidsav\/","name":"CIDSAV","description":"","publisher":{"@id":"https:\/\/epsapps.udg.edu\/cidsav\/#organization"},"potentialAction":[{"@type":"SearchAction","target":{"@type":"EntryPoint","urlTemplate":"https:\/\/epsapps.udg.edu\/cidsav\/?s={search_term_string}"},"query-input":{"@type":"PropertyValueSpecification","valueRequired":true,"valueName":"search_term_string"}}],"inLanguage":"es"},{"@type":"Organization","@id":"https:\/\/epsapps.udg.edu\/cidsav\/#organization","name":"CIDSAV","url":"https:\/\/epsapps.udg.edu\/cidsav\/","logo":{"@type":"ImageObject","inLanguage":"es","@id":"https:\/\/epsapps.udg.edu\/cidsav\/#\/schema\/logo\/image\/","url":"https:\/\/epsapps.udg.edu\/cidsav\/wp-content\/uploads\/2019\/09\/Logo-3-idomes-CIDSAV-verd-03.png","contentUrl":"https:\/\/epsapps.udg.edu\/cidsav\/wp-content\/uploads\/2019\/09\/Logo-3-idomes-CIDSAV-verd-03.png","width":1181,"height":1054,"caption":"CIDSAV"},"image":{"@id":"https:\/\/epsapps.udg.edu\/cidsav\/#\/schema\/logo\/image\/"},"sameAs":["https:\/\/www.instagram.com\/cidsav_udg\/?igsh=eDU0dzNpc2JzdG8y#"]}]}},"uagb_featured_image_src":{"full":false,"thumbnail":false,"medium":false,"medium_large":false,"large":false,"1536x1536":false,"2048x2048":false,"sydney-large-thumb":false,"sydney-medium-thumb":false,"sydney-small-thumb":false,"sydney-service-thumb":false,"sydney-mas-thumb":false},"uagb_author_info":{"display_name":"Cidsav","author_link":"https:\/\/epsapps.udg.edu\/cidsav\/author\/cidsav0140\/"},"uagb_comment_info":0,"uagb_excerpt":"SmartPEPXYL Nous compostos basats en p\u00e8ptids com a productes fitosanitaris intel\u00b7ligents enfront a malalties causades per Xylella fastidiosa El projecte SmartPEPXYL vol proporcionar nous compostos [&hellip;]","_links":{"self":[{"href":"https:\/\/epsapps.udg.edu\/cidsav\/wp-json\/wp\/v2\/pages\/6864","targetHints":{"allow":["GET"]}}],"collection":[{"href":"https:\/\/epsapps.udg.edu\/cidsav\/wp-json\/wp\/v2\/pages"}],"about":[{"href":"https:\/\/epsapps.udg.edu\/cidsav\/wp-json\/wp\/v2\/types\/page"}],"author":[{"embeddable":true,"href":"https:\/\/epsapps.udg.edu\/cidsav\/wp-json\/wp\/v2\/users\/1"}],"replies":[{"embeddable":true,"href":"https:\/\/epsapps.udg.edu\/cidsav\/wp-json\/wp\/v2\/comments?post=6864"}],"version-history":[{"count":0,"href":"https:\/\/epsapps.udg.edu\/cidsav\/wp-json\/wp\/v2\/pages\/6864\/revisions"}],"wp:attachment":[{"href":"https:\/\/epsapps.udg.edu\/cidsav\/wp-json\/wp\/v2\/media?parent=6864"}],"curies":[{"name":"wp","href":"https:\/\/api.w.org\/{rel}","templated":true}]}}