{"id":6847,"date":"2024-01-17T10:42:17","date_gmt":"2024-01-17T09:42:17","guid":{"rendered":"https:\/\/epsapps.udg.edu\/cidsav\/?page_id=6847"},"modified":"2025-01-14T11:22:29","modified_gmt":"2025-01-14T10:22:29","slug":"smartpepxyl-es","status":"publish","type":"page","link":"https:\/\/epsapps.udg.edu\/cidsav\/es\/smartpepxyl-es\/","title":{"rendered":"SmartPEPXYL"},"content":{"rendered":"\t\t<div data-elementor-type=\"wp-page\" data-elementor-id=\"6847\" class=\"elementor elementor-6847\">\n\t\t\t\t\t\t<section class=\"elementor-section elementor-top-section elementor-element elementor-element-149354cb elementor-section-boxed elementor-section-height-default elementor-section-height-default\" data-id=\"149354cb\" data-element_type=\"section\" data-e-type=\"section\">\n\t\t\t\t\t\t<div class=\"elementor-container elementor-column-gap-no\">\n\t\t\t\t\t<div class=\"elementor-column elementor-col-100 elementor-top-column elementor-element elementor-element-11b9821e\" data-id=\"11b9821e\" data-element_type=\"column\" data-e-type=\"column\">\n\t\t\t<div class=\"elementor-widget-wrap elementor-element-populated\">\n\t\t\t\t\t\t<div class=\"elementor-element elementor-element-8e2f035 elementor-widget elementor-widget-heading\" data-id=\"8e2f035\" data-element_type=\"widget\" data-e-type=\"widget\" data-widget_type=\"heading.default\">\n\t\t\t\t<div class=\"elementor-widget-container\">\n\t\t\t\t\t<h1 class=\"elementor-heading-title elementor-size-default\">SmartPEPXYL\n<\/h1>\t\t\t\t<\/div>\n\t\t\t\t<\/div>\n\t\t\t\t<section class=\"elementor-section elementor-inner-section elementor-element elementor-element-9e569e7 elementor-section-boxed elementor-section-height-default elementor-section-height-default\" data-id=\"9e569e7\" data-element_type=\"section\" data-e-type=\"section\">\n\t\t\t\t\t\t<div class=\"elementor-container elementor-column-gap-default\">\n\t\t\t\t\t<div class=\"elementor-column elementor-col-100 elementor-inner-column elementor-element elementor-element-acfe770\" data-id=\"acfe770\" data-element_type=\"column\" data-e-type=\"column\">\n\t\t\t<div class=\"elementor-widget-wrap elementor-element-populated\">\n\t\t\t\t\t\t<div class=\"elementor-element elementor-element-ca6154b elementor-widget elementor-widget-text-editor\" data-id=\"ca6154b\" data-element_type=\"widget\" data-e-type=\"widget\" data-widget_type=\"text-editor.default\">\n\t\t\t\t<div class=\"elementor-widget-container\">\n\t\t\t\t\t\t\t\t\t<p style=\"text-align: center;\"><strong>Nuevos compuestos basados en p\u00e9ptidos como productos fitosanitarios inteligentes frente a enfermedades causades por <em>Xylella fastidiosa<\/em><\/strong><\/p>\t\t\t\t\t\t\t\t<\/div>\n\t\t\t\t<\/div>\n\t\t\t\t\t<\/div>\n\t\t<\/div>\n\t\t\t\t\t<\/div>\n\t\t<\/section>\n\t\t\t\t<div class=\"elementor-element elementor-element-46519a1e elementor-widget-divider--view-line elementor-widget elementor-widget-divider\" data-id=\"46519a1e\" data-element_type=\"widget\" data-e-type=\"widget\" data-widget_type=\"divider.default\">\n\t\t\t\t<div class=\"elementor-widget-container\">\n\t\t\t\t\t\t\t<div class=\"elementor-divider\">\n\t\t\t<span class=\"elementor-divider-separator\">\n\t\t\t\t\t\t<\/span>\n\t\t<\/div>\n\t\t\t\t\t\t<\/div>\n\t\t\t\t<\/div>\n\t\t\t\t<div class=\"elementor-element elementor-element-69a524b3 elementor-widget elementor-widget-text-editor\" data-id=\"69a524b3\" data-element_type=\"widget\" data-e-type=\"widget\" data-widget_type=\"text-editor.default\">\n\t\t\t\t<div class=\"elementor-widget-container\">\n\t\t\t\t\t\t\t\t\t<p style=\"text-align: justify;\">El proyecto SmartPEPXYL quiere proporcionar nuevos compuestos basados en p\u00e9ptidos como productos fitosanitarios inteligentes frente a enfermedades de las plantas causadas por <em>Xylella fastidiosa <\/em>(Xf). Este pat\u00f3geno es una bacteria limitada al xilema de la planta que se transmite mediante insectos vectores y causa una gran variedad de enfermedades en importantes cultivos con un elevado impacto econ\u00f3mico, incluyendo vid, almendro y olivo.<\/p>\n<p style=\"text-align: justify;\">Este proyecto se lleva a cabo en el marco de la UdG en colaboraci\u00f3n con el Laboratorio de Innovaci\u00f3n en Procesos y Productos de S\u00edntesis Org\u00e1nica (LIPPSO), con el que se han llevado a cabo otros proyectos coordinados en los \u00faltimos a\u00f1os.<\/p>\n<p style=\"text-align: justify;\">El objetivo del proyecto es conseguir una actividad agr\u00edcola productiva desarrollando nuevos compuestos sostenibles basados en p\u00e9ptidos para proteger los cultivos frente a Xf, reduciendo as\u00ed los problemas causados por los productos fitosanitarios actuales y al mismo tiempo cumplen los requerimientos reguladores de un bajo impacto ambiental ajust\u00e1ndose a la demanda de los consumidores que cada vez prefieren este tipo de productos para la protecci\u00f3n de las plantas. Adem\u00e1s, el proyecto est\u00e1 alineado con los principios de la Directiva Europea (Directiva 2009\/128\/EC) y la estrategia del Pacto Verde Europeo (Green Deal) para reducir el impacto de los pesticidas en la salud y en el medio ambiente.<\/p>\n<p style=\"text-align: justify;\"><strong>En este proyecto se identificar\u00e1n nuevos compuestos basados en p\u00e9ptidos dirigidos a factores de crecimiento y de virulencia de Xf y se elucidar\u00e1n los mecanismos de acci\u00f3n de los p\u00e9ptidos m\u00e1s prometedores.<\/strong><\/p>\n<p style=\"text-align: justify;\"><strong>Para conseguir este objetivo, se proponen dos tipos de compuestos basados en p\u00e9ptidos:<\/strong><\/p>\n\n<ul style=\"text-align: justify;\">\n \t<li>La primera clase de compuestos que se proponen en este proyecto como potenciales productos para el control de Xf son <strong>mol\u00e9culas anti sentido, P\u00e9ptidos acido-nucle\u00edcos (PNAs) <\/strong>que est\u00e1n dirigidos al ARN. Estos compuestos hibridan con el ARN y en consecuencia reducen los niveles de expresi\u00f3n de las prote\u00ednas responsables de la patogenicidad y la virulencia.<\/li>\n<\/ul>\n<ul style=\"text-align: justify;\">\n \t<li>La segunda clase de compuestos que se desarrollaran en el proyecto son los <strong>p\u00e9ptidos dirigidos a dianas (TOP) <\/strong>cuyas dianas son las membranas, el biofilm, o bien estructuras extracelulares o dianas involucradas en la respuesta defensiva de las plantas o, de manera m\u00e1s espec\u00edfica, dise\u00f1ando p\u00e9ptidos para su uni\u00f3n con dominios conservados de prote\u00ednas que sean factores de virulencia de Xf.<\/li>\n<\/ul>\n<p style=\"text-align: justify;\"><strong>\u00a0<\/strong>Una vez se hayan identificado los compuestos basados en p\u00e9ptidos m\u00e1s prometedores, se realizar\u00e1n estudios posteriores <strong>para elucidar el principal mecanismo de acci\u00f3n. <\/strong><\/p>\n<p style=\"text-align: justify;\"><strong>Las tres HIP\u00d3TESIS iniciales del proyecto son:<\/strong><\/p>\n\n<ul style=\"text-align: justify;\">\n \t<li><strong>Los P\u00e9ptidos \u00c1cido Nucleicos<\/strong> (PNAs) y los <strong>P\u00e9ptidos dirigidos a dianas<\/strong> (TOPs) proporcionaran <strong>un nuevo tipo de compuestos<\/strong> para tratar las plantas susceptibles a Xf y reducir el proceso de infecci\u00f3n y desarrollo de la enfermedad.<\/li><br><li>Los PNAs y los TOPs seleccionados <strong>podr\u00e1n optimizarse para mejorar su perfil biol\u00f3gico <\/strong>mediante su combinaci\u00f3n o conjugaci\u00f3n con otros p\u00e9ptidos o compuestos no pept\u00eddicos, <strong>como p\u00e9ptidos que penetran en las c\u00e9lulas (CPP), polifenoles o l\u00edquidos i\u00f3nicos, o mediante la incorporaci\u00f3n de modificaciones estructurales. <\/strong><\/li><br>\n \t<li><strong>La Elucidaci\u00f3n de las dianas y los procesos clave <\/strong>en los que interviene los p\u00e9ptidos l\u00edderes seleccionados permitir\u00e1 el dise\u00f1o racional para nuevas y mejores secuencias y poder sentarlas bases para una aplicaci\u00f3n del producto que consiga una alta eficacia en el control de la enfermedad<\/li>\n<\/ul>\n<p style=\"text-align: justify;\">En resumen, el proyecto consiste en el <strong>desarrollo de nuevos compuestos inteligentes basados en \u00e1cidos nucleicos pept\u00eddicos <\/strong>(PNAs) y<strong> p\u00e9ptidos dirigidos a dianas<\/strong> (TOPs) para controlar el pat\u00f3geno bacteriano, o induciendo las defensas de las plantas con el objetivo de prevenir la infecci\u00f3n o curar plantas infectadas de la enfermedad.<\/p>\n<p style=\"text-align: justify;\">Este es un Proyecto de cuatro a\u00f1os de duraci\u00f3n que empez\u00f3 en 2023 y terminar\u00e1 en 2027.<\/p>\t\t\t\t\t\t\t\t<\/div>\n\t\t\t\t<\/div>\n\t\t\t\t<section class=\"elementor-section elementor-inner-section elementor-element elementor-element-47b731b elementor-section-boxed elementor-section-height-default elementor-section-height-default\" data-id=\"47b731b\" data-element_type=\"section\" data-e-type=\"section\">\n\t\t\t\t\t\t<div class=\"elementor-container elementor-column-gap-default\">\n\t\t\t\t\t<div class=\"elementor-column elementor-col-25 elementor-inner-column elementor-element elementor-element-5b08d5d9\" data-id=\"5b08d5d9\" data-element_type=\"column\" data-e-type=\"column\">\n\t\t\t<div class=\"elementor-widget-wrap elementor-element-populated\">\n\t\t\t\t\t\t<div class=\"elementor-element elementor-element-5430dbe3 elementor-widget elementor-widget-image\" data-id=\"5430dbe3\" data-element_type=\"widget\" data-e-type=\"widget\" data-widget_type=\"image.default\">\n\t\t\t\t<div class=\"elementor-widget-container\">\n\t\t\t\t\t\t\t\t\t\t\t\t\t\t\t<img decoding=\"async\" width=\"157\" height=\"79\" src=\"https:\/\/epsapps.udg.edu\/cidsav\/wp-content\/uploads\/2024\/01\/Logo_cidsav_web.jpg\" class=\"attachment-large size-large wp-image-6840\" alt=\"\" \/>\t\t\t\t\t\t\t\t\t\t\t\t\t\t\t<\/div>\n\t\t\t\t<\/div>\n\t\t\t\t\t<\/div>\n\t\t<\/div>\n\t\t\t\t<div class=\"elementor-column elementor-col-25 elementor-inner-column elementor-element elementor-element-101e15e2\" data-id=\"101e15e2\" data-element_type=\"column\" data-e-type=\"column\">\n\t\t\t<div class=\"elementor-widget-wrap elementor-element-populated\">\n\t\t\t\t\t\t<div class=\"elementor-element elementor-element-73d72d5b elementor-widget__width-initial elementor-widget elementor-widget-image\" data-id=\"73d72d5b\" data-element_type=\"widget\" data-e-type=\"widget\" data-widget_type=\"image.default\">\n\t\t\t\t<div class=\"elementor-widget-container\">\n\t\t\t\t\t\t\t\t\t\t\t\t\t\t\t<img decoding=\"async\" width=\"318\" height=\"136\" src=\"https:\/\/epsapps.udg.edu\/cidsav\/wp-content\/uploads\/2024\/01\/logo-INTEA.png\" class=\"attachment-large size-large wp-image-6824\" alt=\"\" srcset=\"https:\/\/epsapps.udg.edu\/cidsav\/wp-content\/uploads\/2024\/01\/logo-INTEA.png 318w, https:\/\/epsapps.udg.edu\/cidsav\/wp-content\/uploads\/2024\/01\/logo-INTEA-300x128.png 300w, https:\/\/epsapps.udg.edu\/cidsav\/wp-content\/uploads\/2024\/01\/logo-INTEA-230x98.png 230w\" sizes=\"(max-width: 318px) 100vw, 318px\" \/>\t\t\t\t\t\t\t\t\t\t\t\t\t\t\t<\/div>\n\t\t\t\t<\/div>\n\t\t\t\t\t<\/div>\n\t\t<\/div>\n\t\t\t\t<div class=\"elementor-column elementor-col-25 elementor-inner-column elementor-element elementor-element-2b2a4f49\" data-id=\"2b2a4f49\" data-element_type=\"column\" data-e-type=\"column\">\n\t\t\t<div class=\"elementor-widget-wrap elementor-element-populated\">\n\t\t\t\t\t\t<div class=\"elementor-element elementor-element-523c4dbb elementor-widget elementor-widget-image\" data-id=\"523c4dbb\" data-element_type=\"widget\" data-e-type=\"widget\" data-widget_type=\"image.default\">\n\t\t\t\t<div class=\"elementor-widget-container\">\n\t\t\t\t\t\t\t\t\t\t\t\t\t\t\t<img fetchpriority=\"high\" decoding=\"async\" width=\"280\" height=\"189\" src=\"https:\/\/epsapps.udg.edu\/cidsav\/wp-content\/uploads\/2024\/01\/logo-Lippso.png\" class=\"attachment-large size-large wp-image-6825\" alt=\"\" srcset=\"https:\/\/epsapps.udg.edu\/cidsav\/wp-content\/uploads\/2024\/01\/logo-Lippso.png 280w, https:\/\/epsapps.udg.edu\/cidsav\/wp-content\/uploads\/2024\/01\/logo-Lippso-230x155.png 230w\" sizes=\"(max-width: 280px) 100vw, 280px\" \/>\t\t\t\t\t\t\t\t\t\t\t\t\t\t\t<\/div>\n\t\t\t\t<\/div>\n\t\t\t\t\t<\/div>\n\t\t<\/div>\n\t\t\t\t<div class=\"elementor-column elementor-col-25 elementor-inner-column elementor-element elementor-element-5addca3d\" data-id=\"5addca3d\" data-element_type=\"column\" data-e-type=\"column\">\n\t\t\t<div class=\"elementor-widget-wrap elementor-element-populated\">\n\t\t\t\t\t\t<div class=\"elementor-element elementor-element-57ec184e elementor-widget elementor-widget-image\" data-id=\"57ec184e\" data-element_type=\"widget\" data-e-type=\"widget\" data-widget_type=\"image.default\">\n\t\t\t\t<div class=\"elementor-widget-container\">\n\t\t\t\t\t\t\t\t\t\t\t\t\t\t\t<img loading=\"lazy\" decoding=\"async\" width=\"157\" height=\"79\" src=\"https:\/\/epsapps.udg.edu\/cidsav\/wp-content\/uploads\/2024\/01\/Logo_udgQuimica_web.jpg\" class=\"attachment-large size-large wp-image-6826\" alt=\"\" \/>\t\t\t\t\t\t\t\t\t\t\t\t\t\t\t<\/div>\n\t\t\t\t<\/div>\n\t\t\t\t\t<\/div>\n\t\t<\/div>\n\t\t\t\t\t<\/div>\n\t\t<\/section>\n\t\t\t\t\t<\/div>\n\t\t<\/div>\n\t\t\t\t\t<\/div>\n\t\t<\/section>\n\t\t\t\t<section class=\"elementor-section elementor-top-section elementor-element elementor-element-6d8837fb elementor-section-boxed elementor-section-height-default elementor-section-height-default\" data-id=\"6d8837fb\" data-element_type=\"section\" data-e-type=\"section\">\n\t\t\t\t\t\t<div class=\"elementor-container elementor-column-gap-default\">\n\t\t\t\t\t<div class=\"elementor-column elementor-col-100 elementor-top-column elementor-element elementor-element-7d7fe59\" data-id=\"7d7fe59\" data-element_type=\"column\" data-e-type=\"column\">\n\t\t\t<div class=\"elementor-widget-wrap elementor-element-populated\">\n\t\t\t\t\t\t<div class=\"elementor-element elementor-element-2b324156 elementor-widget-divider--view-line elementor-widget elementor-widget-divider\" data-id=\"2b324156\" data-element_type=\"widget\" data-e-type=\"widget\" data-widget_type=\"divider.default\">\n\t\t\t\t<div class=\"elementor-widget-container\">\n\t\t\t\t\t\t\t<div class=\"elementor-divider\">\n\t\t\t<span class=\"elementor-divider-separator\">\n\t\t\t\t\t\t<\/span>\n\t\t<\/div>\n\t\t\t\t\t\t<\/div>\n\t\t\t\t<\/div>\n\t\t\t\t\t<\/div>\n\t\t<\/div>\n\t\t\t\t\t<\/div>\n\t\t<\/section>\n\t\t\t\t<section class=\"elementor-section elementor-top-section elementor-element elementor-element-62cc304c elementor-section-boxed elementor-section-height-default elementor-section-height-default\" data-id=\"62cc304c\" data-element_type=\"section\" data-e-type=\"section\">\n\t\t\t\t\t\t<div class=\"elementor-container elementor-column-gap-default\">\n\t\t\t\t\t<div class=\"elementor-column elementor-col-50 elementor-top-column elementor-element elementor-element-21b760ae\" data-id=\"21b760ae\" data-element_type=\"column\" data-e-type=\"column\">\n\t\t\t<div class=\"elementor-widget-wrap elementor-element-populated\">\n\t\t\t\t\t\t<div class=\"elementor-element elementor-element-48b2d75 elementor-widget elementor-widget-image\" data-id=\"48b2d75\" data-element_type=\"widget\" data-e-type=\"widget\" data-widget_type=\"image.default\">\n\t\t\t\t<div class=\"elementor-widget-container\">\n\t\t\t\t\t\t\t\t\t\t\t\t\t\t\t<img loading=\"lazy\" decoding=\"async\" width=\"578\" height=\"113\" src=\"https:\/\/epsapps.udg.edu\/cidsav\/wp-content\/uploads\/2024\/04\/Logo-nuevo-Smart_pexyl.png\" class=\"attachment-large size-large wp-image-7369\" alt=\"\" srcset=\"https:\/\/epsapps.udg.edu\/cidsav\/wp-content\/uploads\/2024\/04\/Logo-nuevo-Smart_pexyl.png 578w, https:\/\/epsapps.udg.edu\/cidsav\/wp-content\/uploads\/2024\/04\/Logo-nuevo-Smart_pexyl-300x59.png 300w, https:\/\/epsapps.udg.edu\/cidsav\/wp-content\/uploads\/2024\/04\/Logo-nuevo-Smart_pexyl-230x45.png 230w, https:\/\/epsapps.udg.edu\/cidsav\/wp-content\/uploads\/2024\/04\/Logo-nuevo-Smart_pexyl-350x68.png 350w, https:\/\/epsapps.udg.edu\/cidsav\/wp-content\/uploads\/2024\/04\/Logo-nuevo-Smart_pexyl-480x94.png 480w\" sizes=\"(max-width: 578px) 100vw, 578px\" \/>\t\t\t\t\t\t\t\t\t\t\t\t\t\t\t<\/div>\n\t\t\t\t<\/div>\n\t\t\t\t\t<\/div>\n\t\t<\/div>\n\t\t\t\t<div class=\"elementor-column elementor-col-50 elementor-top-column elementor-element elementor-element-2c2543f\" data-id=\"2c2543f\" data-element_type=\"column\" data-e-type=\"column\">\n\t\t\t<div class=\"elementor-widget-wrap elementor-element-populated\">\n\t\t\t\t\t\t<div class=\"elementor-element elementor-element-14d404c elementor-widget elementor-widget-text-editor\" data-id=\"14d404c\" data-element_type=\"widget\" data-e-type=\"widget\" data-widget_type=\"text-editor.default\">\n\t\t\t\t<div class=\"elementor-widget-container\">\n\t\t\t\t\t\t\t\t\t<p style=\"text-align: justify;\">Ajuts a Projectes de Generaci\u00f3 de Coneixement, I a actuacions per la formaci\u00f3n de personal investigador predoctoral asociades a dits projectes,\u00a0 en el marc del Programa Estatal per impulsar la Investigaci\u00f3 Cientifica-t\u00e8cnica i la seva transferencia, del Pla Estatal\u00a0 d&#8217;Investigaci\u00f3 Cient\u00edfica, T\u00e8cnica i d&#8217; Innovaci\u00f3 2021-2023\u00a0 (conv. 2022)<\/p>\t\t\t\t\t\t\t\t<\/div>\n\t\t\t\t<\/div>\n\t\t\t\t\t<\/div>\n\t\t<\/div>\n\t\t\t\t\t<\/div>\n\t\t<\/section>\n\t\t\t\t<\/div>\n\t\t","protected":false},"excerpt":{"rendered":"<p>SmartPEPXYL Nuevos compuestos basados en p\u00e9ptidos como productos fitosanitarios inteligentes frente a enfermedades causades por Xylella fastidiosa El proyecto SmartPEPXYL quiere proporcionar nuevos compuestos basados [&hellip;]<\/p>\n","protected":false},"author":1,"featured_media":0,"parent":0,"menu_order":0,"comment_status":"closed","ping_status":"closed","template":"elementor_header_footer","meta":{"_uag_custom_page_level_css":"","footnotes":""},"class_list":["post-6847","page","type-page","status-publish","hentry"],"yoast_head":"<!-- This site is optimized with the Yoast SEO plugin v27.4 - https:\/\/yoast.com\/product\/yoast-seo-wordpress\/ -->\n<title>SmartPEPXYL<\/title>\n<meta name=\"robots\" content=\"index, follow, max-snippet:-1, max-image-preview:large, max-video-preview:-1\" \/>\n<link rel=\"canonical\" href=\"https:\/\/epsapps.udg.edu\/cidsav\/es\/smartpepxyl-es\/\" \/>\n<meta property=\"og:locale\" content=\"es_ES\" \/>\n<meta property=\"og:type\" content=\"article\" \/>\n<meta property=\"og:title\" content=\"SmartPEPXYL\" \/>\n<meta property=\"og:description\" content=\"SmartPEPXYL Nuevos compuestos basados en p\u00e9ptidos como productos fitosanitarios inteligentes frente a enfermedades causades por Xylella fastidiosa El proyecto SmartPEPXYL quiere proporcionar nuevos compuestos basados [&hellip;]\" \/>\n<meta property=\"og:url\" content=\"https:\/\/epsapps.udg.edu\/cidsav\/es\/smartpepxyl-es\/\" \/>\n<meta property=\"og:site_name\" content=\"CIDSAV\" \/>\n<meta property=\"article:modified_time\" content=\"2025-01-14T10:22:29+00:00\" \/>\n<meta property=\"og:image\" content=\"https:\/\/epsapps.udg.edu\/cidsav\/wp-content\/uploads\/2024\/01\/Logo_cidsav_web.jpg\" \/>\n<meta name=\"twitter:card\" content=\"summary_large_image\" \/>\n<meta name=\"twitter:label1\" content=\"Tiempo de lectura\" \/>\n\t<meta name=\"twitter:data1\" content=\"4 minutos\" \/>\n<script type=\"application\/ld+json\" class=\"yoast-schema-graph\">{\"@context\":\"https:\\\/\\\/schema.org\",\"@graph\":[{\"@type\":\"WebPage\",\"@id\":\"https:\\\/\\\/epsapps.udg.edu\\\/cidsav\\\/es\\\/smartpepxyl-es\\\/\",\"url\":\"https:\\\/\\\/epsapps.udg.edu\\\/cidsav\\\/es\\\/smartpepxyl-es\\\/\",\"name\":\"SmartPEPXYL\",\"isPartOf\":{\"@id\":\"https:\\\/\\\/epsapps.udg.edu\\\/cidsav\\\/#website\"},\"primaryImageOfPage\":{\"@id\":\"https:\\\/\\\/epsapps.udg.edu\\\/cidsav\\\/es\\\/smartpepxyl-es\\\/#primaryimage\"},\"image\":{\"@id\":\"https:\\\/\\\/epsapps.udg.edu\\\/cidsav\\\/es\\\/smartpepxyl-es\\\/#primaryimage\"},\"thumbnailUrl\":\"https:\\\/\\\/epsapps.udg.edu\\\/cidsav\\\/wp-content\\\/uploads\\\/2024\\\/01\\\/Logo_cidsav_web.jpg\",\"datePublished\":\"2024-01-17T09:42:17+00:00\",\"dateModified\":\"2025-01-14T10:22:29+00:00\",\"breadcrumb\":{\"@id\":\"https:\\\/\\\/epsapps.udg.edu\\\/cidsav\\\/es\\\/smartpepxyl-es\\\/#breadcrumb\"},\"inLanguage\":\"es\",\"potentialAction\":[{\"@type\":\"ReadAction\",\"target\":[\"https:\\\/\\\/epsapps.udg.edu\\\/cidsav\\\/es\\\/smartpepxyl-es\\\/\"]}]},{\"@type\":\"ImageObject\",\"inLanguage\":\"es\",\"@id\":\"https:\\\/\\\/epsapps.udg.edu\\\/cidsav\\\/es\\\/smartpepxyl-es\\\/#primaryimage\",\"url\":\"\",\"contentUrl\":\"\"},{\"@type\":\"BreadcrumbList\",\"@id\":\"https:\\\/\\\/epsapps.udg.edu\\\/cidsav\\\/es\\\/smartpepxyl-es\\\/#breadcrumb\",\"itemListElement\":[{\"@type\":\"ListItem\",\"position\":1,\"name\":\"Portada\",\"item\":\"https:\\\/\\\/epsapps.udg.edu\\\/cidsav\\\/\"},{\"@type\":\"ListItem\",\"position\":2,\"name\":\"SmartPEPXYL\"}]},{\"@type\":\"WebSite\",\"@id\":\"https:\\\/\\\/epsapps.udg.edu\\\/cidsav\\\/#website\",\"url\":\"https:\\\/\\\/epsapps.udg.edu\\\/cidsav\\\/\",\"name\":\"CIDSAV\",\"description\":\"\",\"publisher\":{\"@id\":\"https:\\\/\\\/epsapps.udg.edu\\\/cidsav\\\/#organization\"},\"potentialAction\":[{\"@type\":\"SearchAction\",\"target\":{\"@type\":\"EntryPoint\",\"urlTemplate\":\"https:\\\/\\\/epsapps.udg.edu\\\/cidsav\\\/?s={search_term_string}\"},\"query-input\":{\"@type\":\"PropertyValueSpecification\",\"valueRequired\":true,\"valueName\":\"search_term_string\"}}],\"inLanguage\":\"es\"},{\"@type\":\"Organization\",\"@id\":\"https:\\\/\\\/epsapps.udg.edu\\\/cidsav\\\/#organization\",\"name\":\"CIDSAV\",\"url\":\"https:\\\/\\\/epsapps.udg.edu\\\/cidsav\\\/\",\"logo\":{\"@type\":\"ImageObject\",\"inLanguage\":\"es\",\"@id\":\"https:\\\/\\\/epsapps.udg.edu\\\/cidsav\\\/#\\\/schema\\\/logo\\\/image\\\/\",\"url\":\"https:\\\/\\\/epsapps.udg.edu\\\/cidsav\\\/wp-content\\\/uploads\\\/2019\\\/09\\\/Logo-3-idomes-CIDSAV-verd-03.png\",\"contentUrl\":\"https:\\\/\\\/epsapps.udg.edu\\\/cidsav\\\/wp-content\\\/uploads\\\/2019\\\/09\\\/Logo-3-idomes-CIDSAV-verd-03.png\",\"width\":1181,\"height\":1054,\"caption\":\"CIDSAV\"},\"image\":{\"@id\":\"https:\\\/\\\/epsapps.udg.edu\\\/cidsav\\\/#\\\/schema\\\/logo\\\/image\\\/\"},\"sameAs\":[\"https:\\\/\\\/www.instagram.com\\\/cidsav_udg\\\/?igsh=eDU0dzNpc2JzdG8y#\"]}]}<\/script>\n<!-- \/ Yoast SEO plugin. -->","yoast_head_json":{"title":"SmartPEPXYL","robots":{"index":"index","follow":"follow","max-snippet":"max-snippet:-1","max-image-preview":"max-image-preview:large","max-video-preview":"max-video-preview:-1"},"canonical":"https:\/\/epsapps.udg.edu\/cidsav\/es\/smartpepxyl-es\/","og_locale":"es_ES","og_type":"article","og_title":"SmartPEPXYL","og_description":"SmartPEPXYL Nuevos compuestos basados en p\u00e9ptidos como productos fitosanitarios inteligentes frente a enfermedades causades por Xylella fastidiosa El proyecto SmartPEPXYL quiere proporcionar nuevos compuestos basados [&hellip;]","og_url":"https:\/\/epsapps.udg.edu\/cidsav\/es\/smartpepxyl-es\/","og_site_name":"CIDSAV","article_modified_time":"2025-01-14T10:22:29+00:00","og_image":[{"url":"https:\/\/epsapps.udg.edu\/cidsav\/wp-content\/uploads\/2024\/01\/Logo_cidsav_web.jpg","type":"","width":"","height":""}],"twitter_card":"summary_large_image","twitter_misc":{"Tiempo de lectura":"4 minutos"},"schema":{"@context":"https:\/\/schema.org","@graph":[{"@type":"WebPage","@id":"https:\/\/epsapps.udg.edu\/cidsav\/es\/smartpepxyl-es\/","url":"https:\/\/epsapps.udg.edu\/cidsav\/es\/smartpepxyl-es\/","name":"SmartPEPXYL","isPartOf":{"@id":"https:\/\/epsapps.udg.edu\/cidsav\/#website"},"primaryImageOfPage":{"@id":"https:\/\/epsapps.udg.edu\/cidsav\/es\/smartpepxyl-es\/#primaryimage"},"image":{"@id":"https:\/\/epsapps.udg.edu\/cidsav\/es\/smartpepxyl-es\/#primaryimage"},"thumbnailUrl":"https:\/\/epsapps.udg.edu\/cidsav\/wp-content\/uploads\/2024\/01\/Logo_cidsav_web.jpg","datePublished":"2024-01-17T09:42:17+00:00","dateModified":"2025-01-14T10:22:29+00:00","breadcrumb":{"@id":"https:\/\/epsapps.udg.edu\/cidsav\/es\/smartpepxyl-es\/#breadcrumb"},"inLanguage":"es","potentialAction":[{"@type":"ReadAction","target":["https:\/\/epsapps.udg.edu\/cidsav\/es\/smartpepxyl-es\/"]}]},{"@type":"ImageObject","inLanguage":"es","@id":"https:\/\/epsapps.udg.edu\/cidsav\/es\/smartpepxyl-es\/#primaryimage","url":"","contentUrl":""},{"@type":"BreadcrumbList","@id":"https:\/\/epsapps.udg.edu\/cidsav\/es\/smartpepxyl-es\/#breadcrumb","itemListElement":[{"@type":"ListItem","position":1,"name":"Portada","item":"https:\/\/epsapps.udg.edu\/cidsav\/"},{"@type":"ListItem","position":2,"name":"SmartPEPXYL"}]},{"@type":"WebSite","@id":"https:\/\/epsapps.udg.edu\/cidsav\/#website","url":"https:\/\/epsapps.udg.edu\/cidsav\/","name":"CIDSAV","description":"","publisher":{"@id":"https:\/\/epsapps.udg.edu\/cidsav\/#organization"},"potentialAction":[{"@type":"SearchAction","target":{"@type":"EntryPoint","urlTemplate":"https:\/\/epsapps.udg.edu\/cidsav\/?s={search_term_string}"},"query-input":{"@type":"PropertyValueSpecification","valueRequired":true,"valueName":"search_term_string"}}],"inLanguage":"es"},{"@type":"Organization","@id":"https:\/\/epsapps.udg.edu\/cidsav\/#organization","name":"CIDSAV","url":"https:\/\/epsapps.udg.edu\/cidsav\/","logo":{"@type":"ImageObject","inLanguage":"es","@id":"https:\/\/epsapps.udg.edu\/cidsav\/#\/schema\/logo\/image\/","url":"https:\/\/epsapps.udg.edu\/cidsav\/wp-content\/uploads\/2019\/09\/Logo-3-idomes-CIDSAV-verd-03.png","contentUrl":"https:\/\/epsapps.udg.edu\/cidsav\/wp-content\/uploads\/2019\/09\/Logo-3-idomes-CIDSAV-verd-03.png","width":1181,"height":1054,"caption":"CIDSAV"},"image":{"@id":"https:\/\/epsapps.udg.edu\/cidsav\/#\/schema\/logo\/image\/"},"sameAs":["https:\/\/www.instagram.com\/cidsav_udg\/?igsh=eDU0dzNpc2JzdG8y#"]}]}},"uagb_featured_image_src":{"full":false,"thumbnail":false,"medium":false,"medium_large":false,"large":false,"1536x1536":false,"2048x2048":false,"sydney-large-thumb":false,"sydney-medium-thumb":false,"sydney-small-thumb":false,"sydney-service-thumb":false,"sydney-mas-thumb":false},"uagb_author_info":{"display_name":"Cidsav","author_link":"https:\/\/epsapps.udg.edu\/cidsav\/author\/cidsav0140\/"},"uagb_comment_info":0,"uagb_excerpt":"SmartPEPXYL Nuevos compuestos basados en p\u00e9ptidos como productos fitosanitarios inteligentes frente a enfermedades causades por Xylella fastidiosa El proyecto SmartPEPXYL quiere proporcionar nuevos compuestos basados [&hellip;]","_links":{"self":[{"href":"https:\/\/epsapps.udg.edu\/cidsav\/wp-json\/wp\/v2\/pages\/6847","targetHints":{"allow":["GET"]}}],"collection":[{"href":"https:\/\/epsapps.udg.edu\/cidsav\/wp-json\/wp\/v2\/pages"}],"about":[{"href":"https:\/\/epsapps.udg.edu\/cidsav\/wp-json\/wp\/v2\/types\/page"}],"author":[{"embeddable":true,"href":"https:\/\/epsapps.udg.edu\/cidsav\/wp-json\/wp\/v2\/users\/1"}],"replies":[{"embeddable":true,"href":"https:\/\/epsapps.udg.edu\/cidsav\/wp-json\/wp\/v2\/comments?post=6847"}],"version-history":[{"count":0,"href":"https:\/\/epsapps.udg.edu\/cidsav\/wp-json\/wp\/v2\/pages\/6847\/revisions"}],"wp:attachment":[{"href":"https:\/\/epsapps.udg.edu\/cidsav\/wp-json\/wp\/v2\/media?parent=6847"}],"curies":[{"name":"wp","href":"https:\/\/api.w.org\/{rel}","templated":true}]}}