{"id":6176,"date":"2023-05-16T15:27:43","date_gmt":"2023-05-16T13:27:43","guid":{"rendered":"https:\/\/epsapps.udg.edu\/cidsav\/?page_id=6176"},"modified":"2025-01-14T11:32:59","modified_gmt":"2025-01-14T10:32:59","slug":"marc-vila-de-vargas-2","status":"publish","type":"page","link":"https:\/\/epsapps.udg.edu\/cidsav\/es\/marc-vila-de-vargas-2\/","title":{"rendered":"Marc Vila de Vargas"},"content":{"rendered":"\t\t<div data-elementor-type=\"wp-page\" data-elementor-id=\"6176\" class=\"elementor elementor-6176\">\n\t\t\t\t\t\t<section class=\"elementor-section elementor-top-section elementor-element elementor-element-24439c87 elementor-section-boxed elementor-section-height-default elementor-section-height-default\" data-id=\"24439c87\" data-element_type=\"section\" data-e-type=\"section\">\n\t\t\t\t\t\t<div class=\"elementor-container elementor-column-gap-default\">\n\t\t\t\t\t<div class=\"elementor-column elementor-col-50 elementor-top-column elementor-element elementor-element-462f881\" data-id=\"462f881\" data-element_type=\"column\" data-e-type=\"column\">\n\t\t\t<div class=\"elementor-widget-wrap elementor-element-populated\">\n\t\t\t\t\t\t<div class=\"elementor-element elementor-element-467413a3 elementor-widget elementor-widget-image\" data-id=\"467413a3\" data-element_type=\"widget\" data-e-type=\"widget\" data-widget_type=\"image.default\">\n\t\t\t\t<div class=\"elementor-widget-container\">\n\t\t\t\t\t\t\t\t\t\t\t\t\t\t\t<img fetchpriority=\"high\" decoding=\"async\" width=\"387\" height=\"435\" src=\"https:\/\/epsapps.udg.edu\/cidsav\/wp-content\/uploads\/2023\/05\/Marc-Vila.png\" class=\"attachment-large size-large wp-image-6169\" alt=\"\" srcset=\"https:\/\/epsapps.udg.edu\/cidsav\/wp-content\/uploads\/2023\/05\/Marc-Vila.png 387w, https:\/\/epsapps.udg.edu\/cidsav\/wp-content\/uploads\/2023\/05\/Marc-Vila-267x300.png 267w, https:\/\/epsapps.udg.edu\/cidsav\/wp-content\/uploads\/2023\/05\/Marc-Vila-230x259.png 230w, https:\/\/epsapps.udg.edu\/cidsav\/wp-content\/uploads\/2023\/05\/Marc-Vila-350x393.png 350w\" sizes=\"(max-width: 387px) 100vw, 387px\" \/>\t\t\t\t\t\t\t\t\t\t\t\t\t\t\t<\/div>\n\t\t\t\t<\/div>\n\t\t\t\t<div class=\"elementor-element elementor-element-209906cc elementor-widget elementor-widget-image\" data-id=\"209906cc\" data-element_type=\"widget\" data-e-type=\"widget\" data-widget_type=\"image.default\">\n\t\t\t\t<div class=\"elementor-widget-container\">\n\t\t\t\t\t\t\t\t\t\t\t\t\t\t\t<img decoding=\"async\" src=\"https:\/\/epsapps.udg.edu\/cidsav\/wp-content\/uploads\/2023\/01\/Esther-Badosa_web.jpg\" title=\"\" alt=\"\" loading=\"lazy\" \/>\t\t\t\t\t\t\t\t\t\t\t\t\t\t\t<\/div>\n\t\t\t\t<\/div>\n\t\t\t\t<section class=\"elementor-section elementor-inner-section elementor-element elementor-element-4b0454ee elementor-section-boxed elementor-section-height-default elementor-section-height-default\" data-id=\"4b0454ee\" data-element_type=\"section\" data-e-type=\"section\">\n\t\t\t\t\t\t<div class=\"elementor-container elementor-column-gap-default\">\n\t\t\t\t\t<div class=\"elementor-column elementor-col-100 elementor-inner-column elementor-element elementor-element-48d1249d\" data-id=\"48d1249d\" data-element_type=\"column\" data-e-type=\"column\">\n\t\t\t<div class=\"elementor-widget-wrap\">\n\t\t\t\t\t\t\t<\/div>\n\t\t<\/div>\n\t\t\t\t\t<\/div>\n\t\t<\/section>\n\t\t\t\t\t<\/div>\n\t\t<\/div>\n\t\t\t\t<div class=\"elementor-column elementor-col-50 elementor-top-column elementor-element elementor-element-26641e3\" data-id=\"26641e3\" data-element_type=\"column\" data-e-type=\"column\">\n\t\t\t<div class=\"elementor-widget-wrap elementor-element-populated\">\n\t\t\t\t\t\t<div class=\"elementor-element elementor-element-634e78cc elementor-widget elementor-widget-heading\" data-id=\"634e78cc\" data-element_type=\"widget\" data-e-type=\"widget\" data-widget_type=\"heading.default\">\n\t\t\t\t<div class=\"elementor-widget-container\">\n\t\t\t\t\t<h4 class=\"elementor-heading-title elementor-size-default\">Sr. Marc Vila de Vargas <\/h4>\t\t\t\t<\/div>\n\t\t\t\t<\/div>\n\t\t\t\t<div class=\"elementor-element elementor-element-4c71f8a5 elementor-widget-divider--view-line elementor-widget elementor-widget-divider\" data-id=\"4c71f8a5\" data-element_type=\"widget\" data-e-type=\"widget\" data-widget_type=\"divider.default\">\n\t\t\t\t<div class=\"elementor-widget-container\">\n\t\t\t\t\t\t\t<div class=\"elementor-divider\">\n\t\t\t<span class=\"elementor-divider-separator\">\n\t\t\t\t\t\t<\/span>\n\t\t<\/div>\n\t\t\t\t\t\t<\/div>\n\t\t\t\t<\/div>\n\t\t\t\t<div class=\"elementor-element elementor-element-287b840a elementor-widget elementor-widget-text-editor\" data-id=\"287b840a\" data-element_type=\"widget\" data-e-type=\"widget\" data-widget_type=\"text-editor.default\">\n\t\t\t\t<div class=\"elementor-widget-container\">\n\t\t\t\t\t\t\t\t\t<p><strong>Instituto:<\/strong> <a href=\"https:\/\/www.udg.edu\/ca\/instituts\/intea\">INSTITUTO DE TECNOLOG\u00cdA AGROALIMENTARIA DE LA UDG<\/a><br \/><strong>Grupo de Investigaci\u00f3n:<\/strong> <a href=\"http:\/\/intea.udg.edu\/cidsav\/\">PATOLOG\u00cdA VEGETAL<\/a><\/p>\t\t\t\t\t\t\t\t<\/div>\n\t\t\t\t<\/div>\n\t\t\t\t<div class=\"elementor-element elementor-element-4acb1070 elementor-widget elementor-widget-text-editor\" data-id=\"4acb1070\" data-element_type=\"widget\" data-e-type=\"widget\" data-widget_type=\"text-editor.default\">\n\t\t\t\t<div class=\"elementor-widget-container\">\n\t\t\t\t\t\t\t\t\t<p style=\"text-align: justify;\">Marc Vila de Vargas se gradu\u00f3 en el a\u00f1o 2018 en Ciencia y Tecnolog\u00eda de los Alimentos y curs\u00f3 el m\u00e1ster en Biotecnolog\u00eda Alimentaria en el a\u00f1o 2021 en la Universidad de Girona. Realiz\u00f3 su Trabajo de Fin de M\u00e1ster en el grupo de Investigaci\u00f3n de Patolog\u00eda Vegetal del Instituto de Tecnolog\u00eda Agroalimentaria de la Universidad de Girona en el marco del proyecto PDC2021-120778-I00: \u00abValorizaci\u00f3n de una tecnolog\u00eda de manejo sostenible de bacteriosis en frutales de hueso basada en la aplicaci\u00f3n de biop\u00e9ptidos y un sistema de predicci\u00f3n de la enfermedad\u00bb, donde tambi\u00e9n trabaj\u00f3 durante un a\u00f1o como t\u00e9cnico para realizar actividades de apoyo a la investigaci\u00f3n. Actualmente est\u00e1 realizando su tesis doctoral titulada \u201cDesarrollo de herramientas para el manejo integrado de la alternariosis del manzano basadas en t\u00e9cnicas moleculares de detecci\u00f3n del pat\u00f3geno y p\u00e9ptidos elicitorios de las defensas de la planta\u201d.<\/p>\t\t\t\t\t\t\t\t<\/div>\n\t\t\t\t<\/div>\n\t\t\t\t<div class=\"elementor-element elementor-element-5ea8d5af elementor-widget-divider--view-line elementor-widget elementor-widget-divider\" data-id=\"5ea8d5af\" data-element_type=\"widget\" data-e-type=\"widget\" data-widget_type=\"divider.default\">\n\t\t\t\t<div class=\"elementor-widget-container\">\n\t\t\t\t\t\t\t<div class=\"elementor-divider\">\n\t\t\t<span class=\"elementor-divider-separator\">\n\t\t\t\t\t\t<\/span>\n\t\t<\/div>\n\t\t\t\t\t\t<\/div>\n\t\t\t\t<\/div>\n\t\t\t\t\t<\/div>\n\t\t<\/div>\n\t\t\t\t\t<\/div>\n\t\t<\/section>\n\t\t\t\t<\/div>\n\t\t","protected":false},"excerpt":{"rendered":"<p>Sr. Marc Vila de Vargas Instituto: INSTITUTO DE TECNOLOG\u00cdA AGROALIMENTARIA DE LA UDGGrupo de Investigaci\u00f3n: PATOLOG\u00cdA VEGETAL Marc Vila de Vargas se gradu\u00f3 en el [&hellip;]<\/p>\n","protected":false},"author":1,"featured_media":0,"parent":0,"menu_order":0,"comment_status":"closed","ping_status":"closed","template":"elementor_header_footer","meta":{"_uag_custom_page_level_css":"","footnotes":""},"class_list":["post-6176","page","type-page","status-publish","hentry"],"yoast_head":"<!-- This site is optimized with the Yoast SEO plugin v27.4 - https:\/\/yoast.com\/product\/yoast-seo-wordpress\/ -->\n<title>Marc Vila de Vargas<\/title>\n<meta name=\"robots\" content=\"index, follow, max-snippet:-1, max-image-preview:large, max-video-preview:-1\" \/>\n<link rel=\"canonical\" href=\"https:\/\/epsapps.udg.edu\/cidsav\/es\/marc-vila-de-vargas-2\/\" \/>\n<meta property=\"og:locale\" content=\"es_ES\" \/>\n<meta property=\"og:type\" content=\"article\" \/>\n<meta property=\"og:title\" content=\"Marc Vila de Vargas\" \/>\n<meta property=\"og:description\" content=\"Sr. Marc Vila de Vargas Instituto: INSTITUTO DE TECNOLOG\u00cdA AGROALIMENTARIA DE LA UDGGrupo de Investigaci\u00f3n: PATOLOG\u00cdA VEGETAL Marc Vila de Vargas se gradu\u00f3 en el [&hellip;]\" \/>\n<meta property=\"og:url\" content=\"https:\/\/epsapps.udg.edu\/cidsav\/es\/marc-vila-de-vargas-2\/\" \/>\n<meta property=\"og:site_name\" content=\"CIDSAV\" \/>\n<meta property=\"article:modified_time\" content=\"2025-01-14T10:32:59+00:00\" \/>\n<meta property=\"og:image\" content=\"https:\/\/epsapps.udg.edu\/cidsav\/wp-content\/uploads\/2023\/05\/Marc-Vila.png\" \/>\n<meta name=\"twitter:card\" content=\"summary_large_image\" \/>\n<meta name=\"twitter:label1\" content=\"Tiempo de lectura\" \/>\n\t<meta name=\"twitter:data1\" content=\"1 minuto\" \/>\n<script type=\"application\/ld+json\" class=\"yoast-schema-graph\">{\"@context\":\"https:\\\/\\\/schema.org\",\"@graph\":[{\"@type\":\"WebPage\",\"@id\":\"https:\\\/\\\/epsapps.udg.edu\\\/cidsav\\\/es\\\/marc-vila-de-vargas-2\\\/\",\"url\":\"https:\\\/\\\/epsapps.udg.edu\\\/cidsav\\\/es\\\/marc-vila-de-vargas-2\\\/\",\"name\":\"Marc Vila de Vargas\",\"isPartOf\":{\"@id\":\"https:\\\/\\\/epsapps.udg.edu\\\/cidsav\\\/#website\"},\"primaryImageOfPage\":{\"@id\":\"https:\\\/\\\/epsapps.udg.edu\\\/cidsav\\\/es\\\/marc-vila-de-vargas-2\\\/#primaryimage\"},\"image\":{\"@id\":\"https:\\\/\\\/epsapps.udg.edu\\\/cidsav\\\/es\\\/marc-vila-de-vargas-2\\\/#primaryimage\"},\"thumbnailUrl\":\"https:\\\/\\\/epsapps.udg.edu\\\/cidsav\\\/wp-content\\\/uploads\\\/2023\\\/05\\\/Marc-Vila.png\",\"datePublished\":\"2023-05-16T13:27:43+00:00\",\"dateModified\":\"2025-01-14T10:32:59+00:00\",\"breadcrumb\":{\"@id\":\"https:\\\/\\\/epsapps.udg.edu\\\/cidsav\\\/es\\\/marc-vila-de-vargas-2\\\/#breadcrumb\"},\"inLanguage\":\"es\",\"potentialAction\":[{\"@type\":\"ReadAction\",\"target\":[\"https:\\\/\\\/epsapps.udg.edu\\\/cidsav\\\/es\\\/marc-vila-de-vargas-2\\\/\"]}]},{\"@type\":\"ImageObject\",\"inLanguage\":\"es\",\"@id\":\"https:\\\/\\\/epsapps.udg.edu\\\/cidsav\\\/es\\\/marc-vila-de-vargas-2\\\/#primaryimage\",\"url\":\"https:\\\/\\\/epsapps.udg.edu\\\/cidsav\\\/wp-content\\\/uploads\\\/2023\\\/05\\\/Marc-Vila.png\",\"contentUrl\":\"https:\\\/\\\/epsapps.udg.edu\\\/cidsav\\\/wp-content\\\/uploads\\\/2023\\\/05\\\/Marc-Vila.png\",\"width\":387,\"height\":435},{\"@type\":\"BreadcrumbList\",\"@id\":\"https:\\\/\\\/epsapps.udg.edu\\\/cidsav\\\/es\\\/marc-vila-de-vargas-2\\\/#breadcrumb\",\"itemListElement\":[{\"@type\":\"ListItem\",\"position\":1,\"name\":\"Portada\",\"item\":\"https:\\\/\\\/epsapps.udg.edu\\\/cidsav\\\/\"},{\"@type\":\"ListItem\",\"position\":2,\"name\":\"Marc Vila de Vargas\"}]},{\"@type\":\"WebSite\",\"@id\":\"https:\\\/\\\/epsapps.udg.edu\\\/cidsav\\\/#website\",\"url\":\"https:\\\/\\\/epsapps.udg.edu\\\/cidsav\\\/\",\"name\":\"CIDSAV\",\"description\":\"\",\"publisher\":{\"@id\":\"https:\\\/\\\/epsapps.udg.edu\\\/cidsav\\\/#organization\"},\"potentialAction\":[{\"@type\":\"SearchAction\",\"target\":{\"@type\":\"EntryPoint\",\"urlTemplate\":\"https:\\\/\\\/epsapps.udg.edu\\\/cidsav\\\/?s={search_term_string}\"},\"query-input\":{\"@type\":\"PropertyValueSpecification\",\"valueRequired\":true,\"valueName\":\"search_term_string\"}}],\"inLanguage\":\"es\"},{\"@type\":\"Organization\",\"@id\":\"https:\\\/\\\/epsapps.udg.edu\\\/cidsav\\\/#organization\",\"name\":\"CIDSAV\",\"url\":\"https:\\\/\\\/epsapps.udg.edu\\\/cidsav\\\/\",\"logo\":{\"@type\":\"ImageObject\",\"inLanguage\":\"es\",\"@id\":\"https:\\\/\\\/epsapps.udg.edu\\\/cidsav\\\/#\\\/schema\\\/logo\\\/image\\\/\",\"url\":\"https:\\\/\\\/epsapps.udg.edu\\\/cidsav\\\/wp-content\\\/uploads\\\/2019\\\/09\\\/Logo-3-idomes-CIDSAV-verd-03.png\",\"contentUrl\":\"https:\\\/\\\/epsapps.udg.edu\\\/cidsav\\\/wp-content\\\/uploads\\\/2019\\\/09\\\/Logo-3-idomes-CIDSAV-verd-03.png\",\"width\":1181,\"height\":1054,\"caption\":\"CIDSAV\"},\"image\":{\"@id\":\"https:\\\/\\\/epsapps.udg.edu\\\/cidsav\\\/#\\\/schema\\\/logo\\\/image\\\/\"},\"sameAs\":[\"https:\\\/\\\/www.instagram.com\\\/cidsav_udg\\\/?igsh=eDU0dzNpc2JzdG8y#\"]}]}<\/script>\n<!-- \/ Yoast SEO plugin. -->","yoast_head_json":{"title":"Marc Vila de Vargas","robots":{"index":"index","follow":"follow","max-snippet":"max-snippet:-1","max-image-preview":"max-image-preview:large","max-video-preview":"max-video-preview:-1"},"canonical":"https:\/\/epsapps.udg.edu\/cidsav\/es\/marc-vila-de-vargas-2\/","og_locale":"es_ES","og_type":"article","og_title":"Marc Vila de Vargas","og_description":"Sr. Marc Vila de Vargas Instituto: INSTITUTO DE TECNOLOG\u00cdA AGROALIMENTARIA DE LA UDGGrupo de Investigaci\u00f3n: PATOLOG\u00cdA VEGETAL Marc Vila de Vargas se gradu\u00f3 en el [&hellip;]","og_url":"https:\/\/epsapps.udg.edu\/cidsav\/es\/marc-vila-de-vargas-2\/","og_site_name":"CIDSAV","article_modified_time":"2025-01-14T10:32:59+00:00","og_image":[{"url":"https:\/\/epsapps.udg.edu\/cidsav\/wp-content\/uploads\/2023\/05\/Marc-Vila.png","type":"","width":"","height":""}],"twitter_card":"summary_large_image","twitter_misc":{"Tiempo de lectura":"1 minuto"},"schema":{"@context":"https:\/\/schema.org","@graph":[{"@type":"WebPage","@id":"https:\/\/epsapps.udg.edu\/cidsav\/es\/marc-vila-de-vargas-2\/","url":"https:\/\/epsapps.udg.edu\/cidsav\/es\/marc-vila-de-vargas-2\/","name":"Marc Vila de Vargas","isPartOf":{"@id":"https:\/\/epsapps.udg.edu\/cidsav\/#website"},"primaryImageOfPage":{"@id":"https:\/\/epsapps.udg.edu\/cidsav\/es\/marc-vila-de-vargas-2\/#primaryimage"},"image":{"@id":"https:\/\/epsapps.udg.edu\/cidsav\/es\/marc-vila-de-vargas-2\/#primaryimage"},"thumbnailUrl":"https:\/\/epsapps.udg.edu\/cidsav\/wp-content\/uploads\/2023\/05\/Marc-Vila.png","datePublished":"2023-05-16T13:27:43+00:00","dateModified":"2025-01-14T10:32:59+00:00","breadcrumb":{"@id":"https:\/\/epsapps.udg.edu\/cidsav\/es\/marc-vila-de-vargas-2\/#breadcrumb"},"inLanguage":"es","potentialAction":[{"@type":"ReadAction","target":["https:\/\/epsapps.udg.edu\/cidsav\/es\/marc-vila-de-vargas-2\/"]}]},{"@type":"ImageObject","inLanguage":"es","@id":"https:\/\/epsapps.udg.edu\/cidsav\/es\/marc-vila-de-vargas-2\/#primaryimage","url":"https:\/\/epsapps.udg.edu\/cidsav\/wp-content\/uploads\/2023\/05\/Marc-Vila.png","contentUrl":"https:\/\/epsapps.udg.edu\/cidsav\/wp-content\/uploads\/2023\/05\/Marc-Vila.png","width":387,"height":435},{"@type":"BreadcrumbList","@id":"https:\/\/epsapps.udg.edu\/cidsav\/es\/marc-vila-de-vargas-2\/#breadcrumb","itemListElement":[{"@type":"ListItem","position":1,"name":"Portada","item":"https:\/\/epsapps.udg.edu\/cidsav\/"},{"@type":"ListItem","position":2,"name":"Marc Vila de Vargas"}]},{"@type":"WebSite","@id":"https:\/\/epsapps.udg.edu\/cidsav\/#website","url":"https:\/\/epsapps.udg.edu\/cidsav\/","name":"CIDSAV","description":"","publisher":{"@id":"https:\/\/epsapps.udg.edu\/cidsav\/#organization"},"potentialAction":[{"@type":"SearchAction","target":{"@type":"EntryPoint","urlTemplate":"https:\/\/epsapps.udg.edu\/cidsav\/?s={search_term_string}"},"query-input":{"@type":"PropertyValueSpecification","valueRequired":true,"valueName":"search_term_string"}}],"inLanguage":"es"},{"@type":"Organization","@id":"https:\/\/epsapps.udg.edu\/cidsav\/#organization","name":"CIDSAV","url":"https:\/\/epsapps.udg.edu\/cidsav\/","logo":{"@type":"ImageObject","inLanguage":"es","@id":"https:\/\/epsapps.udg.edu\/cidsav\/#\/schema\/logo\/image\/","url":"https:\/\/epsapps.udg.edu\/cidsav\/wp-content\/uploads\/2019\/09\/Logo-3-idomes-CIDSAV-verd-03.png","contentUrl":"https:\/\/epsapps.udg.edu\/cidsav\/wp-content\/uploads\/2019\/09\/Logo-3-idomes-CIDSAV-verd-03.png","width":1181,"height":1054,"caption":"CIDSAV"},"image":{"@id":"https:\/\/epsapps.udg.edu\/cidsav\/#\/schema\/logo\/image\/"},"sameAs":["https:\/\/www.instagram.com\/cidsav_udg\/?igsh=eDU0dzNpc2JzdG8y#"]}]}},"uagb_featured_image_src":{"full":false,"thumbnail":false,"medium":false,"medium_large":false,"large":false,"1536x1536":false,"2048x2048":false,"sydney-large-thumb":false,"sydney-medium-thumb":false,"sydney-small-thumb":false,"sydney-service-thumb":false,"sydney-mas-thumb":false},"uagb_author_info":{"display_name":"Cidsav","author_link":"https:\/\/epsapps.udg.edu\/cidsav\/author\/cidsav0140\/"},"uagb_comment_info":0,"uagb_excerpt":"Sr. Marc Vila de Vargas Instituto: INSTITUTO DE TECNOLOG\u00cdA AGROALIMENTARIA DE LA UDGGrupo de Investigaci\u00f3n: PATOLOG\u00cdA VEGETAL Marc Vila de Vargas se gradu\u00f3 en el [&hellip;]","_links":{"self":[{"href":"https:\/\/epsapps.udg.edu\/cidsav\/wp-json\/wp\/v2\/pages\/6176","targetHints":{"allow":["GET"]}}],"collection":[{"href":"https:\/\/epsapps.udg.edu\/cidsav\/wp-json\/wp\/v2\/pages"}],"about":[{"href":"https:\/\/epsapps.udg.edu\/cidsav\/wp-json\/wp\/v2\/types\/page"}],"author":[{"embeddable":true,"href":"https:\/\/epsapps.udg.edu\/cidsav\/wp-json\/wp\/v2\/users\/1"}],"replies":[{"embeddable":true,"href":"https:\/\/epsapps.udg.edu\/cidsav\/wp-json\/wp\/v2\/comments?post=6176"}],"version-history":[{"count":0,"href":"https:\/\/epsapps.udg.edu\/cidsav\/wp-json\/wp\/v2\/pages\/6176\/revisions"}],"wp:attachment":[{"href":"https:\/\/epsapps.udg.edu\/cidsav\/wp-json\/wp\/v2\/media?parent=6176"}],"curies":[{"name":"wp","href":"https:\/\/api.w.org\/{rel}","templated":true}]}}