{"id":4280,"date":"2021-10-08T09:42:19","date_gmt":"2021-10-08T07:42:19","guid":{"rendered":"https:\/\/epsapps.udg.edu\/cidsav\/?page_id=4280"},"modified":"2023-02-01T13:40:20","modified_gmt":"2023-02-01T12:40:20","slug":"isidre-llorente-cabratosa_es","status":"publish","type":"page","link":"https:\/\/epsapps.udg.edu\/cidsav\/es\/isidre-llorente-cabratosa_es\/","title":{"rendered":"Isidre Llorente Cabratosa"},"content":{"rendered":"\t\t<div data-elementor-type=\"wp-page\" data-elementor-id=\"4280\" class=\"elementor elementor-4280\">\n\t\t\t\t\t\t<section class=\"elementor-section elementor-top-section elementor-element elementor-element-7d823aa9 elementor-section-boxed elementor-section-height-default elementor-section-height-default\" data-id=\"7d823aa9\" data-element_type=\"section\" data-e-type=\"section\">\n\t\t\t\t\t\t<div class=\"elementor-container elementor-column-gap-default\">\n\t\t\t\t\t<div class=\"elementor-column elementor-col-50 elementor-top-column elementor-element elementor-element-17ac2b76\" data-id=\"17ac2b76\" data-element_type=\"column\" data-e-type=\"column\">\n\t\t\t<div class=\"elementor-widget-wrap elementor-element-populated\">\n\t\t\t\t\t\t<div class=\"elementor-element elementor-element-608c11db elementor-widget elementor-widget-image\" data-id=\"608c11db\" data-element_type=\"widget\" data-e-type=\"widget\" data-widget_type=\"image.default\">\n\t\t\t\t<div class=\"elementor-widget-container\">\n\t\t\t\t\t\t\t\t\t\t\t\t\t\t\t<img fetchpriority=\"high\" decoding=\"async\" width=\"387\" height=\"435\" src=\"https:\/\/epsapps.udg.edu\/cidsav\/wp-content\/uploads\/2023\/02\/Isidre-Llorente.png\" class=\"attachment-large size-large wp-image-5840\" alt=\"\" srcset=\"https:\/\/epsapps.udg.edu\/cidsav\/wp-content\/uploads\/2023\/02\/Isidre-Llorente.png 387w, https:\/\/epsapps.udg.edu\/cidsav\/wp-content\/uploads\/2023\/02\/Isidre-Llorente-267x300.png 267w, https:\/\/epsapps.udg.edu\/cidsav\/wp-content\/uploads\/2023\/02\/Isidre-Llorente-230x259.png 230w, https:\/\/epsapps.udg.edu\/cidsav\/wp-content\/uploads\/2023\/02\/Isidre-Llorente-350x393.png 350w\" sizes=\"(max-width: 387px) 100vw, 387px\" \/>\t\t\t\t\t\t\t\t\t\t\t\t\t\t\t<\/div>\n\t\t\t\t<\/div>\n\t\t\t\t<section class=\"elementor-section elementor-inner-section elementor-element elementor-element-1f8670e0 elementor-section-boxed elementor-section-height-default elementor-section-height-default\" data-id=\"1f8670e0\" data-element_type=\"section\" data-e-type=\"section\">\n\t\t\t\t\t\t<div class=\"elementor-container elementor-column-gap-default\">\n\t\t\t\t\t<div class=\"elementor-column elementor-col-100 elementor-inner-column elementor-element elementor-element-fbaf202\" data-id=\"fbaf202\" data-element_type=\"column\" data-e-type=\"column\">\n\t\t\t<div class=\"elementor-widget-wrap elementor-element-populated\">\n\t\t\t\t\t\t<div class=\"elementor-element elementor-element-395ead6e elementor-shape-circle elementor-grid-0 e-grid-align-center elementor-widget elementor-widget-social-icons\" data-id=\"395ead6e\" data-element_type=\"widget\" data-e-type=\"widget\" data-widget_type=\"social-icons.default\">\n\t\t\t\t<div class=\"elementor-widget-container\">\n\t\t\t\t\t\t\t<div class=\"elementor-social-icons-wrapper elementor-grid\" role=\"list\">\n\t\t\t\t\t\t\t<span class=\"elementor-grid-item\" role=\"listitem\">\n\t\t\t\t\t<a class=\"elementor-icon elementor-social-icon elementor-social-icon-researchgate elementor-animation-shrink elementor-repeater-item-79644ac\" target=\"_blank\">\n\t\t\t\t\t\t<span class=\"elementor-screen-only\">Researchgate<\/span>\n\t\t\t\t\t\t<i aria-hidden=\"true\" class=\"fab fa-researchgate\"><\/i>\t\t\t\t\t<\/a>\n\t\t\t\t<\/span>\n\t\t\t\t\t\t\t<span class=\"elementor-grid-item\" role=\"listitem\">\n\t\t\t\t\t<a class=\"elementor-icon elementor-social-icon elementor-social-icon-orcid elementor-animation-shrink elementor-repeater-item-2fc832a\" target=\"_blank\">\n\t\t\t\t\t\t<span class=\"elementor-screen-only\">Orcid<\/span>\n\t\t\t\t\t\t<i aria-hidden=\"true\" class=\"fab fa-orcid\"><\/i>\t\t\t\t\t<\/a>\n\t\t\t\t<\/span>\n\t\t\t\t\t<\/div>\n\t\t\t\t\t\t<\/div>\n\t\t\t\t<\/div>\n\t\t\t\t\t<\/div>\n\t\t<\/div>\n\t\t\t\t\t<\/div>\n\t\t<\/section>\n\t\t\t\t\t<\/div>\n\t\t<\/div>\n\t\t\t\t<div class=\"elementor-column elementor-col-50 elementor-top-column elementor-element elementor-element-51edb2e9\" data-id=\"51edb2e9\" data-element_type=\"column\" data-e-type=\"column\">\n\t\t\t<div class=\"elementor-widget-wrap elementor-element-populated\">\n\t\t\t\t\t\t<div class=\"elementor-element elementor-element-69e46451 elementor-widget elementor-widget-heading\" data-id=\"69e46451\" data-element_type=\"widget\" data-e-type=\"widget\" data-widget_type=\"heading.default\">\n\t\t\t\t<div class=\"elementor-widget-container\">\n\t\t\t\t\t<h4 class=\"elementor-heading-title elementor-size-default\">Dr. Isidre Llorente Cabratosa<\/h4>\t\t\t\t<\/div>\n\t\t\t\t<\/div>\n\t\t\t\t<div class=\"elementor-element elementor-element-1c7a82e7 elementor-widget-divider--view-line elementor-widget elementor-widget-divider\" data-id=\"1c7a82e7\" data-element_type=\"widget\" data-e-type=\"widget\" data-widget_type=\"divider.default\">\n\t\t\t\t<div class=\"elementor-widget-container\">\n\t\t\t\t\t\t\t<div class=\"elementor-divider\">\n\t\t\t<span class=\"elementor-divider-separator\">\n\t\t\t\t\t\t<\/span>\n\t\t<\/div>\n\t\t\t\t\t\t<\/div>\n\t\t\t\t<\/div>\n\t\t\t\t<div class=\"elementor-element elementor-element-3164ba54 elementor-widget elementor-widget-text-editor\" data-id=\"3164ba54\" data-element_type=\"widget\" data-e-type=\"widget\" data-widget_type=\"text-editor.default\">\n\t\t\t\t<div class=\"elementor-widget-container\">\n\t\t\t\t\t\t\t\t\t<p><strong>Instituto:<\/strong> <a href=\"https:\/\/www.udg.edu\/ca\/instituts\/intea\">INSTITUTO DE TECNOLOG\u00cdA AGROALIMENTARIA DE LA UDG<\/a><br \/><strong>Grupo de Investigaci\u00f3n:<\/strong> <a href=\"http:\/\/intea.udg.edu\/cidsav\/\">PATOLOG\u00cdA VEGETAL<\/a><\/p>\t\t\t\t\t\t\t\t<\/div>\n\t\t\t\t<\/div>\n\t\t\t\t<div class=\"elementor-element elementor-element-3f5765d8 elementor-widget elementor-widget-text-editor\" data-id=\"3f5765d8\" data-element_type=\"widget\" data-e-type=\"widget\" data-widget_type=\"text-editor.default\">\n\t\t\t\t<div class=\"elementor-widget-container\">\n\t\t\t\t\t\t\t\t\t<p style=\"text-align: justify;\">Isidre Llorente es actualmente profesor titular de Protecci\u00f3n de Cultivos del \u00e1rea de Producci\u00f3n Vegetal en la Universidad de Girona (UdG). Ha sido investigador visitante en el laboratorio de Patolog\u00eda Vegetal de la Universidad P\u00fablica de Navarra (UPNA), en el \u2019Institute National de la Recherche Agronomique\u2019 (INRA) de Angers (Francia), y en el \u2018Osservatorio delle mallattie delle piante\u2019 del Servizio Fitosanitario Regione Emilia Romagna en Bologna (Italia). Su \u00e1rea de investigaci\u00f3n es la epidemiolog\u00eda y la modelizaci\u00f3n de enfermedades de las plantas. Es investigador del grupo de Patolog\u00eda Vegetal del Institut de Tecnologia Agroaliment\u00e0ria de la UdG y miembro del grupo de investigaci\u00f3n consolidado (2017SGR00784) reconocido por la Generalitat de Catalunya.\u00a0 Su investigaci\u00f3n actual se centra en la epidemiolog\u00eda y el manejo sostenible de enfermedades bacterianas y f\u00fangicas en frutales de pepita y hueso mediante el uso de modelos predictivos y agentes de control biol\u00f3gico, as\u00ed como en el efecto del cambio clim\u00e1tico en estas enfermedades. Es coautor de diversos art\u00edculos cient\u00edficos referidos en el SCI, as\u00ed como de diversos art\u00edculos de divulgaci\u00f3n y cap\u00edtulos de libro.<\/p>\t\t\t\t\t\t\t\t<\/div>\n\t\t\t\t<\/div>\n\t\t\t\t<div class=\"elementor-element elementor-element-11fe2f3 elementor-widget-divider--view-line elementor-widget elementor-widget-divider\" data-id=\"11fe2f3\" data-element_type=\"widget\" data-e-type=\"widget\" data-widget_type=\"divider.default\">\n\t\t\t\t<div class=\"elementor-widget-container\">\n\t\t\t\t\t\t\t<div class=\"elementor-divider\">\n\t\t\t<span class=\"elementor-divider-separator\">\n\t\t\t\t\t\t<\/span>\n\t\t<\/div>\n\t\t\t\t\t\t<\/div>\n\t\t\t\t<\/div>\n\t\t\t\t\t<\/div>\n\t\t<\/div>\n\t\t\t\t\t<\/div>\n\t\t<\/section>\n\t\t\t\t<\/div>\n\t\t","protected":false},"excerpt":{"rendered":"<p>Researchgate Orcid Dr. Isidre Llorente Cabratosa Instituto: INSTITUTO DE TECNOLOG\u00cdA AGROALIMENTARIA DE LA UDGGrupo de Investigaci\u00f3n: PATOLOG\u00cdA VEGETAL Isidre Llorente es actualmente profesor titular de [&hellip;]<\/p>\n","protected":false},"author":1,"featured_media":0,"parent":0,"menu_order":0,"comment_status":"closed","ping_status":"closed","template":"elementor_header_footer","meta":{"_uag_custom_page_level_css":"","footnotes":""},"class_list":["post-4280","page","type-page","status-publish","hentry"],"yoast_head":"<!-- This site is optimized with the Yoast SEO plugin v27.4 - https:\/\/yoast.com\/product\/yoast-seo-wordpress\/ -->\n<title>Isidre Llorente Cabratosa<\/title>\n<meta name=\"robots\" content=\"index, follow, max-snippet:-1, max-image-preview:large, max-video-preview:-1\" \/>\n<link rel=\"canonical\" href=\"https:\/\/epsapps.udg.edu\/cidsav\/es\/isidre-llorente-cabratosa_es\/\" \/>\n<meta property=\"og:locale\" content=\"es_ES\" \/>\n<meta property=\"og:type\" content=\"article\" \/>\n<meta property=\"og:title\" content=\"Isidre Llorente Cabratosa\" \/>\n<meta property=\"og:description\" content=\"Researchgate Orcid Dr. Isidre Llorente Cabratosa Instituto: INSTITUTO DE TECNOLOG\u00cdA AGROALIMENTARIA DE LA UDGGrupo de Investigaci\u00f3n: PATOLOG\u00cdA VEGETAL Isidre Llorente es actualmente profesor titular de [&hellip;]\" \/>\n<meta property=\"og:url\" content=\"https:\/\/epsapps.udg.edu\/cidsav\/es\/isidre-llorente-cabratosa_es\/\" \/>\n<meta property=\"og:site_name\" content=\"CIDSAV\" \/>\n<meta property=\"article:modified_time\" content=\"2023-02-01T12:40:20+00:00\" \/>\n<meta property=\"og:image\" content=\"https:\/\/epsapps.udg.edu\/cidsav\/wp-content\/uploads\/2023\/02\/Isidre-Llorente.png\" \/>\n<meta name=\"twitter:card\" content=\"summary_large_image\" \/>\n<meta name=\"twitter:label1\" content=\"Tiempo de lectura\" \/>\n\t<meta name=\"twitter:data1\" content=\"2 minutos\" \/>\n<script type=\"application\/ld+json\" class=\"yoast-schema-graph\">{\"@context\":\"https:\\\/\\\/schema.org\",\"@graph\":[{\"@type\":\"WebPage\",\"@id\":\"https:\\\/\\\/epsapps.udg.edu\\\/cidsav\\\/es\\\/isidre-llorente-cabratosa_es\\\/\",\"url\":\"https:\\\/\\\/epsapps.udg.edu\\\/cidsav\\\/es\\\/isidre-llorente-cabratosa_es\\\/\",\"name\":\"Isidre Llorente Cabratosa\",\"isPartOf\":{\"@id\":\"https:\\\/\\\/epsapps.udg.edu\\\/cidsav\\\/#website\"},\"primaryImageOfPage\":{\"@id\":\"https:\\\/\\\/epsapps.udg.edu\\\/cidsav\\\/es\\\/isidre-llorente-cabratosa_es\\\/#primaryimage\"},\"image\":{\"@id\":\"https:\\\/\\\/epsapps.udg.edu\\\/cidsav\\\/es\\\/isidre-llorente-cabratosa_es\\\/#primaryimage\"},\"thumbnailUrl\":\"https:\\\/\\\/epsapps.udg.edu\\\/cidsav\\\/wp-content\\\/uploads\\\/2023\\\/02\\\/Isidre-Llorente.png\",\"datePublished\":\"2021-10-08T07:42:19+00:00\",\"dateModified\":\"2023-02-01T12:40:20+00:00\",\"breadcrumb\":{\"@id\":\"https:\\\/\\\/epsapps.udg.edu\\\/cidsav\\\/es\\\/isidre-llorente-cabratosa_es\\\/#breadcrumb\"},\"inLanguage\":\"es\",\"potentialAction\":[{\"@type\":\"ReadAction\",\"target\":[\"https:\\\/\\\/epsapps.udg.edu\\\/cidsav\\\/es\\\/isidre-llorente-cabratosa_es\\\/\"]}]},{\"@type\":\"ImageObject\",\"inLanguage\":\"es\",\"@id\":\"https:\\\/\\\/epsapps.udg.edu\\\/cidsav\\\/es\\\/isidre-llorente-cabratosa_es\\\/#primaryimage\",\"url\":\"https:\\\/\\\/epsapps.udg.edu\\\/cidsav\\\/wp-content\\\/uploads\\\/2023\\\/02\\\/Isidre-Llorente.png\",\"contentUrl\":\"https:\\\/\\\/epsapps.udg.edu\\\/cidsav\\\/wp-content\\\/uploads\\\/2023\\\/02\\\/Isidre-Llorente.png\",\"width\":387,\"height\":435},{\"@type\":\"BreadcrumbList\",\"@id\":\"https:\\\/\\\/epsapps.udg.edu\\\/cidsav\\\/es\\\/isidre-llorente-cabratosa_es\\\/#breadcrumb\",\"itemListElement\":[{\"@type\":\"ListItem\",\"position\":1,\"name\":\"Portada\",\"item\":\"https:\\\/\\\/epsapps.udg.edu\\\/cidsav\\\/\"},{\"@type\":\"ListItem\",\"position\":2,\"name\":\"Isidre Llorente Cabratosa\"}]},{\"@type\":\"WebSite\",\"@id\":\"https:\\\/\\\/epsapps.udg.edu\\\/cidsav\\\/#website\",\"url\":\"https:\\\/\\\/epsapps.udg.edu\\\/cidsav\\\/\",\"name\":\"CIDSAV\",\"description\":\"\",\"publisher\":{\"@id\":\"https:\\\/\\\/epsapps.udg.edu\\\/cidsav\\\/#organization\"},\"potentialAction\":[{\"@type\":\"SearchAction\",\"target\":{\"@type\":\"EntryPoint\",\"urlTemplate\":\"https:\\\/\\\/epsapps.udg.edu\\\/cidsav\\\/?s={search_term_string}\"},\"query-input\":{\"@type\":\"PropertyValueSpecification\",\"valueRequired\":true,\"valueName\":\"search_term_string\"}}],\"inLanguage\":\"es\"},{\"@type\":\"Organization\",\"@id\":\"https:\\\/\\\/epsapps.udg.edu\\\/cidsav\\\/#organization\",\"name\":\"CIDSAV\",\"url\":\"https:\\\/\\\/epsapps.udg.edu\\\/cidsav\\\/\",\"logo\":{\"@type\":\"ImageObject\",\"inLanguage\":\"es\",\"@id\":\"https:\\\/\\\/epsapps.udg.edu\\\/cidsav\\\/#\\\/schema\\\/logo\\\/image\\\/\",\"url\":\"https:\\\/\\\/epsapps.udg.edu\\\/cidsav\\\/wp-content\\\/uploads\\\/2019\\\/09\\\/Logo-3-idomes-CIDSAV-verd-03.png\",\"contentUrl\":\"https:\\\/\\\/epsapps.udg.edu\\\/cidsav\\\/wp-content\\\/uploads\\\/2019\\\/09\\\/Logo-3-idomes-CIDSAV-verd-03.png\",\"width\":1181,\"height\":1054,\"caption\":\"CIDSAV\"},\"image\":{\"@id\":\"https:\\\/\\\/epsapps.udg.edu\\\/cidsav\\\/#\\\/schema\\\/logo\\\/image\\\/\"},\"sameAs\":[\"https:\\\/\\\/www.instagram.com\\\/cidsav_udg\\\/?igsh=eDU0dzNpc2JzdG8y#\"]}]}<\/script>\n<!-- \/ Yoast SEO plugin. -->","yoast_head_json":{"title":"Isidre Llorente Cabratosa","robots":{"index":"index","follow":"follow","max-snippet":"max-snippet:-1","max-image-preview":"max-image-preview:large","max-video-preview":"max-video-preview:-1"},"canonical":"https:\/\/epsapps.udg.edu\/cidsav\/es\/isidre-llorente-cabratosa_es\/","og_locale":"es_ES","og_type":"article","og_title":"Isidre Llorente Cabratosa","og_description":"Researchgate Orcid Dr. Isidre Llorente Cabratosa Instituto: INSTITUTO DE TECNOLOG\u00cdA AGROALIMENTARIA DE LA UDGGrupo de Investigaci\u00f3n: PATOLOG\u00cdA VEGETAL Isidre Llorente es actualmente profesor titular de [&hellip;]","og_url":"https:\/\/epsapps.udg.edu\/cidsav\/es\/isidre-llorente-cabratosa_es\/","og_site_name":"CIDSAV","article_modified_time":"2023-02-01T12:40:20+00:00","og_image":[{"url":"https:\/\/epsapps.udg.edu\/cidsav\/wp-content\/uploads\/2023\/02\/Isidre-Llorente.png","type":"","width":"","height":""}],"twitter_card":"summary_large_image","twitter_misc":{"Tiempo de lectura":"2 minutos"},"schema":{"@context":"https:\/\/schema.org","@graph":[{"@type":"WebPage","@id":"https:\/\/epsapps.udg.edu\/cidsav\/es\/isidre-llorente-cabratosa_es\/","url":"https:\/\/epsapps.udg.edu\/cidsav\/es\/isidre-llorente-cabratosa_es\/","name":"Isidre Llorente Cabratosa","isPartOf":{"@id":"https:\/\/epsapps.udg.edu\/cidsav\/#website"},"primaryImageOfPage":{"@id":"https:\/\/epsapps.udg.edu\/cidsav\/es\/isidre-llorente-cabratosa_es\/#primaryimage"},"image":{"@id":"https:\/\/epsapps.udg.edu\/cidsav\/es\/isidre-llorente-cabratosa_es\/#primaryimage"},"thumbnailUrl":"https:\/\/epsapps.udg.edu\/cidsav\/wp-content\/uploads\/2023\/02\/Isidre-Llorente.png","datePublished":"2021-10-08T07:42:19+00:00","dateModified":"2023-02-01T12:40:20+00:00","breadcrumb":{"@id":"https:\/\/epsapps.udg.edu\/cidsav\/es\/isidre-llorente-cabratosa_es\/#breadcrumb"},"inLanguage":"es","potentialAction":[{"@type":"ReadAction","target":["https:\/\/epsapps.udg.edu\/cidsav\/es\/isidre-llorente-cabratosa_es\/"]}]},{"@type":"ImageObject","inLanguage":"es","@id":"https:\/\/epsapps.udg.edu\/cidsav\/es\/isidre-llorente-cabratosa_es\/#primaryimage","url":"https:\/\/epsapps.udg.edu\/cidsav\/wp-content\/uploads\/2023\/02\/Isidre-Llorente.png","contentUrl":"https:\/\/epsapps.udg.edu\/cidsav\/wp-content\/uploads\/2023\/02\/Isidre-Llorente.png","width":387,"height":435},{"@type":"BreadcrumbList","@id":"https:\/\/epsapps.udg.edu\/cidsav\/es\/isidre-llorente-cabratosa_es\/#breadcrumb","itemListElement":[{"@type":"ListItem","position":1,"name":"Portada","item":"https:\/\/epsapps.udg.edu\/cidsav\/"},{"@type":"ListItem","position":2,"name":"Isidre Llorente Cabratosa"}]},{"@type":"WebSite","@id":"https:\/\/epsapps.udg.edu\/cidsav\/#website","url":"https:\/\/epsapps.udg.edu\/cidsav\/","name":"CIDSAV","description":"","publisher":{"@id":"https:\/\/epsapps.udg.edu\/cidsav\/#organization"},"potentialAction":[{"@type":"SearchAction","target":{"@type":"EntryPoint","urlTemplate":"https:\/\/epsapps.udg.edu\/cidsav\/?s={search_term_string}"},"query-input":{"@type":"PropertyValueSpecification","valueRequired":true,"valueName":"search_term_string"}}],"inLanguage":"es"},{"@type":"Organization","@id":"https:\/\/epsapps.udg.edu\/cidsav\/#organization","name":"CIDSAV","url":"https:\/\/epsapps.udg.edu\/cidsav\/","logo":{"@type":"ImageObject","inLanguage":"es","@id":"https:\/\/epsapps.udg.edu\/cidsav\/#\/schema\/logo\/image\/","url":"https:\/\/epsapps.udg.edu\/cidsav\/wp-content\/uploads\/2019\/09\/Logo-3-idomes-CIDSAV-verd-03.png","contentUrl":"https:\/\/epsapps.udg.edu\/cidsav\/wp-content\/uploads\/2019\/09\/Logo-3-idomes-CIDSAV-verd-03.png","width":1181,"height":1054,"caption":"CIDSAV"},"image":{"@id":"https:\/\/epsapps.udg.edu\/cidsav\/#\/schema\/logo\/image\/"},"sameAs":["https:\/\/www.instagram.com\/cidsav_udg\/?igsh=eDU0dzNpc2JzdG8y#"]}]}},"uagb_featured_image_src":{"full":false,"thumbnail":false,"medium":false,"medium_large":false,"large":false,"1536x1536":false,"2048x2048":false,"sydney-large-thumb":false,"sydney-medium-thumb":false,"sydney-small-thumb":false,"sydney-service-thumb":false,"sydney-mas-thumb":false},"uagb_author_info":{"display_name":"Cidsav","author_link":"https:\/\/epsapps.udg.edu\/cidsav\/author\/cidsav0140\/"},"uagb_comment_info":0,"uagb_excerpt":"Researchgate Orcid Dr. Isidre Llorente Cabratosa Instituto: INSTITUTO DE TECNOLOG\u00cdA AGROALIMENTARIA DE LA UDGGrupo de Investigaci\u00f3n: PATOLOG\u00cdA VEGETAL Isidre Llorente es actualmente profesor titular de [&hellip;]","_links":{"self":[{"href":"https:\/\/epsapps.udg.edu\/cidsav\/wp-json\/wp\/v2\/pages\/4280","targetHints":{"allow":["GET"]}}],"collection":[{"href":"https:\/\/epsapps.udg.edu\/cidsav\/wp-json\/wp\/v2\/pages"}],"about":[{"href":"https:\/\/epsapps.udg.edu\/cidsav\/wp-json\/wp\/v2\/types\/page"}],"author":[{"embeddable":true,"href":"https:\/\/epsapps.udg.edu\/cidsav\/wp-json\/wp\/v2\/users\/1"}],"replies":[{"embeddable":true,"href":"https:\/\/epsapps.udg.edu\/cidsav\/wp-json\/wp\/v2\/comments?post=4280"}],"version-history":[{"count":0,"href":"https:\/\/epsapps.udg.edu\/cidsav\/wp-json\/wp\/v2\/pages\/4280\/revisions"}],"wp:attachment":[{"href":"https:\/\/epsapps.udg.edu\/cidsav\/wp-json\/wp\/v2\/media?parent=4280"}],"curies":[{"name":"wp","href":"https:\/\/api.w.org\/{rel}","templated":true}]}}