{"id":4206,"date":"2021-10-04T11:01:45","date_gmt":"2021-10-04T09:01:45","guid":{"rendered":"https:\/\/epsapps.udg.edu\/cidsav\/?page_id=4206"},"modified":"2023-02-01T13:37:31","modified_gmt":"2023-02-01T12:37:31","slug":"concepcio-moragrega-garcia_cat","status":"publish","type":"page","link":"https:\/\/epsapps.udg.edu\/cidsav\/concepcio-moragrega-garcia_cat\/","title":{"rendered":"Concepci\u00f3 Moragrega Garc\u00eda"},"content":{"rendered":"\t\t<div data-elementor-type=\"wp-page\" data-elementor-id=\"4206\" class=\"elementor elementor-4206\">\n\t\t\t\t\t\t<section class=\"elementor-section elementor-top-section elementor-element elementor-element-1033a4a6 elementor-section-boxed elementor-section-height-default elementor-section-height-default\" data-id=\"1033a4a6\" data-element_type=\"section\" data-e-type=\"section\">\n\t\t\t\t\t\t<div class=\"elementor-container elementor-column-gap-default\">\n\t\t\t\t\t<div class=\"elementor-column elementor-col-50 elementor-top-column elementor-element elementor-element-2ae99460\" data-id=\"2ae99460\" data-element_type=\"column\" data-e-type=\"column\">\n\t\t\t<div class=\"elementor-widget-wrap elementor-element-populated\">\n\t\t\t\t\t\t<div class=\"elementor-element elementor-element-2570b6eb elementor-widget elementor-widget-image\" data-id=\"2570b6eb\" data-element_type=\"widget\" data-e-type=\"widget\" data-widget_type=\"image.default\">\n\t\t\t\t<div class=\"elementor-widget-container\">\n\t\t\t\t\t\t\t\t\t\t\t\t\t\t\t<img fetchpriority=\"high\" decoding=\"async\" width=\"387\" height=\"435\" src=\"https:\/\/epsapps.udg.edu\/cidsav\/wp-content\/uploads\/2023\/02\/Concepcio-Moragrega.png\" class=\"attachment-large size-large wp-image-5815\" alt=\"\" srcset=\"https:\/\/epsapps.udg.edu\/cidsav\/wp-content\/uploads\/2023\/02\/Concepcio-Moragrega.png 387w, https:\/\/epsapps.udg.edu\/cidsav\/wp-content\/uploads\/2023\/02\/Concepcio-Moragrega-267x300.png 267w, https:\/\/epsapps.udg.edu\/cidsav\/wp-content\/uploads\/2023\/02\/Concepcio-Moragrega-230x259.png 230w, https:\/\/epsapps.udg.edu\/cidsav\/wp-content\/uploads\/2023\/02\/Concepcio-Moragrega-350x393.png 350w\" sizes=\"(max-width: 387px) 100vw, 387px\" \/>\t\t\t\t\t\t\t\t\t\t\t\t\t\t\t<\/div>\n\t\t\t\t<\/div>\n\t\t\t\t<div class=\"elementor-element elementor-element-4be1028 elementor-shape-circle elementor-grid-0 e-grid-align-center elementor-widget elementor-widget-social-icons\" data-id=\"4be1028\" data-element_type=\"widget\" data-e-type=\"widget\" data-widget_type=\"social-icons.default\">\n\t\t\t\t<div class=\"elementor-widget-container\">\n\t\t\t\t\t\t\t<div class=\"elementor-social-icons-wrapper elementor-grid\" role=\"list\">\n\t\t\t\t\t\t\t<span class=\"elementor-grid-item\" role=\"listitem\">\n\t\t\t\t\t<a class=\"elementor-icon elementor-social-icon elementor-social-icon-researchgate elementor-animation-shrink elementor-repeater-item-79644ac\" href=\"https:\/\/www.researchgate.net\/profile\/Concepcio-Moragrega\" target=\"_blank\">\n\t\t\t\t\t\t<span class=\"elementor-screen-only\">Researchgate<\/span>\n\t\t\t\t\t\t<i aria-hidden=\"true\" class=\"fab fa-researchgate\"><\/i>\t\t\t\t\t<\/a>\n\t\t\t\t<\/span>\n\t\t\t\t\t\t\t<span class=\"elementor-grid-item\" role=\"listitem\">\n\t\t\t\t\t<a class=\"elementor-icon elementor-social-icon elementor-social-icon-orcid elementor-animation-shrink elementor-repeater-item-2fc832a\" href=\"https:\/\/portalrecerca.csuc.cat\/orcid\/0000-0001-6270-9611\" target=\"_blank\">\n\t\t\t\t\t\t<span class=\"elementor-screen-only\">Orcid<\/span>\n\t\t\t\t\t\t<i aria-hidden=\"true\" class=\"fab fa-orcid\"><\/i>\t\t\t\t\t<\/a>\n\t\t\t\t<\/span>\n\t\t\t\t\t<\/div>\n\t\t\t\t\t\t<\/div>\n\t\t\t\t<\/div>\n\t\t\t\t\t<\/div>\n\t\t<\/div>\n\t\t\t\t<div class=\"elementor-column elementor-col-50 elementor-top-column elementor-element elementor-element-2d59abb3\" data-id=\"2d59abb3\" data-element_type=\"column\" data-e-type=\"column\">\n\t\t\t<div class=\"elementor-widget-wrap elementor-element-populated\">\n\t\t\t\t\t\t<div class=\"elementor-element elementor-element-683d9f8 elementor-widget elementor-widget-heading\" data-id=\"683d9f8\" data-element_type=\"widget\" data-e-type=\"widget\" data-widget_type=\"heading.default\">\n\t\t\t\t<div class=\"elementor-widget-container\">\n\t\t\t\t\t<h4 class=\"elementor-heading-title elementor-size-default\">Dra. Concepci\u00f3 Moragrega Garc\u00eda<\/h4>\t\t\t\t<\/div>\n\t\t\t\t<\/div>\n\t\t\t\t<div class=\"elementor-element elementor-element-2cef0277 elementor-widget-divider--view-line elementor-widget elementor-widget-divider\" data-id=\"2cef0277\" data-element_type=\"widget\" data-e-type=\"widget\" data-widget_type=\"divider.default\">\n\t\t\t\t<div class=\"elementor-widget-container\">\n\t\t\t\t\t\t\t<div class=\"elementor-divider\">\n\t\t\t<span class=\"elementor-divider-separator\">\n\t\t\t\t\t\t<\/span>\n\t\t<\/div>\n\t\t\t\t\t\t<\/div>\n\t\t\t\t<\/div>\n\t\t\t\t<div class=\"elementor-element elementor-element-2fe8955e elementor-widget elementor-widget-text-editor\" data-id=\"2fe8955e\" data-element_type=\"widget\" data-e-type=\"widget\" data-widget_type=\"text-editor.default\">\n\t\t\t\t<div class=\"elementor-widget-container\">\n\t\t\t\t\t\t\t\t\t<p><strong>Institut:<\/strong>\u00a0<a href=\"https:\/\/www.udg.edu\/ca\/instituts\/intea\">INSTITUT DE TECNOLOGIA AGROALIMENT\u00c0RIA<br \/><\/a><strong>Grup de recerca:<\/strong>\u00a0<a href=\"http:\/\/intea.udg.edu\/cidsav\/\">PATOLOGIA VEGETAL<\/a><\/p>\t\t\t\t\t\t\t\t<\/div>\n\t\t\t\t<\/div>\n\t\t\t\t<div class=\"elementor-element elementor-element-505c59b6 elementor-widget elementor-widget-text-editor\" data-id=\"505c59b6\" data-element_type=\"widget\" data-e-type=\"widget\" data-widget_type=\"text-editor.default\">\n\t\t\t\t<div class=\"elementor-widget-container\">\n\t\t\t\t\t\t\t\t\t<p style=\"text-align: justify;\">Concepci\u00f3 Moragrega \u00e9s actualment Professora Titular de l\u2019\u00e0rea Producci\u00f3 Vegetal a la Universitat de Girona- UdG (departament EQATA 2003). Llicenciada en Ci\u00e8ncies Biol\u00f2giques (UAB) i Enginyera T\u00e8cnica Agr\u00edcola en Hortoflorifructicultura i Jardineria (UPC). Doctora en Ci\u00e8ncies Biol\u00f2giques (UdG). Membre del grup de recerca en Patologia Vegetal de la UdG, i de l&#8217;Institut de Tecnologia Agroaliment\u00e0ria (INTEA). Estades de recerca pre i post-doctorals en centres de recerca nacionals i internacionals (Universidad P\u00fablica de Navarra; Laboratoire de Pathologie V\u00e9g\u00e9tale et Phytobact\u00e9riologie, INRA Angers-Nantes, Fran\u00e7a). Recerca orientada a <em>l&#8217;epidemiologia i control integrat de malalties dels cultius<\/em>. <em>Etiologia noves malalties bacterianes i f\u00fangiques dels fruiters<\/em>. Ha participat en el desenvolupament de models de predicci\u00f3 de malalties f\u00fangiques i bacterianes de fruiters. Participa o dirigeix projectes de recerca competitius amb finan\u00e7ament p\u00fablic nacional i internacional, i contractes i convenis de transfer\u00e8ncia amb empreses i institucions. Coautora de publicacions en revistes d&#8217;impacte internacional i en revistes de divulgaci\u00f3 nacionals i internacionals, aix\u00ed com de cap\u00edtols de llibre sobre malalties dels cultius. Imparteix doc\u00e8ncia en titulacions de Grau i M\u00e0ster de l\u2019\u00e0mbit agroalimentari a la UdG i \u00e9s responsable a la UdG del M\u00e0ster Interuniversitari en Protecci\u00f3 Integrada de Cultius (UdL-UdG-UJI). Ha dirigit diverses tesis doctorals, a part de treballs final de M\u00e0ster i treballs final de Grau.<\/p>\t\t\t\t\t\t\t\t<\/div>\n\t\t\t\t<\/div>\n\t\t\t\t<div class=\"elementor-element elementor-element-52fb99f1 elementor-widget-divider--view-line elementor-widget elementor-widget-divider\" data-id=\"52fb99f1\" data-element_type=\"widget\" data-e-type=\"widget\" data-widget_type=\"divider.default\">\n\t\t\t\t<div class=\"elementor-widget-container\">\n\t\t\t\t\t\t\t<div class=\"elementor-divider\">\n\t\t\t<span class=\"elementor-divider-separator\">\n\t\t\t\t\t\t<\/span>\n\t\t<\/div>\n\t\t\t\t\t\t<\/div>\n\t\t\t\t<\/div>\n\t\t\t\t\t<\/div>\n\t\t<\/div>\n\t\t\t\t\t<\/div>\n\t\t<\/section>\n\t\t\t\t<\/div>\n\t\t","protected":false},"excerpt":{"rendered":"<p>Researchgate Orcid Dra. Concepci\u00f3 Moragrega Garc\u00eda Institut:\u00a0INSTITUT DE TECNOLOGIA AGROALIMENT\u00c0RIAGrup de recerca:\u00a0PATOLOGIA VEGETAL Concepci\u00f3 Moragrega \u00e9s actualment Professora Titular de l\u2019\u00e0rea Producci\u00f3 Vegetal a la [&hellip;]<\/p>\n","protected":false},"author":1,"featured_media":0,"parent":0,"menu_order":0,"comment_status":"closed","ping_status":"closed","template":"elementor_header_footer","meta":{"_uag_custom_page_level_css":"","footnotes":""},"class_list":["post-4206","page","type-page","status-publish","hentry"],"yoast_head":"<!-- This site is optimized with the Yoast SEO plugin v27.4 - https:\/\/yoast.com\/product\/yoast-seo-wordpress\/ -->\n<title>Concepci\u00f3 Moragrega Garc\u00eda<\/title>\n<meta name=\"robots\" content=\"index, follow, max-snippet:-1, max-image-preview:large, max-video-preview:-1\" \/>\n<link rel=\"canonical\" href=\"https:\/\/epsapps.udg.edu\/cidsav\/concepcio-moragrega-garcia_cat\/\" \/>\n<meta property=\"og:locale\" content=\"es_ES\" \/>\n<meta property=\"og:type\" content=\"article\" \/>\n<meta property=\"og:title\" content=\"Concepci\u00f3 Moragrega Garc\u00eda\" \/>\n<meta property=\"og:description\" content=\"Researchgate Orcid Dra. Concepci\u00f3 Moragrega Garc\u00eda Institut:\u00a0INSTITUT DE TECNOLOGIA AGROALIMENT\u00c0RIAGrup de recerca:\u00a0PATOLOGIA VEGETAL Concepci\u00f3 Moragrega \u00e9s actualment Professora Titular de l\u2019\u00e0rea Producci\u00f3 Vegetal a la [&hellip;]\" \/>\n<meta property=\"og:url\" content=\"https:\/\/epsapps.udg.edu\/cidsav\/concepcio-moragrega-garcia_cat\/\" \/>\n<meta property=\"og:site_name\" content=\"CIDSAV\" \/>\n<meta property=\"article:modified_time\" content=\"2023-02-01T12:37:31+00:00\" \/>\n<meta property=\"og:image\" content=\"https:\/\/epsapps.udg.edu\/cidsav\/wp-content\/uploads\/2023\/02\/Concepcio-Moragrega.png\" \/>\n<meta name=\"twitter:card\" content=\"summary_large_image\" \/>\n<meta name=\"twitter:label1\" content=\"Tiempo de lectura\" \/>\n\t<meta name=\"twitter:data1\" content=\"2 minutos\" \/>\n<script type=\"application\/ld+json\" class=\"yoast-schema-graph\">{\"@context\":\"https:\\\/\\\/schema.org\",\"@graph\":[{\"@type\":\"WebPage\",\"@id\":\"https:\\\/\\\/epsapps.udg.edu\\\/cidsav\\\/concepcio-moragrega-garcia_cat\\\/\",\"url\":\"https:\\\/\\\/epsapps.udg.edu\\\/cidsav\\\/concepcio-moragrega-garcia_cat\\\/\",\"name\":\"Concepci\u00f3 Moragrega Garc\u00eda\",\"isPartOf\":{\"@id\":\"https:\\\/\\\/epsapps.udg.edu\\\/cidsav\\\/#website\"},\"primaryImageOfPage\":{\"@id\":\"https:\\\/\\\/epsapps.udg.edu\\\/cidsav\\\/concepcio-moragrega-garcia_cat\\\/#primaryimage\"},\"image\":{\"@id\":\"https:\\\/\\\/epsapps.udg.edu\\\/cidsav\\\/concepcio-moragrega-garcia_cat\\\/#primaryimage\"},\"thumbnailUrl\":\"https:\\\/\\\/epsapps.udg.edu\\\/cidsav\\\/wp-content\\\/uploads\\\/2023\\\/02\\\/Concepcio-Moragrega.png\",\"datePublished\":\"2021-10-04T09:01:45+00:00\",\"dateModified\":\"2023-02-01T12:37:31+00:00\",\"breadcrumb\":{\"@id\":\"https:\\\/\\\/epsapps.udg.edu\\\/cidsav\\\/concepcio-moragrega-garcia_cat\\\/#breadcrumb\"},\"inLanguage\":\"es\",\"potentialAction\":[{\"@type\":\"ReadAction\",\"target\":[\"https:\\\/\\\/epsapps.udg.edu\\\/cidsav\\\/concepcio-moragrega-garcia_cat\\\/\"]}]},{\"@type\":\"ImageObject\",\"inLanguage\":\"es\",\"@id\":\"https:\\\/\\\/epsapps.udg.edu\\\/cidsav\\\/concepcio-moragrega-garcia_cat\\\/#primaryimage\",\"url\":\"https:\\\/\\\/epsapps.udg.edu\\\/cidsav\\\/wp-content\\\/uploads\\\/2023\\\/02\\\/Concepcio-Moragrega.png\",\"contentUrl\":\"https:\\\/\\\/epsapps.udg.edu\\\/cidsav\\\/wp-content\\\/uploads\\\/2023\\\/02\\\/Concepcio-Moragrega.png\",\"width\":387,\"height\":435},{\"@type\":\"BreadcrumbList\",\"@id\":\"https:\\\/\\\/epsapps.udg.edu\\\/cidsav\\\/concepcio-moragrega-garcia_cat\\\/#breadcrumb\",\"itemListElement\":[{\"@type\":\"ListItem\",\"position\":1,\"name\":\"Portada\",\"item\":\"https:\\\/\\\/epsapps.udg.edu\\\/cidsav\\\/\"},{\"@type\":\"ListItem\",\"position\":2,\"name\":\"Concepci\u00f3 Moragrega Garc\u00eda\"}]},{\"@type\":\"WebSite\",\"@id\":\"https:\\\/\\\/epsapps.udg.edu\\\/cidsav\\\/#website\",\"url\":\"https:\\\/\\\/epsapps.udg.edu\\\/cidsav\\\/\",\"name\":\"CIDSAV\",\"description\":\"\",\"publisher\":{\"@id\":\"https:\\\/\\\/epsapps.udg.edu\\\/cidsav\\\/#organization\"},\"potentialAction\":[{\"@type\":\"SearchAction\",\"target\":{\"@type\":\"EntryPoint\",\"urlTemplate\":\"https:\\\/\\\/epsapps.udg.edu\\\/cidsav\\\/?s={search_term_string}\"},\"query-input\":{\"@type\":\"PropertyValueSpecification\",\"valueRequired\":true,\"valueName\":\"search_term_string\"}}],\"inLanguage\":\"es\"},{\"@type\":\"Organization\",\"@id\":\"https:\\\/\\\/epsapps.udg.edu\\\/cidsav\\\/#organization\",\"name\":\"CIDSAV\",\"url\":\"https:\\\/\\\/epsapps.udg.edu\\\/cidsav\\\/\",\"logo\":{\"@type\":\"ImageObject\",\"inLanguage\":\"es\",\"@id\":\"https:\\\/\\\/epsapps.udg.edu\\\/cidsav\\\/#\\\/schema\\\/logo\\\/image\\\/\",\"url\":\"https:\\\/\\\/epsapps.udg.edu\\\/cidsav\\\/wp-content\\\/uploads\\\/2019\\\/09\\\/Logo-3-idomes-CIDSAV-verd-03.png\",\"contentUrl\":\"https:\\\/\\\/epsapps.udg.edu\\\/cidsav\\\/wp-content\\\/uploads\\\/2019\\\/09\\\/Logo-3-idomes-CIDSAV-verd-03.png\",\"width\":1181,\"height\":1054,\"caption\":\"CIDSAV\"},\"image\":{\"@id\":\"https:\\\/\\\/epsapps.udg.edu\\\/cidsav\\\/#\\\/schema\\\/logo\\\/image\\\/\"},\"sameAs\":[\"https:\\\/\\\/www.instagram.com\\\/cidsav_udg\\\/?igsh=eDU0dzNpc2JzdG8y#\"]}]}<\/script>\n<!-- \/ Yoast SEO plugin. -->","yoast_head_json":{"title":"Concepci\u00f3 Moragrega Garc\u00eda","robots":{"index":"index","follow":"follow","max-snippet":"max-snippet:-1","max-image-preview":"max-image-preview:large","max-video-preview":"max-video-preview:-1"},"canonical":"https:\/\/epsapps.udg.edu\/cidsav\/concepcio-moragrega-garcia_cat\/","og_locale":"es_ES","og_type":"article","og_title":"Concepci\u00f3 Moragrega Garc\u00eda","og_description":"Researchgate Orcid Dra. Concepci\u00f3 Moragrega Garc\u00eda Institut:\u00a0INSTITUT DE TECNOLOGIA AGROALIMENT\u00c0RIAGrup de recerca:\u00a0PATOLOGIA VEGETAL Concepci\u00f3 Moragrega \u00e9s actualment Professora Titular de l\u2019\u00e0rea Producci\u00f3 Vegetal a la [&hellip;]","og_url":"https:\/\/epsapps.udg.edu\/cidsav\/concepcio-moragrega-garcia_cat\/","og_site_name":"CIDSAV","article_modified_time":"2023-02-01T12:37:31+00:00","og_image":[{"url":"https:\/\/epsapps.udg.edu\/cidsav\/wp-content\/uploads\/2023\/02\/Concepcio-Moragrega.png","type":"","width":"","height":""}],"twitter_card":"summary_large_image","twitter_misc":{"Tiempo de lectura":"2 minutos"},"schema":{"@context":"https:\/\/schema.org","@graph":[{"@type":"WebPage","@id":"https:\/\/epsapps.udg.edu\/cidsav\/concepcio-moragrega-garcia_cat\/","url":"https:\/\/epsapps.udg.edu\/cidsav\/concepcio-moragrega-garcia_cat\/","name":"Concepci\u00f3 Moragrega Garc\u00eda","isPartOf":{"@id":"https:\/\/epsapps.udg.edu\/cidsav\/#website"},"primaryImageOfPage":{"@id":"https:\/\/epsapps.udg.edu\/cidsav\/concepcio-moragrega-garcia_cat\/#primaryimage"},"image":{"@id":"https:\/\/epsapps.udg.edu\/cidsav\/concepcio-moragrega-garcia_cat\/#primaryimage"},"thumbnailUrl":"https:\/\/epsapps.udg.edu\/cidsav\/wp-content\/uploads\/2023\/02\/Concepcio-Moragrega.png","datePublished":"2021-10-04T09:01:45+00:00","dateModified":"2023-02-01T12:37:31+00:00","breadcrumb":{"@id":"https:\/\/epsapps.udg.edu\/cidsav\/concepcio-moragrega-garcia_cat\/#breadcrumb"},"inLanguage":"es","potentialAction":[{"@type":"ReadAction","target":["https:\/\/epsapps.udg.edu\/cidsav\/concepcio-moragrega-garcia_cat\/"]}]},{"@type":"ImageObject","inLanguage":"es","@id":"https:\/\/epsapps.udg.edu\/cidsav\/concepcio-moragrega-garcia_cat\/#primaryimage","url":"https:\/\/epsapps.udg.edu\/cidsav\/wp-content\/uploads\/2023\/02\/Concepcio-Moragrega.png","contentUrl":"https:\/\/epsapps.udg.edu\/cidsav\/wp-content\/uploads\/2023\/02\/Concepcio-Moragrega.png","width":387,"height":435},{"@type":"BreadcrumbList","@id":"https:\/\/epsapps.udg.edu\/cidsav\/concepcio-moragrega-garcia_cat\/#breadcrumb","itemListElement":[{"@type":"ListItem","position":1,"name":"Portada","item":"https:\/\/epsapps.udg.edu\/cidsav\/"},{"@type":"ListItem","position":2,"name":"Concepci\u00f3 Moragrega Garc\u00eda"}]},{"@type":"WebSite","@id":"https:\/\/epsapps.udg.edu\/cidsav\/#website","url":"https:\/\/epsapps.udg.edu\/cidsav\/","name":"CIDSAV","description":"","publisher":{"@id":"https:\/\/epsapps.udg.edu\/cidsav\/#organization"},"potentialAction":[{"@type":"SearchAction","target":{"@type":"EntryPoint","urlTemplate":"https:\/\/epsapps.udg.edu\/cidsav\/?s={search_term_string}"},"query-input":{"@type":"PropertyValueSpecification","valueRequired":true,"valueName":"search_term_string"}}],"inLanguage":"es"},{"@type":"Organization","@id":"https:\/\/epsapps.udg.edu\/cidsav\/#organization","name":"CIDSAV","url":"https:\/\/epsapps.udg.edu\/cidsav\/","logo":{"@type":"ImageObject","inLanguage":"es","@id":"https:\/\/epsapps.udg.edu\/cidsav\/#\/schema\/logo\/image\/","url":"https:\/\/epsapps.udg.edu\/cidsav\/wp-content\/uploads\/2019\/09\/Logo-3-idomes-CIDSAV-verd-03.png","contentUrl":"https:\/\/epsapps.udg.edu\/cidsav\/wp-content\/uploads\/2019\/09\/Logo-3-idomes-CIDSAV-verd-03.png","width":1181,"height":1054,"caption":"CIDSAV"},"image":{"@id":"https:\/\/epsapps.udg.edu\/cidsav\/#\/schema\/logo\/image\/"},"sameAs":["https:\/\/www.instagram.com\/cidsav_udg\/?igsh=eDU0dzNpc2JzdG8y#"]}]}},"uagb_featured_image_src":{"full":false,"thumbnail":false,"medium":false,"medium_large":false,"large":false,"1536x1536":false,"2048x2048":false,"sydney-large-thumb":false,"sydney-medium-thumb":false,"sydney-small-thumb":false,"sydney-service-thumb":false,"sydney-mas-thumb":false},"uagb_author_info":{"display_name":"Cidsav","author_link":"https:\/\/epsapps.udg.edu\/cidsav\/author\/cidsav0140\/"},"uagb_comment_info":0,"uagb_excerpt":"Researchgate Orcid Dra. Concepci\u00f3 Moragrega Garc\u00eda Institut:\u00a0INSTITUT DE TECNOLOGIA AGROALIMENT\u00c0RIAGrup de recerca:\u00a0PATOLOGIA VEGETAL Concepci\u00f3 Moragrega \u00e9s actualment Professora Titular de l\u2019\u00e0rea Producci\u00f3 Vegetal a la [&hellip;]","_links":{"self":[{"href":"https:\/\/epsapps.udg.edu\/cidsav\/wp-json\/wp\/v2\/pages\/4206","targetHints":{"allow":["GET"]}}],"collection":[{"href":"https:\/\/epsapps.udg.edu\/cidsav\/wp-json\/wp\/v2\/pages"}],"about":[{"href":"https:\/\/epsapps.udg.edu\/cidsav\/wp-json\/wp\/v2\/types\/page"}],"author":[{"embeddable":true,"href":"https:\/\/epsapps.udg.edu\/cidsav\/wp-json\/wp\/v2\/users\/1"}],"replies":[{"embeddable":true,"href":"https:\/\/epsapps.udg.edu\/cidsav\/wp-json\/wp\/v2\/comments?post=4206"}],"version-history":[{"count":0,"href":"https:\/\/epsapps.udg.edu\/cidsav\/wp-json\/wp\/v2\/pages\/4206\/revisions"}],"wp:attachment":[{"href":"https:\/\/epsapps.udg.edu\/cidsav\/wp-json\/wp\/v2\/media?parent=4206"}],"curies":[{"name":"wp","href":"https:\/\/api.w.org\/{rel}","templated":true}]}}