{"id":3961,"date":"2021-03-09T12:56:31","date_gmt":"2021-03-09T11:56:31","guid":{"rendered":"https:\/\/epsapps.udg.edu\/cidsav\/?page_id=3961"},"modified":"2021-03-10T07:53:38","modified_gmt":"2021-03-10T06:53:38","slug":"politica_de_cookies","status":"publish","type":"page","link":"https:\/\/epsapps.udg.edu\/cidsav\/politica_de_cookies\/","title":{"rendered":"Pol\u00edtica de cookies"},"content":{"rendered":"\t\t<div data-elementor-type=\"wp-page\" data-elementor-id=\"3961\" class=\"elementor elementor-3961\">\n\t\t\t\t\t\t<section class=\"elementor-section elementor-top-section elementor-element elementor-element-2acaf4c6 elementor-section-boxed elementor-section-height-default elementor-section-height-default\" data-id=\"2acaf4c6\" data-element_type=\"section\" data-e-type=\"section\">\n\t\t\t\t\t\t<div class=\"elementor-container elementor-column-gap-default\">\n\t\t\t\t\t<div class=\"elementor-column elementor-col-100 elementor-top-column elementor-element elementor-element-3faa62fd\" data-id=\"3faa62fd\" data-element_type=\"column\" data-e-type=\"column\">\n\t\t\t<div class=\"elementor-widget-wrap elementor-element-populated\">\n\t\t\t\t\t\t<div class=\"elementor-element elementor-element-7315c89 elementor-widget elementor-widget-text-editor\" data-id=\"7315c89\" data-element_type=\"widget\" data-e-type=\"widget\" data-widget_type=\"text-editor.default\">\n\t\t\t\t<div class=\"elementor-widget-container\">\n\t\t\t\t\t\t\t\t\t<p><strong>Pol\u00edtica de cookies<\/strong><\/p>\n<p style=\"text-align: justify;\">Les\u00a0galetes o\u00a0cookies\u00a0s\u00f3n petits arxius de text que s\u2019instal\u00b7len als equips des dels qual s\u2019accedeix al nostre lloc web. Entre altres finalitats, les galetes registren les prefer\u00e8ncies i els h\u00e0bits de navegaci\u00f3 d\u2019un usuari. S\u2019associen a l\u2019usuari i al seu equip, per\u00f2 no proporcionen dades directament identificatives. Algunes galetes, per exemple les que permeten elaborar estad\u00edstiques o les publicit\u00e0ries, necessiten el consentiment de l\u2019usuari del nostre lloc. En canvi altres galetes, les de car\u00e0cter t\u00e8cnic o les necess\u00e0ries per oferir un servei sol\u00b7licitat per l\u2019usuari, s\u00f3n imprescindibles per al funcionament del lloc. Les galetes es poden classificar segons la seva vig\u00e8ncia, qui les gestiona o la seva finalitat .<\/p>\n<p style=\"text-align: justify;\">Segons la vig\u00e8ncia<\/p>\n<ul>\n<li style=\"text-align: justify;\"><em>De sessi\u00f3:<\/em>\u00a0s\u00f3n temporals i queden a l\u2019arxiu de galetes del vostre navegador fins el moment que abandoneu el lloc web.<\/li>\n<li style=\"text-align: justify;\"><em>Persistents:<\/em>\u00a0queden emmagatzemades i el lloc web els llegeix cada vegada que hi feu una visita.<\/li>\n<\/ul>\n<p style=\"text-align: justify;\">Segons qui les gestioni<\/p>\n<ul>\n<li style=\"text-align: justify;\"><em>Pr\u00f2pies:<\/em>\u00a0s\u00f3n les pr\u00f2pies del titular del lloc web des del que es presten els serveis a l\u2019usuari.<\/li>\n<li style=\"text-align: justify;\"><em>De tercers:<\/em>\u00a0s\u2019envien a l\u2019usuari per part d\u2019un tercer, diferent al titular del lloc.<\/li>\n<\/ul>\n<p style=\"text-align: justify;\">Segons la finalitat<\/p>\n<ul style=\"text-align: justify;\">\n<li><em>Necess\u00e0ries:<\/em>\u00a0les imprescindibles per facilitar la vostra connexi\u00f3. No hi ha opci\u00f3 d\u2019inhabilitar-les, at\u00e8s que s\u00f3n les necess\u00e0ries pel funcionament del lloc web.<\/li>\n<li><em>T\u00e8cniques:\u00a0<\/em>les que permeten controlar el tr\u00e0fic i comunicaci\u00f3 de dades, identificar la sessi\u00f3 i accedir a p\u00e0gines d\u2019acc\u00e9s restringit, entre d\u2019altres.<\/li>\n<li><em>De prefer\u00e8ncies:<\/em>\u00a0permeten recordar les vostres opcions (per exemple llengua o regi\u00f3 des de la qual accediu), per tal de proporcionar-vos serveis avan\u00e7ats.<\/li>\n<li><em>Anal\u00edtiques:<\/em>\u00a0proporcionen informaci\u00f3 estad\u00edstica i permeten millorar els serveis. Utilitzem galetes\u00a0de Google Analytics que podeu desactivar installant-vos\u00a0<a href=\"https:\/\/tools.google.com\/dlpage\/gaoptout?hl=es\">aquest plugin<\/a>.<\/li>\n<li><em>De publicitat:<\/em>\u00a0per a oferir continguts publicitaris relacionats amb els interessos de l\u2019usuari, b\u00e9 directament, b\u00e9 per mitj\u00e0 de tercers (\u201cadservers\u201d). Cal activar-les si vols veure els v\u00eddeos de Youtube incrustats\u00a0en el web de la Universitat de Girona.\u00a0<\/li>\n<li><em>De geolocalitzaci\u00f3:\u00a0<\/em>per a con\u00e8ixer la localitzaci\u00f3 geogr\u00e0fica de l\u2019usuari.<\/li>\n<\/ul>\n<p style=\"text-align: justify;\">Les galetes que utilitzem<\/p>\n<p style=\"text-align: justify;\">Volem que aquest lloc ofereixi un bon servei i que sigui f\u00e0cil d&#8217;utilitzar. En aquest sentit utilitzem galetes de Google Analytics. Aix\u00f2 ens permet:<\/p>\n<ul style=\"text-align: justify;\">\n<li>Recopilar i utilitzar la vostra informaci\u00f3 personal per operar dins el\u00a0web CIDSAV\u00a0i proporcionar els serveis que heu sol\u00b7licitat.\u00a0<\/li>\n<li>Analitzar estad\u00edsticament la informaci\u00f3 a qu\u00e8 accedeixen els usuaris del nostre lloc. Les dades recopilades poden incloure l&#8217;activitat del navegador de l&#8217;usuari quan ens visita, la ruta que segueixen els usuaris en el nostre lloc, informaci\u00f3 del prove\u00efdor de serveis d&#8217;Internet del visitant, el nombre de vegades que els usuaris accedeixen al lloc i el comportament dels usuaris al nostre lloc (p\u00e0gines que ha visitat, formularis que s&#8217;han completat i similars).<\/li>\n<li>Identificar els usuaris que ens visiten des de la invitaci\u00f3 d&#8217;un lloc web associat o d&#8217;un enlla\u00e7 patrocinat.<\/li>\n<\/ul>\n<p style=\"text-align: justify;\">Pots obtenir m\u00e9s informaci\u00f3 sobre Google Analytics a\u00a0<a href=\"https:\/\/www.google.com\/analytics\/\">www.google.com\/analytics\/<\/a>. Per controlar la recopilaci\u00f3 de dades amb finalitats anal\u00edtiques per part de Google Analytics, pots anar a\u00a0<a href=\"https:\/\/tools.google.com\/dlpage\/gaoptout?hl=en\">https:\/\/tools.google.com\/dlpage\/gaoptout?hl=en<\/a><\/p>\n<table width=\"0\">\n<thead>\n<tr>\n<td width=\"75\">\n<p><strong>Finalitat<\/strong><\/p>\n<\/td>\n<td width=\"79\">\n<p><strong>Prove\u00efdor<\/strong><\/p>\n<\/td>\n<td width=\"217\">\n<p><strong>Nom de la galeta<\/strong><\/p>\n<\/td>\n<td width=\"49\">\n<p><strong>Gesti\u00f3<\/strong><\/p>\n<\/td>\n<td width=\"64\">\n<p><strong>Vig\u00e8ncia<\/strong><\/p>\n<\/td>\n<td width=\"272\">\n<p><strong>Funci\u00f3<\/strong><\/p>\n<\/td>\n<\/tr>\n<\/thead>\n<tbody>\n<tr>\n<td rowspan=\"2\" width=\"75\">\n<p>Necess\u00e0ries<\/p>\n<\/td>\n<td rowspan=\"2\" width=\"79\">\n<p>udg.edu<\/p>\n<\/td>\n<td width=\"217\">\n<p>dnn_IsMobile<\/p>\n<\/td>\n<td rowspan=\"2\" width=\"49\">\n<p>Pr\u00f2pia<\/p>\n<\/td>\n<td rowspan=\"2\" width=\"64\">\n<p>Sessi\u00f3<\/p>\n<\/td>\n<td width=\"272\">\n<p style=\"text-align: justify;\">Determina el dispositiu utilitzat per a accedir a la web . Aix\u00f2 permet a la web presentar-se en el format adequat .<\/p>\n<\/td>\n<\/tr>\n<tr>\n<td width=\"217\">\n<p>language<\/p>\n<\/td>\n<td width=\"272\">\n<p style=\"text-align: justify;\">Guarda l&#8217;idioma preferit de l&#8217;usuari en el lloc web .<\/p>\n<\/td>\n<\/tr>\n<tr>\n<td width=\"75\">\n<p>Prefer\u00e8ncia<\/p>\n<\/td>\n<td width=\"79\">\n<p>udg.edu<\/p>\n<\/td>\n<td width=\"217\">\n<p>.ASPXANONYMOUS<\/p>\n<\/td>\n<td width=\"49\">\n<p>Pr\u00f2pia<\/p>\n<\/td>\n<td width=\"64\">\n<p>69 d\u00edes<\/p>\n<\/td>\n<td width=\"272\">\n<p style=\"text-align: justify;\">Utilitzada per a proporcionar dades de l&#8217;usuari a l&#8217;autoritzar sol\u00b7licituds al lloc web<\/p>\n<\/td>\n<\/tr>\n<tr>\n<td rowspan=\"4\" width=\"75\">\n<p>Anal\u00edtiques<\/p>\n<\/td>\n<td rowspan=\"4\" width=\"79\">\n<p>Google<\/p>\n<\/td>\n<td width=\"217\">\n<p>_ga<\/p>\n<\/td>\n<td rowspan=\"4\" width=\"49\">\n<p>3ers<\/p>\n<\/td>\n<td width=\"64\">\n<p>2 anys<\/p>\n<\/td>\n<td rowspan=\"4\" width=\"272\">\n<p style=\"text-align: justify;\">Registra una identificaci\u00f3 \u00fanica que s&#8217;utilitza per generar dades estad\u00edstiques sobre com s&#8217;utilitza el visitant el lloc web<\/p>\n<\/td>\n<\/tr>\n<tr>\n<td width=\"217\">\n<p>_gat<\/p>\n<\/td>\n<td width=\"64\">\n<p>1 dia<\/p>\n<\/td>\n<\/tr>\n<tr>\n<td width=\"217\">\n<p>_gid<\/p>\n<\/td>\n<td width=\"64\">\n<p>1 dia<\/p>\n<\/td>\n<\/tr>\n<tr>\n<td width=\"217\">\n<p>Analytics<\/p>\n<\/td>\n<td width=\"64\">\n<p>1 dia<\/p>\n<\/td>\n<\/tr>\n<tr>\n<td width=\"75\">\n<p>Marketing<\/p>\n<\/td>\n<td width=\"79\">\n<p>google.com<\/p>\n<\/td>\n<td width=\"217\">\n<p>NID<\/p>\n<\/td>\n<td width=\"49\">\n<p>3ers<\/p>\n<\/td>\n<td width=\"64\">\n<p>6 mesos<\/p>\n<\/td>\n<td width=\"272\">\n<p style=\"text-align: justify;\">Registra una identificaci\u00f3 \u00fanica que identifica el dispositiu d&#8217;un usuari que torna. La identificaci\u00f3 s&#8217;utilitza per als anuncis espec\u00edfics<\/p>\n<\/td>\n<\/tr>\n<\/tbody>\n<\/table>\n<p>\u00a0<\/p>\n<p style=\"text-align: justify;\">Administrar les galetes<\/p>\n<p style=\"text-align: justify;\">Pots revocar el consentiment a la utilitzaci\u00f3 de galetes eliminant-les per mitj\u00e0 de les opcions que t&#8217;ofereix el teu navegador.<\/p>\n<p style=\"text-align: justify;\">Si desitges obtenir informaci\u00f3 addicional sobre l\u2019activitat de les empreses de publicitat a Internet i sobre com eliminar les teves dades dels registres d&#8217;aquestes empreses, et recomanem la visita de\u00a0<a href=\"https:\/\/www.networkadvertising.org\/\">www.networkadvertising.org.<\/a><\/p>\n<p style=\"text-align: justify;\">Pots configurar el teu navegador per tal que t&#8217;informi pr\u00e8viament de la possible instal\u00b7laci\u00f3 de galetes. Tamb\u00e9 podr\u00e0s optar per tal que se suprimeixin autom\u00e0ticament un cop es tanqui el navegador, equip o dispositiu. Pots trobar informaci\u00f3 sobre com fer-ho a:<\/p>\n<p style=\"text-align: justify;\">\u00a0<\/p>\n<ul style=\"text-align: justify;\">\n<li>Per a\u00a0<a href=\"https:\/\/support.mozilla.org\/ca\/kb\/Galetes\">Firefox<\/a><\/li>\n<li>Per a\u00a0<a href=\"https:\/\/support.google.com\/chrome\/bin\/answer.py?hl=es&amp;answer=95647\">Chrome<\/a><\/li>\n<li>Per a\u00a0<a href=\"https:\/\/windows.microsoft.com\/es-es\/windows7\/how-to-manage-cookies-in-internet-explorer-9\">Internet Explorer<\/a><\/li>\n<li>Per a\u00a0<a href=\"https:\/\/support.apple.com\/kb\/ph5042\">Safari<\/a><\/li>\n<li>Per a\u00a0<a href=\"https:\/\/support.apple.com\/kb\/HT1677?viewlocale=es_ES&amp;locale=es_ES\">Safari per a iOS<\/a><\/li>\n<li>Per a\u00a0<a href=\"https:\/\/help.opera.com\/Windows\/11.50\/es-ES\/cookies.html\">Opera<\/a><\/li>\n<\/ul>\n<p style=\"text-align: justify;\">\u00a0<\/p>\n<p style=\"text-align: justify;\">Pol\u00edtiques de privacitat i condicions d&#8217;\u00fas de continguts de tercers<\/p>\n<p style=\"text-align: justify;\">Algunes p\u00e0gines web del domini epsapps.udg.edu poden incloure contingut allotjat en plataformes externes que tenen pol\u00edtiques de privacitat i condicions d&#8217;\u00fas pr\u00f2pies.<\/p>\n<p style=\"text-align: justify;\">Youtube<\/p>\n<p style=\"text-align: justify;\">Utilitzem Youtube per reproduir v\u00eddeos i emissions en directe dins el web.<\/p>\n<ul>\n<li style=\"text-align: justify;\">Condicions d\u2019\u00fas del servei\u00a0<a href=\"https:\/\/www.youtube.com\/static?template=terms\">https:\/\/www.youtube.com\/static?template=terms<\/a><\/li>\n<li style=\"text-align: justify;\">Pol\u00edtiques de privacitat\u00a0<a href=\"https:\/\/policies.google.com\/privacy?hl=ca\">https:\/\/policies.google.com\/privacy<\/a><\/li>\n<\/ul>\t\t\t\t\t\t\t\t<\/div>\n\t\t\t\t<\/div>\n\t\t\t\t\t<\/div>\n\t\t<\/div>\n\t\t\t\t\t<\/div>\n\t\t<\/section>\n\t\t\t\t<\/div>\n\t\t","protected":false},"excerpt":{"rendered":"<p>Pol\u00edtica de cookies Les&nbsp;galetes o&nbsp;cookies&nbsp;s\u00f3n petits arxius de text que s\u2019instal\u00b7len als equips des dels qual s\u2019accedeix al nostre lloc web. Entre altres finalitats, les [&hellip;]<\/p>\n","protected":false},"author":1,"featured_media":0,"parent":0,"menu_order":0,"comment_status":"closed","ping_status":"closed","template":"page-templates\/page_fullwidth.php","meta":{"_uag_custom_page_level_css":"","footnotes":""},"class_list":["post-3961","page","type-page","status-publish","hentry"],"yoast_head":"<!-- This site is optimized with the Yoast SEO plugin v27.4 - https:\/\/yoast.com\/product\/yoast-seo-wordpress\/ -->\n<title>Pol\u00edtica de cookies<\/title>\n<meta name=\"robots\" content=\"index, nofollow, max-snippet:-1, max-image-preview:large, max-video-preview:-1\" \/>\n<link rel=\"canonical\" href=\"https:\/\/epsapps.udg.edu\/cidsav\/politica_de_cookies\/\" \/>\n<meta property=\"og:locale\" content=\"es_ES\" \/>\n<meta property=\"og:type\" content=\"article\" \/>\n<meta property=\"og:title\" content=\"Pol\u00edtica de cookies\" \/>\n<meta property=\"og:description\" content=\"Pol\u00edtica de cookies Les&nbsp;galetes o&nbsp;cookies&nbsp;s\u00f3n petits arxius de text que s\u2019instal\u00b7len als equips des dels qual s\u2019accedeix al nostre lloc web. Entre altres finalitats, les [&hellip;]\" \/>\n<meta property=\"og:url\" content=\"https:\/\/epsapps.udg.edu\/cidsav\/politica_de_cookies\/\" \/>\n<meta property=\"og:site_name\" content=\"CIDSAV\" \/>\n<meta property=\"article:modified_time\" content=\"2021-03-10T06:53:38+00:00\" \/>\n<meta name=\"twitter:card\" content=\"summary_large_image\" \/>\n<meta name=\"twitter:label1\" content=\"Tiempo de lectura\" \/>\n\t<meta name=\"twitter:data1\" content=\"4 minutos\" \/>\n<script type=\"application\/ld+json\" class=\"yoast-schema-graph\">{\"@context\":\"https:\\\/\\\/schema.org\",\"@graph\":[{\"@type\":\"WebPage\",\"@id\":\"https:\\\/\\\/epsapps.udg.edu\\\/cidsav\\\/politica_de_cookies\\\/\",\"url\":\"https:\\\/\\\/epsapps.udg.edu\\\/cidsav\\\/politica_de_cookies\\\/\",\"name\":\"Pol\u00edtica de cookies\",\"isPartOf\":{\"@id\":\"https:\\\/\\\/epsapps.udg.edu\\\/cidsav\\\/#website\"},\"datePublished\":\"2021-03-09T11:56:31+00:00\",\"dateModified\":\"2021-03-10T06:53:38+00:00\",\"breadcrumb\":{\"@id\":\"https:\\\/\\\/epsapps.udg.edu\\\/cidsav\\\/politica_de_cookies\\\/#breadcrumb\"},\"inLanguage\":\"es\",\"potentialAction\":[{\"@type\":\"ReadAction\",\"target\":[\"https:\\\/\\\/epsapps.udg.edu\\\/cidsav\\\/politica_de_cookies\\\/\"]}]},{\"@type\":\"BreadcrumbList\",\"@id\":\"https:\\\/\\\/epsapps.udg.edu\\\/cidsav\\\/politica_de_cookies\\\/#breadcrumb\",\"itemListElement\":[{\"@type\":\"ListItem\",\"position\":1,\"name\":\"Portada\",\"item\":\"https:\\\/\\\/epsapps.udg.edu\\\/cidsav\\\/\"},{\"@type\":\"ListItem\",\"position\":2,\"name\":\"Pol\u00edtica de cookies\"}]},{\"@type\":\"WebSite\",\"@id\":\"https:\\\/\\\/epsapps.udg.edu\\\/cidsav\\\/#website\",\"url\":\"https:\\\/\\\/epsapps.udg.edu\\\/cidsav\\\/\",\"name\":\"CIDSAV\",\"description\":\"\",\"publisher\":{\"@id\":\"https:\\\/\\\/epsapps.udg.edu\\\/cidsav\\\/#organization\"},\"potentialAction\":[{\"@type\":\"SearchAction\",\"target\":{\"@type\":\"EntryPoint\",\"urlTemplate\":\"https:\\\/\\\/epsapps.udg.edu\\\/cidsav\\\/?s={search_term_string}\"},\"query-input\":{\"@type\":\"PropertyValueSpecification\",\"valueRequired\":true,\"valueName\":\"search_term_string\"}}],\"inLanguage\":\"es\"},{\"@type\":\"Organization\",\"@id\":\"https:\\\/\\\/epsapps.udg.edu\\\/cidsav\\\/#organization\",\"name\":\"CIDSAV\",\"url\":\"https:\\\/\\\/epsapps.udg.edu\\\/cidsav\\\/\",\"logo\":{\"@type\":\"ImageObject\",\"inLanguage\":\"es\",\"@id\":\"https:\\\/\\\/epsapps.udg.edu\\\/cidsav\\\/#\\\/schema\\\/logo\\\/image\\\/\",\"url\":\"https:\\\/\\\/epsapps.udg.edu\\\/cidsav\\\/wp-content\\\/uploads\\\/2019\\\/09\\\/Logo-3-idomes-CIDSAV-verd-03.png\",\"contentUrl\":\"https:\\\/\\\/epsapps.udg.edu\\\/cidsav\\\/wp-content\\\/uploads\\\/2019\\\/09\\\/Logo-3-idomes-CIDSAV-verd-03.png\",\"width\":1181,\"height\":1054,\"caption\":\"CIDSAV\"},\"image\":{\"@id\":\"https:\\\/\\\/epsapps.udg.edu\\\/cidsav\\\/#\\\/schema\\\/logo\\\/image\\\/\"},\"sameAs\":[\"https:\\\/\\\/www.instagram.com\\\/cidsav_udg\\\/?igsh=eDU0dzNpc2JzdG8y#\"]}]}<\/script>\n<!-- \/ Yoast SEO plugin. -->","yoast_head_json":{"title":"Pol\u00edtica de cookies","robots":{"index":"index","follow":"nofollow","max-snippet":"max-snippet:-1","max-image-preview":"max-image-preview:large","max-video-preview":"max-video-preview:-1"},"canonical":"https:\/\/epsapps.udg.edu\/cidsav\/politica_de_cookies\/","og_locale":"es_ES","og_type":"article","og_title":"Pol\u00edtica de cookies","og_description":"Pol\u00edtica de cookies Les&nbsp;galetes o&nbsp;cookies&nbsp;s\u00f3n petits arxius de text que s\u2019instal\u00b7len als equips des dels qual s\u2019accedeix al nostre lloc web. Entre altres finalitats, les [&hellip;]","og_url":"https:\/\/epsapps.udg.edu\/cidsav\/politica_de_cookies\/","og_site_name":"CIDSAV","article_modified_time":"2021-03-10T06:53:38+00:00","twitter_card":"summary_large_image","twitter_misc":{"Tiempo de lectura":"4 minutos"},"schema":{"@context":"https:\/\/schema.org","@graph":[{"@type":"WebPage","@id":"https:\/\/epsapps.udg.edu\/cidsav\/politica_de_cookies\/","url":"https:\/\/epsapps.udg.edu\/cidsav\/politica_de_cookies\/","name":"Pol\u00edtica de cookies","isPartOf":{"@id":"https:\/\/epsapps.udg.edu\/cidsav\/#website"},"datePublished":"2021-03-09T11:56:31+00:00","dateModified":"2021-03-10T06:53:38+00:00","breadcrumb":{"@id":"https:\/\/epsapps.udg.edu\/cidsav\/politica_de_cookies\/#breadcrumb"},"inLanguage":"es","potentialAction":[{"@type":"ReadAction","target":["https:\/\/epsapps.udg.edu\/cidsav\/politica_de_cookies\/"]}]},{"@type":"BreadcrumbList","@id":"https:\/\/epsapps.udg.edu\/cidsav\/politica_de_cookies\/#breadcrumb","itemListElement":[{"@type":"ListItem","position":1,"name":"Portada","item":"https:\/\/epsapps.udg.edu\/cidsav\/"},{"@type":"ListItem","position":2,"name":"Pol\u00edtica de cookies"}]},{"@type":"WebSite","@id":"https:\/\/epsapps.udg.edu\/cidsav\/#website","url":"https:\/\/epsapps.udg.edu\/cidsav\/","name":"CIDSAV","description":"","publisher":{"@id":"https:\/\/epsapps.udg.edu\/cidsav\/#organization"},"potentialAction":[{"@type":"SearchAction","target":{"@type":"EntryPoint","urlTemplate":"https:\/\/epsapps.udg.edu\/cidsav\/?s={search_term_string}"},"query-input":{"@type":"PropertyValueSpecification","valueRequired":true,"valueName":"search_term_string"}}],"inLanguage":"es"},{"@type":"Organization","@id":"https:\/\/epsapps.udg.edu\/cidsav\/#organization","name":"CIDSAV","url":"https:\/\/epsapps.udg.edu\/cidsav\/","logo":{"@type":"ImageObject","inLanguage":"es","@id":"https:\/\/epsapps.udg.edu\/cidsav\/#\/schema\/logo\/image\/","url":"https:\/\/epsapps.udg.edu\/cidsav\/wp-content\/uploads\/2019\/09\/Logo-3-idomes-CIDSAV-verd-03.png","contentUrl":"https:\/\/epsapps.udg.edu\/cidsav\/wp-content\/uploads\/2019\/09\/Logo-3-idomes-CIDSAV-verd-03.png","width":1181,"height":1054,"caption":"CIDSAV"},"image":{"@id":"https:\/\/epsapps.udg.edu\/cidsav\/#\/schema\/logo\/image\/"},"sameAs":["https:\/\/www.instagram.com\/cidsav_udg\/?igsh=eDU0dzNpc2JzdG8y#"]}]}},"uagb_featured_image_src":{"full":false,"thumbnail":false,"medium":false,"medium_large":false,"large":false,"1536x1536":false,"2048x2048":false,"sydney-large-thumb":false,"sydney-medium-thumb":false,"sydney-small-thumb":false,"sydney-service-thumb":false,"sydney-mas-thumb":false},"uagb_author_info":{"display_name":"Cidsav","author_link":"https:\/\/epsapps.udg.edu\/cidsav\/author\/cidsav0140\/"},"uagb_comment_info":0,"uagb_excerpt":"Pol\u00edtica de cookies Les&nbsp;galetes o&nbsp;cookies&nbsp;s\u00f3n petits arxius de text que s\u2019instal\u00b7len als equips des dels qual s\u2019accedeix al nostre lloc web. Entre altres finalitats, les [&hellip;]","_links":{"self":[{"href":"https:\/\/epsapps.udg.edu\/cidsav\/wp-json\/wp\/v2\/pages\/3961","targetHints":{"allow":["GET"]}}],"collection":[{"href":"https:\/\/epsapps.udg.edu\/cidsav\/wp-json\/wp\/v2\/pages"}],"about":[{"href":"https:\/\/epsapps.udg.edu\/cidsav\/wp-json\/wp\/v2\/types\/page"}],"author":[{"embeddable":true,"href":"https:\/\/epsapps.udg.edu\/cidsav\/wp-json\/wp\/v2\/users\/1"}],"replies":[{"embeddable":true,"href":"https:\/\/epsapps.udg.edu\/cidsav\/wp-json\/wp\/v2\/comments?post=3961"}],"version-history":[{"count":0,"href":"https:\/\/epsapps.udg.edu\/cidsav\/wp-json\/wp\/v2\/pages\/3961\/revisions"}],"wp:attachment":[{"href":"https:\/\/epsapps.udg.edu\/cidsav\/wp-json\/wp\/v2\/media?parent=3961"}],"curies":[{"name":"wp","href":"https:\/\/api.w.org\/{rel}","templated":true}]}}