{"id":3609,"date":"2021-02-01T14:21:09","date_gmt":"2021-02-01T13:21:09","guid":{"rendered":"https:\/\/epsapps.udg.edu\/cidsav\/?page_id=3609"},"modified":"2025-01-14T11:29:05","modified_gmt":"2025-01-14T10:29:05","slug":"beatriz-gascon-sanguesa_es","status":"publish","type":"page","link":"https:\/\/epsapps.udg.edu\/cidsav\/es\/beatriz-gascon-sanguesa_es\/","title":{"rendered":"Beatriz Gasc\u00f3n Sang\u00fcesa"},"content":{"rendered":"\t\t<div data-elementor-type=\"wp-page\" data-elementor-id=\"3609\" class=\"elementor elementor-3609\">\n\t\t\t\t\t\t<section class=\"elementor-section elementor-top-section elementor-element elementor-element-46be4177 elementor-section-boxed elementor-section-height-default elementor-section-height-default\" data-id=\"46be4177\" data-element_type=\"section\" data-e-type=\"section\">\n\t\t\t\t\t\t<div class=\"elementor-container elementor-column-gap-default\">\n\t\t\t\t\t<div class=\"elementor-column elementor-col-50 elementor-top-column elementor-element elementor-element-550192a9\" data-id=\"550192a9\" data-element_type=\"column\" data-e-type=\"column\">\n\t\t\t<div class=\"elementor-widget-wrap elementor-element-populated\">\n\t\t\t\t\t\t<div class=\"elementor-element elementor-element-2f3106a1 elementor-widget elementor-widget-image\" data-id=\"2f3106a1\" data-element_type=\"widget\" data-e-type=\"widget\" data-widget_type=\"image.default\">\n\t\t\t\t<div class=\"elementor-widget-container\">\n\t\t\t\t\t\t\t\t\t\t\t\t\t\t\t<img fetchpriority=\"high\" decoding=\"async\" width=\"387\" height=\"435\" src=\"https:\/\/epsapps.udg.edu\/cidsav\/wp-content\/uploads\/2023\/02\/Bea-Gascon.png\" class=\"attachment-large size-large wp-image-5796\" alt=\"\" srcset=\"https:\/\/epsapps.udg.edu\/cidsav\/wp-content\/uploads\/2023\/02\/Bea-Gascon.png 387w, https:\/\/epsapps.udg.edu\/cidsav\/wp-content\/uploads\/2023\/02\/Bea-Gascon-267x300.png 267w, https:\/\/epsapps.udg.edu\/cidsav\/wp-content\/uploads\/2023\/02\/Bea-Gascon-230x259.png 230w, https:\/\/epsapps.udg.edu\/cidsav\/wp-content\/uploads\/2023\/02\/Bea-Gascon-350x393.png 350w\" sizes=\"(max-width: 387px) 100vw, 387px\" \/>\t\t\t\t\t\t\t\t\t\t\t\t\t\t\t<\/div>\n\t\t\t\t<\/div>\n\t\t\t\t<div class=\"elementor-element elementor-element-b7f4cbf elementor-shape-circle elementor-grid-0 e-grid-align-center elementor-widget elementor-widget-social-icons\" data-id=\"b7f4cbf\" data-element_type=\"widget\" data-e-type=\"widget\" data-widget_type=\"social-icons.default\">\n\t\t\t\t<div class=\"elementor-widget-container\">\n\t\t\t\t\t\t\t<div class=\"elementor-social-icons-wrapper elementor-grid\" role=\"list\">\n\t\t\t\t\t\t\t<span class=\"elementor-grid-item\" role=\"listitem\">\n\t\t\t\t\t<a class=\"elementor-icon elementor-social-icon elementor-social-icon-researchgate elementor-animation-shrink elementor-repeater-item-79644ac\" href=\"https:\/\/www.researchgate.net\/profile\/Beatriz-Gascon\" target=\"_blank\">\n\t\t\t\t\t\t<span class=\"elementor-screen-only\">Researchgate<\/span>\n\t\t\t\t\t\t<i aria-hidden=\"true\" class=\"fab fa-researchgate\"><\/i>\t\t\t\t\t<\/a>\n\t\t\t\t<\/span>\n\t\t\t\t\t\t\t<span class=\"elementor-grid-item\" role=\"listitem\">\n\t\t\t\t\t<a class=\"elementor-icon elementor-social-icon elementor-social-icon-orcid elementor-animation-shrink elementor-repeater-item-2fc832a\" href=\"https:\/\/orcid.org\/0000-0002-7375-8467\" target=\"_blank\">\n\t\t\t\t\t\t<span class=\"elementor-screen-only\">Orcid<\/span>\n\t\t\t\t\t\t<i aria-hidden=\"true\" class=\"fab fa-orcid\"><\/i>\t\t\t\t\t<\/a>\n\t\t\t\t<\/span>\n\t\t\t\t\t<\/div>\n\t\t\t\t\t\t<\/div>\n\t\t\t\t<\/div>\n\t\t\t\t\t<\/div>\n\t\t<\/div>\n\t\t\t\t<div class=\"elementor-column elementor-col-50 elementor-top-column elementor-element elementor-element-41c289e4\" data-id=\"41c289e4\" data-element_type=\"column\" data-e-type=\"column\">\n\t\t\t<div class=\"elementor-widget-wrap elementor-element-populated\">\n\t\t\t\t\t\t<div class=\"elementor-element elementor-element-317ef8 elementor-widget elementor-widget-heading\" data-id=\"317ef8\" data-element_type=\"widget\" data-e-type=\"widget\" data-widget_type=\"heading.default\">\n\t\t\t\t<div class=\"elementor-widget-container\">\n\t\t\t\t\t<h4 class=\"elementor-heading-title elementor-size-default\">Dra. Beatriz Gasc\u00f3n Sang\u00fcesa<\/h4>\t\t\t\t<\/div>\n\t\t\t\t<\/div>\n\t\t\t\t<div class=\"elementor-element elementor-element-60c08aea elementor-widget-divider--view-line elementor-widget elementor-widget-divider\" data-id=\"60c08aea\" data-element_type=\"widget\" data-e-type=\"widget\" data-widget_type=\"divider.default\">\n\t\t\t\t<div class=\"elementor-widget-container\">\n\t\t\t\t\t\t\t<div class=\"elementor-divider\">\n\t\t\t<span class=\"elementor-divider-separator\">\n\t\t\t\t\t\t<\/span>\n\t\t<\/div>\n\t\t\t\t\t\t<\/div>\n\t\t\t\t<\/div>\n\t\t\t\t<div class=\"elementor-element elementor-element-f5b45e6 elementor-widget elementor-widget-text-editor\" data-id=\"f5b45e6\" data-element_type=\"widget\" data-e-type=\"widget\" data-widget_type=\"text-editor.default\">\n\t\t\t\t<div class=\"elementor-widget-container\">\n\t\t\t\t\t\t\t\t\t<p><strong>Instituto:<\/strong> <a href=\"https:\/\/www.udg.edu\/ca\/instituts\/intea\">INSTITUTO DE TECNOLOG\u00cdA AGROALIMENTARIA<\/a><a href=\"https:\/\/www.udg.edu\/ca\/instituts\/intea\"><br \/><\/a><strong>Grupo de Investigaci\u00f3n:<\/strong> <a href=\"http:\/\/intea.udg.edu\/cidsav\/\">PATOLOG\u00cdA VEGETAL<\/a><\/p>\t\t\t\t\t\t\t\t<\/div>\n\t\t\t\t<\/div>\n\t\t\t\t<div class=\"elementor-element elementor-element-55bf466d elementor-widget elementor-widget-text-editor\" data-id=\"55bf466d\" data-element_type=\"widget\" data-e-type=\"widget\" data-widget_type=\"text-editor.default\">\n\t\t\t\t<div class=\"elementor-widget-container\">\n\t\t\t\t\t\t\t\t\t<p>Beatriz Gasc\u00f3n Sang\u00fcesa, actualmente es investigadora en el CIDSAV, es licenciada en Biolog\u00eda por la Universidad de Girona (2013) y especializada en biotecnolog\u00eda alimentaria por la Universidad de Girona (2014). Ha participado en varios proyectos del grupo de Patolog\u00eda Vegetal de la Universidad de Girona, mayoritariamente dentro del \u00e1mbito del control biol\u00f3gico de enfermedades de las plantas mediante bacterias y hongos beneficiosos. Tambi\u00e9n ha participado en el desarrollo de una plataforma de an\u00e1lisis de expresi\u00f3n g\u00e9nica en plantas de tomate tanto de p\u00e9ptidos antimicrobianos, como de productos o cepas de inter\u00e9s.<\/p><p>Ha trabajado en el \u00e1mbito de la empresa privada, participando en proyectos CDTI (Centro para el Desarrollo Tecnol\u00f3gico Industrial), para el desarrollo de nuevos bioplaguicidas y biofertilizantes en base de hongos rizosf\u00e9ricos.<\/p><p>Actualmente, trabaja en el CIDSAV en proyectos relacionados con pat\u00f3genos de cuarentena emergentes como <em>Xylella fastidiosa<\/em> o <em>Candidatus<\/em> Liberibacter, tanto en proyectos p\u00fablicos, a nivel europeo como nacionales, y en la transferencia a empresas mediante colaboraciones y convenios.<\/p>\t\t\t\t\t\t\t\t<\/div>\n\t\t\t\t<\/div>\n\t\t\t\t<div class=\"elementor-element elementor-element-32528cfa elementor-widget-divider--view-line elementor-widget elementor-widget-divider\" data-id=\"32528cfa\" data-element_type=\"widget\" data-e-type=\"widget\" data-widget_type=\"divider.default\">\n\t\t\t\t<div class=\"elementor-widget-container\">\n\t\t\t\t\t\t\t<div class=\"elementor-divider\">\n\t\t\t<span class=\"elementor-divider-separator\">\n\t\t\t\t\t\t<\/span>\n\t\t<\/div>\n\t\t\t\t\t\t<\/div>\n\t\t\t\t<\/div>\n\t\t\t\t\t<\/div>\n\t\t<\/div>\n\t\t\t\t\t<\/div>\n\t\t<\/section>\n\t\t\t\t<\/div>\n\t\t","protected":false},"excerpt":{"rendered":"<p>Researchgate Orcid Dra. Beatriz Gasc\u00f3n Sang\u00fcesa Instituto: INSTITUTO DE TECNOLOG\u00cdA AGROALIMENTARIAGrupo de Investigaci\u00f3n: PATOLOG\u00cdA VEGETAL Beatriz Gasc\u00f3n Sang\u00fcesa, actualmente es investigadora en el CIDSAV, es [&hellip;]<\/p>\n","protected":false},"author":1,"featured_media":0,"parent":0,"menu_order":0,"comment_status":"closed","ping_status":"closed","template":"elementor_header_footer","meta":{"_uag_custom_page_level_css":"","footnotes":""},"class_list":["post-3609","page","type-page","status-publish","hentry"],"yoast_head":"<!-- This site is optimized with the Yoast SEO plugin v27.4 - https:\/\/yoast.com\/product\/yoast-seo-wordpress\/ -->\n<title>Beatriz Gasc\u00f3n Sang\u00fcesa<\/title>\n<meta name=\"robots\" content=\"index, follow, max-snippet:-1, max-image-preview:large, max-video-preview:-1\" \/>\n<link rel=\"canonical\" href=\"https:\/\/epsapps.udg.edu\/cidsav\/es\/beatriz-gascon-sanguesa_es\/\" \/>\n<meta property=\"og:locale\" content=\"es_ES\" \/>\n<meta property=\"og:type\" content=\"article\" \/>\n<meta property=\"og:title\" content=\"Beatriz Gasc\u00f3n Sang\u00fcesa\" \/>\n<meta property=\"og:description\" content=\"Researchgate Orcid Dra. Beatriz Gasc\u00f3n Sang\u00fcesa Instituto: INSTITUTO DE TECNOLOG\u00cdA AGROALIMENTARIAGrupo de Investigaci\u00f3n: PATOLOG\u00cdA VEGETAL Beatriz Gasc\u00f3n Sang\u00fcesa, actualmente es investigadora en el CIDSAV, es [&hellip;]\" \/>\n<meta property=\"og:url\" content=\"https:\/\/epsapps.udg.edu\/cidsav\/es\/beatriz-gascon-sanguesa_es\/\" \/>\n<meta property=\"og:site_name\" content=\"CIDSAV\" \/>\n<meta property=\"article:modified_time\" content=\"2025-01-14T10:29:05+00:00\" \/>\n<meta property=\"og:image\" content=\"https:\/\/epsapps.udg.edu\/cidsav\/wp-content\/uploads\/2023\/02\/Bea-Gascon.png\" \/>\n<meta name=\"twitter:card\" content=\"summary_large_image\" \/>\n<meta name=\"twitter:label1\" content=\"Tiempo de lectura\" \/>\n\t<meta name=\"twitter:data1\" content=\"2 minutos\" \/>\n<script type=\"application\/ld+json\" class=\"yoast-schema-graph\">{\"@context\":\"https:\\\/\\\/schema.org\",\"@graph\":[{\"@type\":[\"WebPage\",\"ProfilePage\"],\"@id\":\"https:\\\/\\\/epsapps.udg.edu\\\/cidsav\\\/es\\\/beatriz-gascon-sanguesa_es\\\/\",\"url\":\"https:\\\/\\\/epsapps.udg.edu\\\/cidsav\\\/es\\\/beatriz-gascon-sanguesa_es\\\/\",\"name\":\"Beatriz Gasc\u00f3n Sang\u00fcesa\",\"isPartOf\":{\"@id\":\"https:\\\/\\\/epsapps.udg.edu\\\/cidsav\\\/#website\"},\"primaryImageOfPage\":{\"@id\":\"https:\\\/\\\/epsapps.udg.edu\\\/cidsav\\\/es\\\/beatriz-gascon-sanguesa_es\\\/#primaryimage\"},\"image\":{\"@id\":\"https:\\\/\\\/epsapps.udg.edu\\\/cidsav\\\/es\\\/beatriz-gascon-sanguesa_es\\\/#primaryimage\"},\"thumbnailUrl\":\"https:\\\/\\\/epsapps.udg.edu\\\/cidsav\\\/wp-content\\\/uploads\\\/2023\\\/02\\\/Bea-Gascon.png\",\"datePublished\":\"2021-02-01T13:21:09+00:00\",\"dateModified\":\"2025-01-14T10:29:05+00:00\",\"breadcrumb\":{\"@id\":\"https:\\\/\\\/epsapps.udg.edu\\\/cidsav\\\/es\\\/beatriz-gascon-sanguesa_es\\\/#breadcrumb\"},\"inLanguage\":\"es\",\"potentialAction\":[{\"@type\":\"ReadAction\",\"target\":[\"https:\\\/\\\/epsapps.udg.edu\\\/cidsav\\\/es\\\/beatriz-gascon-sanguesa_es\\\/\"]}]},{\"@type\":\"ImageObject\",\"inLanguage\":\"es\",\"@id\":\"https:\\\/\\\/epsapps.udg.edu\\\/cidsav\\\/es\\\/beatriz-gascon-sanguesa_es\\\/#primaryimage\",\"url\":\"https:\\\/\\\/epsapps.udg.edu\\\/cidsav\\\/wp-content\\\/uploads\\\/2023\\\/02\\\/Bea-Gascon.png\",\"contentUrl\":\"https:\\\/\\\/epsapps.udg.edu\\\/cidsav\\\/wp-content\\\/uploads\\\/2023\\\/02\\\/Bea-Gascon.png\",\"width\":387,\"height\":435},{\"@type\":\"BreadcrumbList\",\"@id\":\"https:\\\/\\\/epsapps.udg.edu\\\/cidsav\\\/es\\\/beatriz-gascon-sanguesa_es\\\/#breadcrumb\",\"itemListElement\":[{\"@type\":\"ListItem\",\"position\":1,\"name\":\"Portada\",\"item\":\"https:\\\/\\\/epsapps.udg.edu\\\/cidsav\\\/\"},{\"@type\":\"ListItem\",\"position\":2,\"name\":\"Beatriz Gasc\u00f3n Sang\u00fcesa\"}]},{\"@type\":\"WebSite\",\"@id\":\"https:\\\/\\\/epsapps.udg.edu\\\/cidsav\\\/#website\",\"url\":\"https:\\\/\\\/epsapps.udg.edu\\\/cidsav\\\/\",\"name\":\"CIDSAV\",\"description\":\"\",\"publisher\":{\"@id\":\"https:\\\/\\\/epsapps.udg.edu\\\/cidsav\\\/#organization\"},\"potentialAction\":[{\"@type\":\"SearchAction\",\"target\":{\"@type\":\"EntryPoint\",\"urlTemplate\":\"https:\\\/\\\/epsapps.udg.edu\\\/cidsav\\\/?s={search_term_string}\"},\"query-input\":{\"@type\":\"PropertyValueSpecification\",\"valueRequired\":true,\"valueName\":\"search_term_string\"}}],\"inLanguage\":\"es\"},{\"@type\":\"Organization\",\"@id\":\"https:\\\/\\\/epsapps.udg.edu\\\/cidsav\\\/#organization\",\"name\":\"CIDSAV\",\"url\":\"https:\\\/\\\/epsapps.udg.edu\\\/cidsav\\\/\",\"logo\":{\"@type\":\"ImageObject\",\"inLanguage\":\"es\",\"@id\":\"https:\\\/\\\/epsapps.udg.edu\\\/cidsav\\\/#\\\/schema\\\/logo\\\/image\\\/\",\"url\":\"https:\\\/\\\/epsapps.udg.edu\\\/cidsav\\\/wp-content\\\/uploads\\\/2019\\\/09\\\/Logo-3-idomes-CIDSAV-verd-03.png\",\"contentUrl\":\"https:\\\/\\\/epsapps.udg.edu\\\/cidsav\\\/wp-content\\\/uploads\\\/2019\\\/09\\\/Logo-3-idomes-CIDSAV-verd-03.png\",\"width\":1181,\"height\":1054,\"caption\":\"CIDSAV\"},\"image\":{\"@id\":\"https:\\\/\\\/epsapps.udg.edu\\\/cidsav\\\/#\\\/schema\\\/logo\\\/image\\\/\"},\"sameAs\":[\"https:\\\/\\\/www.instagram.com\\\/cidsav_udg\\\/?igsh=eDU0dzNpc2JzdG8y#\"],\"mainEntityOfPage\":{\"@id\":\"https:\\\/\\\/epsapps.udg.edu\\\/cidsav\\\/es\\\/beatriz-gascon-sanguesa_es\\\/\"}}]}<\/script>\n<!-- \/ Yoast SEO plugin. -->","yoast_head_json":{"title":"Beatriz Gasc\u00f3n Sang\u00fcesa","robots":{"index":"index","follow":"follow","max-snippet":"max-snippet:-1","max-image-preview":"max-image-preview:large","max-video-preview":"max-video-preview:-1"},"canonical":"https:\/\/epsapps.udg.edu\/cidsav\/es\/beatriz-gascon-sanguesa_es\/","og_locale":"es_ES","og_type":"article","og_title":"Beatriz Gasc\u00f3n Sang\u00fcesa","og_description":"Researchgate Orcid Dra. Beatriz Gasc\u00f3n Sang\u00fcesa Instituto: INSTITUTO DE TECNOLOG\u00cdA AGROALIMENTARIAGrupo de Investigaci\u00f3n: PATOLOG\u00cdA VEGETAL Beatriz Gasc\u00f3n Sang\u00fcesa, actualmente es investigadora en el CIDSAV, es [&hellip;]","og_url":"https:\/\/epsapps.udg.edu\/cidsav\/es\/beatriz-gascon-sanguesa_es\/","og_site_name":"CIDSAV","article_modified_time":"2025-01-14T10:29:05+00:00","og_image":[{"url":"https:\/\/epsapps.udg.edu\/cidsav\/wp-content\/uploads\/2023\/02\/Bea-Gascon.png","type":"","width":"","height":""}],"twitter_card":"summary_large_image","twitter_misc":{"Tiempo de lectura":"2 minutos"},"schema":{"@context":"https:\/\/schema.org","@graph":[{"@type":["WebPage","ProfilePage"],"@id":"https:\/\/epsapps.udg.edu\/cidsav\/es\/beatriz-gascon-sanguesa_es\/","url":"https:\/\/epsapps.udg.edu\/cidsav\/es\/beatriz-gascon-sanguesa_es\/","name":"Beatriz Gasc\u00f3n Sang\u00fcesa","isPartOf":{"@id":"https:\/\/epsapps.udg.edu\/cidsav\/#website"},"primaryImageOfPage":{"@id":"https:\/\/epsapps.udg.edu\/cidsav\/es\/beatriz-gascon-sanguesa_es\/#primaryimage"},"image":{"@id":"https:\/\/epsapps.udg.edu\/cidsav\/es\/beatriz-gascon-sanguesa_es\/#primaryimage"},"thumbnailUrl":"https:\/\/epsapps.udg.edu\/cidsav\/wp-content\/uploads\/2023\/02\/Bea-Gascon.png","datePublished":"2021-02-01T13:21:09+00:00","dateModified":"2025-01-14T10:29:05+00:00","breadcrumb":{"@id":"https:\/\/epsapps.udg.edu\/cidsav\/es\/beatriz-gascon-sanguesa_es\/#breadcrumb"},"inLanguage":"es","potentialAction":[{"@type":"ReadAction","target":["https:\/\/epsapps.udg.edu\/cidsav\/es\/beatriz-gascon-sanguesa_es\/"]}]},{"@type":"ImageObject","inLanguage":"es","@id":"https:\/\/epsapps.udg.edu\/cidsav\/es\/beatriz-gascon-sanguesa_es\/#primaryimage","url":"https:\/\/epsapps.udg.edu\/cidsav\/wp-content\/uploads\/2023\/02\/Bea-Gascon.png","contentUrl":"https:\/\/epsapps.udg.edu\/cidsav\/wp-content\/uploads\/2023\/02\/Bea-Gascon.png","width":387,"height":435},{"@type":"BreadcrumbList","@id":"https:\/\/epsapps.udg.edu\/cidsav\/es\/beatriz-gascon-sanguesa_es\/#breadcrumb","itemListElement":[{"@type":"ListItem","position":1,"name":"Portada","item":"https:\/\/epsapps.udg.edu\/cidsav\/"},{"@type":"ListItem","position":2,"name":"Beatriz Gasc\u00f3n Sang\u00fcesa"}]},{"@type":"WebSite","@id":"https:\/\/epsapps.udg.edu\/cidsav\/#website","url":"https:\/\/epsapps.udg.edu\/cidsav\/","name":"CIDSAV","description":"","publisher":{"@id":"https:\/\/epsapps.udg.edu\/cidsav\/#organization"},"potentialAction":[{"@type":"SearchAction","target":{"@type":"EntryPoint","urlTemplate":"https:\/\/epsapps.udg.edu\/cidsav\/?s={search_term_string}"},"query-input":{"@type":"PropertyValueSpecification","valueRequired":true,"valueName":"search_term_string"}}],"inLanguage":"es"},{"@type":"Organization","@id":"https:\/\/epsapps.udg.edu\/cidsav\/#organization","name":"CIDSAV","url":"https:\/\/epsapps.udg.edu\/cidsav\/","logo":{"@type":"ImageObject","inLanguage":"es","@id":"https:\/\/epsapps.udg.edu\/cidsav\/#\/schema\/logo\/image\/","url":"https:\/\/epsapps.udg.edu\/cidsav\/wp-content\/uploads\/2019\/09\/Logo-3-idomes-CIDSAV-verd-03.png","contentUrl":"https:\/\/epsapps.udg.edu\/cidsav\/wp-content\/uploads\/2019\/09\/Logo-3-idomes-CIDSAV-verd-03.png","width":1181,"height":1054,"caption":"CIDSAV"},"image":{"@id":"https:\/\/epsapps.udg.edu\/cidsav\/#\/schema\/logo\/image\/"},"sameAs":["https:\/\/www.instagram.com\/cidsav_udg\/?igsh=eDU0dzNpc2JzdG8y#"],"mainEntityOfPage":{"@id":"https:\/\/epsapps.udg.edu\/cidsav\/es\/beatriz-gascon-sanguesa_es\/"}}]}},"uagb_featured_image_src":{"full":false,"thumbnail":false,"medium":false,"medium_large":false,"large":false,"1536x1536":false,"2048x2048":false,"sydney-large-thumb":false,"sydney-medium-thumb":false,"sydney-small-thumb":false,"sydney-service-thumb":false,"sydney-mas-thumb":false},"uagb_author_info":{"display_name":"Cidsav","author_link":"https:\/\/epsapps.udg.edu\/cidsav\/author\/cidsav0140\/"},"uagb_comment_info":0,"uagb_excerpt":"Researchgate Orcid Dra. Beatriz Gasc\u00f3n Sang\u00fcesa Instituto: INSTITUTO DE TECNOLOG\u00cdA AGROALIMENTARIAGrupo de Investigaci\u00f3n: PATOLOG\u00cdA VEGETAL Beatriz Gasc\u00f3n Sang\u00fcesa, actualmente es investigadora en el CIDSAV, es [&hellip;]","_links":{"self":[{"href":"https:\/\/epsapps.udg.edu\/cidsav\/wp-json\/wp\/v2\/pages\/3609","targetHints":{"allow":["GET"]}}],"collection":[{"href":"https:\/\/epsapps.udg.edu\/cidsav\/wp-json\/wp\/v2\/pages"}],"about":[{"href":"https:\/\/epsapps.udg.edu\/cidsav\/wp-json\/wp\/v2\/types\/page"}],"author":[{"embeddable":true,"href":"https:\/\/epsapps.udg.edu\/cidsav\/wp-json\/wp\/v2\/users\/1"}],"replies":[{"embeddable":true,"href":"https:\/\/epsapps.udg.edu\/cidsav\/wp-json\/wp\/v2\/comments?post=3609"}],"version-history":[{"count":0,"href":"https:\/\/epsapps.udg.edu\/cidsav\/wp-json\/wp\/v2\/pages\/3609\/revisions"}],"wp:attachment":[{"href":"https:\/\/epsapps.udg.edu\/cidsav\/wp-json\/wp\/v2\/media?parent=3609"}],"curies":[{"name":"wp","href":"https:\/\/api.w.org\/{rel}","templated":true}]}}