{"id":2179,"date":"2020-05-21T17:45:19","date_gmt":"2020-05-21T15:45:19","guid":{"rendered":"http:\/\/localhost\/cidsav\/?page_id=2179"},"modified":"2025-01-14T11:21:47","modified_gmt":"2025-01-14T10:21:47","slug":"produccion-y-formulacion","status":"publish","type":"page","link":"https:\/\/epsapps.udg.edu\/cidsav\/es\/produccion-y-formulacion\/","title":{"rendered":"Producci\u00f3n y formulaci\u00f3n"},"content":{"rendered":"\t\t<div data-elementor-type=\"wp-page\" data-elementor-id=\"2179\" class=\"elementor elementor-2179\">\n\t\t\t\t\t\t<section class=\"elementor-section elementor-top-section elementor-element elementor-element-7a997274 elementor-section-boxed elementor-section-height-default elementor-section-height-default\" data-id=\"7a997274\" data-element_type=\"section\" data-e-type=\"section\">\n\t\t\t\t\t\t<div class=\"elementor-container elementor-column-gap-default\">\n\t\t\t\t\t<div class=\"elementor-column elementor-col-100 elementor-top-column elementor-element elementor-element-53dedcb0\" data-id=\"53dedcb0\" data-element_type=\"column\" data-e-type=\"column\">\n\t\t\t<div class=\"elementor-widget-wrap elementor-element-populated\">\n\t\t\t\t\t\t<div class=\"elementor-element elementor-element-3095dfae elementor-widget elementor-widget-heading\" data-id=\"3095dfae\" data-element_type=\"widget\" data-e-type=\"widget\" data-widget_type=\"heading.default\">\n\t\t\t\t<div class=\"elementor-widget-container\">\n\t\t\t\t\t<h3 class=\"elementor-heading-title elementor-size-default\">PRODUCCI\u00d3N Y FORMULACI\u00d3N DE AGENTES DE BIOCONTROL<\/h3>\t\t\t\t<\/div>\n\t\t\t\t<\/div>\n\t\t\t\t<div class=\"elementor-element elementor-element-33fb5b97 elementor-widget-divider--view-line elementor-widget elementor-widget-divider\" data-id=\"33fb5b97\" data-element_type=\"widget\" data-e-type=\"widget\" data-widget_type=\"divider.default\">\n\t\t\t\t<div class=\"elementor-widget-container\">\n\t\t\t\t\t\t\t<div class=\"elementor-divider\">\n\t\t\t<span class=\"elementor-divider-separator\">\n\t\t\t\t\t\t<\/span>\n\t\t<\/div>\n\t\t\t\t\t\t<\/div>\n\t\t\t\t<\/div>\n\t\t\t\t<section class=\"elementor-section elementor-inner-section elementor-element elementor-element-0c32dc0 elementor-section-boxed elementor-section-height-default elementor-section-height-default\" data-id=\"0c32dc0\" data-element_type=\"section\" data-e-type=\"section\">\n\t\t\t\t\t\t<div class=\"elementor-container elementor-column-gap-default\">\n\t\t\t\t\t<div class=\"elementor-column elementor-col-50 elementor-inner-column elementor-element elementor-element-11f1ba0\" data-id=\"11f1ba0\" data-element_type=\"column\" data-e-type=\"column\">\n\t\t\t<div class=\"elementor-widget-wrap elementor-element-populated\">\n\t\t\t\t\t\t<div class=\"elementor-element elementor-element-274b32ca elementor-widget elementor-widget-image\" data-id=\"274b32ca\" data-element_type=\"widget\" data-e-type=\"widget\" data-widget_type=\"image.default\">\n\t\t\t\t<div class=\"elementor-widget-container\">\n\t\t\t\t\t\t\t\t\t\t\t\t\t\t\t<img fetchpriority=\"high\" decoding=\"async\" width=\"1024\" height=\"401\" src=\"https:\/\/epsapps.udg.edu\/cidsav\/wp-content\/uploads\/2020\/05\/imatge-7-1024x401.png\" class=\"attachment-large size-large wp-image-1788\" alt=\"Producci\u00f3 de bioplaguicides\" srcset=\"https:\/\/epsapps.udg.edu\/cidsav\/wp-content\/uploads\/2020\/05\/imatge-7-1024x401.png 1024w, https:\/\/epsapps.udg.edu\/cidsav\/wp-content\/uploads\/2020\/05\/imatge-7-300x118.png 300w, https:\/\/epsapps.udg.edu\/cidsav\/wp-content\/uploads\/2020\/05\/imatge-7-768x301.png 768w, https:\/\/epsapps.udg.edu\/cidsav\/wp-content\/uploads\/2020\/05\/imatge-7-1536x602.png 1536w, https:\/\/epsapps.udg.edu\/cidsav\/wp-content\/uploads\/2020\/05\/imatge-7-830x325.png 830w, https:\/\/epsapps.udg.edu\/cidsav\/wp-content\/uploads\/2020\/05\/imatge-7-230x90.png 230w, https:\/\/epsapps.udg.edu\/cidsav\/wp-content\/uploads\/2020\/05\/imatge-7-350x137.png 350w, https:\/\/epsapps.udg.edu\/cidsav\/wp-content\/uploads\/2020\/05\/imatge-7-480x188.png 480w, https:\/\/epsapps.udg.edu\/cidsav\/wp-content\/uploads\/2020\/05\/imatge-7.png 1913w\" sizes=\"(max-width: 1024px) 100vw, 1024px\" \/>\t\t\t\t\t\t\t\t\t\t\t\t\t\t\t<\/div>\n\t\t\t\t<\/div>\n\t\t\t\t\t<\/div>\n\t\t<\/div>\n\t\t\t\t<div class=\"elementor-column elementor-col-50 elementor-inner-column elementor-element elementor-element-4056b6b\" data-id=\"4056b6b\" data-element_type=\"column\" data-e-type=\"column\">\n\t\t\t<div class=\"elementor-widget-wrap elementor-element-populated\">\n\t\t\t\t\t\t<div class=\"elementor-element elementor-element-15de502b elementor-widget elementor-widget-text-editor\" data-id=\"15de502b\" data-element_type=\"widget\" data-e-type=\"widget\" data-widget_type=\"text-editor.default\">\n\t\t\t\t<div class=\"elementor-widget-container\">\n\t\t\t\t\t\t\t\t\t<p><strong>PRODUCCI\u00d3N DE BIOPLAGUICIDAS<\/strong><\/p><p style=\"text-align: justify;\">Se obtienen ingredientes activos de bioplaguicidas en cultivos microbianos realizados en biorreactores a escala semi-industrial. Consiste en el establecimiento de los par\u00e1metros \u00f3ptimos del proceso para la obtenci\u00f3n de c\u00e9lulas, esporas o de los metabolitos de fermentaci\u00f3n. La composici\u00f3n del medio, el tiempo de incubaci\u00f3n y las condiciones de pH, temperatura y aireaci\u00f3n se optimizan para cada proceso. A partir de esta producci\u00f3n se realizan estudios de desarrollo del proceso para la posterior producci\u00f3n a escala industrial.<\/p>\t\t\t\t\t\t\t\t<\/div>\n\t\t\t\t<\/div>\n\t\t\t\t\t<\/div>\n\t\t<\/div>\n\t\t\t\t\t<\/div>\n\t\t<\/section>\n\t\t\t\t<section class=\"elementor-section elementor-inner-section elementor-element elementor-element-f7993ba elementor-section-boxed elementor-section-height-default elementor-section-height-default\" data-id=\"f7993ba\" data-element_type=\"section\" data-e-type=\"section\">\n\t\t\t\t\t\t<div class=\"elementor-container elementor-column-gap-default\">\n\t\t\t\t\t<div class=\"elementor-column elementor-col-50 elementor-inner-column elementor-element elementor-element-f818e09\" data-id=\"f818e09\" data-element_type=\"column\" data-e-type=\"column\">\n\t\t\t<div class=\"elementor-widget-wrap elementor-element-populated\">\n\t\t\t\t\t\t<div class=\"elementor-element elementor-element-5add857d elementor-widget elementor-widget-image\" data-id=\"5add857d\" data-element_type=\"widget\" data-e-type=\"widget\" data-widget_type=\"image.default\">\n\t\t\t\t<div class=\"elementor-widget-container\">\n\t\t\t\t\t\t\t\t\t\t\t\t\t\t\t<img decoding=\"async\" width=\"1024\" height=\"401\" src=\"https:\/\/epsapps.udg.edu\/cidsav\/wp-content\/uploads\/2020\/05\/imatge-8-1024x401.png\" class=\"attachment-large size-large wp-image-1789\" alt=\"Formulaci\u00f3 de bioplaguicides\" srcset=\"https:\/\/epsapps.udg.edu\/cidsav\/wp-content\/uploads\/2020\/05\/imatge-8-1024x401.png 1024w, https:\/\/epsapps.udg.edu\/cidsav\/wp-content\/uploads\/2020\/05\/imatge-8-300x118.png 300w, https:\/\/epsapps.udg.edu\/cidsav\/wp-content\/uploads\/2020\/05\/imatge-8-768x301.png 768w, https:\/\/epsapps.udg.edu\/cidsav\/wp-content\/uploads\/2020\/05\/imatge-8-1536x602.png 1536w, https:\/\/epsapps.udg.edu\/cidsav\/wp-content\/uploads\/2020\/05\/imatge-8-830x325.png 830w, https:\/\/epsapps.udg.edu\/cidsav\/wp-content\/uploads\/2020\/05\/imatge-8-230x90.png 230w, https:\/\/epsapps.udg.edu\/cidsav\/wp-content\/uploads\/2020\/05\/imatge-8-350x137.png 350w, https:\/\/epsapps.udg.edu\/cidsav\/wp-content\/uploads\/2020\/05\/imatge-8-480x188.png 480w, https:\/\/epsapps.udg.edu\/cidsav\/wp-content\/uploads\/2020\/05\/imatge-8.png 1913w\" sizes=\"(max-width: 1024px) 100vw, 1024px\" \/>\t\t\t\t\t\t\t\t\t\t\t\t\t\t\t<\/div>\n\t\t\t\t<\/div>\n\t\t\t\t\t<\/div>\n\t\t<\/div>\n\t\t\t\t<div class=\"elementor-column elementor-col-50 elementor-inner-column elementor-element elementor-element-37ba007\" data-id=\"37ba007\" data-element_type=\"column\" data-e-type=\"column\">\n\t\t\t<div class=\"elementor-widget-wrap elementor-element-populated\">\n\t\t\t\t\t\t<div class=\"elementor-element elementor-element-778463ea elementor-widget elementor-widget-text-editor\" data-id=\"778463ea\" data-element_type=\"widget\" data-e-type=\"widget\" data-widget_type=\"text-editor.default\">\n\t\t\t\t<div class=\"elementor-widget-container\">\n\t\t\t\t\t\t\t\t\t<p><strong>FORMULACI\u00d3N DE BIOPLAGUICIDAS<\/strong><\/p><p style=\"text-align: justify;\">Se desarrollan formulaciones optimizadas para garantizar la actividad del bioplaguicida en condiciones de aplicaci\u00f3n comercial, as\u00ed como su estabilidad durante el almacenamiento, transporte y a lo largo de su vida \u00fatil. Se obtienen prototipos de formulaciones en formato l\u00edquido o s\u00f3lido mejoradas para incrementar la tolerancia a diversos estreses. Las formulaciones en polvo se obtienen mediante procesos de deshidrataci\u00f3n con agentes protectores que permiten su conservaci\u00f3n, manteniendo su viabilidad.<\/p>\t\t\t\t\t\t\t\t<\/div>\n\t\t\t\t<\/div>\n\t\t\t\t\t<\/div>\n\t\t<\/div>\n\t\t\t\t\t<\/div>\n\t\t<\/section>\n\t\t\t\t<section class=\"elementor-section elementor-inner-section elementor-element elementor-element-11bcb8ee elementor-section-boxed elementor-section-height-default elementor-section-height-default\" data-id=\"11bcb8ee\" data-element_type=\"section\" data-e-type=\"section\">\n\t\t\t\t\t\t<div class=\"elementor-container elementor-column-gap-default\">\n\t\t\t\t\t<div class=\"elementor-column elementor-col-50 elementor-inner-column elementor-element elementor-element-28bc9db7\" data-id=\"28bc9db7\" data-element_type=\"column\" data-e-type=\"column\">\n\t\t\t<div class=\"elementor-widget-wrap elementor-element-populated\">\n\t\t\t\t\t\t<div class=\"elementor-element elementor-element-6cd67523 elementor-widget elementor-widget-image\" data-id=\"6cd67523\" data-element_type=\"widget\" data-e-type=\"widget\" data-widget_type=\"image.default\">\n\t\t\t\t<div class=\"elementor-widget-container\">\n\t\t\t\t\t\t\t\t\t\t\t\t\t\t\t<img decoding=\"async\" width=\"1024\" height=\"402\" src=\"https:\/\/epsapps.udg.edu\/cidsav\/wp-content\/uploads\/2020\/05\/placas-unidas-e1591907134757.png\" class=\"attachment-large size-large wp-image-1752\" alt=\"Monitoritzaci\u00f3 de l\u2019ingredient actiu\" srcset=\"https:\/\/epsapps.udg.edu\/cidsav\/wp-content\/uploads\/2020\/05\/placas-unidas-e1591907134757.png 1024w, https:\/\/epsapps.udg.edu\/cidsav\/wp-content\/uploads\/2020\/05\/placas-unidas-e1591907134757-300x118.png 300w, https:\/\/epsapps.udg.edu\/cidsav\/wp-content\/uploads\/2020\/05\/placas-unidas-e1591907134757-768x302.png 768w, https:\/\/epsapps.udg.edu\/cidsav\/wp-content\/uploads\/2020\/05\/placas-unidas-e1591907134757-830x326.png 830w, https:\/\/epsapps.udg.edu\/cidsav\/wp-content\/uploads\/2020\/05\/placas-unidas-e1591907134757-230x90.png 230w, https:\/\/epsapps.udg.edu\/cidsav\/wp-content\/uploads\/2020\/05\/placas-unidas-e1591907134757-350x137.png 350w, https:\/\/epsapps.udg.edu\/cidsav\/wp-content\/uploads\/2020\/05\/placas-unidas-e1591907134757-480x188.png 480w\" sizes=\"(max-width: 1024px) 100vw, 1024px\" \/>\t\t\t\t\t\t\t\t\t\t\t\t\t\t\t<\/div>\n\t\t\t\t<\/div>\n\t\t\t\t\t<\/div>\n\t\t<\/div>\n\t\t\t\t<div class=\"elementor-column elementor-col-50 elementor-inner-column elementor-element elementor-element-417d10e\" data-id=\"417d10e\" data-element_type=\"column\" data-e-type=\"column\">\n\t\t\t<div class=\"elementor-widget-wrap elementor-element-populated\">\n\t\t\t\t\t\t<div class=\"elementor-element elementor-element-2453d53b elementor-widget elementor-widget-text-editor\" data-id=\"2453d53b\" data-element_type=\"widget\" data-e-type=\"widget\" data-widget_type=\"text-editor.default\">\n\t\t\t\t<div class=\"elementor-widget-container\">\n\t\t\t\t\t\t\t\t\t<p><strong>CONTROL DE CALIDAD DEL PRODUCTO Y MONITORIZACI\u00d3N DEL INGREDIENTE ACTIVO<\/strong><\/p><p style=\"text-align: justify;\">En esta etapa se eval\u00faa la calidad de los bioplaguicidas obtenidos. En funci\u00f3n del tipo de ingrediente activo, se determinan diversos par\u00e1metros fisicoqu\u00edmicos i\/o microbianos. La vida \u00fatil del producto se establece teniendo en cuenta par\u00e1metros microbiol\u00f3gicos que incluyen la cuantificaci\u00f3n del ingrediente activo y la determinaci\u00f3n de la actividad antimicrobiana frente a pat\u00f3genos diana. En el caso de microorganismos se desarrollan m\u00e9todos de cuantificaci\u00f3n de c\u00e9lulas por PCR (qPCR o v-qPCR), utilizando marcadores moleculares espec\u00edficos a nivel de cepa para realizar la monitorizaci\u00f3n del ingrediente activo a lo largo del tiempo.<\/p>\t\t\t\t\t\t\t\t<\/div>\n\t\t\t\t<\/div>\n\t\t\t\t\t<\/div>\n\t\t<\/div>\n\t\t\t\t\t<\/div>\n\t\t<\/section>\n\t\t\t\t\t<\/div>\n\t\t<\/div>\n\t\t\t\t\t<\/div>\n\t\t<\/section>\n\t\t\t\t<\/div>\n\t\t","protected":false},"excerpt":{"rendered":"<p>PRODUCCI\u00d3N Y FORMULACI\u00d3N DE AGENTES DE BIOCONTROL PRODUCCI\u00d3N DE BIOPLAGUICIDAS Se obtienen ingredientes activos de bioplaguicidas en cultivos microbianos realizados en biorreactores a escala semi-industrial. [&hellip;]<\/p>\n","protected":false},"author":1,"featured_media":0,"parent":0,"menu_order":0,"comment_status":"closed","ping_status":"closed","template":"elementor_header_footer","meta":{"_uag_custom_page_level_css":"","footnotes":""},"class_list":["post-2179","page","type-page","status-publish","hentry"],"yoast_head":"<!-- This site is optimized with the Yoast SEO plugin v27.3 - https:\/\/yoast.com\/product\/yoast-seo-wordpress\/ -->\n<title>PRODUCCI\u00d3N Y FORMULACI\u00d3N DE AGENTES DE BIOCONTROL CIDSAV<\/title>\n<meta name=\"robots\" content=\"index, follow, max-snippet:-1, max-image-preview:large, max-video-preview:-1\" \/>\n<link rel=\"canonical\" href=\"https:\/\/epsapps.udg.edu\/cidsav\/es\/produccion-y-formulacion\/\" \/>\n<meta property=\"og:locale\" content=\"es_ES\" \/>\n<meta property=\"og:type\" content=\"article\" \/>\n<meta property=\"og:title\" content=\"PRODUCCI\u00d3N Y FORMULACI\u00d3N DE AGENTES DE BIOCONTROL CIDSAV\" \/>\n<meta property=\"og:description\" content=\"PRODUCCI\u00d3N Y FORMULACI\u00d3N DE AGENTES DE BIOCONTROL PRODUCCI\u00d3N DE BIOPLAGUICIDAS Se obtienen ingredientes activos de bioplaguicidas en cultivos microbianos realizados en biorreactores a escala semi-industrial. [&hellip;]\" \/>\n<meta property=\"og:url\" content=\"https:\/\/epsapps.udg.edu\/cidsav\/es\/produccion-y-formulacion\/\" \/>\n<meta property=\"og:site_name\" content=\"CIDSAV\" \/>\n<meta property=\"article:modified_time\" content=\"2025-01-14T10:21:47+00:00\" \/>\n<meta property=\"og:image\" content=\"https:\/\/epsapps.udg.edu\/cidsav\/wp-content\/uploads\/2020\/05\/imatge-7-1024x401.png\" \/>\n<meta name=\"twitter:card\" content=\"summary_large_image\" \/>\n<meta name=\"twitter:label1\" content=\"Tiempo de lectura\" \/>\n\t<meta name=\"twitter:data1\" content=\"2 minutos\" \/>\n<script type=\"application\/ld+json\" class=\"yoast-schema-graph\">{\"@context\":\"https:\\\/\\\/schema.org\",\"@graph\":[{\"@type\":\"WebPage\",\"@id\":\"https:\\\/\\\/epsapps.udg.edu\\\/cidsav\\\/es\\\/produccion-y-formulacion\\\/\",\"url\":\"https:\\\/\\\/epsapps.udg.edu\\\/cidsav\\\/es\\\/produccion-y-formulacion\\\/\",\"name\":\"PRODUCCI\u00d3N Y FORMULACI\u00d3N DE AGENTES DE BIOCONTROL CIDSAV\",\"isPartOf\":{\"@id\":\"https:\\\/\\\/epsapps.udg.edu\\\/cidsav\\\/#website\"},\"primaryImageOfPage\":{\"@id\":\"https:\\\/\\\/epsapps.udg.edu\\\/cidsav\\\/es\\\/produccion-y-formulacion\\\/#primaryimage\"},\"image\":{\"@id\":\"https:\\\/\\\/epsapps.udg.edu\\\/cidsav\\\/es\\\/produccion-y-formulacion\\\/#primaryimage\"},\"thumbnailUrl\":\"https:\\\/\\\/epsapps.udg.edu\\\/cidsav\\\/wp-content\\\/uploads\\\/2020\\\/05\\\/imatge-7-1024x401.png\",\"datePublished\":\"2020-05-21T15:45:19+00:00\",\"dateModified\":\"2025-01-14T10:21:47+00:00\",\"breadcrumb\":{\"@id\":\"https:\\\/\\\/epsapps.udg.edu\\\/cidsav\\\/es\\\/produccion-y-formulacion\\\/#breadcrumb\"},\"inLanguage\":\"es\",\"potentialAction\":[{\"@type\":\"ReadAction\",\"target\":[\"https:\\\/\\\/epsapps.udg.edu\\\/cidsav\\\/es\\\/produccion-y-formulacion\\\/\"]}]},{\"@type\":\"ImageObject\",\"inLanguage\":\"es\",\"@id\":\"https:\\\/\\\/epsapps.udg.edu\\\/cidsav\\\/es\\\/produccion-y-formulacion\\\/#primaryimage\",\"url\":\"https:\\\/\\\/epsapps.udg.edu\\\/cidsav\\\/wp-content\\\/uploads\\\/2020\\\/05\\\/imatge-7-1024x401.png\",\"contentUrl\":\"https:\\\/\\\/epsapps.udg.edu\\\/cidsav\\\/wp-content\\\/uploads\\\/2020\\\/05\\\/imatge-7-1024x401.png\"},{\"@type\":\"BreadcrumbList\",\"@id\":\"https:\\\/\\\/epsapps.udg.edu\\\/cidsav\\\/es\\\/produccion-y-formulacion\\\/#breadcrumb\",\"itemListElement\":[{\"@type\":\"ListItem\",\"position\":1,\"name\":\"Portada\",\"item\":\"https:\\\/\\\/epsapps.udg.edu\\\/cidsav\\\/\"},{\"@type\":\"ListItem\",\"position\":2,\"name\":\"Producci\u00f3n y formulaci\u00f3n\"}]},{\"@type\":\"WebSite\",\"@id\":\"https:\\\/\\\/epsapps.udg.edu\\\/cidsav\\\/#website\",\"url\":\"https:\\\/\\\/epsapps.udg.edu\\\/cidsav\\\/\",\"name\":\"CIDSAV\",\"description\":\"\",\"publisher\":{\"@id\":\"https:\\\/\\\/epsapps.udg.edu\\\/cidsav\\\/#organization\"},\"potentialAction\":[{\"@type\":\"SearchAction\",\"target\":{\"@type\":\"EntryPoint\",\"urlTemplate\":\"https:\\\/\\\/epsapps.udg.edu\\\/cidsav\\\/?s={search_term_string}\"},\"query-input\":{\"@type\":\"PropertyValueSpecification\",\"valueRequired\":true,\"valueName\":\"search_term_string\"}}],\"inLanguage\":\"es\"},{\"@type\":\"Organization\",\"@id\":\"https:\\\/\\\/epsapps.udg.edu\\\/cidsav\\\/#organization\",\"name\":\"CIDSAV\",\"url\":\"https:\\\/\\\/epsapps.udg.edu\\\/cidsav\\\/\",\"logo\":{\"@type\":\"ImageObject\",\"inLanguage\":\"es\",\"@id\":\"https:\\\/\\\/epsapps.udg.edu\\\/cidsav\\\/#\\\/schema\\\/logo\\\/image\\\/\",\"url\":\"https:\\\/\\\/epsapps.udg.edu\\\/cidsav\\\/wp-content\\\/uploads\\\/2019\\\/09\\\/Logo-3-idomes-CIDSAV-verd-03.png\",\"contentUrl\":\"https:\\\/\\\/epsapps.udg.edu\\\/cidsav\\\/wp-content\\\/uploads\\\/2019\\\/09\\\/Logo-3-idomes-CIDSAV-verd-03.png\",\"width\":1181,\"height\":1054,\"caption\":\"CIDSAV\"},\"image\":{\"@id\":\"https:\\\/\\\/epsapps.udg.edu\\\/cidsav\\\/#\\\/schema\\\/logo\\\/image\\\/\"},\"sameAs\":[\"https:\\\/\\\/www.instagram.com\\\/cidsav_udg\\\/?igsh=eDU0dzNpc2JzdG8y#\"]}]}<\/script>\n<!-- \/ Yoast SEO plugin. -->","yoast_head_json":{"title":"PRODUCCI\u00d3N Y FORMULACI\u00d3N DE AGENTES DE BIOCONTROL CIDSAV","robots":{"index":"index","follow":"follow","max-snippet":"max-snippet:-1","max-image-preview":"max-image-preview:large","max-video-preview":"max-video-preview:-1"},"canonical":"https:\/\/epsapps.udg.edu\/cidsav\/es\/produccion-y-formulacion\/","og_locale":"es_ES","og_type":"article","og_title":"PRODUCCI\u00d3N Y FORMULACI\u00d3N DE AGENTES DE BIOCONTROL CIDSAV","og_description":"PRODUCCI\u00d3N Y FORMULACI\u00d3N DE AGENTES DE BIOCONTROL PRODUCCI\u00d3N DE BIOPLAGUICIDAS Se obtienen ingredientes activos de bioplaguicidas en cultivos microbianos realizados en biorreactores a escala semi-industrial. [&hellip;]","og_url":"https:\/\/epsapps.udg.edu\/cidsav\/es\/produccion-y-formulacion\/","og_site_name":"CIDSAV","article_modified_time":"2025-01-14T10:21:47+00:00","og_image":[{"url":"https:\/\/epsapps.udg.edu\/cidsav\/wp-content\/uploads\/2020\/05\/imatge-7-1024x401.png","type":"","width":"","height":""}],"twitter_card":"summary_large_image","twitter_misc":{"Tiempo de lectura":"2 minutos"},"schema":{"@context":"https:\/\/schema.org","@graph":[{"@type":"WebPage","@id":"https:\/\/epsapps.udg.edu\/cidsav\/es\/produccion-y-formulacion\/","url":"https:\/\/epsapps.udg.edu\/cidsav\/es\/produccion-y-formulacion\/","name":"PRODUCCI\u00d3N Y FORMULACI\u00d3N DE AGENTES DE BIOCONTROL CIDSAV","isPartOf":{"@id":"https:\/\/epsapps.udg.edu\/cidsav\/#website"},"primaryImageOfPage":{"@id":"https:\/\/epsapps.udg.edu\/cidsav\/es\/produccion-y-formulacion\/#primaryimage"},"image":{"@id":"https:\/\/epsapps.udg.edu\/cidsav\/es\/produccion-y-formulacion\/#primaryimage"},"thumbnailUrl":"https:\/\/epsapps.udg.edu\/cidsav\/wp-content\/uploads\/2020\/05\/imatge-7-1024x401.png","datePublished":"2020-05-21T15:45:19+00:00","dateModified":"2025-01-14T10:21:47+00:00","breadcrumb":{"@id":"https:\/\/epsapps.udg.edu\/cidsav\/es\/produccion-y-formulacion\/#breadcrumb"},"inLanguage":"es","potentialAction":[{"@type":"ReadAction","target":["https:\/\/epsapps.udg.edu\/cidsav\/es\/produccion-y-formulacion\/"]}]},{"@type":"ImageObject","inLanguage":"es","@id":"https:\/\/epsapps.udg.edu\/cidsav\/es\/produccion-y-formulacion\/#primaryimage","url":"https:\/\/epsapps.udg.edu\/cidsav\/wp-content\/uploads\/2020\/05\/imatge-7-1024x401.png","contentUrl":"https:\/\/epsapps.udg.edu\/cidsav\/wp-content\/uploads\/2020\/05\/imatge-7-1024x401.png"},{"@type":"BreadcrumbList","@id":"https:\/\/epsapps.udg.edu\/cidsav\/es\/produccion-y-formulacion\/#breadcrumb","itemListElement":[{"@type":"ListItem","position":1,"name":"Portada","item":"https:\/\/epsapps.udg.edu\/cidsav\/"},{"@type":"ListItem","position":2,"name":"Producci\u00f3n y formulaci\u00f3n"}]},{"@type":"WebSite","@id":"https:\/\/epsapps.udg.edu\/cidsav\/#website","url":"https:\/\/epsapps.udg.edu\/cidsav\/","name":"CIDSAV","description":"","publisher":{"@id":"https:\/\/epsapps.udg.edu\/cidsav\/#organization"},"potentialAction":[{"@type":"SearchAction","target":{"@type":"EntryPoint","urlTemplate":"https:\/\/epsapps.udg.edu\/cidsav\/?s={search_term_string}"},"query-input":{"@type":"PropertyValueSpecification","valueRequired":true,"valueName":"search_term_string"}}],"inLanguage":"es"},{"@type":"Organization","@id":"https:\/\/epsapps.udg.edu\/cidsav\/#organization","name":"CIDSAV","url":"https:\/\/epsapps.udg.edu\/cidsav\/","logo":{"@type":"ImageObject","inLanguage":"es","@id":"https:\/\/epsapps.udg.edu\/cidsav\/#\/schema\/logo\/image\/","url":"https:\/\/epsapps.udg.edu\/cidsav\/wp-content\/uploads\/2019\/09\/Logo-3-idomes-CIDSAV-verd-03.png","contentUrl":"https:\/\/epsapps.udg.edu\/cidsav\/wp-content\/uploads\/2019\/09\/Logo-3-idomes-CIDSAV-verd-03.png","width":1181,"height":1054,"caption":"CIDSAV"},"image":{"@id":"https:\/\/epsapps.udg.edu\/cidsav\/#\/schema\/logo\/image\/"},"sameAs":["https:\/\/www.instagram.com\/cidsav_udg\/?igsh=eDU0dzNpc2JzdG8y#"]}]}},"uagb_featured_image_src":{"full":false,"thumbnail":false,"medium":false,"medium_large":false,"large":false,"1536x1536":false,"2048x2048":false,"sydney-large-thumb":false,"sydney-medium-thumb":false,"sydney-small-thumb":false,"sydney-service-thumb":false,"sydney-mas-thumb":false},"uagb_author_info":{"display_name":"Cidsav","author_link":"https:\/\/epsapps.udg.edu\/cidsav\/author\/cidsav0140\/"},"uagb_comment_info":0,"uagb_excerpt":"PRODUCCI\u00d3N Y FORMULACI\u00d3N DE AGENTES DE BIOCONTROL PRODUCCI\u00d3N DE BIOPLAGUICIDAS Se obtienen ingredientes activos de bioplaguicidas en cultivos microbianos realizados en biorreactores a escala semi-industrial. [&hellip;]","_links":{"self":[{"href":"https:\/\/epsapps.udg.edu\/cidsav\/wp-json\/wp\/v2\/pages\/2179","targetHints":{"allow":["GET"]}}],"collection":[{"href":"https:\/\/epsapps.udg.edu\/cidsav\/wp-json\/wp\/v2\/pages"}],"about":[{"href":"https:\/\/epsapps.udg.edu\/cidsav\/wp-json\/wp\/v2\/types\/page"}],"author":[{"embeddable":true,"href":"https:\/\/epsapps.udg.edu\/cidsav\/wp-json\/wp\/v2\/users\/1"}],"replies":[{"embeddable":true,"href":"https:\/\/epsapps.udg.edu\/cidsav\/wp-json\/wp\/v2\/comments?post=2179"}],"version-history":[{"count":0,"href":"https:\/\/epsapps.udg.edu\/cidsav\/wp-json\/wp\/v2\/pages\/2179\/revisions"}],"wp:attachment":[{"href":"https:\/\/epsapps.udg.edu\/cidsav\/wp-json\/wp\/v2\/media?parent=2179"}],"curies":[{"name":"wp","href":"https:\/\/api.w.org\/{rel}","templated":true}]}}