{"id":2144,"date":"2020-05-20T19:36:20","date_gmt":"2020-05-20T17:36:20","guid":{"rendered":"http:\/\/localhost\/cidsav\/?page_id=2144"},"modified":"2026-01-16T09:43:58","modified_gmt":"2026-01-16T08:43:58","slug":"servicios2","status":"publish","type":"page","link":"https:\/\/epsapps.udg.edu\/cidsav\/es\/servicios2\/","title":{"rendered":"Servicios2"},"content":{"rendered":"\t\t<div data-elementor-type=\"wp-page\" data-elementor-id=\"2144\" class=\"elementor elementor-2144\">\n\t\t\t\t\t\t<section class=\"elementor-section elementor-top-section elementor-element elementor-element-1aaa50cb elementor-section-boxed elementor-section-height-default elementor-section-height-default\" data-id=\"1aaa50cb\" data-element_type=\"section\" data-e-type=\"section\">\n\t\t\t\t\t\t<div class=\"elementor-container elementor-column-gap-default\">\n\t\t\t\t\t<div class=\"elementor-column elementor-col-100 elementor-top-column elementor-element elementor-element-74c93ddb\" data-id=\"74c93ddb\" data-element_type=\"column\" data-e-type=\"column\">\n\t\t\t<div class=\"elementor-widget-wrap elementor-element-populated\">\n\t\t\t\t\t\t<div class=\"elementor-element elementor-element-6aa34018 elementor-widget elementor-widget-heading\" data-id=\"6aa34018\" data-element_type=\"widget\" data-e-type=\"widget\" data-widget_type=\"heading.default\">\n\t\t\t\t<div class=\"elementor-widget-container\">\n\t\t\t\t\t<h3 class=\"elementor-heading-title elementor-size-default\">NUESTROS SERVICIOS<\/h3>\t\t\t\t<\/div>\n\t\t\t\t<\/div>\n\t\t\t\t<div class=\"elementor-element elementor-element-40c15178 elementor-widget-divider--view-line elementor-widget elementor-widget-divider\" data-id=\"40c15178\" data-element_type=\"widget\" data-e-type=\"widget\" data-widget_type=\"divider.default\">\n\t\t\t\t<div class=\"elementor-widget-container\">\n\t\t\t\t\t\t\t<div class=\"elementor-divider\">\n\t\t\t<span class=\"elementor-divider-separator\">\n\t\t\t\t\t\t<\/span>\n\t\t<\/div>\n\t\t\t\t\t\t<\/div>\n\t\t\t\t<\/div>\n\t\t\t\t<section class=\"elementor-section elementor-inner-section elementor-element elementor-element-5de4e26 elementor-section-boxed elementor-section-height-default elementor-section-height-default\" data-id=\"5de4e26\" data-element_type=\"section\" data-e-type=\"section\">\n\t\t\t\t\t\t<div class=\"elementor-container elementor-column-gap-default\">\n\t\t\t\t\t<div class=\"elementor-column elementor-col-50 elementor-inner-column elementor-element elementor-element-e067d88\" data-id=\"e067d88\" data-element_type=\"column\" data-e-type=\"column\">\n\t\t\t<div class=\"elementor-widget-wrap elementor-element-populated\">\n\t\t\t\t\t\t<div class=\"elementor-element elementor-element-78d342f elementor-widget elementor-widget-image\" data-id=\"78d342f\" data-element_type=\"widget\" data-e-type=\"widget\" data-widget_type=\"image.default\">\n\t\t\t\t<div class=\"elementor-widget-container\">\n\t\t\t\t\t\t\t\t\t\t\t\t\t\t\t<img fetchpriority=\"high\" decoding=\"async\" width=\"1024\" height=\"401\" src=\"https:\/\/epsapps.udg.edu\/cidsav\/wp-content\/uploads\/2020\/05\/postcollita-1024x401.png\" class=\"attachment-large size-large wp-image-1749\" alt=\"Assajos de control de la podridura en postcollita\" srcset=\"https:\/\/epsapps.udg.edu\/cidsav\/wp-content\/uploads\/2020\/05\/postcollita-1024x401.png 1024w, https:\/\/epsapps.udg.edu\/cidsav\/wp-content\/uploads\/2020\/05\/postcollita-300x118.png 300w, https:\/\/epsapps.udg.edu\/cidsav\/wp-content\/uploads\/2020\/05\/postcollita-768x301.png 768w, https:\/\/epsapps.udg.edu\/cidsav\/wp-content\/uploads\/2020\/05\/postcollita-1536x602.png 1536w, https:\/\/epsapps.udg.edu\/cidsav\/wp-content\/uploads\/2020\/05\/postcollita-830x325.png 830w, https:\/\/epsapps.udg.edu\/cidsav\/wp-content\/uploads\/2020\/05\/postcollita-230x90.png 230w, https:\/\/epsapps.udg.edu\/cidsav\/wp-content\/uploads\/2020\/05\/postcollita-350x137.png 350w, https:\/\/epsapps.udg.edu\/cidsav\/wp-content\/uploads\/2020\/05\/postcollita-480x188.png 480w, https:\/\/epsapps.udg.edu\/cidsav\/wp-content\/uploads\/2020\/05\/postcollita.png 1913w\" sizes=\"(max-width: 1024px) 100vw, 1024px\" \/>\t\t\t\t\t\t\t\t\t\t\t\t\t\t\t<\/div>\n\t\t\t\t<\/div>\n\t\t\t\t\t<\/div>\n\t\t<\/div>\n\t\t\t\t<div class=\"elementor-column elementor-col-50 elementor-inner-column elementor-element elementor-element-9099ce5\" data-id=\"9099ce5\" data-element_type=\"column\" data-e-type=\"column\">\n\t\t\t<div class=\"elementor-widget-wrap elementor-element-populated\">\n\t\t\t\t\t\t<div class=\"elementor-element elementor-element-bf2f768 elementor-widget elementor-widget-text-editor\" data-id=\"bf2f768\" data-element_type=\"widget\" data-e-type=\"widget\" data-widget_type=\"text-editor.default\">\n\t\t\t\t<div class=\"elementor-widget-container\">\n\t\t\t\t\t\t\t\t\t<p><strong>ENSAYOS DE CONTROL DE PODREDUMBRES EN POSTCOSECHA<\/strong><\/p><p style=\"text-align: justify;\">Este ensayo se utiliza para determinar la eficacia de ingredientes activos, cepas microbianas o extractos, en el control de podredumbre en postcosecha de la fruta, en ambiente controlado (fr\u00edo o temperatura controlada), contra una amplia diversidad de enfermedades f\u00fangicas y bacterianas, en una variedad de frutas. El pat\u00f3geno se inocula antes (preventivo), simult\u00e1neamente o despu\u00e9s (curativo) del tratamiento y se cuantifica la incidencia de la enfermedad y la gravedad de las infecciones. Disponibilidad de pat\u00f3genos bajo demanda. Estos ensayos se recomiendan cuando la eficacia del ingrediente activo, cepas microbianas o extractos se haya confirmado previamente en un ensayo <em>in vitro<\/em> contra el hongo causante de la podredumbre. Los resultados son una prueba de concepto en el desarrollo de un fungicida para el control de podredumbre en postcosecha.<\/p>\t\t\t\t\t\t\t\t<\/div>\n\t\t\t\t<\/div>\n\t\t\t\t\t<\/div>\n\t\t<\/div>\n\t\t\t\t\t<\/div>\n\t\t<\/section>\n\t\t\t\t<section class=\"elementor-section elementor-inner-section elementor-element elementor-element-26359cc elementor-section-boxed elementor-section-height-default elementor-section-height-default\" data-id=\"26359cc\" data-element_type=\"section\" data-e-type=\"section\">\n\t\t\t\t\t\t<div class=\"elementor-container elementor-column-gap-default\">\n\t\t\t\t\t<div class=\"elementor-column elementor-col-50 elementor-inner-column elementor-element elementor-element-1e9c074\" data-id=\"1e9c074\" data-element_type=\"column\" data-e-type=\"column\">\n\t\t\t<div class=\"elementor-widget-wrap elementor-element-populated\">\n\t\t\t\t\t\t<div class=\"elementor-element elementor-element-70b3f461 elementor-widget elementor-widget-image\" data-id=\"70b3f461\" data-element_type=\"widget\" data-e-type=\"widget\" data-widget_type=\"image.default\">\n\t\t\t\t<div class=\"elementor-widget-container\">\n\t\t\t\t\t\t\t\t\t\t\t\t\t\t\t<img decoding=\"async\" width=\"768\" height=\"301\" src=\"https:\/\/epsapps.udg.edu\/cidsav\/wp-content\/uploads\/2020\/05\/Promocio-defensa-plantes-768x301.png\" class=\"attachment-medium_large size-medium_large wp-image-1929\" alt=\"Promoci\u00f3 de creixement en plantes\" srcset=\"https:\/\/epsapps.udg.edu\/cidsav\/wp-content\/uploads\/2020\/05\/Promocio-defensa-plantes-768x301.png 768w, https:\/\/epsapps.udg.edu\/cidsav\/wp-content\/uploads\/2020\/05\/Promocio-defensa-plantes-300x118.png 300w, https:\/\/epsapps.udg.edu\/cidsav\/wp-content\/uploads\/2020\/05\/Promocio-defensa-plantes-1024x401.png 1024w, https:\/\/epsapps.udg.edu\/cidsav\/wp-content\/uploads\/2020\/05\/Promocio-defensa-plantes-1536x602.png 1536w, https:\/\/epsapps.udg.edu\/cidsav\/wp-content\/uploads\/2020\/05\/Promocio-defensa-plantes-830x325.png 830w, https:\/\/epsapps.udg.edu\/cidsav\/wp-content\/uploads\/2020\/05\/Promocio-defensa-plantes-230x90.png 230w, https:\/\/epsapps.udg.edu\/cidsav\/wp-content\/uploads\/2020\/05\/Promocio-defensa-plantes-350x137.png 350w, https:\/\/epsapps.udg.edu\/cidsav\/wp-content\/uploads\/2020\/05\/Promocio-defensa-plantes-480x188.png 480w, https:\/\/epsapps.udg.edu\/cidsav\/wp-content\/uploads\/2020\/05\/Promocio-defensa-plantes.png 1913w\" sizes=\"(max-width: 768px) 100vw, 768px\" \/>\t\t\t\t\t\t\t\t\t\t\t\t\t\t\t<\/div>\n\t\t\t\t<\/div>\n\t\t\t\t\t<\/div>\n\t\t<\/div>\n\t\t\t\t<div class=\"elementor-column elementor-col-50 elementor-inner-column elementor-element elementor-element-ff07c98\" data-id=\"ff07c98\" data-element_type=\"column\" data-e-type=\"column\">\n\t\t\t<div class=\"elementor-widget-wrap elementor-element-populated\">\n\t\t\t\t\t\t<div class=\"elementor-element elementor-element-a3df6fe elementor-widget elementor-widget-text-editor\" data-id=\"a3df6fe\" data-element_type=\"widget\" data-e-type=\"widget\" data-widget_type=\"text-editor.default\">\n\t\t\t\t<div class=\"elementor-widget-container\">\n\t\t\t\t\t\t\t\t\t<p><strong>PROMOCI\u00d3N DE CRECIMIENTO EN PLANTAS<\/strong><\/p><p style=\"text-align: justify;\">Evaluaci\u00f3n del crecimiento vegetal que fomenta la actividad de cepas (o productos) bacterianas y hongos en condiciones ambientales totalmente controladas. El ensayo consiste en el tratamiento de plantas con bacterias (PGPB) u hongos (PGPF) que fomentan el crecimiento vegetal, mediante riego, mezclando con el sustrato o por aplicaci\u00f3n foliar. A continuaci\u00f3n, las plantas se incuban en condiciones controladas en invernadero y se determinan par\u00e1metros de crecimiento, como la altura de las plantas, peso fresco y peso seco de la parte a\u00e9rea y del sistema radicular. Tambi\u00e9n se puede analizar el contenido mineral, as\u00ed como par\u00e1metros de vigor con sensor GreenSeeker y el contenido de clorofila. Las condiciones ambientales pueden incluir estr\u00e9s abi\u00f3tico (estr\u00e9s de sal o sequ\u00eda) o bi\u00f3tico (inoculaci\u00f3n de pat\u00f3genos de ra\u00edz). Eventualmente se puede realizar un estudio de la actividad de biostimulaci\u00f3n mediante inducci\u00f3n g\u00e9nica espec\u00edfica (v\u00e9ase m\u00e1s abajo) durante el ensayo.<\/p>\t\t\t\t\t\t\t\t<\/div>\n\t\t\t\t<\/div>\n\t\t\t\t\t<\/div>\n\t\t<\/div>\n\t\t\t\t\t<\/div>\n\t\t<\/section>\n\t\t\t\t<section class=\"elementor-section elementor-inner-section elementor-element elementor-element-1c950300 elementor-section-boxed elementor-section-height-default elementor-section-height-default\" data-id=\"1c950300\" data-element_type=\"section\" data-e-type=\"section\">\n\t\t\t\t\t\t<div class=\"elementor-container elementor-column-gap-default\">\n\t\t\t\t\t<div class=\"elementor-column elementor-col-50 elementor-inner-column elementor-element elementor-element-7401e0cc\" data-id=\"7401e0cc\" data-element_type=\"column\" data-e-type=\"column\">\n\t\t\t<div class=\"elementor-widget-wrap elementor-element-populated\">\n\t\t\t\t\t\t<div class=\"elementor-element elementor-element-eec68e8 elementor-widget elementor-widget-image\" data-id=\"eec68e8\" data-element_type=\"widget\" data-e-type=\"widget\" data-widget_type=\"image.default\">\n\t\t\t\t<div class=\"elementor-widget-container\">\n\t\t\t\t\t\t\t\t\t\t\t\t\t\t\t<img decoding=\"async\" width=\"768\" height=\"301\" src=\"https:\/\/epsapps.udg.edu\/cidsav\/wp-content\/uploads\/2020\/05\/Biostimulants2-768x301.png\" class=\"attachment-medium_large size-medium_large wp-image-1941\" alt=\"Efecte de l\u2019aplicaci\u00f3 de bioestimulants\" srcset=\"https:\/\/epsapps.udg.edu\/cidsav\/wp-content\/uploads\/2020\/05\/Biostimulants2-768x301.png 768w, https:\/\/epsapps.udg.edu\/cidsav\/wp-content\/uploads\/2020\/05\/Biostimulants2-300x118.png 300w, https:\/\/epsapps.udg.edu\/cidsav\/wp-content\/uploads\/2020\/05\/Biostimulants2-1024x401.png 1024w, https:\/\/epsapps.udg.edu\/cidsav\/wp-content\/uploads\/2020\/05\/Biostimulants2-1536x602.png 1536w, https:\/\/epsapps.udg.edu\/cidsav\/wp-content\/uploads\/2020\/05\/Biostimulants2-830x325.png 830w, https:\/\/epsapps.udg.edu\/cidsav\/wp-content\/uploads\/2020\/05\/Biostimulants2-230x90.png 230w, https:\/\/epsapps.udg.edu\/cidsav\/wp-content\/uploads\/2020\/05\/Biostimulants2-350x137.png 350w, https:\/\/epsapps.udg.edu\/cidsav\/wp-content\/uploads\/2020\/05\/Biostimulants2-480x188.png 480w, https:\/\/epsapps.udg.edu\/cidsav\/wp-content\/uploads\/2020\/05\/Biostimulants2.png 1913w\" sizes=\"(max-width: 768px) 100vw, 768px\" \/>\t\t\t\t\t\t\t\t\t\t\t\t\t\t\t<\/div>\n\t\t\t\t<\/div>\n\t\t\t\t\t<\/div>\n\t\t<\/div>\n\t\t\t\t<div class=\"elementor-column elementor-col-50 elementor-inner-column elementor-element elementor-element-122c3b56\" data-id=\"122c3b56\" data-element_type=\"column\" data-e-type=\"column\">\n\t\t\t<div class=\"elementor-widget-wrap elementor-element-populated\">\n\t\t\t\t\t\t<div class=\"elementor-element elementor-element-9a3b9ba elementor-widget elementor-widget-text-editor\" data-id=\"9a3b9ba\" data-element_type=\"widget\" data-e-type=\"widget\" data-widget_type=\"text-editor.default\">\n\t\t\t\t<div class=\"elementor-widget-container\">\n\t\t\t\t\t\t\t\t\t<p><strong>EFECTO DE LA APLICACI\u00d3N DE BIOESTIMULANTES EN LA RESPUESTA DE DEFENSA DE LAS PLANTAS O EN LA TOLERANCIA A ESTRESES BI\u00d3TICOS Y ABI\u00d3TICOS<\/strong><\/p><p style=\"text-align: justify;\">La activaci\u00f3n de las defensas de las plantas, en condiciones de invernadero, y en respuesta a la aplicaci\u00f3n de ingredientes activos o cepas microbianas se valora mediante la expresi\u00f3n g\u00e9nica diferencial mediante RT-qPCR (retro-transcriptasa PCR cuantitativa en tiempo real). Los tratamientos se pueden aplicar a las plantas (por ejemplo, el tomate) por pulverizaci\u00f3n, riego o microinyecci\u00f3n en el tronco. La expresi\u00f3n g\u00e9nica de genes relacionados con la patog\u00e9nesis se utilizar\u00e1 como indicador distintivo de la inducci\u00f3n de resistencia en respuesta a la aplicaci\u00f3n de tratamiento. Se pueden incluir otros genes de defensa de plantas relacionados con estr\u00e9s bi\u00f3tico y \/ o abi\u00f3tico. Se puede conectar el test a una prueba de eficacia <em>in planta<\/em>.<\/p>\t\t\t\t\t\t\t\t<\/div>\n\t\t\t\t<\/div>\n\t\t\t\t\t<\/div>\n\t\t<\/div>\n\t\t\t\t\t<\/div>\n\t\t<\/section>\n\t\t\t\t\t<\/div>\n\t\t<\/div>\n\t\t\t\t\t<\/div>\n\t\t<\/section>\n\t\t\t\t<\/div>\n\t\t","protected":false},"excerpt":{"rendered":"<p>NUESTROS SERVICIOS ENSAYOS DE CONTROL DE PODREDUMBRES EN POSTCOSECHA Este ensayo se utiliza para determinar la eficacia de ingredientes activos, cepas microbianas o extractos, en [&hellip;]<\/p>\n","protected":false},"author":1,"featured_media":0,"parent":0,"menu_order":0,"comment_status":"closed","ping_status":"closed","template":"elementor_header_footer","meta":{"_uag_custom_page_level_css":"","footnotes":""},"class_list":["post-2144","page","type-page","status-publish","hentry"],"yoast_head":"<!-- This site is optimized with the Yoast SEO plugin v27.4 - https:\/\/yoast.com\/product\/yoast-seo-wordpress\/ -->\n<title>Servicios2<\/title>\n<meta name=\"robots\" content=\"index, follow, max-snippet:-1, max-image-preview:large, max-video-preview:-1\" \/>\n<link rel=\"canonical\" href=\"https:\/\/epsapps.udg.edu\/cidsav\/es\/servicios2\/\" \/>\n<meta property=\"og:locale\" content=\"es_ES\" \/>\n<meta property=\"og:type\" content=\"article\" \/>\n<meta property=\"og:title\" content=\"Servicios2\" \/>\n<meta property=\"og:description\" content=\"NUESTROS SERVICIOS ENSAYOS DE CONTROL DE PODREDUMBRES EN POSTCOSECHA Este ensayo se utiliza para determinar la eficacia de ingredientes activos, cepas microbianas o extractos, en [&hellip;]\" \/>\n<meta property=\"og:url\" content=\"https:\/\/epsapps.udg.edu\/cidsav\/es\/servicios2\/\" \/>\n<meta property=\"og:site_name\" content=\"CIDSAV\" \/>\n<meta property=\"article:modified_time\" content=\"2026-01-16T08:43:58+00:00\" \/>\n<meta property=\"og:image\" content=\"https:\/\/epsapps.udg.edu\/cidsav\/wp-content\/uploads\/2020\/05\/postcollita.png\" \/>\n\t<meta property=\"og:image:width\" content=\"1913\" \/>\n\t<meta property=\"og:image:height\" content=\"750\" \/>\n\t<meta property=\"og:image:type\" content=\"image\/png\" \/>\n<meta name=\"twitter:card\" content=\"summary_large_image\" \/>\n<meta name=\"twitter:label1\" content=\"Tiempo de lectura\" \/>\n\t<meta name=\"twitter:data1\" content=\"3 minutos\" \/>\n<script type=\"application\/ld+json\" class=\"yoast-schema-graph\">{\"@context\":\"https:\\\/\\\/schema.org\",\"@graph\":[{\"@type\":\"WebPage\",\"@id\":\"https:\\\/\\\/epsapps.udg.edu\\\/cidsav\\\/es\\\/servicios2\\\/\",\"url\":\"https:\\\/\\\/epsapps.udg.edu\\\/cidsav\\\/es\\\/servicios2\\\/\",\"name\":\"Servicios2\",\"isPartOf\":{\"@id\":\"https:\\\/\\\/epsapps.udg.edu\\\/cidsav\\\/#website\"},\"primaryImageOfPage\":{\"@id\":\"https:\\\/\\\/epsapps.udg.edu\\\/cidsav\\\/es\\\/servicios2\\\/#primaryimage\"},\"image\":{\"@id\":\"https:\\\/\\\/epsapps.udg.edu\\\/cidsav\\\/es\\\/servicios2\\\/#primaryimage\"},\"thumbnailUrl\":\"https:\\\/\\\/epsapps.udg.edu\\\/cidsav\\\/wp-content\\\/uploads\\\/2020\\\/05\\\/postcollita-1024x401.png\",\"datePublished\":\"2020-05-20T17:36:20+00:00\",\"dateModified\":\"2026-01-16T08:43:58+00:00\",\"breadcrumb\":{\"@id\":\"https:\\\/\\\/epsapps.udg.edu\\\/cidsav\\\/es\\\/servicios2\\\/#breadcrumb\"},\"inLanguage\":\"es\",\"potentialAction\":[{\"@type\":\"ReadAction\",\"target\":[\"https:\\\/\\\/epsapps.udg.edu\\\/cidsav\\\/es\\\/servicios2\\\/\"]}]},{\"@type\":\"ImageObject\",\"inLanguage\":\"es\",\"@id\":\"https:\\\/\\\/epsapps.udg.edu\\\/cidsav\\\/es\\\/servicios2\\\/#primaryimage\",\"url\":\"https:\\\/\\\/epsapps.udg.edu\\\/cidsav\\\/wp-content\\\/uploads\\\/2020\\\/05\\\/postcollita.png\",\"contentUrl\":\"https:\\\/\\\/epsapps.udg.edu\\\/cidsav\\\/wp-content\\\/uploads\\\/2020\\\/05\\\/postcollita.png\",\"width\":1913,\"height\":750,\"caption\":\"Assajos de control de la podridura en postcollita\"},{\"@type\":\"BreadcrumbList\",\"@id\":\"https:\\\/\\\/epsapps.udg.edu\\\/cidsav\\\/es\\\/servicios2\\\/#breadcrumb\",\"itemListElement\":[{\"@type\":\"ListItem\",\"position\":1,\"name\":\"Portada\",\"item\":\"https:\\\/\\\/epsapps.udg.edu\\\/cidsav\\\/\"},{\"@type\":\"ListItem\",\"position\":2,\"name\":\"Servicios2\"}]},{\"@type\":\"WebSite\",\"@id\":\"https:\\\/\\\/epsapps.udg.edu\\\/cidsav\\\/#website\",\"url\":\"https:\\\/\\\/epsapps.udg.edu\\\/cidsav\\\/\",\"name\":\"CIDSAV\",\"description\":\"\",\"publisher\":{\"@id\":\"https:\\\/\\\/epsapps.udg.edu\\\/cidsav\\\/#organization\"},\"potentialAction\":[{\"@type\":\"SearchAction\",\"target\":{\"@type\":\"EntryPoint\",\"urlTemplate\":\"https:\\\/\\\/epsapps.udg.edu\\\/cidsav\\\/?s={search_term_string}\"},\"query-input\":{\"@type\":\"PropertyValueSpecification\",\"valueRequired\":true,\"valueName\":\"search_term_string\"}}],\"inLanguage\":\"es\"},{\"@type\":\"Organization\",\"@id\":\"https:\\\/\\\/epsapps.udg.edu\\\/cidsav\\\/#organization\",\"name\":\"CIDSAV\",\"url\":\"https:\\\/\\\/epsapps.udg.edu\\\/cidsav\\\/\",\"logo\":{\"@type\":\"ImageObject\",\"inLanguage\":\"es\",\"@id\":\"https:\\\/\\\/epsapps.udg.edu\\\/cidsav\\\/#\\\/schema\\\/logo\\\/image\\\/\",\"url\":\"https:\\\/\\\/epsapps.udg.edu\\\/cidsav\\\/wp-content\\\/uploads\\\/2019\\\/09\\\/Logo-3-idomes-CIDSAV-verd-03.png\",\"contentUrl\":\"https:\\\/\\\/epsapps.udg.edu\\\/cidsav\\\/wp-content\\\/uploads\\\/2019\\\/09\\\/Logo-3-idomes-CIDSAV-verd-03.png\",\"width\":1181,\"height\":1054,\"caption\":\"CIDSAV\"},\"image\":{\"@id\":\"https:\\\/\\\/epsapps.udg.edu\\\/cidsav\\\/#\\\/schema\\\/logo\\\/image\\\/\"},\"sameAs\":[\"https:\\\/\\\/www.instagram.com\\\/cidsav_udg\\\/?igsh=eDU0dzNpc2JzdG8y#\"]}]}<\/script>\n<!-- \/ Yoast SEO plugin. -->","yoast_head_json":{"title":"Servicios2","robots":{"index":"index","follow":"follow","max-snippet":"max-snippet:-1","max-image-preview":"max-image-preview:large","max-video-preview":"max-video-preview:-1"},"canonical":"https:\/\/epsapps.udg.edu\/cidsav\/es\/servicios2\/","og_locale":"es_ES","og_type":"article","og_title":"Servicios2","og_description":"NUESTROS SERVICIOS ENSAYOS DE CONTROL DE PODREDUMBRES EN POSTCOSECHA Este ensayo se utiliza para determinar la eficacia de ingredientes activos, cepas microbianas o extractos, en [&hellip;]","og_url":"https:\/\/epsapps.udg.edu\/cidsav\/es\/servicios2\/","og_site_name":"CIDSAV","article_modified_time":"2026-01-16T08:43:58+00:00","og_image":[{"width":1913,"height":750,"url":"https:\/\/epsapps.udg.edu\/cidsav\/wp-content\/uploads\/2020\/05\/postcollita.png","type":"image\/png"}],"twitter_card":"summary_large_image","twitter_misc":{"Tiempo de lectura":"3 minutos"},"schema":{"@context":"https:\/\/schema.org","@graph":[{"@type":"WebPage","@id":"https:\/\/epsapps.udg.edu\/cidsav\/es\/servicios2\/","url":"https:\/\/epsapps.udg.edu\/cidsav\/es\/servicios2\/","name":"Servicios2","isPartOf":{"@id":"https:\/\/epsapps.udg.edu\/cidsav\/#website"},"primaryImageOfPage":{"@id":"https:\/\/epsapps.udg.edu\/cidsav\/es\/servicios2\/#primaryimage"},"image":{"@id":"https:\/\/epsapps.udg.edu\/cidsav\/es\/servicios2\/#primaryimage"},"thumbnailUrl":"https:\/\/epsapps.udg.edu\/cidsav\/wp-content\/uploads\/2020\/05\/postcollita-1024x401.png","datePublished":"2020-05-20T17:36:20+00:00","dateModified":"2026-01-16T08:43:58+00:00","breadcrumb":{"@id":"https:\/\/epsapps.udg.edu\/cidsav\/es\/servicios2\/#breadcrumb"},"inLanguage":"es","potentialAction":[{"@type":"ReadAction","target":["https:\/\/epsapps.udg.edu\/cidsav\/es\/servicios2\/"]}]},{"@type":"ImageObject","inLanguage":"es","@id":"https:\/\/epsapps.udg.edu\/cidsav\/es\/servicios2\/#primaryimage","url":"https:\/\/epsapps.udg.edu\/cidsav\/wp-content\/uploads\/2020\/05\/postcollita.png","contentUrl":"https:\/\/epsapps.udg.edu\/cidsav\/wp-content\/uploads\/2020\/05\/postcollita.png","width":1913,"height":750,"caption":"Assajos de control de la podridura en postcollita"},{"@type":"BreadcrumbList","@id":"https:\/\/epsapps.udg.edu\/cidsav\/es\/servicios2\/#breadcrumb","itemListElement":[{"@type":"ListItem","position":1,"name":"Portada","item":"https:\/\/epsapps.udg.edu\/cidsav\/"},{"@type":"ListItem","position":2,"name":"Servicios2"}]},{"@type":"WebSite","@id":"https:\/\/epsapps.udg.edu\/cidsav\/#website","url":"https:\/\/epsapps.udg.edu\/cidsav\/","name":"CIDSAV","description":"","publisher":{"@id":"https:\/\/epsapps.udg.edu\/cidsav\/#organization"},"potentialAction":[{"@type":"SearchAction","target":{"@type":"EntryPoint","urlTemplate":"https:\/\/epsapps.udg.edu\/cidsav\/?s={search_term_string}"},"query-input":{"@type":"PropertyValueSpecification","valueRequired":true,"valueName":"search_term_string"}}],"inLanguage":"es"},{"@type":"Organization","@id":"https:\/\/epsapps.udg.edu\/cidsav\/#organization","name":"CIDSAV","url":"https:\/\/epsapps.udg.edu\/cidsav\/","logo":{"@type":"ImageObject","inLanguage":"es","@id":"https:\/\/epsapps.udg.edu\/cidsav\/#\/schema\/logo\/image\/","url":"https:\/\/epsapps.udg.edu\/cidsav\/wp-content\/uploads\/2019\/09\/Logo-3-idomes-CIDSAV-verd-03.png","contentUrl":"https:\/\/epsapps.udg.edu\/cidsav\/wp-content\/uploads\/2019\/09\/Logo-3-idomes-CIDSAV-verd-03.png","width":1181,"height":1054,"caption":"CIDSAV"},"image":{"@id":"https:\/\/epsapps.udg.edu\/cidsav\/#\/schema\/logo\/image\/"},"sameAs":["https:\/\/www.instagram.com\/cidsav_udg\/?igsh=eDU0dzNpc2JzdG8y#"]}]}},"uagb_featured_image_src":{"full":false,"thumbnail":false,"medium":false,"medium_large":false,"large":false,"1536x1536":false,"2048x2048":false,"sydney-large-thumb":false,"sydney-medium-thumb":false,"sydney-small-thumb":false,"sydney-service-thumb":false,"sydney-mas-thumb":false},"uagb_author_info":{"display_name":"Cidsav","author_link":"https:\/\/epsapps.udg.edu\/cidsav\/author\/cidsav0140\/"},"uagb_comment_info":0,"uagb_excerpt":"NUESTROS SERVICIOS ENSAYOS DE CONTROL DE PODREDUMBRES EN POSTCOSECHA Este ensayo se utiliza para determinar la eficacia de ingredientes activos, cepas microbianas o extractos, en [&hellip;]","_links":{"self":[{"href":"https:\/\/epsapps.udg.edu\/cidsav\/wp-json\/wp\/v2\/pages\/2144","targetHints":{"allow":["GET"]}}],"collection":[{"href":"https:\/\/epsapps.udg.edu\/cidsav\/wp-json\/wp\/v2\/pages"}],"about":[{"href":"https:\/\/epsapps.udg.edu\/cidsav\/wp-json\/wp\/v2\/types\/page"}],"author":[{"embeddable":true,"href":"https:\/\/epsapps.udg.edu\/cidsav\/wp-json\/wp\/v2\/users\/1"}],"replies":[{"embeddable":true,"href":"https:\/\/epsapps.udg.edu\/cidsav\/wp-json\/wp\/v2\/comments?post=2144"}],"version-history":[{"count":0,"href":"https:\/\/epsapps.udg.edu\/cidsav\/wp-json\/wp\/v2\/pages\/2144\/revisions"}],"wp:attachment":[{"href":"https:\/\/epsapps.udg.edu\/cidsav\/wp-json\/wp\/v2\/media?parent=2144"}],"curies":[{"name":"wp","href":"https:\/\/api.w.org\/{rel}","templated":true}]}}