{"id":1370,"date":"2020-04-04T18:31:11","date_gmt":"2020-04-04T16:31:11","guid":{"rendered":"http:\/\/localhost\/cidsav\/?page_id=1370"},"modified":"2025-01-14T11:21:08","modified_gmt":"2025-01-14T10:21:08","slug":"desarrollo-de-fungicidas-cidsav","status":"publish","type":"page","link":"https:\/\/epsapps.udg.edu\/cidsav\/es\/desarrollo-de-fungicidas-cidsav\/","title":{"rendered":"Desarrollo de fungicidas."},"content":{"rendered":"\t\t<div data-elementor-type=\"wp-page\" data-elementor-id=\"1370\" class=\"elementor elementor-1370\">\n\t\t\t\t\t\t<section class=\"elementor-section elementor-top-section elementor-element elementor-element-7fdcafdb elementor-section-boxed elementor-section-height-default elementor-section-height-default\" data-id=\"7fdcafdb\" data-element_type=\"section\" data-e-type=\"section\">\n\t\t\t\t\t\t<div class=\"elementor-container elementor-column-gap-default\">\n\t\t\t\t\t<div class=\"elementor-column elementor-col-100 elementor-top-column elementor-element elementor-element-6039a939\" data-id=\"6039a939\" data-element_type=\"column\" data-e-type=\"column\">\n\t\t\t<div class=\"elementor-widget-wrap elementor-element-populated\">\n\t\t\t\t\t\t<div class=\"elementor-element elementor-element-5be2ce41 elementor-widget elementor-widget-heading\" data-id=\"5be2ce41\" data-element_type=\"widget\" data-e-type=\"widget\" data-widget_type=\"heading.default\">\n\t\t\t\t<div class=\"elementor-widget-container\">\n\t\t\t\t\t<h3 class=\"elementor-heading-title elementor-size-default\">\nDESARROLLO DE FUNGICIDAS Y BACTERICIDAS\n<\/h3>\t\t\t\t<\/div>\n\t\t\t\t<\/div>\n\t\t\t\t<div class=\"elementor-element elementor-element-321828e3 elementor-widget-divider--view-line elementor-widget elementor-widget-divider\" data-id=\"321828e3\" data-element_type=\"widget\" data-e-type=\"widget\" data-widget_type=\"divider.default\">\n\t\t\t\t<div class=\"elementor-widget-container\">\n\t\t\t\t\t\t\t<div class=\"elementor-divider\">\n\t\t\t<span class=\"elementor-divider-separator\">\n\t\t\t\t\t\t<\/span>\n\t\t<\/div>\n\t\t\t\t\t\t<\/div>\n\t\t\t\t<\/div>\n\t\t\t\t<section class=\"elementor-section elementor-inner-section elementor-element elementor-element-ae53288 elementor-section-boxed elementor-section-height-default elementor-section-height-default\" data-id=\"ae53288\" data-element_type=\"section\" data-e-type=\"section\">\n\t\t\t\t\t\t<div class=\"elementor-container elementor-column-gap-default\">\n\t\t\t\t\t<div class=\"elementor-column elementor-col-50 elementor-inner-column elementor-element elementor-element-14ae058\" data-id=\"14ae058\" data-element_type=\"column\" data-e-type=\"column\">\n\t\t\t<div class=\"elementor-widget-wrap elementor-element-populated\">\n\t\t\t\t\t\t<div class=\"elementor-element elementor-element-6d76e346 elementor-widget elementor-widget-image\" data-id=\"6d76e346\" data-element_type=\"widget\" data-e-type=\"widget\" data-widget_type=\"image.default\">\n\t\t\t\t<div class=\"elementor-widget-container\">\n\t\t\t\t\t\t\t\t\t\t\t\t\t\t\t<img fetchpriority=\"high\" decoding=\"async\" width=\"1024\" height=\"401\" src=\"https:\/\/epsapps.udg.edu\/cidsav\/wp-content\/uploads\/2020\/05\/imatge-4-1024x401.png\" class=\"attachment-large size-large wp-image-1783\" alt=\"Proves in vitro\" srcset=\"https:\/\/epsapps.udg.edu\/cidsav\/wp-content\/uploads\/2020\/05\/imatge-4-1024x401.png 1024w, https:\/\/epsapps.udg.edu\/cidsav\/wp-content\/uploads\/2020\/05\/imatge-4-300x118.png 300w, https:\/\/epsapps.udg.edu\/cidsav\/wp-content\/uploads\/2020\/05\/imatge-4-768x301.png 768w, https:\/\/epsapps.udg.edu\/cidsav\/wp-content\/uploads\/2020\/05\/imatge-4-1536x602.png 1536w, https:\/\/epsapps.udg.edu\/cidsav\/wp-content\/uploads\/2020\/05\/imatge-4-830x325.png 830w, https:\/\/epsapps.udg.edu\/cidsav\/wp-content\/uploads\/2020\/05\/imatge-4-230x90.png 230w, https:\/\/epsapps.udg.edu\/cidsav\/wp-content\/uploads\/2020\/05\/imatge-4-350x137.png 350w, https:\/\/epsapps.udg.edu\/cidsav\/wp-content\/uploads\/2020\/05\/imatge-4-480x188.png 480w, https:\/\/epsapps.udg.edu\/cidsav\/wp-content\/uploads\/2020\/05\/imatge-4.png 1913w\" sizes=\"(max-width: 1024px) 100vw, 1024px\" \/>\t\t\t\t\t\t\t\t\t\t\t\t\t\t\t<\/div>\n\t\t\t\t<\/div>\n\t\t\t\t\t<\/div>\n\t\t<\/div>\n\t\t\t\t<div class=\"elementor-column elementor-col-50 elementor-inner-column elementor-element elementor-element-236c973\" data-id=\"236c973\" data-element_type=\"column\" data-e-type=\"column\">\n\t\t\t<div class=\"elementor-widget-wrap elementor-element-populated\">\n\t\t\t\t\t\t<div class=\"elementor-element elementor-element-1c8fa439 elementor-widget elementor-widget-text-editor\" data-id=\"1c8fa439\" data-element_type=\"widget\" data-e-type=\"widget\" data-widget_type=\"text-editor.default\">\n\t\t\t\t<div class=\"elementor-widget-container\">\n\t\t\t\t\t\t\t\t\t<p><strong>PRUEBAS <em>IN VITRO<\/em> (Nivel I)<\/strong><\/p><p style=\"text-align: justify;\">Consiste en la evaluaci\u00f3n <em>in vitro<\/em> de la actividad de inhibici\u00f3n del crecimiento pat\u00f3genos bacterianos o f\u00fangicos. Hay distintos tipos de ensayos, incluyendo la prueba de incorporaci\u00f3n en agar, las pruebas en l\u00edquido o la evaluaci\u00f3n de la actividad microbiocida. Se pueden realizar ensayos de valoraci\u00f3n de dosis-respuesta y de determinaci\u00f3n de la concentraci\u00f3n m\u00ednima inhibitoria (CMI) o la dosis efectiva mediana (DE50), utilizando m\u00e9todos convencionales o una plataforma de alto rendimiento con analizadores microbiol\u00f3gicos autom\u00e1ticos.<\/p>\t\t\t\t\t\t\t\t<\/div>\n\t\t\t\t<\/div>\n\t\t\t\t\t<\/div>\n\t\t<\/div>\n\t\t\t\t\t<\/div>\n\t\t<\/section>\n\t\t\t\t<section class=\"elementor-section elementor-inner-section elementor-element elementor-element-6abaca0 elementor-section-boxed elementor-section-height-default elementor-section-height-default\" data-id=\"6abaca0\" data-element_type=\"section\" data-e-type=\"section\">\n\t\t\t\t\t\t<div class=\"elementor-container elementor-column-gap-default\">\n\t\t\t\t\t<div class=\"elementor-column elementor-col-50 elementor-inner-column elementor-element elementor-element-e80b615\" data-id=\"e80b615\" data-element_type=\"column\" data-e-type=\"column\">\n\t\t\t<div class=\"elementor-widget-wrap elementor-element-populated\">\n\t\t\t\t\t\t<div class=\"elementor-element elementor-element-73578f36 elementor-widget elementor-widget-image\" data-id=\"73578f36\" data-element_type=\"widget\" data-e-type=\"widget\" data-widget_type=\"image.default\">\n\t\t\t\t<div class=\"elementor-widget-container\">\n\t\t\t\t\t\t\t\t\t\t\t\t\t\t\t<img decoding=\"async\" width=\"1024\" height=\"401\" src=\"https:\/\/epsapps.udg.edu\/cidsav\/wp-content\/uploads\/2020\/05\/imatge-5-1024x401.png\" class=\"attachment-large size-large wp-image-1785\" alt=\"Assajos ex vivo\" srcset=\"https:\/\/epsapps.udg.edu\/cidsav\/wp-content\/uploads\/2020\/05\/imatge-5-1024x401.png 1024w, https:\/\/epsapps.udg.edu\/cidsav\/wp-content\/uploads\/2020\/05\/imatge-5-300x118.png 300w, https:\/\/epsapps.udg.edu\/cidsav\/wp-content\/uploads\/2020\/05\/imatge-5-768x301.png 768w, https:\/\/epsapps.udg.edu\/cidsav\/wp-content\/uploads\/2020\/05\/imatge-5-1536x602.png 1536w, https:\/\/epsapps.udg.edu\/cidsav\/wp-content\/uploads\/2020\/05\/imatge-5-830x325.png 830w, https:\/\/epsapps.udg.edu\/cidsav\/wp-content\/uploads\/2020\/05\/imatge-5-230x90.png 230w, https:\/\/epsapps.udg.edu\/cidsav\/wp-content\/uploads\/2020\/05\/imatge-5-350x137.png 350w, https:\/\/epsapps.udg.edu\/cidsav\/wp-content\/uploads\/2020\/05\/imatge-5-480x188.png 480w, https:\/\/epsapps.udg.edu\/cidsav\/wp-content\/uploads\/2020\/05\/imatge-5.png 1913w\" sizes=\"(max-width: 1024px) 100vw, 1024px\" \/>\t\t\t\t\t\t\t\t\t\t\t\t\t\t\t<\/div>\n\t\t\t\t<\/div>\n\t\t\t\t\t<\/div>\n\t\t<\/div>\n\t\t\t\t<div class=\"elementor-column elementor-col-50 elementor-inner-column elementor-element elementor-element-aa034e5\" data-id=\"aa034e5\" data-element_type=\"column\" data-e-type=\"column\">\n\t\t\t<div class=\"elementor-widget-wrap elementor-element-populated\">\n\t\t\t\t\t\t<div class=\"elementor-element elementor-element-1c1e9e59 elementor-widget elementor-widget-text-editor\" data-id=\"1c1e9e59\" data-element_type=\"widget\" data-e-type=\"widget\" data-widget_type=\"text-editor.default\">\n\t\t\t\t<div class=\"elementor-widget-container\">\n\t\t\t\t\t\t\t\t\t<p><strong>ENSAYOS EX VIVO (Nivel II)<\/strong><\/p><p style=\"text-align: justify;\">En este tipo de ensayos, los compuestos se aplican a los \u00f3rganos vegetales separados de la planta (flores, frutos, hojas, ra\u00edces) intactos o con herida previa, y posteriormente, el pat\u00f3geno es inoculado (preventivo). El pat\u00f3geno tambi\u00e9n se puede inocular simult\u00e1neamente o antes del tratamiento. El material se incuba en c\u00e1maras de fitotr\u00f3nes en las condiciones adecuadas para el desarrollo de la enfermedad. Hay varios pat\u00f3genos disponibles o bajo demanda, incluyendo bacterias y hongos, y pat\u00f3genos a\u00e9reos o radiculares o de fruto.<\/p>\t\t\t\t\t\t\t\t<\/div>\n\t\t\t\t<\/div>\n\t\t\t\t\t<\/div>\n\t\t<\/div>\n\t\t\t\t\t<\/div>\n\t\t<\/section>\n\t\t\t\t<section class=\"elementor-section elementor-inner-section elementor-element elementor-element-3152a582 elementor-section-boxed elementor-section-height-default elementor-section-height-default\" data-id=\"3152a582\" data-element_type=\"section\" data-e-type=\"section\">\n\t\t\t\t\t\t<div class=\"elementor-container elementor-column-gap-default\">\n\t\t\t\t\t<div class=\"elementor-column elementor-col-50 elementor-inner-column elementor-element elementor-element-236251c1\" data-id=\"236251c1\" data-element_type=\"column\" data-e-type=\"column\">\n\t\t\t<div class=\"elementor-widget-wrap elementor-element-populated\">\n\t\t\t\t\t\t<div class=\"elementor-element elementor-element-6ee3a55d elementor-widget elementor-widget-image\" data-id=\"6ee3a55d\" data-element_type=\"widget\" data-e-type=\"widget\" data-widget_type=\"image.default\">\n\t\t\t\t<div class=\"elementor-widget-container\">\n\t\t\t\t\t\t\t\t\t\t\t\t\t\t\t<img decoding=\"async\" width=\"1024\" height=\"401\" src=\"https:\/\/epsapps.udg.edu\/cidsav\/wp-content\/uploads\/2020\/05\/imatge-6-1024x401.png\" class=\"attachment-large size-large wp-image-1787\" alt=\"Assajos d\u2019efic\u00e0cia en plantes en condicions controlades\" srcset=\"https:\/\/epsapps.udg.edu\/cidsav\/wp-content\/uploads\/2020\/05\/imatge-6-1024x401.png 1024w, https:\/\/epsapps.udg.edu\/cidsav\/wp-content\/uploads\/2020\/05\/imatge-6-300x118.png 300w, https:\/\/epsapps.udg.edu\/cidsav\/wp-content\/uploads\/2020\/05\/imatge-6-768x301.png 768w, https:\/\/epsapps.udg.edu\/cidsav\/wp-content\/uploads\/2020\/05\/imatge-6-1536x602.png 1536w, https:\/\/epsapps.udg.edu\/cidsav\/wp-content\/uploads\/2020\/05\/imatge-6-830x325.png 830w, https:\/\/epsapps.udg.edu\/cidsav\/wp-content\/uploads\/2020\/05\/imatge-6-230x90.png 230w, https:\/\/epsapps.udg.edu\/cidsav\/wp-content\/uploads\/2020\/05\/imatge-6-350x137.png 350w, https:\/\/epsapps.udg.edu\/cidsav\/wp-content\/uploads\/2020\/05\/imatge-6-480x188.png 480w, https:\/\/epsapps.udg.edu\/cidsav\/wp-content\/uploads\/2020\/05\/imatge-6.png 1913w\" sizes=\"(max-width: 1024px) 100vw, 1024px\" \/>\t\t\t\t\t\t\t\t\t\t\t\t\t\t\t<\/div>\n\t\t\t\t<\/div>\n\t\t\t\t\t<\/div>\n\t\t<\/div>\n\t\t\t\t<div class=\"elementor-column elementor-col-50 elementor-inner-column elementor-element elementor-element-22329051\" data-id=\"22329051\" data-element_type=\"column\" data-e-type=\"column\">\n\t\t\t<div class=\"elementor-widget-wrap elementor-element-populated\">\n\t\t\t\t\t\t<div class=\"elementor-element elementor-element-399b86db elementor-widget elementor-widget-text-editor\" data-id=\"399b86db\" data-element_type=\"widget\" data-e-type=\"widget\" data-widget_type=\"text-editor.default\">\n\t\t\t\t<div class=\"elementor-widget-container\">\n\t\t\t\t\t\t\t\t\t<p><strong>ENSAYOS DE EFICACIA EN PLANTAS BAJO CONDICIONES CONTROLADAS (Nivel III)<\/strong><\/p><p style=\"text-align: justify;\">En estos ensayos se utilizan plantas en maceta para determinar la eficacia del control de bactericidas o fungicidas (tambi\u00e9n nematicidas) en un fitotr\u00f3n o en un invernadero bajo condiciones controladas. Los compuestos se aplican a las plantas generalmente por pulverizaci\u00f3n o riego. El pat\u00f3geno se inocula antes, simult\u00e1neamente o despu\u00e9s del tratamiento. Las plantas se cultivan bajo condiciones controladas de temperatura, humedad relativa y per\u00edodos de luz. La severidad de la enfermedad se eval\u00faa durante el proceso.<\/p>\t\t\t\t\t\t\t\t<\/div>\n\t\t\t\t<\/div>\n\t\t\t\t\t<\/div>\n\t\t<\/div>\n\t\t\t\t\t<\/div>\n\t\t<\/section>\n\t\t\t\t\t<\/div>\n\t\t<\/div>\n\t\t\t\t\t<\/div>\n\t\t<\/section>\n\t\t\t\t<\/div>\n\t\t","protected":false},"excerpt":{"rendered":"<p>DESARROLLO DE FUNGICIDAS Y BACTERICIDAS PRUEBAS IN VITRO (Nivel I) Consiste en la evaluaci\u00f3n in vitro de la actividad de inhibici\u00f3n del crecimiento pat\u00f3genos bacterianos [&hellip;]<\/p>\n","protected":false},"author":1,"featured_media":0,"parent":0,"menu_order":0,"comment_status":"closed","ping_status":"closed","template":"elementor_header_footer","meta":{"_uag_custom_page_level_css":"","footnotes":""},"class_list":["post-1370","page","type-page","status-publish","hentry"],"yoast_head":"<!-- This site is optimized with the Yoast SEO plugin v27.4 - https:\/\/yoast.com\/product\/yoast-seo-wordpress\/ -->\n<title>DESARROLLO DE FUNGICIDAS Y BACTERICIDAS<\/title>\n<meta name=\"description\" content=\"CIDSAV\" \/>\n<meta name=\"robots\" content=\"index, follow, max-snippet:-1, max-image-preview:large, max-video-preview:-1\" \/>\n<link rel=\"canonical\" href=\"https:\/\/epsapps.udg.edu\/cidsav\/es\/desarrollo-de-fungicidas-cidsav\/\" \/>\n<meta property=\"og:locale\" content=\"es_ES\" \/>\n<meta property=\"og:type\" content=\"article\" \/>\n<meta property=\"og:title\" content=\"DESARROLLO DE FUNGICIDAS Y BACTERICIDAS\" \/>\n<meta property=\"og:description\" content=\"CIDSAV\" \/>\n<meta property=\"og:url\" content=\"https:\/\/epsapps.udg.edu\/cidsav\/es\/desarrollo-de-fungicidas-cidsav\/\" \/>\n<meta property=\"og:site_name\" content=\"CIDSAV\" \/>\n<meta property=\"article:modified_time\" content=\"2025-01-14T10:21:08+00:00\" \/>\n<meta property=\"og:image\" content=\"https:\/\/epsapps.udg.edu\/cidsav\/wp-content\/uploads\/2020\/05\/imatge-4-1024x401.png\" \/>\n<meta name=\"twitter:card\" content=\"summary_large_image\" \/>\n<meta name=\"twitter:label1\" content=\"Tiempo de lectura\" \/>\n\t<meta name=\"twitter:data1\" content=\"2 minutos\" \/>\n<script type=\"application\/ld+json\" class=\"yoast-schema-graph\">{\"@context\":\"https:\\\/\\\/schema.org\",\"@graph\":[{\"@type\":\"WebPage\",\"@id\":\"https:\\\/\\\/epsapps.udg.edu\\\/cidsav\\\/es\\\/desarrollo-de-fungicidas-cidsav\\\/\",\"url\":\"https:\\\/\\\/epsapps.udg.edu\\\/cidsav\\\/es\\\/desarrollo-de-fungicidas-cidsav\\\/\",\"name\":\"DESARROLLO DE FUNGICIDAS Y BACTERICIDAS\",\"isPartOf\":{\"@id\":\"https:\\\/\\\/epsapps.udg.edu\\\/cidsav\\\/#website\"},\"primaryImageOfPage\":{\"@id\":\"https:\\\/\\\/epsapps.udg.edu\\\/cidsav\\\/es\\\/desarrollo-de-fungicidas-cidsav\\\/#primaryimage\"},\"image\":{\"@id\":\"https:\\\/\\\/epsapps.udg.edu\\\/cidsav\\\/es\\\/desarrollo-de-fungicidas-cidsav\\\/#primaryimage\"},\"thumbnailUrl\":\"https:\\\/\\\/epsapps.udg.edu\\\/cidsav\\\/wp-content\\\/uploads\\\/2020\\\/05\\\/imatge-4-1024x401.png\",\"datePublished\":\"2020-04-04T16:31:11+00:00\",\"dateModified\":\"2025-01-14T10:21:08+00:00\",\"description\":\"CIDSAV\",\"breadcrumb\":{\"@id\":\"https:\\\/\\\/epsapps.udg.edu\\\/cidsav\\\/es\\\/desarrollo-de-fungicidas-cidsav\\\/#breadcrumb\"},\"inLanguage\":\"es\",\"potentialAction\":[{\"@type\":\"ReadAction\",\"target\":[\"https:\\\/\\\/epsapps.udg.edu\\\/cidsav\\\/es\\\/desarrollo-de-fungicidas-cidsav\\\/\"]}]},{\"@type\":\"ImageObject\",\"inLanguage\":\"es\",\"@id\":\"https:\\\/\\\/epsapps.udg.edu\\\/cidsav\\\/es\\\/desarrollo-de-fungicidas-cidsav\\\/#primaryimage\",\"url\":\"https:\\\/\\\/epsapps.udg.edu\\\/cidsav\\\/wp-content\\\/uploads\\\/2020\\\/05\\\/imatge-4-1024x401.png\",\"contentUrl\":\"https:\\\/\\\/epsapps.udg.edu\\\/cidsav\\\/wp-content\\\/uploads\\\/2020\\\/05\\\/imatge-4-1024x401.png\"},{\"@type\":\"BreadcrumbList\",\"@id\":\"https:\\\/\\\/epsapps.udg.edu\\\/cidsav\\\/es\\\/desarrollo-de-fungicidas-cidsav\\\/#breadcrumb\",\"itemListElement\":[{\"@type\":\"ListItem\",\"position\":1,\"name\":\"Portada\",\"item\":\"https:\\\/\\\/epsapps.udg.edu\\\/cidsav\\\/\"},{\"@type\":\"ListItem\",\"position\":2,\"name\":\"Desarrollo de fungicidas.\"}]},{\"@type\":\"WebSite\",\"@id\":\"https:\\\/\\\/epsapps.udg.edu\\\/cidsav\\\/#website\",\"url\":\"https:\\\/\\\/epsapps.udg.edu\\\/cidsav\\\/\",\"name\":\"CIDSAV\",\"description\":\"\",\"publisher\":{\"@id\":\"https:\\\/\\\/epsapps.udg.edu\\\/cidsav\\\/#organization\"},\"potentialAction\":[{\"@type\":\"SearchAction\",\"target\":{\"@type\":\"EntryPoint\",\"urlTemplate\":\"https:\\\/\\\/epsapps.udg.edu\\\/cidsav\\\/?s={search_term_string}\"},\"query-input\":{\"@type\":\"PropertyValueSpecification\",\"valueRequired\":true,\"valueName\":\"search_term_string\"}}],\"inLanguage\":\"es\"},{\"@type\":\"Organization\",\"@id\":\"https:\\\/\\\/epsapps.udg.edu\\\/cidsav\\\/#organization\",\"name\":\"CIDSAV\",\"url\":\"https:\\\/\\\/epsapps.udg.edu\\\/cidsav\\\/\",\"logo\":{\"@type\":\"ImageObject\",\"inLanguage\":\"es\",\"@id\":\"https:\\\/\\\/epsapps.udg.edu\\\/cidsav\\\/#\\\/schema\\\/logo\\\/image\\\/\",\"url\":\"https:\\\/\\\/epsapps.udg.edu\\\/cidsav\\\/wp-content\\\/uploads\\\/2019\\\/09\\\/Logo-3-idomes-CIDSAV-verd-03.png\",\"contentUrl\":\"https:\\\/\\\/epsapps.udg.edu\\\/cidsav\\\/wp-content\\\/uploads\\\/2019\\\/09\\\/Logo-3-idomes-CIDSAV-verd-03.png\",\"width\":1181,\"height\":1054,\"caption\":\"CIDSAV\"},\"image\":{\"@id\":\"https:\\\/\\\/epsapps.udg.edu\\\/cidsav\\\/#\\\/schema\\\/logo\\\/image\\\/\"},\"sameAs\":[\"https:\\\/\\\/www.instagram.com\\\/cidsav_udg\\\/?igsh=eDU0dzNpc2JzdG8y#\"]}]}<\/script>\n<!-- \/ Yoast SEO plugin. -->","yoast_head_json":{"title":"DESARROLLO DE FUNGICIDAS Y BACTERICIDAS","description":"CIDSAV","robots":{"index":"index","follow":"follow","max-snippet":"max-snippet:-1","max-image-preview":"max-image-preview:large","max-video-preview":"max-video-preview:-1"},"canonical":"https:\/\/epsapps.udg.edu\/cidsav\/es\/desarrollo-de-fungicidas-cidsav\/","og_locale":"es_ES","og_type":"article","og_title":"DESARROLLO DE FUNGICIDAS Y BACTERICIDAS","og_description":"CIDSAV","og_url":"https:\/\/epsapps.udg.edu\/cidsav\/es\/desarrollo-de-fungicidas-cidsav\/","og_site_name":"CIDSAV","article_modified_time":"2025-01-14T10:21:08+00:00","og_image":[{"url":"https:\/\/epsapps.udg.edu\/cidsav\/wp-content\/uploads\/2020\/05\/imatge-4-1024x401.png","type":"","width":"","height":""}],"twitter_card":"summary_large_image","twitter_misc":{"Tiempo de lectura":"2 minutos"},"schema":{"@context":"https:\/\/schema.org","@graph":[{"@type":"WebPage","@id":"https:\/\/epsapps.udg.edu\/cidsav\/es\/desarrollo-de-fungicidas-cidsav\/","url":"https:\/\/epsapps.udg.edu\/cidsav\/es\/desarrollo-de-fungicidas-cidsav\/","name":"DESARROLLO DE FUNGICIDAS Y BACTERICIDAS","isPartOf":{"@id":"https:\/\/epsapps.udg.edu\/cidsav\/#website"},"primaryImageOfPage":{"@id":"https:\/\/epsapps.udg.edu\/cidsav\/es\/desarrollo-de-fungicidas-cidsav\/#primaryimage"},"image":{"@id":"https:\/\/epsapps.udg.edu\/cidsav\/es\/desarrollo-de-fungicidas-cidsav\/#primaryimage"},"thumbnailUrl":"https:\/\/epsapps.udg.edu\/cidsav\/wp-content\/uploads\/2020\/05\/imatge-4-1024x401.png","datePublished":"2020-04-04T16:31:11+00:00","dateModified":"2025-01-14T10:21:08+00:00","description":"CIDSAV","breadcrumb":{"@id":"https:\/\/epsapps.udg.edu\/cidsav\/es\/desarrollo-de-fungicidas-cidsav\/#breadcrumb"},"inLanguage":"es","potentialAction":[{"@type":"ReadAction","target":["https:\/\/epsapps.udg.edu\/cidsav\/es\/desarrollo-de-fungicidas-cidsav\/"]}]},{"@type":"ImageObject","inLanguage":"es","@id":"https:\/\/epsapps.udg.edu\/cidsav\/es\/desarrollo-de-fungicidas-cidsav\/#primaryimage","url":"https:\/\/epsapps.udg.edu\/cidsav\/wp-content\/uploads\/2020\/05\/imatge-4-1024x401.png","contentUrl":"https:\/\/epsapps.udg.edu\/cidsav\/wp-content\/uploads\/2020\/05\/imatge-4-1024x401.png"},{"@type":"BreadcrumbList","@id":"https:\/\/epsapps.udg.edu\/cidsav\/es\/desarrollo-de-fungicidas-cidsav\/#breadcrumb","itemListElement":[{"@type":"ListItem","position":1,"name":"Portada","item":"https:\/\/epsapps.udg.edu\/cidsav\/"},{"@type":"ListItem","position":2,"name":"Desarrollo de fungicidas."}]},{"@type":"WebSite","@id":"https:\/\/epsapps.udg.edu\/cidsav\/#website","url":"https:\/\/epsapps.udg.edu\/cidsav\/","name":"CIDSAV","description":"","publisher":{"@id":"https:\/\/epsapps.udg.edu\/cidsav\/#organization"},"potentialAction":[{"@type":"SearchAction","target":{"@type":"EntryPoint","urlTemplate":"https:\/\/epsapps.udg.edu\/cidsav\/?s={search_term_string}"},"query-input":{"@type":"PropertyValueSpecification","valueRequired":true,"valueName":"search_term_string"}}],"inLanguage":"es"},{"@type":"Organization","@id":"https:\/\/epsapps.udg.edu\/cidsav\/#organization","name":"CIDSAV","url":"https:\/\/epsapps.udg.edu\/cidsav\/","logo":{"@type":"ImageObject","inLanguage":"es","@id":"https:\/\/epsapps.udg.edu\/cidsav\/#\/schema\/logo\/image\/","url":"https:\/\/epsapps.udg.edu\/cidsav\/wp-content\/uploads\/2019\/09\/Logo-3-idomes-CIDSAV-verd-03.png","contentUrl":"https:\/\/epsapps.udg.edu\/cidsav\/wp-content\/uploads\/2019\/09\/Logo-3-idomes-CIDSAV-verd-03.png","width":1181,"height":1054,"caption":"CIDSAV"},"image":{"@id":"https:\/\/epsapps.udg.edu\/cidsav\/#\/schema\/logo\/image\/"},"sameAs":["https:\/\/www.instagram.com\/cidsav_udg\/?igsh=eDU0dzNpc2JzdG8y#"]}]}},"uagb_featured_image_src":{"full":false,"thumbnail":false,"medium":false,"medium_large":false,"large":false,"1536x1536":false,"2048x2048":false,"sydney-large-thumb":false,"sydney-medium-thumb":false,"sydney-small-thumb":false,"sydney-service-thumb":false,"sydney-mas-thumb":false},"uagb_author_info":{"display_name":"Cidsav","author_link":"https:\/\/epsapps.udg.edu\/cidsav\/author\/cidsav0140\/"},"uagb_comment_info":0,"uagb_excerpt":"DESARROLLO DE FUNGICIDAS Y BACTERICIDAS PRUEBAS IN VITRO (Nivel I) Consiste en la evaluaci\u00f3n in vitro de la actividad de inhibici\u00f3n del crecimiento pat\u00f3genos bacterianos [&hellip;]","_links":{"self":[{"href":"https:\/\/epsapps.udg.edu\/cidsav\/wp-json\/wp\/v2\/pages\/1370","targetHints":{"allow":["GET"]}}],"collection":[{"href":"https:\/\/epsapps.udg.edu\/cidsav\/wp-json\/wp\/v2\/pages"}],"about":[{"href":"https:\/\/epsapps.udg.edu\/cidsav\/wp-json\/wp\/v2\/types\/page"}],"author":[{"embeddable":true,"href":"https:\/\/epsapps.udg.edu\/cidsav\/wp-json\/wp\/v2\/users\/1"}],"replies":[{"embeddable":true,"href":"https:\/\/epsapps.udg.edu\/cidsav\/wp-json\/wp\/v2\/comments?post=1370"}],"version-history":[{"count":0,"href":"https:\/\/epsapps.udg.edu\/cidsav\/wp-json\/wp\/v2\/pages\/1370\/revisions"}],"wp:attachment":[{"href":"https:\/\/epsapps.udg.edu\/cidsav\/wp-json\/wp\/v2\/media?parent=1370"}],"curies":[{"name":"wp","href":"https:\/\/api.w.org\/{rel}","templated":true}]}}