{"id":1367,"date":"2020-04-04T18:25:46","date_gmt":"2020-04-04T16:25:46","guid":{"rendered":"http:\/\/localhost\/cidsav\/?page_id=1367"},"modified":"2021-03-04T12:52:20","modified_gmt":"2021-03-04T11:52:20","slug":"desenvolupament-de-fungicides","status":"publish","type":"page","link":"https:\/\/epsapps.udg.edu\/cidsav\/desenvolupament-de-fungicides\/","title":{"rendered":"Desenvolupament de fungicides"},"content":{"rendered":"\t\t<div data-elementor-type=\"wp-page\" data-elementor-id=\"1367\" class=\"elementor elementor-1367\">\n\t\t\t\t\t\t<section class=\"elementor-section elementor-top-section elementor-element elementor-element-7fdcafdb elementor-section-boxed elementor-section-height-default elementor-section-height-default\" data-id=\"7fdcafdb\" data-element_type=\"section\" data-e-type=\"section\">\n\t\t\t\t\t\t<div class=\"elementor-container elementor-column-gap-default\">\n\t\t\t\t\t<div class=\"elementor-column elementor-col-100 elementor-top-column elementor-element elementor-element-6039a939\" data-id=\"6039a939\" data-element_type=\"column\" data-e-type=\"column\">\n\t\t\t<div class=\"elementor-widget-wrap elementor-element-populated\">\n\t\t\t\t\t\t<div class=\"elementor-element elementor-element-5be2ce41 elementor-widget elementor-widget-heading\" data-id=\"5be2ce41\" data-element_type=\"widget\" data-e-type=\"widget\" data-widget_type=\"heading.default\">\n\t\t\t\t<div class=\"elementor-widget-container\">\n\t\t\t\t\t<h3 class=\"elementor-heading-title elementor-size-default\">DESENVOLUPAMENT DE FUNGICIDES I BACTERICIDES<\/h3>\t\t\t\t<\/div>\n\t\t\t\t<\/div>\n\t\t\t\t<div class=\"elementor-element elementor-element-321828e3 elementor-widget-divider--view-line elementor-widget elementor-widget-divider\" data-id=\"321828e3\" data-element_type=\"widget\" data-e-type=\"widget\" data-widget_type=\"divider.default\">\n\t\t\t\t<div class=\"elementor-widget-container\">\n\t\t\t\t\t\t\t<div class=\"elementor-divider\">\n\t\t\t<span class=\"elementor-divider-separator\">\n\t\t\t\t\t\t<\/span>\n\t\t<\/div>\n\t\t\t\t\t\t<\/div>\n\t\t\t\t<\/div>\n\t\t\t\t<section class=\"elementor-section elementor-inner-section elementor-element elementor-element-38ff3b6 elementor-section-boxed elementor-section-height-default elementor-section-height-default\" data-id=\"38ff3b6\" data-element_type=\"section\" data-e-type=\"section\">\n\t\t\t\t\t\t<div class=\"elementor-container elementor-column-gap-default\">\n\t\t\t\t\t<div class=\"elementor-column elementor-col-50 elementor-inner-column elementor-element elementor-element-fc9687e\" data-id=\"fc9687e\" data-element_type=\"column\" data-e-type=\"column\">\n\t\t\t<div class=\"elementor-widget-wrap elementor-element-populated\">\n\t\t\t\t\t\t<div class=\"elementor-element elementor-element-6d76e346 elementor-widget elementor-widget-image\" data-id=\"6d76e346\" data-element_type=\"widget\" data-e-type=\"widget\" data-widget_type=\"image.default\">\n\t\t\t\t<div class=\"elementor-widget-container\">\n\t\t\t\t\t\t\t\t\t\t\t\t\t\t\t<img fetchpriority=\"high\" decoding=\"async\" width=\"1024\" height=\"401\" src=\"https:\/\/epsapps.udg.edu\/cidsav\/wp-content\/uploads\/2020\/05\/imatge-4-1024x401.png\" class=\"attachment-large size-large wp-image-1783\" alt=\"Proves in vitro\" srcset=\"https:\/\/epsapps.udg.edu\/cidsav\/wp-content\/uploads\/2020\/05\/imatge-4-1024x401.png 1024w, https:\/\/epsapps.udg.edu\/cidsav\/wp-content\/uploads\/2020\/05\/imatge-4-300x118.png 300w, https:\/\/epsapps.udg.edu\/cidsav\/wp-content\/uploads\/2020\/05\/imatge-4-768x301.png 768w, https:\/\/epsapps.udg.edu\/cidsav\/wp-content\/uploads\/2020\/05\/imatge-4-1536x602.png 1536w, https:\/\/epsapps.udg.edu\/cidsav\/wp-content\/uploads\/2020\/05\/imatge-4-830x325.png 830w, https:\/\/epsapps.udg.edu\/cidsav\/wp-content\/uploads\/2020\/05\/imatge-4-230x90.png 230w, https:\/\/epsapps.udg.edu\/cidsav\/wp-content\/uploads\/2020\/05\/imatge-4-350x137.png 350w, https:\/\/epsapps.udg.edu\/cidsav\/wp-content\/uploads\/2020\/05\/imatge-4-480x188.png 480w, https:\/\/epsapps.udg.edu\/cidsav\/wp-content\/uploads\/2020\/05\/imatge-4.png 1913w\" sizes=\"(max-width: 1024px) 100vw, 1024px\" \/>\t\t\t\t\t\t\t\t\t\t\t\t\t\t\t<\/div>\n\t\t\t\t<\/div>\n\t\t\t\t\t<\/div>\n\t\t<\/div>\n\t\t\t\t<div class=\"elementor-column elementor-col-50 elementor-inner-column elementor-element elementor-element-0eeb759\" data-id=\"0eeb759\" data-element_type=\"column\" data-e-type=\"column\">\n\t\t\t<div class=\"elementor-widget-wrap elementor-element-populated\">\n\t\t\t\t\t\t<div class=\"elementor-element elementor-element-1c8fa439 elementor-widget elementor-widget-text-editor\" data-id=\"1c8fa439\" data-element_type=\"widget\" data-e-type=\"widget\" data-widget_type=\"text-editor.default\">\n\t\t\t\t<div class=\"elementor-widget-container\">\n\t\t\t\t\t\t\t\t\t<p><strong>PROVES IN VITRO (nivell I)<\/strong><\/p><p style=\"text-align: justify;\">Consisteix en l&#8217;avaluaci\u00f3 in vitro de l&#8217;activitat d&#8217;inhibici\u00f3 del creixement de pat\u00f2gens bacterians o f\u00fangics. Hi ha diferents tipus d\u2019assajos, incloent el test d&#8217;incorporaci\u00f3 en agar, les proves en l\u00edquid o l\u2019avaluaci\u00f3 de l&#8217;activitat microbiocida. Es poden realitzar assaigs de valoraci\u00f3 de la dosi-resposta i de determinaci\u00f3 de la concentraci\u00f3 m\u00ednima inhibit\u00f2ria (CMI) o de la dosi efectiva mitjana (ED50), utilitzant m\u00e8todes convencionals o una plataforma d&#8217;alt rendiment amb analitzadors microbiol\u00f2gics autom\u00e0tics.<\/p>\t\t\t\t\t\t\t\t<\/div>\n\t\t\t\t<\/div>\n\t\t\t\t\t<\/div>\n\t\t<\/div>\n\t\t\t\t\t<\/div>\n\t\t<\/section>\n\t\t\t\t<section class=\"elementor-section elementor-inner-section elementor-element elementor-element-e89a89a elementor-section-boxed elementor-section-height-default elementor-section-height-default\" data-id=\"e89a89a\" data-element_type=\"section\" data-e-type=\"section\">\n\t\t\t\t\t\t<div class=\"elementor-container elementor-column-gap-default\">\n\t\t\t\t\t<div class=\"elementor-column elementor-col-50 elementor-inner-column elementor-element elementor-element-687524c\" data-id=\"687524c\" data-element_type=\"column\" data-e-type=\"column\">\n\t\t\t<div class=\"elementor-widget-wrap elementor-element-populated\">\n\t\t\t\t\t\t<div class=\"elementor-element elementor-element-73578f36 elementor-widget elementor-widget-image\" data-id=\"73578f36\" data-element_type=\"widget\" data-e-type=\"widget\" data-widget_type=\"image.default\">\n\t\t\t\t<div class=\"elementor-widget-container\">\n\t\t\t\t\t\t\t\t\t\t\t\t\t\t\t<img decoding=\"async\" width=\"1024\" height=\"401\" src=\"https:\/\/epsapps.udg.edu\/cidsav\/wp-content\/uploads\/2020\/05\/imatge-5-1024x401.png\" class=\"attachment-large size-large wp-image-1785\" alt=\"Assajos ex vivo\" srcset=\"https:\/\/epsapps.udg.edu\/cidsav\/wp-content\/uploads\/2020\/05\/imatge-5-1024x401.png 1024w, https:\/\/epsapps.udg.edu\/cidsav\/wp-content\/uploads\/2020\/05\/imatge-5-300x118.png 300w, https:\/\/epsapps.udg.edu\/cidsav\/wp-content\/uploads\/2020\/05\/imatge-5-768x301.png 768w, https:\/\/epsapps.udg.edu\/cidsav\/wp-content\/uploads\/2020\/05\/imatge-5-1536x602.png 1536w, https:\/\/epsapps.udg.edu\/cidsav\/wp-content\/uploads\/2020\/05\/imatge-5-830x325.png 830w, https:\/\/epsapps.udg.edu\/cidsav\/wp-content\/uploads\/2020\/05\/imatge-5-230x90.png 230w, https:\/\/epsapps.udg.edu\/cidsav\/wp-content\/uploads\/2020\/05\/imatge-5-350x137.png 350w, https:\/\/epsapps.udg.edu\/cidsav\/wp-content\/uploads\/2020\/05\/imatge-5-480x188.png 480w, https:\/\/epsapps.udg.edu\/cidsav\/wp-content\/uploads\/2020\/05\/imatge-5.png 1913w\" sizes=\"(max-width: 1024px) 100vw, 1024px\" \/>\t\t\t\t\t\t\t\t\t\t\t\t\t\t\t<\/div>\n\t\t\t\t<\/div>\n\t\t\t\t\t<\/div>\n\t\t<\/div>\n\t\t\t\t<div class=\"elementor-column elementor-col-50 elementor-inner-column elementor-element elementor-element-806e960\" data-id=\"806e960\" data-element_type=\"column\" data-e-type=\"column\">\n\t\t\t<div class=\"elementor-widget-wrap elementor-element-populated\">\n\t\t\t\t\t\t<div class=\"elementor-element elementor-element-1c1e9e59 elementor-widget elementor-widget-text-editor\" data-id=\"1c1e9e59\" data-element_type=\"widget\" data-e-type=\"widget\" data-widget_type=\"text-editor.default\">\n\t\t\t\t<div class=\"elementor-widget-container\">\n\t\t\t\t\t\t\t\t\t<p><strong>ASSAJOS EX VIVO (nivell II)<\/strong><\/p><p style=\"text-align: justify;\">En aquest tipus d\u2019assajos, els compostos s&#8217;apliquen als \u00f2rgans de les plantes separats (flors, fruits, fulles, arrels) intactes o amb ferida pr\u00e8via, i posteriorment, el patogen \u00e9s inoculat (preventiu). El patogen tamb\u00e9 pot ser inoculat simult\u00e0niament o abans del tractament. El material \u00e9s incubat en fitotrons en les condicions adequades pel desenvolupament de la malaltia. Diversos pat\u00f2gens estan disponibles o sota demanda, incloent bacteris i fongs, i pat\u00f2gens aeris o de l\u2019arrel o del fruit.<\/p>\t\t\t\t\t\t\t\t<\/div>\n\t\t\t\t<\/div>\n\t\t\t\t\t<\/div>\n\t\t<\/div>\n\t\t\t\t\t<\/div>\n\t\t<\/section>\n\t\t\t\t<section class=\"elementor-section elementor-inner-section elementor-element elementor-element-3152a582 elementor-section-boxed elementor-section-height-default elementor-section-height-default\" data-id=\"3152a582\" data-element_type=\"section\" data-e-type=\"section\">\n\t\t\t\t\t\t<div class=\"elementor-container elementor-column-gap-default\">\n\t\t\t\t\t<div class=\"elementor-column elementor-col-50 elementor-inner-column elementor-element elementor-element-236251c1\" data-id=\"236251c1\" data-element_type=\"column\" data-e-type=\"column\">\n\t\t\t<div class=\"elementor-widget-wrap elementor-element-populated\">\n\t\t\t\t\t\t<div class=\"elementor-element elementor-element-6ee3a55d elementor-widget elementor-widget-image\" data-id=\"6ee3a55d\" data-element_type=\"widget\" data-e-type=\"widget\" data-widget_type=\"image.default\">\n\t\t\t\t<div class=\"elementor-widget-container\">\n\t\t\t\t\t\t\t\t\t\t\t\t\t\t\t<img decoding=\"async\" width=\"1024\" height=\"401\" src=\"https:\/\/epsapps.udg.edu\/cidsav\/wp-content\/uploads\/2020\/05\/imatge-6-1024x401.png\" class=\"attachment-large size-large wp-image-1787\" alt=\"Assajos d\u2019efic\u00e0cia en plantes en condicions controlades\" srcset=\"https:\/\/epsapps.udg.edu\/cidsav\/wp-content\/uploads\/2020\/05\/imatge-6-1024x401.png 1024w, https:\/\/epsapps.udg.edu\/cidsav\/wp-content\/uploads\/2020\/05\/imatge-6-300x118.png 300w, https:\/\/epsapps.udg.edu\/cidsav\/wp-content\/uploads\/2020\/05\/imatge-6-768x301.png 768w, https:\/\/epsapps.udg.edu\/cidsav\/wp-content\/uploads\/2020\/05\/imatge-6-1536x602.png 1536w, https:\/\/epsapps.udg.edu\/cidsav\/wp-content\/uploads\/2020\/05\/imatge-6-830x325.png 830w, https:\/\/epsapps.udg.edu\/cidsav\/wp-content\/uploads\/2020\/05\/imatge-6-230x90.png 230w, https:\/\/epsapps.udg.edu\/cidsav\/wp-content\/uploads\/2020\/05\/imatge-6-350x137.png 350w, https:\/\/epsapps.udg.edu\/cidsav\/wp-content\/uploads\/2020\/05\/imatge-6-480x188.png 480w, https:\/\/epsapps.udg.edu\/cidsav\/wp-content\/uploads\/2020\/05\/imatge-6.png 1913w\" sizes=\"(max-width: 1024px) 100vw, 1024px\" \/>\t\t\t\t\t\t\t\t\t\t\t\t\t\t\t<\/div>\n\t\t\t\t<\/div>\n\t\t\t\t\t<\/div>\n\t\t<\/div>\n\t\t\t\t<div class=\"elementor-column elementor-col-50 elementor-inner-column elementor-element elementor-element-22329051\" data-id=\"22329051\" data-element_type=\"column\" data-e-type=\"column\">\n\t\t\t<div class=\"elementor-widget-wrap elementor-element-populated\">\n\t\t\t\t\t\t<div class=\"elementor-element elementor-element-399b86db elementor-widget elementor-widget-text-editor\" data-id=\"399b86db\" data-element_type=\"widget\" data-e-type=\"widget\" data-widget_type=\"text-editor.default\">\n\t\t\t\t<div class=\"elementor-widget-container\">\n\t\t\t\t\t\t\t\t\t<p style=\"text-align: justify;\"><strong>ASSAJOS D\u2019EFIC\u00c0CIA EN PLANTES EN CONDICIONS CONTROLADES (nivell III)<\/strong><\/p><p style=\"text-align: justify;\">En aquests assajos s\u2019utilitzen plantes en test per tal de determinar l&#8217;efic\u00e0cia del control dels bactericides o fungicides (tamb\u00e9 nematicides) en un fitotr\u00f3 o hivernacle sota condicions controlades. Els compostos s&#8217;apliquen a les plantes generalment per polvoritzaci\u00f3 o reg. El patogen \u00e9s inoculat abans, simult\u00e0niament o despr\u00e9s del tractament. Les plantes es conreen sota condicions controlades de temperatura, humitat relativa i fotoper\u00edodes. La severitat de la malaltia \u00e9s avaluada durant el proc\u00e9s.<\/p>\t\t\t\t\t\t\t\t<\/div>\n\t\t\t\t<\/div>\n\t\t\t\t\t<\/div>\n\t\t<\/div>\n\t\t\t\t\t<\/div>\n\t\t<\/section>\n\t\t\t\t\t<\/div>\n\t\t<\/div>\n\t\t\t\t\t<\/div>\n\t\t<\/section>\n\t\t\t\t<\/div>\n\t\t","protected":false},"excerpt":{"rendered":"<p>DESENVOLUPAMENT DE FUNGICIDES I BACTERICIDES PROVES IN VITRO (nivell I) Consisteix en l&#8217;avaluaci\u00f3 in vitro de l&#8217;activitat d&#8217;inhibici\u00f3 del creixement de pat\u00f2gens bacterians o f\u00fangics. [&hellip;]<\/p>\n","protected":false},"author":1,"featured_media":0,"parent":0,"menu_order":0,"comment_status":"closed","ping_status":"closed","template":"elementor_header_footer","meta":{"_uag_custom_page_level_css":"","footnotes":""},"class_list":["post-1367","page","type-page","status-publish","hentry"],"yoast_head":"<!-- This site is optimized with the Yoast SEO plugin v27.4 - https:\/\/yoast.com\/product\/yoast-seo-wordpress\/ -->\n<title>DESENVOLUPAMENT DE FUNGICIDES I BACTERICIDES<\/title>\n<meta name=\"robots\" content=\"index, follow, max-snippet:-1, max-image-preview:large, max-video-preview:-1\" \/>\n<link rel=\"canonical\" href=\"https:\/\/epsapps.udg.edu\/cidsav\/desenvolupament-de-fungicides\/\" \/>\n<meta property=\"og:locale\" content=\"es_ES\" \/>\n<meta property=\"og:type\" content=\"article\" \/>\n<meta property=\"og:title\" content=\"DESENVOLUPAMENT DE FUNGICIDES I BACTERICIDES\" \/>\n<meta property=\"og:description\" content=\"DESENVOLUPAMENT DE FUNGICIDES I BACTERICIDES PROVES IN VITRO (nivell I) Consisteix en l&#8217;avaluaci\u00f3 in vitro de l&#8217;activitat d&#8217;inhibici\u00f3 del creixement de pat\u00f2gens bacterians o f\u00fangics. [&hellip;]\" \/>\n<meta property=\"og:url\" content=\"https:\/\/epsapps.udg.edu\/cidsav\/desenvolupament-de-fungicides\/\" \/>\n<meta property=\"og:site_name\" content=\"CIDSAV\" \/>\n<meta property=\"article:modified_time\" content=\"2021-03-04T11:52:20+00:00\" \/>\n<meta property=\"og:image\" content=\"https:\/\/epsapps.udg.edu\/cidsav\/wp-content\/uploads\/2020\/05\/imatge-4-1024x401.png\" \/>\n<meta name=\"twitter:card\" content=\"summary_large_image\" \/>\n<meta name=\"twitter:label1\" content=\"Tiempo de lectura\" \/>\n\t<meta name=\"twitter:data1\" content=\"2 minutos\" \/>\n<script type=\"application\/ld+json\" class=\"yoast-schema-graph\">{\"@context\":\"https:\\\/\\\/schema.org\",\"@graph\":[{\"@type\":\"WebPage\",\"@id\":\"https:\\\/\\\/epsapps.udg.edu\\\/cidsav\\\/desenvolupament-de-fungicides\\\/\",\"url\":\"https:\\\/\\\/epsapps.udg.edu\\\/cidsav\\\/desenvolupament-de-fungicides\\\/\",\"name\":\"DESENVOLUPAMENT DE FUNGICIDES I BACTERICIDES\",\"isPartOf\":{\"@id\":\"https:\\\/\\\/epsapps.udg.edu\\\/cidsav\\\/#website\"},\"primaryImageOfPage\":{\"@id\":\"https:\\\/\\\/epsapps.udg.edu\\\/cidsav\\\/desenvolupament-de-fungicides\\\/#primaryimage\"},\"image\":{\"@id\":\"https:\\\/\\\/epsapps.udg.edu\\\/cidsav\\\/desenvolupament-de-fungicides\\\/#primaryimage\"},\"thumbnailUrl\":\"https:\\\/\\\/epsapps.udg.edu\\\/cidsav\\\/wp-content\\\/uploads\\\/2020\\\/05\\\/imatge-4-1024x401.png\",\"datePublished\":\"2020-04-04T16:25:46+00:00\",\"dateModified\":\"2021-03-04T11:52:20+00:00\",\"breadcrumb\":{\"@id\":\"https:\\\/\\\/epsapps.udg.edu\\\/cidsav\\\/desenvolupament-de-fungicides\\\/#breadcrumb\"},\"inLanguage\":\"es\",\"potentialAction\":[{\"@type\":\"ReadAction\",\"target\":[\"https:\\\/\\\/epsapps.udg.edu\\\/cidsav\\\/desenvolupament-de-fungicides\\\/\"]}]},{\"@type\":\"ImageObject\",\"inLanguage\":\"es\",\"@id\":\"https:\\\/\\\/epsapps.udg.edu\\\/cidsav\\\/desenvolupament-de-fungicides\\\/#primaryimage\",\"url\":\"https:\\\/\\\/epsapps.udg.edu\\\/cidsav\\\/wp-content\\\/uploads\\\/2020\\\/05\\\/imatge-4-1024x401.png\",\"contentUrl\":\"https:\\\/\\\/epsapps.udg.edu\\\/cidsav\\\/wp-content\\\/uploads\\\/2020\\\/05\\\/imatge-4-1024x401.png\"},{\"@type\":\"BreadcrumbList\",\"@id\":\"https:\\\/\\\/epsapps.udg.edu\\\/cidsav\\\/desenvolupament-de-fungicides\\\/#breadcrumb\",\"itemListElement\":[{\"@type\":\"ListItem\",\"position\":1,\"name\":\"Portada\",\"item\":\"https:\\\/\\\/epsapps.udg.edu\\\/cidsav\\\/\"},{\"@type\":\"ListItem\",\"position\":2,\"name\":\"Desenvolupament de fungicides\"}]},{\"@type\":\"WebSite\",\"@id\":\"https:\\\/\\\/epsapps.udg.edu\\\/cidsav\\\/#website\",\"url\":\"https:\\\/\\\/epsapps.udg.edu\\\/cidsav\\\/\",\"name\":\"CIDSAV\",\"description\":\"\",\"publisher\":{\"@id\":\"https:\\\/\\\/epsapps.udg.edu\\\/cidsav\\\/#organization\"},\"potentialAction\":[{\"@type\":\"SearchAction\",\"target\":{\"@type\":\"EntryPoint\",\"urlTemplate\":\"https:\\\/\\\/epsapps.udg.edu\\\/cidsav\\\/?s={search_term_string}\"},\"query-input\":{\"@type\":\"PropertyValueSpecification\",\"valueRequired\":true,\"valueName\":\"search_term_string\"}}],\"inLanguage\":\"es\"},{\"@type\":\"Organization\",\"@id\":\"https:\\\/\\\/epsapps.udg.edu\\\/cidsav\\\/#organization\",\"name\":\"CIDSAV\",\"url\":\"https:\\\/\\\/epsapps.udg.edu\\\/cidsav\\\/\",\"logo\":{\"@type\":\"ImageObject\",\"inLanguage\":\"es\",\"@id\":\"https:\\\/\\\/epsapps.udg.edu\\\/cidsav\\\/#\\\/schema\\\/logo\\\/image\\\/\",\"url\":\"https:\\\/\\\/epsapps.udg.edu\\\/cidsav\\\/wp-content\\\/uploads\\\/2019\\\/09\\\/Logo-3-idomes-CIDSAV-verd-03.png\",\"contentUrl\":\"https:\\\/\\\/epsapps.udg.edu\\\/cidsav\\\/wp-content\\\/uploads\\\/2019\\\/09\\\/Logo-3-idomes-CIDSAV-verd-03.png\",\"width\":1181,\"height\":1054,\"caption\":\"CIDSAV\"},\"image\":{\"@id\":\"https:\\\/\\\/epsapps.udg.edu\\\/cidsav\\\/#\\\/schema\\\/logo\\\/image\\\/\"},\"sameAs\":[\"https:\\\/\\\/www.instagram.com\\\/cidsav_udg\\\/?igsh=eDU0dzNpc2JzdG8y#\"]}]}<\/script>\n<!-- \/ Yoast SEO plugin. -->","yoast_head_json":{"title":"DESENVOLUPAMENT DE FUNGICIDES I BACTERICIDES","robots":{"index":"index","follow":"follow","max-snippet":"max-snippet:-1","max-image-preview":"max-image-preview:large","max-video-preview":"max-video-preview:-1"},"canonical":"https:\/\/epsapps.udg.edu\/cidsav\/desenvolupament-de-fungicides\/","og_locale":"es_ES","og_type":"article","og_title":"DESENVOLUPAMENT DE FUNGICIDES I BACTERICIDES","og_description":"DESENVOLUPAMENT DE FUNGICIDES I BACTERICIDES PROVES IN VITRO (nivell I) Consisteix en l&#8217;avaluaci\u00f3 in vitro de l&#8217;activitat d&#8217;inhibici\u00f3 del creixement de pat\u00f2gens bacterians o f\u00fangics. [&hellip;]","og_url":"https:\/\/epsapps.udg.edu\/cidsav\/desenvolupament-de-fungicides\/","og_site_name":"CIDSAV","article_modified_time":"2021-03-04T11:52:20+00:00","og_image":[{"url":"https:\/\/epsapps.udg.edu\/cidsav\/wp-content\/uploads\/2020\/05\/imatge-4-1024x401.png","type":"","width":"","height":""}],"twitter_card":"summary_large_image","twitter_misc":{"Tiempo de lectura":"2 minutos"},"schema":{"@context":"https:\/\/schema.org","@graph":[{"@type":"WebPage","@id":"https:\/\/epsapps.udg.edu\/cidsav\/desenvolupament-de-fungicides\/","url":"https:\/\/epsapps.udg.edu\/cidsav\/desenvolupament-de-fungicides\/","name":"DESENVOLUPAMENT DE FUNGICIDES I BACTERICIDES","isPartOf":{"@id":"https:\/\/epsapps.udg.edu\/cidsav\/#website"},"primaryImageOfPage":{"@id":"https:\/\/epsapps.udg.edu\/cidsav\/desenvolupament-de-fungicides\/#primaryimage"},"image":{"@id":"https:\/\/epsapps.udg.edu\/cidsav\/desenvolupament-de-fungicides\/#primaryimage"},"thumbnailUrl":"https:\/\/epsapps.udg.edu\/cidsav\/wp-content\/uploads\/2020\/05\/imatge-4-1024x401.png","datePublished":"2020-04-04T16:25:46+00:00","dateModified":"2021-03-04T11:52:20+00:00","breadcrumb":{"@id":"https:\/\/epsapps.udg.edu\/cidsav\/desenvolupament-de-fungicides\/#breadcrumb"},"inLanguage":"es","potentialAction":[{"@type":"ReadAction","target":["https:\/\/epsapps.udg.edu\/cidsav\/desenvolupament-de-fungicides\/"]}]},{"@type":"ImageObject","inLanguage":"es","@id":"https:\/\/epsapps.udg.edu\/cidsav\/desenvolupament-de-fungicides\/#primaryimage","url":"https:\/\/epsapps.udg.edu\/cidsav\/wp-content\/uploads\/2020\/05\/imatge-4-1024x401.png","contentUrl":"https:\/\/epsapps.udg.edu\/cidsav\/wp-content\/uploads\/2020\/05\/imatge-4-1024x401.png"},{"@type":"BreadcrumbList","@id":"https:\/\/epsapps.udg.edu\/cidsav\/desenvolupament-de-fungicides\/#breadcrumb","itemListElement":[{"@type":"ListItem","position":1,"name":"Portada","item":"https:\/\/epsapps.udg.edu\/cidsav\/"},{"@type":"ListItem","position":2,"name":"Desenvolupament de fungicides"}]},{"@type":"WebSite","@id":"https:\/\/epsapps.udg.edu\/cidsav\/#website","url":"https:\/\/epsapps.udg.edu\/cidsav\/","name":"CIDSAV","description":"","publisher":{"@id":"https:\/\/epsapps.udg.edu\/cidsav\/#organization"},"potentialAction":[{"@type":"SearchAction","target":{"@type":"EntryPoint","urlTemplate":"https:\/\/epsapps.udg.edu\/cidsav\/?s={search_term_string}"},"query-input":{"@type":"PropertyValueSpecification","valueRequired":true,"valueName":"search_term_string"}}],"inLanguage":"es"},{"@type":"Organization","@id":"https:\/\/epsapps.udg.edu\/cidsav\/#organization","name":"CIDSAV","url":"https:\/\/epsapps.udg.edu\/cidsav\/","logo":{"@type":"ImageObject","inLanguage":"es","@id":"https:\/\/epsapps.udg.edu\/cidsav\/#\/schema\/logo\/image\/","url":"https:\/\/epsapps.udg.edu\/cidsav\/wp-content\/uploads\/2019\/09\/Logo-3-idomes-CIDSAV-verd-03.png","contentUrl":"https:\/\/epsapps.udg.edu\/cidsav\/wp-content\/uploads\/2019\/09\/Logo-3-idomes-CIDSAV-verd-03.png","width":1181,"height":1054,"caption":"CIDSAV"},"image":{"@id":"https:\/\/epsapps.udg.edu\/cidsav\/#\/schema\/logo\/image\/"},"sameAs":["https:\/\/www.instagram.com\/cidsav_udg\/?igsh=eDU0dzNpc2JzdG8y#"]}]}},"uagb_featured_image_src":{"full":false,"thumbnail":false,"medium":false,"medium_large":false,"large":false,"1536x1536":false,"2048x2048":false,"sydney-large-thumb":false,"sydney-medium-thumb":false,"sydney-small-thumb":false,"sydney-service-thumb":false,"sydney-mas-thumb":false},"uagb_author_info":{"display_name":"Cidsav","author_link":"https:\/\/epsapps.udg.edu\/cidsav\/author\/cidsav0140\/"},"uagb_comment_info":0,"uagb_excerpt":"DESENVOLUPAMENT DE FUNGICIDES I BACTERICIDES PROVES IN VITRO (nivell I) Consisteix en l&#8217;avaluaci\u00f3 in vitro de l&#8217;activitat d&#8217;inhibici\u00f3 del creixement de pat\u00f2gens bacterians o f\u00fangics. [&hellip;]","_links":{"self":[{"href":"https:\/\/epsapps.udg.edu\/cidsav\/wp-json\/wp\/v2\/pages\/1367","targetHints":{"allow":["GET"]}}],"collection":[{"href":"https:\/\/epsapps.udg.edu\/cidsav\/wp-json\/wp\/v2\/pages"}],"about":[{"href":"https:\/\/epsapps.udg.edu\/cidsav\/wp-json\/wp\/v2\/types\/page"}],"author":[{"embeddable":true,"href":"https:\/\/epsapps.udg.edu\/cidsav\/wp-json\/wp\/v2\/users\/1"}],"replies":[{"embeddable":true,"href":"https:\/\/epsapps.udg.edu\/cidsav\/wp-json\/wp\/v2\/comments?post=1367"}],"version-history":[{"count":0,"href":"https:\/\/epsapps.udg.edu\/cidsav\/wp-json\/wp\/v2\/pages\/1367\/revisions"}],"wp:attachment":[{"href":"https:\/\/epsapps.udg.edu\/cidsav\/wp-json\/wp\/v2\/media?parent=1367"}],"curies":[{"name":"wp","href":"https:\/\/api.w.org\/{rel}","templated":true}]}}