{"id":1353,"date":"2020-04-04T17:46:00","date_gmt":"2020-04-04T15:46:00","guid":{"rendered":"http:\/\/localhost\/cidsav\/?page_id=1353"},"modified":"2025-01-10T09:30:55","modified_gmt":"2025-01-10T08:30:55","slug":"desenvolupament-de-microbians","status":"publish","type":"page","link":"https:\/\/epsapps.udg.edu\/cidsav\/desenvolupament-de-microbians\/","title":{"rendered":"Desenvolupament de Microbians"},"content":{"rendered":"\t\t<div data-elementor-type=\"wp-page\" data-elementor-id=\"1353\" class=\"elementor elementor-1353\">\n\t\t\t\t\t\t<section class=\"elementor-section elementor-top-section elementor-element elementor-element-d62745a elementor-section-boxed elementor-section-height-default elementor-section-height-default\" data-id=\"d62745a\" data-element_type=\"section\" data-e-type=\"section\">\n\t\t\t\t\t\t<div class=\"elementor-container elementor-column-gap-default\">\n\t\t\t\t\t<div class=\"elementor-column elementor-col-100 elementor-top-column elementor-element elementor-element-c25b4f4\" data-id=\"c25b4f4\" data-element_type=\"column\" data-e-type=\"column\">\n\t\t\t<div class=\"elementor-widget-wrap elementor-element-populated\">\n\t\t\t\t\t\t<div class=\"elementor-element elementor-element-82e7af3 elementor-widget elementor-widget-heading\" data-id=\"82e7af3\" data-element_type=\"widget\" data-e-type=\"widget\" data-widget_type=\"heading.default\">\n\t\t\t\t<div class=\"elementor-widget-container\">\n\t\t\t\t\t<h3 class=\"elementor-heading-title elementor-size-default\">DESENVOLUPAMENT DE BIOPLAGUICIDES, BIOFERTILITZANTS I BIOESTIMULANTS MICROBIANS<\/h3>\t\t\t\t<\/div>\n\t\t\t\t<\/div>\n\t\t\t\t<div class=\"elementor-element elementor-element-495efef elementor-widget-divider--view-line elementor-widget elementor-widget-divider\" data-id=\"495efef\" data-element_type=\"widget\" data-e-type=\"widget\" data-widget_type=\"divider.default\">\n\t\t\t\t<div class=\"elementor-widget-container\">\n\t\t\t\t\t\t\t<div class=\"elementor-divider\">\n\t\t\t<span class=\"elementor-divider-separator\">\n\t\t\t\t\t\t<\/span>\n\t\t<\/div>\n\t\t\t\t\t\t<\/div>\n\t\t\t\t<\/div>\n\t\t\t\t<section class=\"elementor-section elementor-inner-section elementor-element elementor-element-f0b24b3 elementor-section-boxed elementor-section-height-default elementor-section-height-default\" data-id=\"f0b24b3\" data-element_type=\"section\" data-e-type=\"section\">\n\t\t\t\t\t\t<div class=\"elementor-container elementor-column-gap-default\">\n\t\t\t\t\t<div class=\"elementor-column elementor-col-50 elementor-inner-column elementor-element elementor-element-72485ae\" data-id=\"72485ae\" data-element_type=\"column\" data-e-type=\"column\">\n\t\t\t<div class=\"elementor-widget-wrap elementor-element-populated\">\n\t\t\t\t\t\t<div class=\"elementor-element elementor-element-69f9760 elementor-widget elementor-widget-image\" data-id=\"69f9760\" data-element_type=\"widget\" data-e-type=\"widget\" data-widget_type=\"image.default\">\n\t\t\t\t<div class=\"elementor-widget-container\">\n\t\t\t\t\t\t\t\t\t\t\t\t\t\t\t<img fetchpriority=\"high\" decoding=\"async\" width=\"1024\" height=\"401\" src=\"https:\/\/epsapps.udg.edu\/cidsav\/wp-content\/uploads\/2020\/05\/imatge-1-1024x401.png\" class=\"attachment-large size-large wp-image-1769\" alt=\"A\u00efllament i assajos in vitro\" srcset=\"https:\/\/epsapps.udg.edu\/cidsav\/wp-content\/uploads\/2020\/05\/imatge-1-1024x401.png 1024w, https:\/\/epsapps.udg.edu\/cidsav\/wp-content\/uploads\/2020\/05\/imatge-1-300x118.png 300w, https:\/\/epsapps.udg.edu\/cidsav\/wp-content\/uploads\/2020\/05\/imatge-1-768x301.png 768w, https:\/\/epsapps.udg.edu\/cidsav\/wp-content\/uploads\/2020\/05\/imatge-1-1536x602.png 1536w, https:\/\/epsapps.udg.edu\/cidsav\/wp-content\/uploads\/2020\/05\/imatge-1-830x325.png 830w, https:\/\/epsapps.udg.edu\/cidsav\/wp-content\/uploads\/2020\/05\/imatge-1-230x90.png 230w, https:\/\/epsapps.udg.edu\/cidsav\/wp-content\/uploads\/2020\/05\/imatge-1-350x137.png 350w, https:\/\/epsapps.udg.edu\/cidsav\/wp-content\/uploads\/2020\/05\/imatge-1-480x188.png 480w, https:\/\/epsapps.udg.edu\/cidsav\/wp-content\/uploads\/2020\/05\/imatge-1.png 1913w\" sizes=\"(max-width: 1024px) 100vw, 1024px\" \/>\t\t\t\t\t\t\t\t\t\t\t\t\t\t\t<\/div>\n\t\t\t\t<\/div>\n\t\t\t\t\t<\/div>\n\t\t<\/div>\n\t\t\t\t<div class=\"elementor-column elementor-col-50 elementor-inner-column elementor-element elementor-element-a461604\" data-id=\"a461604\" data-element_type=\"column\" data-e-type=\"column\">\n\t\t\t<div class=\"elementor-widget-wrap elementor-element-populated\">\n\t\t\t\t\t\t<div class=\"elementor-element elementor-element-b7a4fef elementor-widget elementor-widget-text-editor\" data-id=\"b7a4fef\" data-element_type=\"widget\" data-e-type=\"widget\" data-widget_type=\"text-editor.default\">\n\t\t\t\t<div class=\"elementor-widget-container\">\n\t\t\t\t\t\t\t\t\t<p><strong>A\u00cfLLAMENT I ASSAJOS IN VITRO\u00a0<\/strong><\/p><p style=\"text-align: justify;\">Aquest pas consisteix en l&#8217;obtenci\u00f3 de la microbiota a partir de diverses mostres, el desenvolupament d&#8217;una col\u00b7lecci\u00f3 (llibreria) de soques i la realitzaci\u00f3 de proves in vitro d\u2019activitat biol\u00f2gica (antimicrobiana, enzim\u00e0tica). S&#8217;ha desenvolupat una metodologia de cribratge d&#8217;alt rendiment basat en la selecci\u00f3 assistida per marcadors moleculars per al cribatge de grans quantitats d&#8217;a\u00efllats.<\/p>\t\t\t\t\t\t\t\t<\/div>\n\t\t\t\t<\/div>\n\t\t\t\t\t<\/div>\n\t\t<\/div>\n\t\t\t\t\t<\/div>\n\t\t<\/section>\n\t\t\t\t<section class=\"elementor-section elementor-inner-section elementor-element elementor-element-cb894c8 elementor-section-boxed elementor-section-height-default elementor-section-height-default\" data-id=\"cb894c8\" data-element_type=\"section\" data-e-type=\"section\">\n\t\t\t\t\t\t<div class=\"elementor-container elementor-column-gap-default\">\n\t\t\t\t\t<div class=\"elementor-column elementor-col-50 elementor-inner-column elementor-element elementor-element-1d92bac\" data-id=\"1d92bac\" data-element_type=\"column\" data-e-type=\"column\">\n\t\t\t<div class=\"elementor-widget-wrap elementor-element-populated\">\n\t\t\t\t\t\t<div class=\"elementor-element elementor-element-896dec8 elementor-widget elementor-widget-image\" data-id=\"896dec8\" data-element_type=\"widget\" data-e-type=\"widget\" data-widget_type=\"image.default\">\n\t\t\t\t<div class=\"elementor-widget-container\">\n\t\t\t\t\t\t\t\t\t\t\t\t\t\t\t<img decoding=\"async\" width=\"1024\" height=\"401\" src=\"https:\/\/epsapps.udg.edu\/cidsav\/wp-content\/uploads\/2020\/05\/imatge2-1024x401.png\" class=\"attachment-large size-large wp-image-1774\" alt=\"Assajos d\u2019efic\u00e0cia en material vegetal\" srcset=\"https:\/\/epsapps.udg.edu\/cidsav\/wp-content\/uploads\/2020\/05\/imatge2-1024x401.png 1024w, https:\/\/epsapps.udg.edu\/cidsav\/wp-content\/uploads\/2020\/05\/imatge2-300x118.png 300w, https:\/\/epsapps.udg.edu\/cidsav\/wp-content\/uploads\/2020\/05\/imatge2-768x301.png 768w, https:\/\/epsapps.udg.edu\/cidsav\/wp-content\/uploads\/2020\/05\/imatge2-1536x602.png 1536w, https:\/\/epsapps.udg.edu\/cidsav\/wp-content\/uploads\/2020\/05\/imatge2-830x325.png 830w, https:\/\/epsapps.udg.edu\/cidsav\/wp-content\/uploads\/2020\/05\/imatge2-230x90.png 230w, https:\/\/epsapps.udg.edu\/cidsav\/wp-content\/uploads\/2020\/05\/imatge2-350x137.png 350w, https:\/\/epsapps.udg.edu\/cidsav\/wp-content\/uploads\/2020\/05\/imatge2-480x188.png 480w, https:\/\/epsapps.udg.edu\/cidsav\/wp-content\/uploads\/2020\/05\/imatge2.png 1913w\" sizes=\"(max-width: 1024px) 100vw, 1024px\" \/>\t\t\t\t\t\t\t\t\t\t\t\t\t\t\t<\/div>\n\t\t\t\t<\/div>\n\t\t\t\t\t<\/div>\n\t\t<\/div>\n\t\t\t\t<div class=\"elementor-column elementor-col-50 elementor-inner-column elementor-element elementor-element-e4b8606\" data-id=\"e4b8606\" data-element_type=\"column\" data-e-type=\"column\">\n\t\t\t<div class=\"elementor-widget-wrap elementor-element-populated\">\n\t\t\t\t\t\t<div class=\"elementor-element elementor-element-0e88832 elementor-widget elementor-widget-text-editor\" data-id=\"0e88832\" data-element_type=\"widget\" data-e-type=\"widget\" data-widget_type=\"text-editor.default\">\n\t\t\t\t<div class=\"elementor-widget-container\">\n\t\t\t\t\t\t\t\t\t<p><strong>ASSAJOS D&#8217;EFIC\u00c0CIA EN MATERIAL VEGETAL EN CONDICIONS CONTROLADES DE LABORATORI (FITOTR\u00d3)<\/strong><\/p><p style=\"text-align: justify;\">Un cop seleccionades les soques l\u00edders, s\u2019avalua l&#8217;activitat (per exemple, la inhibici\u00f3 de la infecci\u00f3 causada pel patogen, la promoci\u00f3 del creixement)\u00a0 en material vegetal mitjan\u00e7ant assajos ex vivo (fruites, fulles, tubercles o flors) o en planta en condicions controlades de laboratori (fitotr\u00f3). Per al biocontrol de les infeccions, diversos pat\u00f2gens estan disponibles o sota demanda, incloent bacteris i fongs, i pat\u00f2gens aeris o d\u2019arrels o de fruit.<\/p>\t\t\t\t\t\t\t\t<\/div>\n\t\t\t\t<\/div>\n\t\t\t\t\t<\/div>\n\t\t<\/div>\n\t\t\t\t\t<\/div>\n\t\t<\/section>\n\t\t\t\t<section class=\"elementor-section elementor-inner-section elementor-element elementor-element-7fc5188 elementor-section-boxed elementor-section-height-default elementor-section-height-default\" data-id=\"7fc5188\" data-element_type=\"section\" data-e-type=\"section\">\n\t\t\t\t\t\t<div class=\"elementor-container elementor-column-gap-default\">\n\t\t\t\t\t<div class=\"elementor-column elementor-col-50 elementor-inner-column elementor-element elementor-element-c440359\" data-id=\"c440359\" data-element_type=\"column\" data-e-type=\"column\">\n\t\t\t<div class=\"elementor-widget-wrap elementor-element-populated\">\n\t\t\t\t\t\t<div class=\"elementor-element elementor-element-4e46af3 elementor-widget elementor-widget-image\" data-id=\"4e46af3\" data-element_type=\"widget\" data-e-type=\"widget\" data-widget_type=\"image.default\">\n\t\t\t\t<div class=\"elementor-widget-container\">\n\t\t\t\t\t\t\t\t\t\t\t\t\t\t\t<img decoding=\"async\" width=\"1024\" height=\"401\" src=\"https:\/\/epsapps.udg.edu\/cidsav\/wp-content\/uploads\/2020\/05\/imatge3-1024x401.png\" class=\"attachment-large size-large wp-image-1777\" alt=\"Assajos d\u2019efic\u00e0cia en plantes sota ambient controlat\" srcset=\"https:\/\/epsapps.udg.edu\/cidsav\/wp-content\/uploads\/2020\/05\/imatge3-1024x401.png 1024w, https:\/\/epsapps.udg.edu\/cidsav\/wp-content\/uploads\/2020\/05\/imatge3-300x118.png 300w, https:\/\/epsapps.udg.edu\/cidsav\/wp-content\/uploads\/2020\/05\/imatge3-768x301.png 768w, https:\/\/epsapps.udg.edu\/cidsav\/wp-content\/uploads\/2020\/05\/imatge3-1536x602.png 1536w, https:\/\/epsapps.udg.edu\/cidsav\/wp-content\/uploads\/2020\/05\/imatge3-830x325.png 830w, https:\/\/epsapps.udg.edu\/cidsav\/wp-content\/uploads\/2020\/05\/imatge3-230x90.png 230w, https:\/\/epsapps.udg.edu\/cidsav\/wp-content\/uploads\/2020\/05\/imatge3-350x137.png 350w, https:\/\/epsapps.udg.edu\/cidsav\/wp-content\/uploads\/2020\/05\/imatge3-480x188.png 480w, https:\/\/epsapps.udg.edu\/cidsav\/wp-content\/uploads\/2020\/05\/imatge3.png 1913w\" sizes=\"(max-width: 1024px) 100vw, 1024px\" \/>\t\t\t\t\t\t\t\t\t\t\t\t\t\t\t<\/div>\n\t\t\t\t<\/div>\n\t\t\t\t\t<\/div>\n\t\t<\/div>\n\t\t\t\t<div class=\"elementor-column elementor-col-50 elementor-inner-column elementor-element elementor-element-1fa1034\" data-id=\"1fa1034\" data-element_type=\"column\" data-e-type=\"column\">\n\t\t\t<div class=\"elementor-widget-wrap elementor-element-populated\">\n\t\t\t\t\t\t<div class=\"elementor-element elementor-element-fa49947 elementor-widget elementor-widget-text-editor\" data-id=\"fa49947\" data-element_type=\"widget\" data-e-type=\"widget\" data-widget_type=\"text-editor.default\">\n\t\t\t\t<div class=\"elementor-widget-container\">\n\t\t\t\t\t\t\t\t\t<p><strong>ASSAJOS D&#8217;EFIC\u00c0CIA EN PLANTES SOTA AMBIENT CONTROLAT (HIVERNACLE<\/strong><strong>)<\/strong><\/p><p style=\"text-align: justify;\">Aquest \u00e9s l&#8217;\u00faltim pas en el proc\u00e9s de selecci\u00f3 i consisteix en assajos d&#8217;efic\u00e0cia en planta sota condicions controlades d&#8217;hivernacle. Els assajos es realitzen amb un nombre limitat d&#8217;ingredients o soques actives, que s&#8217;apliquen a les plantes per polvoritzaci\u00f3 o reg. Per al control de la malaltia, el patogen \u00e9s inoculat abans, simult\u00e0niament o despr\u00e9s del tractament. Les plantes es conreen sota condicions controlades de temperatura dia-nit, humitat relativa i fotoper\u00edode.<\/p>\t\t\t\t\t\t\t\t<\/div>\n\t\t\t\t<\/div>\n\t\t\t\t\t<\/div>\n\t\t<\/div>\n\t\t\t\t\t<\/div>\n\t\t<\/section>\n\t\t\t\t\t<\/div>\n\t\t<\/div>\n\t\t\t\t\t<\/div>\n\t\t<\/section>\n\t\t\t\t<\/div>\n\t\t","protected":false},"excerpt":{"rendered":"<p>DESENVOLUPAMENT DE BIOPLAGUICIDES, BIOFERTILITZANTS I BIOESTIMULANTS MICROBIANS A\u00cfLLAMENT I ASSAJOS IN VITRO\u00a0 Aquest pas consisteix en l&#8217;obtenci\u00f3 de la microbiota a partir de diverses mostres, [&hellip;]<\/p>\n","protected":false},"author":1,"featured_media":0,"parent":0,"menu_order":0,"comment_status":"closed","ping_status":"closed","template":"elementor_header_footer","meta":{"_uag_custom_page_level_css":"","footnotes":""},"class_list":["post-1353","page","type-page","status-publish","hentry"],"yoast_head":"<!-- This site is optimized with the Yoast SEO plugin v27.5 - https:\/\/yoast.com\/product\/yoast-seo-wordpress\/ -->\n<title>DESENVOLUPAMENT DE BIOPLAGUICIDES, BIOFERTILITZANTS I BIOESTIMULANTS MICROBIANS<\/title>\n<meta name=\"robots\" content=\"index, follow, max-snippet:-1, max-image-preview:large, max-video-preview:-1\" \/>\n<link rel=\"canonical\" href=\"https:\/\/epsapps.udg.edu\/cidsav\/desenvolupament-de-microbians\/\" \/>\n<meta property=\"og:locale\" content=\"es_ES\" \/>\n<meta property=\"og:type\" content=\"article\" \/>\n<meta property=\"og:title\" content=\"DESENVOLUPAMENT DE BIOPLAGUICIDES, BIOFERTILITZANTS I BIOESTIMULANTS MICROBIANS\" \/>\n<meta property=\"og:description\" content=\"DESENVOLUPAMENT DE BIOPLAGUICIDES, BIOFERTILITZANTS I BIOESTIMULANTS MICROBIANS A\u00cfLLAMENT I ASSAJOS IN VITRO\u00a0 Aquest pas consisteix en l&#8217;obtenci\u00f3 de la microbiota a partir de diverses mostres, [&hellip;]\" \/>\n<meta property=\"og:url\" content=\"https:\/\/epsapps.udg.edu\/cidsav\/desenvolupament-de-microbians\/\" \/>\n<meta property=\"og:site_name\" content=\"CIDSAV\" \/>\n<meta property=\"article:modified_time\" content=\"2025-01-10T08:30:55+00:00\" \/>\n<meta property=\"og:image\" content=\"https:\/\/epsapps.udg.edu\/cidsav\/wp-content\/uploads\/2020\/05\/imatge-1-1024x401.png\" \/>\n<meta name=\"twitter:card\" content=\"summary_large_image\" \/>\n<meta name=\"twitter:label1\" content=\"Tiempo de lectura\" \/>\n\t<meta name=\"twitter:data1\" content=\"2 minutos\" \/>\n<script type=\"application\/ld+json\" class=\"yoast-schema-graph\">{\"@context\":\"https:\\\/\\\/schema.org\",\"@graph\":[{\"@type\":\"WebPage\",\"@id\":\"https:\\\/\\\/epsapps.udg.edu\\\/cidsav\\\/desenvolupament-de-microbians\\\/\",\"url\":\"https:\\\/\\\/epsapps.udg.edu\\\/cidsav\\\/desenvolupament-de-microbians\\\/\",\"name\":\"DESENVOLUPAMENT DE BIOPLAGUICIDES, BIOFERTILITZANTS I BIOESTIMULANTS MICROBIANS\",\"isPartOf\":{\"@id\":\"https:\\\/\\\/epsapps.udg.edu\\\/cidsav\\\/#website\"},\"primaryImageOfPage\":{\"@id\":\"https:\\\/\\\/epsapps.udg.edu\\\/cidsav\\\/desenvolupament-de-microbians\\\/#primaryimage\"},\"image\":{\"@id\":\"https:\\\/\\\/epsapps.udg.edu\\\/cidsav\\\/desenvolupament-de-microbians\\\/#primaryimage\"},\"thumbnailUrl\":\"https:\\\/\\\/epsapps.udg.edu\\\/cidsav\\\/wp-content\\\/uploads\\\/2020\\\/05\\\/imatge-1-1024x401.png\",\"datePublished\":\"2020-04-04T15:46:00+00:00\",\"dateModified\":\"2025-01-10T08:30:55+00:00\",\"breadcrumb\":{\"@id\":\"https:\\\/\\\/epsapps.udg.edu\\\/cidsav\\\/desenvolupament-de-microbians\\\/#breadcrumb\"},\"inLanguage\":\"es\",\"potentialAction\":[{\"@type\":\"ReadAction\",\"target\":[\"https:\\\/\\\/epsapps.udg.edu\\\/cidsav\\\/desenvolupament-de-microbians\\\/\"]}]},{\"@type\":\"ImageObject\",\"inLanguage\":\"es\",\"@id\":\"https:\\\/\\\/epsapps.udg.edu\\\/cidsav\\\/desenvolupament-de-microbians\\\/#primaryimage\",\"url\":\"https:\\\/\\\/epsapps.udg.edu\\\/cidsav\\\/wp-content\\\/uploads\\\/2020\\\/05\\\/imatge-1-1024x401.png\",\"contentUrl\":\"https:\\\/\\\/epsapps.udg.edu\\\/cidsav\\\/wp-content\\\/uploads\\\/2020\\\/05\\\/imatge-1-1024x401.png\"},{\"@type\":\"BreadcrumbList\",\"@id\":\"https:\\\/\\\/epsapps.udg.edu\\\/cidsav\\\/desenvolupament-de-microbians\\\/#breadcrumb\",\"itemListElement\":[{\"@type\":\"ListItem\",\"position\":1,\"name\":\"Portada\",\"item\":\"https:\\\/\\\/epsapps.udg.edu\\\/cidsav\\\/\"},{\"@type\":\"ListItem\",\"position\":2,\"name\":\"Desenvolupament de Microbians\"}]},{\"@type\":\"WebSite\",\"@id\":\"https:\\\/\\\/epsapps.udg.edu\\\/cidsav\\\/#website\",\"url\":\"https:\\\/\\\/epsapps.udg.edu\\\/cidsav\\\/\",\"name\":\"CIDSAV\",\"description\":\"\",\"publisher\":{\"@id\":\"https:\\\/\\\/epsapps.udg.edu\\\/cidsav\\\/#organization\"},\"potentialAction\":[{\"@type\":\"SearchAction\",\"target\":{\"@type\":\"EntryPoint\",\"urlTemplate\":\"https:\\\/\\\/epsapps.udg.edu\\\/cidsav\\\/?s={search_term_string}\"},\"query-input\":{\"@type\":\"PropertyValueSpecification\",\"valueRequired\":true,\"valueName\":\"search_term_string\"}}],\"inLanguage\":\"es\"},{\"@type\":\"Organization\",\"@id\":\"https:\\\/\\\/epsapps.udg.edu\\\/cidsav\\\/#organization\",\"name\":\"CIDSAV\",\"url\":\"https:\\\/\\\/epsapps.udg.edu\\\/cidsav\\\/\",\"logo\":{\"@type\":\"ImageObject\",\"inLanguage\":\"es\",\"@id\":\"https:\\\/\\\/epsapps.udg.edu\\\/cidsav\\\/#\\\/schema\\\/logo\\\/image\\\/\",\"url\":\"https:\\\/\\\/epsapps.udg.edu\\\/cidsav\\\/wp-content\\\/uploads\\\/2019\\\/09\\\/Logo-3-idomes-CIDSAV-verd-03.png\",\"contentUrl\":\"https:\\\/\\\/epsapps.udg.edu\\\/cidsav\\\/wp-content\\\/uploads\\\/2019\\\/09\\\/Logo-3-idomes-CIDSAV-verd-03.png\",\"width\":1181,\"height\":1054,\"caption\":\"CIDSAV\"},\"image\":{\"@id\":\"https:\\\/\\\/epsapps.udg.edu\\\/cidsav\\\/#\\\/schema\\\/logo\\\/image\\\/\"},\"sameAs\":[\"https:\\\/\\\/www.instagram.com\\\/cidsav_udg\\\/?igsh=eDU0dzNpc2JzdG8y#\"]}]}<\/script>\n<!-- \/ Yoast SEO plugin. -->","yoast_head_json":{"title":"DESENVOLUPAMENT DE BIOPLAGUICIDES, BIOFERTILITZANTS I BIOESTIMULANTS MICROBIANS","robots":{"index":"index","follow":"follow","max-snippet":"max-snippet:-1","max-image-preview":"max-image-preview:large","max-video-preview":"max-video-preview:-1"},"canonical":"https:\/\/epsapps.udg.edu\/cidsav\/desenvolupament-de-microbians\/","og_locale":"es_ES","og_type":"article","og_title":"DESENVOLUPAMENT DE BIOPLAGUICIDES, BIOFERTILITZANTS I BIOESTIMULANTS MICROBIANS","og_description":"DESENVOLUPAMENT DE BIOPLAGUICIDES, BIOFERTILITZANTS I BIOESTIMULANTS MICROBIANS A\u00cfLLAMENT I ASSAJOS IN VITRO\u00a0 Aquest pas consisteix en l&#8217;obtenci\u00f3 de la microbiota a partir de diverses mostres, [&hellip;]","og_url":"https:\/\/epsapps.udg.edu\/cidsav\/desenvolupament-de-microbians\/","og_site_name":"CIDSAV","article_modified_time":"2025-01-10T08:30:55+00:00","og_image":[{"url":"https:\/\/epsapps.udg.edu\/cidsav\/wp-content\/uploads\/2020\/05\/imatge-1-1024x401.png","type":"","width":"","height":""}],"twitter_card":"summary_large_image","twitter_misc":{"Tiempo de lectura":"2 minutos"},"schema":{"@context":"https:\/\/schema.org","@graph":[{"@type":"WebPage","@id":"https:\/\/epsapps.udg.edu\/cidsav\/desenvolupament-de-microbians\/","url":"https:\/\/epsapps.udg.edu\/cidsav\/desenvolupament-de-microbians\/","name":"DESENVOLUPAMENT DE BIOPLAGUICIDES, BIOFERTILITZANTS I BIOESTIMULANTS MICROBIANS","isPartOf":{"@id":"https:\/\/epsapps.udg.edu\/cidsav\/#website"},"primaryImageOfPage":{"@id":"https:\/\/epsapps.udg.edu\/cidsav\/desenvolupament-de-microbians\/#primaryimage"},"image":{"@id":"https:\/\/epsapps.udg.edu\/cidsav\/desenvolupament-de-microbians\/#primaryimage"},"thumbnailUrl":"https:\/\/epsapps.udg.edu\/cidsav\/wp-content\/uploads\/2020\/05\/imatge-1-1024x401.png","datePublished":"2020-04-04T15:46:00+00:00","dateModified":"2025-01-10T08:30:55+00:00","breadcrumb":{"@id":"https:\/\/epsapps.udg.edu\/cidsav\/desenvolupament-de-microbians\/#breadcrumb"},"inLanguage":"es","potentialAction":[{"@type":"ReadAction","target":["https:\/\/epsapps.udg.edu\/cidsav\/desenvolupament-de-microbians\/"]}]},{"@type":"ImageObject","inLanguage":"es","@id":"https:\/\/epsapps.udg.edu\/cidsav\/desenvolupament-de-microbians\/#primaryimage","url":"https:\/\/epsapps.udg.edu\/cidsav\/wp-content\/uploads\/2020\/05\/imatge-1-1024x401.png","contentUrl":"https:\/\/epsapps.udg.edu\/cidsav\/wp-content\/uploads\/2020\/05\/imatge-1-1024x401.png"},{"@type":"BreadcrumbList","@id":"https:\/\/epsapps.udg.edu\/cidsav\/desenvolupament-de-microbians\/#breadcrumb","itemListElement":[{"@type":"ListItem","position":1,"name":"Portada","item":"https:\/\/epsapps.udg.edu\/cidsav\/"},{"@type":"ListItem","position":2,"name":"Desenvolupament de Microbians"}]},{"@type":"WebSite","@id":"https:\/\/epsapps.udg.edu\/cidsav\/#website","url":"https:\/\/epsapps.udg.edu\/cidsav\/","name":"CIDSAV","description":"","publisher":{"@id":"https:\/\/epsapps.udg.edu\/cidsav\/#organization"},"potentialAction":[{"@type":"SearchAction","target":{"@type":"EntryPoint","urlTemplate":"https:\/\/epsapps.udg.edu\/cidsav\/?s={search_term_string}"},"query-input":{"@type":"PropertyValueSpecification","valueRequired":true,"valueName":"search_term_string"}}],"inLanguage":"es"},{"@type":"Organization","@id":"https:\/\/epsapps.udg.edu\/cidsav\/#organization","name":"CIDSAV","url":"https:\/\/epsapps.udg.edu\/cidsav\/","logo":{"@type":"ImageObject","inLanguage":"es","@id":"https:\/\/epsapps.udg.edu\/cidsav\/#\/schema\/logo\/image\/","url":"https:\/\/epsapps.udg.edu\/cidsav\/wp-content\/uploads\/2019\/09\/Logo-3-idomes-CIDSAV-verd-03.png","contentUrl":"https:\/\/epsapps.udg.edu\/cidsav\/wp-content\/uploads\/2019\/09\/Logo-3-idomes-CIDSAV-verd-03.png","width":1181,"height":1054,"caption":"CIDSAV"},"image":{"@id":"https:\/\/epsapps.udg.edu\/cidsav\/#\/schema\/logo\/image\/"},"sameAs":["https:\/\/www.instagram.com\/cidsav_udg\/?igsh=eDU0dzNpc2JzdG8y#"]}]}},"uagb_featured_image_src":{"full":false,"thumbnail":false,"medium":false,"medium_large":false,"large":false,"1536x1536":false,"2048x2048":false,"sydney-large-thumb":false,"sydney-medium-thumb":false,"sydney-small-thumb":false,"sydney-service-thumb":false,"sydney-mas-thumb":false},"uagb_author_info":{"display_name":"Cidsav","author_link":"https:\/\/epsapps.udg.edu\/cidsav\/author\/cidsav0140\/"},"uagb_comment_info":0,"uagb_excerpt":"DESENVOLUPAMENT DE BIOPLAGUICIDES, BIOFERTILITZANTS I BIOESTIMULANTS MICROBIANS A\u00cfLLAMENT I ASSAJOS IN VITRO\u00a0 Aquest pas consisteix en l&#8217;obtenci\u00f3 de la microbiota a partir de diverses mostres, [&hellip;]","_links":{"self":[{"href":"https:\/\/epsapps.udg.edu\/cidsav\/wp-json\/wp\/v2\/pages\/1353","targetHints":{"allow":["GET"]}}],"collection":[{"href":"https:\/\/epsapps.udg.edu\/cidsav\/wp-json\/wp\/v2\/pages"}],"about":[{"href":"https:\/\/epsapps.udg.edu\/cidsav\/wp-json\/wp\/v2\/types\/page"}],"author":[{"embeddable":true,"href":"https:\/\/epsapps.udg.edu\/cidsav\/wp-json\/wp\/v2\/users\/1"}],"replies":[{"embeddable":true,"href":"https:\/\/epsapps.udg.edu\/cidsav\/wp-json\/wp\/v2\/comments?post=1353"}],"version-history":[{"count":0,"href":"https:\/\/epsapps.udg.edu\/cidsav\/wp-json\/wp\/v2\/pages\/1353\/revisions"}],"wp:attachment":[{"href":"https:\/\/epsapps.udg.edu\/cidsav\/wp-json\/wp\/v2\/media?parent=1353"}],"curies":[{"name":"wp","href":"https:\/\/api.w.org\/{rel}","templated":true}]}}